{"id":5506,"date":"2023-07-27T16:09:19","date_gmt":"2023-07-27T13:09:19","guid":{"rendered":"http:\/\/elazigtso.com\/tr\/?page_id=5506"},"modified":"2023-07-27T16:13:06","modified_gmt":"2023-07-27T13:13:06","slug":"elazig-bolgesel-dis-ticaret-hizlandirma-merkezi-projesi","status":"publish","type":"page","link":"https:\/\/elazigtso.org.tr\/tr\/index.php\/elazig-bolgesel-dis-ticaret-hizlandirma-merkezi-projesi\/","title":{"rendered":"Elaz\u0131\u011f B\u00f6lgesel D\u0131\u015f Ticaret H\u0131zland\u0131rma Merkezi Projesi"},"content":{"rendered":"\t\t<div data-elementor-type=\"wp-page\" data-elementor-id=\"5506\" class=\"elementor elementor-5506\">\n\t\t\t\t\t\t<section class=\"elementor-section elementor-top-section elementor-element elementor-element-13220cf elementor-section-full_width elementor-section-height-default elementor-section-height-default\" data-id=\"13220cf\" data-element_type=\"section\">\n\t\t\t\t\t\t<div class=\"elementor-container elementor-column-gap-default\">\n\t\t\t\t\t<div class=\"elementor-column elementor-col-100 elementor-top-column elementor-element elementor-element-3f6ad42\" data-id=\"3f6ad42\" data-element_type=\"column\">\n\t\t\t<div class=\"elementor-widget-wrap elementor-element-populated\">\n\t\t\t\t\t\t<div class=\"elementor-element elementor-element-1c97706 elementor-widget elementor-widget-finbank_emergency_service_v3\" data-id=\"1c97706\" data-element_type=\"widget\" data-widget_type=\"finbank_emergency_service_v3.default\">\n\t\t\t\t<div class=\"elementor-widget-container\">\n\t\t\t\t\t\t\n    <!--Start Service Request Style2 Area-->\n    <section class=\"service-request-style2-area\">\n        <div class=\"container\">\n            <div class=\"row\">\n\t\t\t\t                <div class=\"col-xl-6\">\n                    <div class=\"service-request-style2-img-box\">\n                        <div class=\"service-request-style2-img-box__inner\">\n                            <img decoding=\"async\" src=\"https:\/\/elazigtso.org.tr\/tr\/wp-content\/uploads\/2023\/07\/5ZhgIYu3q1.jpg\" alt=\"Awesome Image\">\n                        <\/div>\n                    <\/div>\n                <\/div>\n\t\t\t\t                <div class=\"col-xl-6\">\n                    <div class=\"service-request-style2-content-box\">\n                                                <div class=\"pattern-bottom\" style=\"background-image: url(https:\/\/elazigtso.org.tr\/tr\/wp-content\/uploads\/2022\/09\/service-request-style2-content-box-pattern.png);\"><\/div>\n                                                                        <div class=\"sec-title\">\n\t\t\t\t\t\t\t<h2>Elaz\u0131\u011f B\u00f6lgesel D\u0131\u015f Ticaret H\u0131zland\u0131rma Merkezi Projesi<\/h2>                                                        <div class=\"sub-title\">\n                                <p><figure class=\"wp-block-image size-large\"><img fetchpriority=\"high\" decoding=\"async\" width=\"1024\" height=\"750\" src=\"\/tr\/wp-content\/uploads\/2023\/07\/635a481061747-1024x750.jpg\" alt=\"\" class=\"wp-image-5521\" srcset=\"https:\/\/elazigtso.org.tr\/tr\/wp-content\/uploads\/2023\/07\/635a481061747-1024x750.jpg 1024w, https:\/\/elazigtso.org.tr\/tr\/wp-content\/uploads\/2023\/07\/635a481061747-300x220.jpg 300w, https:\/\/elazigtso.org.tr\/tr\/wp-content\/uploads\/2023\/07\/635a481061747-768x563.jpg 768w, https:\/\/elazigtso.org.tr\/tr\/wp-content\/uploads\/2023\/07\/635a481061747-1536x1125.jpg 1536w, https:\/\/elazigtso.org.tr\/tr\/wp-content\/uploads\/2023\/07\/635a481061747.jpg 1600w\" sizes=\"(max-width: 1024px) 100vw, 1024px\" \/><\/figure><\/p>\n                            <\/div>\n                                                    <\/div>\n                                                <div class=\"service-request-style2-content-box__inner\">\n                            <ul>\n                                                                <li>\n                                    <div class=\"single-service-request-style2-box\">\n                                        <div class=\"icon\">\n                                            <span class=\"\"><\/span>\n                                        <\/div>\n                                                                            <\/div>\n                                <\/li>\n                                                            <\/ul>\n                                                    <\/div>\n\n                    <\/div>\n                <\/div>\n\n            <\/div>\n        <\/div>\n    <\/section>\n    <!--End Service Request Style2 Area-->\n             \n        \t\t\t\t<\/div>\n\t\t\t\t<\/div>\n\t\t\t\t\t<\/div>\n\t\t<\/div>\n\t\t\t\t\t<\/div>\n\t\t<\/section>\n\t\t\t\t<\/div>\n\t\t","protected":false},"excerpt":{"rendered":"<p>Elaz\u0131\u011f B\u00f6lgesel D\u0131\u015f Ticaret H\u0131zland\u0131rma Merkezi Projesi<\/p>\n","protected":false},"author":1,"featured_media":0,"parent":0,"menu_order":0,"comment_status":"closed","ping_status":"closed","template":"tpl-default-elementor.php","meta":{"footnotes":""},"class_list":["post-5506","page","type-page","status-publish","hentry"],"jetpack_sharing_enabled":true,"_links":{"self":[{"href":"https:\/\/elazigtso.org.tr\/tr\/index.php\/wp-json\/wp\/v2\/pages\/5506","targetHints":{"allow":["GET"]}}],"collection":[{"href":"https:\/\/elazigtso.org.tr\/tr\/index.php\/wp-json\/wp\/v2\/pages"}],"about":[{"href":"https:\/\/elazigtso.org.tr\/tr\/index.php\/wp-json\/wp\/v2\/types\/page"}],"author":[{"embeddable":true,"href":"https:\/\/elazigtso.org.tr\/tr\/index.php\/wp-json\/wp\/v2\/users\/1"}],"replies":[{"embeddable":true,"href":"https:\/\/elazigtso.org.tr\/tr\/index.php\/wp-json\/wp\/v2\/comments?post=5506"}],"version-history":[{"count":4,"href":"https:\/\/elazigtso.org.tr\/tr\/index.php\/wp-json\/wp\/v2\/pages\/5506\/revisions"}],"predecessor-version":[{"id":5524,"href":"https:\/\/elazigtso.org.tr\/tr\/index.php\/wp-json\/wp\/v2\/pages\/5506\/revisions\/5524"}],"wp:attachment":[{"href":"https:\/\/elazigtso.org.tr\/tr\/index.php\/wp-json\/wp\/v2\/media?parent=5506"}],"curies":[{"name":"wp","href":"https:\/\/api.w.org\/{rel}","templated":true}]}}