{"id":5267,"date":"2023-07-27T10:12:01","date_gmt":"2023-07-27T07:12:01","guid":{"rendered":"http:\/\/elazigtso.com\/tr\/?page_id=5267"},"modified":"2023-07-27T10:42:58","modified_gmt":"2023-07-27T07:42:58","slug":"akreditasyon-izleme-komitesi","status":"publish","type":"page","link":"https:\/\/elazigtso.org.tr\/tr\/index.php\/akreditasyon-izleme-komitesi\/","title":{"rendered":"Akreditasyon \u0130zleme Komitesi"},"content":{"rendered":"\t\t<div data-elementor-type=\"wp-page\" data-elementor-id=\"5267\" class=\"elementor elementor-5267\">\n\t\t\t\t\t\t<section class=\"elementor-section elementor-top-section elementor-element elementor-element-b7d520e elementor-section-full_width elementor-section-height-default elementor-section-height-default\" data-id=\"b7d520e\" data-element_type=\"section\">\n\t\t\t\t\t\t<div class=\"elementor-container elementor-column-gap-default\">\n\t\t\t\t\t<div class=\"elementor-column elementor-col-100 elementor-top-column elementor-element elementor-element-4b65189\" data-id=\"4b65189\" data-element_type=\"column\">\n\t\t\t<div class=\"elementor-widget-wrap elementor-element-populated\">\n\t\t\t\t\t\t<div class=\"elementor-element elementor-element-0d7f193 elementor-widget elementor-widget-finbank_credit_card_detail\" data-id=\"0d7f193\" data-element_type=\"widget\" data-widget_type=\"finbank_credit_card_detail.default\">\n\t\t\t\t<div class=\"elementor-widget-container\">\n\t\t\t\t\t\t\n    <!--Start Cards Details Area-->\n    <section class=\"cards-details-area\">\n        <div class=\"container\">\n            <div class=\"row\">\n\t\t\t\t                <div class=\"col-xl-4\">\n                    <div class=\"sidebar-box-style2\">\n                        <div id=\"nav_menu-12\" class=\"service-widget sidebar-widget widget_nav_menu\"><div class=\"sidebar-title\"><div class=\"dot-box\"><\/div><h3>Kurumsal<\/h3><\/div><div class=\"menu-kurumsal-container\"><ul id=\"menu-kurumsal\" class=\"menu\"><li id=\"menu-item-1798\" class=\"menu-item menu-item-type-post_type menu-item-object-page menu-item-1798\"><a href=\"https:\/\/elazigtso.org.tr\/tr\/index.php\/odamiz-hakkinda\/\">Odam\u0131z Hakk\u0131nda<\/a><\/li>\n<li id=\"menu-item-1799\" class=\"menu-item menu-item-type-custom menu-item-object-custom menu-item-1799\"><a href=\"#\">Ba\u015fkan<\/a><\/li>\n<li id=\"menu-item-1800\" class=\"menu-item menu-item-type-custom menu-item-object-custom menu-item-1800\"><a href=\"#\">Y\u00f6netim Kurulu<\/a><\/li>\n<li id=\"menu-item-1801\" class=\"menu-item menu-item-type-custom menu-item-object-custom menu-item-1801\"><a href=\"#\">Meclis<\/a><\/li>\n<li id=\"menu-item-1802\" class=\"menu-item menu-item-type-custom menu-item-object-custom menu-item-1802\"><a href=\"#\">Meslek Komiteleri<\/a><\/li>\n<li id=\"menu-item-1803\" class=\"menu-item menu-item-type-custom menu-item-object-custom menu-item-1803\"><a href=\"#\">\u0130\u015ftiraklerimiz<\/a><\/li>\n<li id=\"menu-item-1804\" class=\"menu-item menu-item-type-custom menu-item-object-custom menu-item-1804\"><a href=\"#\">Projelerimiz<\/a><\/li>\n<li id=\"menu-item-1805\" class=\"menu-item menu-item-type-custom menu-item-object-custom menu-item-1805\"><a href=\"#\">Kurumsal Kimlik<\/a><\/li>\n<li id=\"menu-item-1806\" class=\"menu-item menu-item-type-custom menu-item-object-custom menu-item-1806\"><a href=\"#\">KVKK<\/a><\/li>\n<\/ul><\/div><\/div><div id=\"nav_menu-16\" class=\"service-widget sidebar-widget widget_nav_menu\"><div class=\"sidebar-title\"><div class=\"dot-box\"><\/div><h3>Hizmetler<\/h3><\/div><div class=\"menu-hizmetler-container\"><ul id=\"menu-hizmetler\" class=\"menu\"><li id=\"menu-item-3389\" class=\"menu-item menu-item-type-post_type menu-item-object-page menu-item-3389\"><a href=\"https:\/\/elazigtso.org.tr\/tr\/index.php\/ticaret-sicil-hizmetleri\/\">Ticaret Sicil Hizmetleri<\/a><\/li>\n<li id=\"menu-item-2030\" class=\"menu-item menu-item-type-custom menu-item-object-custom menu-item-2030\"><a href=\"https:\/\/uye.tobb.org.tr\/organizasyon\/firma-index.jsp\">\u00dcyelik Sistemi<\/a><\/li>\n<li id=\"menu-item-2031\" class=\"menu-item menu-item-type-custom menu-item-object-custom menu-item-2031\"><a href=\"https:\/\/uye.tobb.org.tr\/hizliaidatodeme.jsp\">H\u0131zl\u0131 Aidat \u00d6deme<\/a><\/li>\n<li id=\"menu-item-2032\" class=\"menu-item menu-item-type-custom menu-item-object-custom menu-item-2032\"><a href=\"https:\/\/uye.tobb.org.tr\/organizasyon\/firma-index.jsp\">Belge Talebi<\/a><\/li>\n<li id=\"menu-item-2033\" class=\"menu-item menu-item-type-custom menu-item-object-custom menu-item-2033\"><a href=\"https:\/\/uye.tobb.org.tr\/organizasyon\/firma-index.jsp\">Ticaret Sicil Gazetesi<\/a><\/li>\n<li id=\"menu-item-2034\" class=\"menu-item menu-item-type-custom menu-item-object-custom menu-item-2034\"><a href=\"https:\/\/uye.tobb.org.tr\/organizasyon\/firma-index.jsp\">Temsil-\u0130lzam Kullan\u0131c\u0131 Yetkilendirme<\/a><\/li>\n<li id=\"menu-item-2013\" class=\"menu-item menu-item-type-post_type menu-item-object-page menu-item-2013\"><a href=\"https:\/\/elazigtso.org.tr\/tr\/index.php\/is-makinasi-tescil\/\">\u0130\u015f Makinas\u0131 Tescil<\/a><\/li>\n<li id=\"menu-item-3390\" class=\"menu-item menu-item-type-post_type menu-item-object-page menu-item-3390\"><a href=\"https:\/\/elazigtso.org.tr\/tr\/index.php\/k-yetki-belgeleri\/\">K Yetki Belgeleri<\/a><\/li>\n<li id=\"menu-item-3392\" class=\"menu-item menu-item-type-post_type menu-item-object-page menu-item-3392\"><a href=\"https:\/\/elazigtso.org.tr\/tr\/index.php\/sayisal-takograf\/\">Say\u0131sal Tako\u011fraf<\/a><\/li>\n<li id=\"menu-item-3391\" class=\"menu-item menu-item-type-custom menu-item-object-custom menu-item-3391\"><a href=\"http:\/\/gs1.tobb.org.tr\/\">GS1 Barkod \u0130\u015flemleri<\/a><\/li>\n<li id=\"menu-item-3394\" class=\"menu-item menu-item-type-post_type menu-item-object-page menu-item-3394\"><a href=\"https:\/\/elazigtso.org.tr\/tr\/index.php\/sigorta-acenteligi\/\">Sigorta Acenteli\u011fi<\/a><\/li>\n<li id=\"menu-item-2109\" class=\"menu-item menu-item-type-post_type menu-item-object-page menu-item-2109\"><a href=\"https:\/\/elazigtso.org.tr\/tr\/index.php\/ticaret-dis-ticaret-fuarlar\/\">Ticaret \/ D\u0131\u015f Ticaret \/ Fuarlar<\/a><\/li>\n<li id=\"menu-item-3395\" class=\"menu-item menu-item-type-post_type menu-item-object-page menu-item-3395\"><a href=\"https:\/\/elazigtso.org.tr\/tr\/index.php\/sanayi-birimi-2\/\">Sanayi Birimi<\/a><\/li>\n<li id=\"menu-item-3393\" class=\"menu-item menu-item-type-post_type menu-item-object-page menu-item-3393\"><a href=\"https:\/\/elazigtso.org.tr\/tr\/index.php\/raporlar\/\">Raporlar<\/a><\/li>\n<li id=\"menu-item-2035\" class=\"menu-item menu-item-type-post_type menu-item-object-page menu-item-2035\"><a href=\"https:\/\/elazigtso.org.tr\/tr\/index.php\/tso-akademi\/\">TSO Akademi<\/a><\/li>\n<\/ul><\/div><\/div>                    <\/div>\n                <\/div>\n\t\t\t\t\n                <div class=\"col-xl-8 col-md-12 col-sm-12 \">\n                    <div class=\"cards-deails-content-box\">\n                        <div class=\"cards-deails-content-1\">\n                            <div class=\"inner-title\">\n                                                                <h2>Akreditasyon \u0130zleme Komitesi<\/h2>                            <\/div>\n                                                        <div class=\"text\">\n                                <figure class=\"wp-block-image size-full\"><img fetchpriority=\"high\" decoding=\"async\" width=\"400\" height=\"370\" src=\"\/tr\/wp-content\/uploads\/2023\/07\/eGg6E7iV1U.jpg\" alt=\"\" class=\"wp-image-5279\" srcset=\"https:\/\/elazigtso.org.tr\/tr\/wp-content\/uploads\/2023\/07\/eGg6E7iV1U.jpg 400w, https:\/\/elazigtso.org.tr\/tr\/wp-content\/uploads\/2023\/07\/eGg6E7iV1U-300x278.jpg 300w\" sizes=\"(max-width: 400px) 100vw, 400px\" \/><\/figure>\n<p style='margin-top:0cm;margin-right:0cm;margin-bottom:.0001pt;margin-left:36.0pt;font-size:11.0pt;font-family:\"Calibri\",sans-serif'>&nbsp;<\/p>\n<div style='margin-top:0cm;margin-right:0cm;margin-bottom:8.0pt;margin-left:0cm;font-size:11.0pt;font-family:\"Calibri\",sans-serif'>\n    <ul style=\"margin-bottom:0cm;list-style-type: undefined\">\n        <li style='margin-top:0cm;margin-right:0cm;margin-bottom:8.0pt;margin-left:0cm;font-size:11.0pt;font-family:\"Calibri\",sans-serif'><strong>\u0130dris ALAN &nbsp;<\/strong>\/Y&ouml;netim Kurulu Ba\u015fkan\u0131<\/li>\n    <\/ul>\n<\/div>\n<p style='margin-top:0cm;margin-right:0cm;margin-bottom:.0001pt;margin-left:36.0pt;font-size:11.0pt;font-family:\"Calibri\",sans-serif'>&nbsp;<\/p>\n<div style='margin-top:0cm;margin-right:0cm;margin-bottom:8.0pt;margin-left:0cm;font-size:11.0pt;font-family:\"Calibri\",sans-serif'>\n    <ul style=\"margin-bottom:0cm;list-style-type: undefined\">\n        <li style='margin-top:0cm;margin-right:0cm;margin-bottom:8.0pt;margin-left:0cm;font-size:11.0pt;font-family:\"Calibri\",sans-serif'><strong>Sait U\u011fur K&Ouml;SEL\u0130<\/strong> \/Y&ouml;netim Kurulu &Uuml;yesi<\/li>\n    <\/ul>\n<\/div>\n<p style='margin-top:0cm;margin-right:0cm;margin-bottom:.0001pt;margin-left:36.0pt;font-size:11.0pt;font-family:\"Calibri\",sans-serif'>&nbsp;<\/p>\n<div style='margin-top:0cm;margin-right:0cm;margin-bottom:8.0pt;margin-left:0cm;font-size:11.0pt;font-family:\"Calibri\",sans-serif'>\n    <ul style=\"margin-bottom:0cm;list-style-type: undefined\">\n        <li style='margin-top:0cm;margin-right:0cm;margin-bottom:8.0pt;margin-left:0cm;font-size:11.0pt;font-family:\"Calibri\",sans-serif'><strong>Murat G&Uuml;NAY<\/strong> \/Meclis &Uuml;yesi<\/li>\n    <\/ul>\n<\/div>\n<p style='margin-top:0cm;margin-right:0cm;margin-bottom:.0001pt;margin-left:36.0pt;font-size:11.0pt;font-family:\"Calibri\",sans-serif'>&nbsp;<\/p>\n<div style='margin-top:0cm;margin-right:0cm;margin-bottom:8.0pt;margin-left:0cm;font-size:11.0pt;font-family:\"Calibri\",sans-serif'>\n    <ul style=\"margin-bottom:0cm;list-style-type: undefined\">\n        <li style='margin-top:0cm;margin-right:0cm;margin-bottom:8.0pt;margin-left:0cm;font-size:11.0pt;font-family:\"Calibri\",sans-serif'><strong>M.Mehmet KARABULUT<\/strong> \/Genel Sekreter<\/li>\n    <\/ul>\n<\/div>\n<p style='margin-top:0cm;margin-right:0cm;margin-bottom:.0001pt;margin-left:36.0pt;font-size:11.0pt;font-family:\"Calibri\",sans-serif'>&nbsp;<\/p>\n<div style='margin-top:0cm;margin-right:0cm;margin-bottom:8.0pt;margin-left:0cm;font-size:11.0pt;font-family:\"Calibri\",sans-serif'>\n    <ul style=\"margin-bottom:0cm;list-style-type: undefined\">\n        <li style='margin-top:0cm;margin-right:0cm;margin-bottom:8.0pt;margin-left:0cm;font-size:11.0pt;font-family:\"Calibri\",sans-serif'><strong>M.M&uuml;cahid U&Ccedil;AR<\/strong> \/Akreditasyon Sorumlusu<\/li>\n    <\/ul>\n<\/div>                            <\/div>\n                                                    <\/div>\n\t\t\t\t\t\t\t\t\t\t\t\t                                                                    <\/div>\n                <\/div>\n\n            <\/div>\n        <\/div>\n    <\/section>\n    <!--End Cards Details Area-->\n      \n        \t\t\t\t<\/div>\n\t\t\t\t<\/div>\n\t\t\t\t\t<\/div>\n\t\t<\/div>\n\t\t\t\t\t<\/div>\n\t\t<\/section>\n\t\t\t\t<\/div>\n\t\t","protected":false},"excerpt":{"rendered":"<p>Kurumsal Odam\u0131z Hakk\u0131nda Ba\u015fkan Y\u00f6netim Kurulu Meclis Meslek Komiteleri \u0130\u015ftiraklerimiz Projelerimiz Kurumsal Kimlik KVKK Hizmetler Ticaret Sicil Hizmetleri \u00dcyelik Sistemi H\u0131zl\u0131 Aidat \u00d6deme Belge Talebi Ticaret Sicil Gazetesi Temsil-\u0130lzam Kullan\u0131c\u0131 Yetkilendirme \u0130\u015f Makinas\u0131 Tescil K Yetki Belgeleri Say\u0131sal Tako\u011fraf GS1 Barkod \u0130\u015flemleri Sigorta Acenteli\u011fi Ticaret \/ D\u0131\u015f Ticaret \/ Fuarlar Sanayi Birimi Raporlar TSO Akademi [&hellip;]<\/p>\n","protected":false},"author":1,"featured_media":0,"parent":0,"menu_order":0,"comment_status":"closed","ping_status":"closed","template":"tpl-default-elementor.php","meta":{"footnotes":""},"class_list":["post-5267","page","type-page","status-publish","hentry"],"jetpack_sharing_enabled":true,"_links":{"self":[{"href":"https:\/\/elazigtso.org.tr\/tr\/index.php\/wp-json\/wp\/v2\/pages\/5267","targetHints":{"allow":["GET"]}}],"collection":[{"href":"https:\/\/elazigtso.org.tr\/tr\/index.php\/wp-json\/wp\/v2\/pages"}],"about":[{"href":"https:\/\/elazigtso.org.tr\/tr\/index.php\/wp-json\/wp\/v2\/types\/page"}],"author":[{"embeddable":true,"href":"https:\/\/elazigtso.org.tr\/tr\/index.php\/wp-json\/wp\/v2\/users\/1"}],"replies":[{"embeddable":true,"href":"https:\/\/elazigtso.org.tr\/tr\/index.php\/wp-json\/wp\/v2\/comments?post=5267"}],"version-history":[{"count":10,"href":"https:\/\/elazigtso.org.tr\/tr\/index.php\/wp-json\/wp\/v2\/pages\/5267\/revisions"}],"predecessor-version":[{"id":5344,"href":"https:\/\/elazigtso.org.tr\/tr\/index.php\/wp-json\/wp\/v2\/pages\/5267\/revisions\/5344"}],"wp:attachment":[{"href":"https:\/\/elazigtso.org.tr\/tr\/index.php\/wp-json\/wp\/v2\/media?parent=5267"}],"curies":[{"name":"wp","href":"https:\/\/api.w.org\/{rel}","templated":true}]}}