{"id":439,"date":"2022-09-18T18:13:14","date_gmt":"2022-09-18T18:13:14","guid":{"rendered":"https:\/\/fastwpdemo.com\/newwp\/finbank\/?page_id=439"},"modified":"2023-03-11T15:20:44","modified_gmt":"2023-03-11T12:20:44","slug":"ticaret-dis-ticaret-fuarlar","status":"publish","type":"page","link":"https:\/\/elazigtso.org.tr\/tr\/index.php\/ticaret-dis-ticaret-fuarlar\/","title":{"rendered":"Ticaret \/ D\u0131\u015f Ticaret \/ Fuarlar"},"content":{"rendered":"\t\t<div data-elementor-type=\"wp-page\" data-elementor-id=\"439\" class=\"elementor elementor-439\">\n\t\t\t\t\t\t<section class=\"elementor-section elementor-top-section elementor-element elementor-element-5d8cacf elementor-section-full_width elementor-section-height-default elementor-section-height-default\" data-id=\"5d8cacf\" data-element_type=\"section\">\n\t\t\t\t\t\t<div class=\"elementor-container elementor-column-gap-default\">\n\t\t\t\t\t<div class=\"elementor-column elementor-col-100 elementor-top-column elementor-element elementor-element-8dab5d4\" data-id=\"8dab5d4\" data-element_type=\"column\">\n\t\t\t<div class=\"elementor-widget-wrap elementor-element-populated\">\n\t\t\t\t\t\t<div class=\"elementor-element elementor-element-292f602 elementor-widget elementor-widget-finbank_best_credit_cards\" data-id=\"292f602\" data-element_type=\"widget\" data-widget_type=\"finbank_best_credit_cards.default\">\n\t\t\t\t<div class=\"elementor-widget-container\">\n\t\t\t\t\t\t\n    <!--Start Cards Area-->\n    <section class=\"cards-area\">\n        <div class=\"container\">\n            <div class=\"row\">\n\t\t\t\t                <div class=\"col-xl-3\">\n                    <div class=\"sidebar-box-style1\">\n                        <!--Start Single Sidebar Box Style1-->\n                        <div class=\"single-sidebar-box-style1 margintop\">\n                            <div id=\"nav_menu-12\" class=\"service-widget sidebar-widget widget_nav_menu\"><div class=\"sidebar-title\"><div class=\"dot-box\"><\/div><h3>Kurumsal<\/h3><\/div><div class=\"menu-kurumsal-container\"><ul id=\"menu-kurumsal\" class=\"menu\"><li id=\"menu-item-1798\" class=\"menu-item menu-item-type-post_type menu-item-object-page menu-item-1798\"><a href=\"https:\/\/elazigtso.org.tr\/tr\/index.php\/odamiz-hakkinda\/\">Odam\u0131z Hakk\u0131nda<\/a><\/li>\n<li id=\"menu-item-1799\" class=\"menu-item menu-item-type-custom menu-item-object-custom menu-item-1799\"><a href=\"#\">Ba\u015fkan<\/a><\/li>\n<li id=\"menu-item-1800\" class=\"menu-item menu-item-type-custom menu-item-object-custom menu-item-1800\"><a href=\"#\">Y\u00f6netim Kurulu<\/a><\/li>\n<li id=\"menu-item-1801\" class=\"menu-item menu-item-type-custom menu-item-object-custom menu-item-1801\"><a href=\"#\">Meclis<\/a><\/li>\n<li id=\"menu-item-1802\" class=\"menu-item menu-item-type-custom menu-item-object-custom menu-item-1802\"><a href=\"#\">Meslek Komiteleri<\/a><\/li>\n<li id=\"menu-item-1803\" class=\"menu-item menu-item-type-custom menu-item-object-custom menu-item-1803\"><a href=\"#\">\u0130\u015ftiraklerimiz<\/a><\/li>\n<li id=\"menu-item-1804\" class=\"menu-item menu-item-type-custom menu-item-object-custom menu-item-1804\"><a href=\"#\">Projelerimiz<\/a><\/li>\n<li id=\"menu-item-1805\" class=\"menu-item menu-item-type-custom menu-item-object-custom menu-item-1805\"><a href=\"#\">Kurumsal Kimlik<\/a><\/li>\n<li id=\"menu-item-1806\" class=\"menu-item menu-item-type-custom menu-item-object-custom menu-item-1806\"><a href=\"#\">KVKK<\/a><\/li>\n<\/ul><\/div><\/div><div id=\"nav_menu-16\" class=\"service-widget sidebar-widget widget_nav_menu\"><div class=\"sidebar-title\"><div class=\"dot-box\"><\/div><h3>Hizmetler<\/h3><\/div><div class=\"menu-hizmetler-container\"><ul id=\"menu-hizmetler\" class=\"menu\"><li id=\"menu-item-3389\" class=\"menu-item menu-item-type-post_type menu-item-object-page menu-item-3389\"><a href=\"https:\/\/elazigtso.org.tr\/tr\/index.php\/ticaret-sicil-hizmetleri\/\">Ticaret Sicil Hizmetleri<\/a><\/li>\n<li id=\"menu-item-2030\" class=\"menu-item menu-item-type-custom menu-item-object-custom menu-item-2030\"><a href=\"https:\/\/uye.tobb.org.tr\/organizasyon\/firma-index.jsp\">\u00dcyelik Sistemi<\/a><\/li>\n<li id=\"menu-item-2031\" class=\"menu-item menu-item-type-custom menu-item-object-custom menu-item-2031\"><a href=\"https:\/\/uye.tobb.org.tr\/hizliaidatodeme.jsp\">H\u0131zl\u0131 Aidat \u00d6deme<\/a><\/li>\n<li id=\"menu-item-2032\" class=\"menu-item menu-item-type-custom menu-item-object-custom menu-item-2032\"><a href=\"https:\/\/uye.tobb.org.tr\/organizasyon\/firma-index.jsp\">Belge Talebi<\/a><\/li>\n<li id=\"menu-item-2033\" class=\"menu-item menu-item-type-custom menu-item-object-custom menu-item-2033\"><a href=\"https:\/\/uye.tobb.org.tr\/organizasyon\/firma-index.jsp\">Ticaret Sicil Gazetesi<\/a><\/li>\n<li id=\"menu-item-2034\" class=\"menu-item menu-item-type-custom menu-item-object-custom menu-item-2034\"><a href=\"https:\/\/uye.tobb.org.tr\/organizasyon\/firma-index.jsp\">Temsil-\u0130lzam Kullan\u0131c\u0131 Yetkilendirme<\/a><\/li>\n<li id=\"menu-item-2013\" class=\"menu-item menu-item-type-post_type menu-item-object-page menu-item-2013\"><a href=\"https:\/\/elazigtso.org.tr\/tr\/index.php\/is-makinasi-tescil\/\">\u0130\u015f Makinas\u0131 Tescil<\/a><\/li>\n<li id=\"menu-item-3390\" class=\"menu-item menu-item-type-post_type menu-item-object-page menu-item-3390\"><a href=\"https:\/\/elazigtso.org.tr\/tr\/index.php\/k-yetki-belgeleri\/\">K Yetki Belgeleri<\/a><\/li>\n<li id=\"menu-item-3392\" class=\"menu-item menu-item-type-post_type menu-item-object-page menu-item-3392\"><a href=\"https:\/\/elazigtso.org.tr\/tr\/index.php\/sayisal-takograf\/\">Say\u0131sal Tako\u011fraf<\/a><\/li>\n<li id=\"menu-item-3391\" class=\"menu-item menu-item-type-custom menu-item-object-custom menu-item-3391\"><a href=\"http:\/\/gs1.tobb.org.tr\/\">GS1 Barkod \u0130\u015flemleri<\/a><\/li>\n<li id=\"menu-item-3394\" class=\"menu-item menu-item-type-post_type menu-item-object-page menu-item-3394\"><a href=\"https:\/\/elazigtso.org.tr\/tr\/index.php\/sigorta-acenteligi\/\">Sigorta Acenteli\u011fi<\/a><\/li>\n<li id=\"menu-item-2109\" class=\"menu-item menu-item-type-post_type menu-item-object-page menu-item-2109\"><a href=\"https:\/\/elazigtso.org.tr\/tr\/index.php\/ticaret-dis-ticaret-fuarlar\/\">Ticaret \/ D\u0131\u015f Ticaret \/ Fuarlar<\/a><\/li>\n<li id=\"menu-item-3395\" class=\"menu-item menu-item-type-post_type menu-item-object-page menu-item-3395\"><a href=\"https:\/\/elazigtso.org.tr\/tr\/index.php\/sanayi-birimi-2\/\">Sanayi Birimi<\/a><\/li>\n<li id=\"menu-item-3393\" class=\"menu-item menu-item-type-post_type menu-item-object-page menu-item-3393\"><a href=\"https:\/\/elazigtso.org.tr\/tr\/index.php\/raporlar\/\">Raporlar<\/a><\/li>\n<li id=\"menu-item-2035\" class=\"menu-item menu-item-type-post_type menu-item-object-page menu-item-2035\"><a href=\"https:\/\/elazigtso.org.tr\/tr\/index.php\/tso-akademi\/\">TSO Akademi<\/a><\/li>\n<\/ul><\/div><\/div>                        <\/div>\n                        <!--End Single Sidebar Box Style1-->\n                    <\/div>\n                <\/div>\n\t\t\t\t                <div class=\"col-xl-9 col-md-12 col-sm-12 \">\n                    <div class=\"cards-content-box\">\n\t\t\t\t\t\t                        <div class=\"cards-content-box-top\">\n                            <div class=\"left-box\">\n                                <h2>Ticaret \/ D\u0131\u015f Ticaret \/ Fuarlar<\/h2>\n                            <\/div>\n                        <\/div>\n\t\t\t\t\t\t                                                <!--Start Single Card Box-->\n                        <div class=\"single-card-box\">\n                            <div class=\"category-box\">Elaz\u0131\u011f Ticaret ve Sanayi Odas\u0131<\/div>                            <div class=\"cards-img-box\">\n                                                                <div class=\"inner-title\">\n                                    <h3>\u0130hracat Raporlar\u0131<\/h3>\n                                <\/div>\n                                                                                                <div class=\"inner\">\n                                    <img decoding=\"async\" src=\"https:\/\/elazigtso.org.tr\/tr\/wp-content\/uploads\/2023\/03\/ihracatraporu.jpg\" alt=\"Awesome Image\">\n                                <\/div>\n                                                                <div class=\"btn-box\">\n                                                                                                        <\/div>\n                            <\/div>\n                            <div class=\"cards-text-box\">\n                                <p>Elaz\u0131\u011f Ticaret ve Sanayi Odas\u0131 y\u0131llara g\u00f6re ihracat raporlar\u0131<\/p>\n                                <h3>Raporlar<\/h3>\n                                \t\t\t\t\t\t\t\t<ul>\n\t\t\t\t\t\t\t\t\t\t\t\t\t\t\t\t\t\t   <li><p><a href=\"\/tr\/wp-content\/uploads\/2023\/03\/2021_Ihracat_Firsatlari.pdf\">2021 \u0130hracat F\u0131rsatlar\u0131<\/a><\/p><\/li>\n\t\t\t\t\t\t\t\t\t\t\t\t\t\t\t\t\t\t   <li><p><a href=\"\/tr\/wp-content\/uploads\/2023\/03\/2021_Ihracat_Raporu.pdf\">2021 \u0130hracat Raporu<\/a><\/p><\/li>\n\t\t\t\t\t\t\t\t\t\t\t\t\t\t\t\t\t\t   <li><p><a href=\"\/tr\/wp-content\/uploads\/2023\/03\/2020_Ihracat-Raporu.pdf\">2020 \u0130hracat Raporu<\/a><\/p><\/li>\n\t\t\t\t\t\t\t\t\t\t\t\t\t\t\t\t\t\t   <li><p><a href=\"\/tr\/wp-content\/uploads\/2023\/03\/2019_Ihracat_Raporu.pdf\">2019 \u0130hracat Raporu<\/a><\/p><\/li>\n\t\t\t\t\t\t\t\t\t\t\t\t\t\t\t\t\t\t   <li><p><a href=\"tr\/wp-content\/uploads\/2023\/03\/2018_Ihracat_Raporu.pdf\">2018 \u0130hracat Raporu<\/a><\/p><\/li>\n\t\t\t\t\t\t\t\t\t\t\t\t\t\t\t\t\t\t   <li><p><a href=\"\/tr\/wp-content\/uploads\/2023\/03\/ETSO_Baslangic_toplantisi_2021.pdf\">Elaz\u0131\u011f TSO \u0130htiya\u00e7 Analiz <br>Anketine Ait Sonu\u00e7 ve \u00c7\u0131kt\u0131lar<\/a><\/p><\/li>\n\t\t\t\t\t\t\t\t\t\t\t\t\t\t\t\t\t<\/ul>\n\t\t\t\t\t\t\t\t                            <\/div>\n                        <\/div>\n                        <!--End Single Card Box-->\n                                                <!--Start Single Card Box-->\n                        <div class=\"single-card-box\">\n                            <div class=\"category-box\">Elaz\u0131\u011f Ticaret ve Sanayi Odas\u0131<\/div>                            <div class=\"cards-img-box\">\n                                                                <div class=\"inner-title\">\n                                    <h3>\u00dclke Raporlar\u0131<\/h3>\n                                <\/div>\n                                                                                                <div class=\"inner\">\n                                    <img decoding=\"async\" src=\"https:\/\/elazigtso.org.tr\/tr\/wp-content\/uploads\/2023\/03\/ulke-raporu.jpg\" alt=\"Awesome Image\">\n                                <\/div>\n                                                                <div class=\"btn-box\">\n                                                                                                        <\/div>\n                            <\/div>\n                            <div class=\"cards-text-box\">\n                                <p>Elaz\u0131\u011f Ticaret ve Sanayi Odas\u0131 \u00dclke Raporlar\u0131<\/p>\n                                <h3>Raporlar<\/h3>\n                                \t\t\t\t\t\t\t\t<ul>\n\t\t\t\t\t\t\t\t\t\t\t\t\t\t\t\t\t\t   <li><p><a href=\"\/tr\/wp-content\/uploads\/2023\/03\/Birlesik-Krallik-Ulke-Raporu-Elazig-TSO-TradeValley.pdf\">Birle\u015fik Krall\u0131k U\u0308lke Raporu - Elaz\u0131g\u0306 TSO &amp; TradeValley<\/a><\/p><\/li>\n\t\t\t\t\t\t\t\t\t\t\t\t\t\t\t\t\t\t   <li><p><a href=\"\/tr\/wp-content\/uploads\/2023\/03\/Almanya-Ulke-Raporu-Elazig-TSO-TradeValley.pdf\">Almanya U\u0308lke Raporu - Elaz\u0131g\u0306 TSO &amp; TradeValley<\/a><\/p><\/li>\n\t\t\t\t\t\t\t\t\t\t\t\t\t\t\t\t\t\t   <li><p><a href=\"\/tr\/wp-content\/uploads\/2023\/03\/Hindistan-Ulke-Raporu-Elazig-TSO-TradeValley.pdf\">Hindistan U\u0308lke Raporu - Elaz\u0131g\u0306 TSO &amp; TradeValley<\/a><\/p><\/li>\n\t\t\t\t\t\t\t\t\t\t\t\t\t\t\t\t\t\t   <li><p><a href=\"\/tr\/wp-content\/uploads\/2023\/03\/Urdun-Ulke-Raporu-Elazig-TSO-TradeValley.pdf\">\u00dcrd\u00fcn U\u0308lke Raporu - Elaz\u0131g\u0306 TSO &amp; TradeValley<\/a><\/p><\/li>\n\t\t\t\t\t\t\t\t\t\t\t\t\t\t\t\t\t\t   <li><p><a href=\"\/tr\/wp-content\/uploads\/2023\/03\/Katar-Ulke-Raporu-Elazig-TSO-TradeValley.pdf\">Katar U\u0308lke Raporu - Elaz\u0131g\u0306 TSO &amp; TradeValley<\/a><\/p><\/li>\n\t\t\t\t\t\t\t\t\t\t\t\t\t\t\t\t\t<\/ul>\n\t\t\t\t\t\t\t\t                            <\/div>\n                        <\/div>\n                        <!--End Single Card Box-->\n                                                <!--Start Single Card Box-->\n                        <div class=\"single-card-box\">\n                            <div class=\"category-box\">Elaz\u0131\u011f Ticaret ve Sanayi Odas\u0131<\/div>                            <div class=\"cards-img-box\">\n                                                                <div class=\"inner-title\">\n                                    <h3>D\u0131\u015f Ticaret Sunumlar\u0131<\/h3>\n                                <\/div>\n                                                                                                <div class=\"inner\">\n                                    <img decoding=\"async\" src=\"https:\/\/elazigtso.org.tr\/tr\/wp-content\/uploads\/2023\/03\/ihracat.jpg\" alt=\"Awesome Image\">\n                                <\/div>\n                                                                <div class=\"btn-box\">\n                                                                                                        <\/div>\n                            <\/div>\n                            <div class=\"cards-text-box\">\n                                <p><\/p>\n                                <h3>D\u0131\u015f Ticaret Sunumlar\u0131, Seminer ve Notlar<\/h3>\n                                \t\t\t\t\t\t\t\t<ul>\n\t\t\t\t\t\t\t\t\t\t\t\t\t\t\t\t\t\t   <li><p><a href=\"\/tr\/wp-content\/uploads\/2023\/03\/Rusya_Federasyonu_pskov_Bolgesi_Ziyareti.pdf\">Rusya Federasyonu Pskov B\u00f6lgesi Yat\u0131r\u0131m \u0130mkanlar\u0131 (28.01.2022)<\/a><\/p><\/li>\n\t\t\t\t\t\t\t\t\t\t\t\t\t\t\t\t\t\t   <li><p><a href=\"\/tr\/wp-content\/uploads\/2023\/03\/Elazig-Ticaret-ve-Sanayi-Odasi-ve-Irak-B2B-Rapor.pdf\">Irak B2B Al\u0131m Heyeti Program\u0131 Sonu\u00e7 Raporu (16.07.2021)<\/a><\/p><\/li>\n\t\t\t\t\t\t\t\t\t\t\t\t\t\t\t\t\t\t   <li><p><a href=\"\/tr\/wp-content\/uploads\/2023\/03\/SuudiArabistan2020.pdf\">Suudi Arabistan Pazara Giri\u015f (16.07.2020)<\/a><\/p><\/li>\n\t\t\t\t\t\t\t\t\t\t\t\t\t\t\t\t\t\t   <li><p><a href=\"\/tr\/wp-content\/uploads\/2023\/03\/BAE2020.pdf\">Birle\u015fik Arap Emirlikleri \u00dclke Sunumu (14.07.2020)<\/a><\/p><\/li>\n\t\t\t\t\t\t\t\t\t\t\t\t\t\t\t\t\t\t   <li><p><a href=\"\/tr\/wp-content\/uploads\/2023\/03\/Fas2020.pdf\">Fas \u00dclke Sunumu (08.07.2020)<\/a><\/p><\/li>\n\t\t\t\t\t\t\t\t\t\t\t\t\t\t\t\t\t\t   <li><p><a href=\"\/tr\/wp-content\/uploads\/2023\/03\/Cezayir2020.pdf\">Cezayir \u00dclke Sunumu (07.07.2020)<\/a><\/p><\/li>\n\t\t\t\t\t\t\t\t\t\t\t\t\t\t\t\t\t\t   <li><p><a href=\"\/tr\/wp-content\/uploads\/2023\/03\/Kuveyt-Sunum-2019.pptx\">Kuveyt Ticari F\u0131rsatlar Semineri (24.12.2019)<\/a><\/p><\/li>\n\t\t\t\t\t\t\t\t\t\t\t\t\t\t\t\t\t\t   <li><p><a href=\"\/tr\/wp-content\/uploads\/2023\/03\/8-Ekim_2019_Elazig_Ersay-CETE_Gumruk-Atasesi.pptx\">Irak Pazar F\u0131rsatlar\u0131 Semineri (08.10.2019)<\/a><\/p><\/li>\n\t\t\t\t\t\t\t\t\t\t\t\t\t\t\t\t\t\t   <li><p><a href=\"\/tr\/wp-content\/uploads\/2023\/03\/BAHREYN-SUNUM-2019-Temmuz-ELAZIG.pptx\">Bahreyn ve K\u00f6rfez \u00dclkeleri Pazar F\u0131rsatlar\u0131 Semineri (11.07.2019)<\/a><\/p><\/li>\n\t\t\t\t\t\t\t\t\t\t\t\t\t\t\t\t\t\t   <li><p><a href=\"\/tr\/wp-content\/uploads\/2023\/03\/afrika-mART-2019.ppt\">Afrika Pazar F\u0131rsatlar\u0131 Semineri Semineri (04.03.2019)<\/a><\/p><\/li>\n\t\t\t\t\t\t\t\t\t\t\t\t\t\t\t\t\t\t   <li><p><a href=\"http:\/\/elazigtso.com\/tr\/wp-content\/uploads\/2023\/03\/BAGLAYICI-TARIFE-BILGISI.pptx\">Ba\u011flay\u0131c\u0131 Tarife Bilgisi<\/p><\/li>\n\t\t\t\t\t\t\t\t\t\t\t\t\t\t\t\t\t\t   <li><p><a href=\"\/tr\/wp-content\/uploads\/2023\/03\/CIN-PAZARINA-GIRIS-IMKANLARI.pptx\">\u00c7in Pazar\u0131na Giri\u015f \u0130mkanlar\u0131<\/a><\/p><\/li>\n\t\t\t\t\t\t\t\t\t\t\t\t\t\t\t\t\t\t   <li><p><a href=\"\/tr\/wp-content\/uploads\/2023\/03\/HIZMET-SEKTORU-DESTEKLERI.pptx\">Hizmet Sekt\u00f6r\u00fc Destekleri<\/a><\/p><\/li>\n\t\t\t\t\t\t\t\t\t\t\t\t\t\t\t\t\t\t   <li><p><a href=\"\/tr\/wp-content\/uploads\/2023\/03\/MAL-IHRACATINA-YONELIK-DESTEKLER.pptx\">Mal \u0130hracat\u0131na Y\u00f6nelik Destekler<\/a><\/p><\/li>\n\t\t\t\t\t\t\t\t\t\t\t\t\t\t\t\t\t\t   <li><p><a href=\"\/tr\/wp-content\/uploads\/2023\/03\/PAZARA-GIRIS-ENGELLERI.pptx\">Pazara Giri\u015f Engelleri<\/a><\/p><\/li>\n\t\t\t\t\t\t\t\t\t\t\t\t\t\t\t\t\t\t   <li><p><a href=\"\/tr\/wp-content\/uploads\/2023\/03\/TURK-EXIMBANK-KREDI-SIGORTA.pptx\">T\u00fcrk Eximbank Kredi\/Sigorta Destekleri<\/a><\/p><\/li>\n\t\t\t\t\t\t\t\t\t\t\t\t\t\t\t\t\t<\/ul>\n\t\t\t\t\t\t\t\t                            <\/div>\n                        <\/div>\n                        <!--End Single Card Box-->\n                                            <\/div>\n                <\/div>\n\n            <\/div>\n        <\/div>\n    <\/section>\n    <!--End Cards Area-->\n                         \n        \t\t\t\t<\/div>\n\t\t\t\t<\/div>\n\t\t\t\t\t<\/div>\n\t\t<\/div>\n\t\t\t\t\t<\/div>\n\t\t<\/section>\n\t\t\t\t<\/div>\n\t\t","protected":false},"excerpt":{"rendered":"<p>Kurumsal Odam\u0131z Hakk\u0131nda Ba\u015fkan Y\u00f6netim Kurulu Meclis Meslek Komiteleri \u0130\u015ftiraklerimiz Projelerimiz Kurumsal Kimlik KVKK Hizmetler \u00dcyelik Sistemi H\u0131zl\u0131 Aidat \u00d6deme Belge Talebi Ticaret Sicil Gazetesi Temsil-\u0130lzam Kullan\u0131c\u0131 Yetkilendirme \u0130\u015f Makinas\u0131 Tescil TSO Akademi Ticaret \/ D\u0131\u015f Ticaret \/ Fuarlar Ticaret \/ D\u0131\u015f Ticaret \/ Fuarlar Elaz\u0131\u011f Ticaret ve Sanayi Odas\u0131 \u0130hracat Raporlar\u0131 Elaz\u0131\u011f Ticaret ve [&hellip;]<\/p>\n","protected":false},"author":1,"featured_media":0,"parent":0,"menu_order":0,"comment_status":"closed","ping_status":"closed","template":"tpl-default-elementor.php","meta":{"footnotes":""},"class_list":["post-439","page","type-page","status-publish","hentry"],"jetpack_sharing_enabled":true,"_links":{"self":[{"href":"https:\/\/elazigtso.org.tr\/tr\/index.php\/wp-json\/wp\/v2\/pages\/439","targetHints":{"allow":["GET"]}}],"collection":[{"href":"https:\/\/elazigtso.org.tr\/tr\/index.php\/wp-json\/wp\/v2\/pages"}],"about":[{"href":"https:\/\/elazigtso.org.tr\/tr\/index.php\/wp-json\/wp\/v2\/types\/page"}],"author":[{"embeddable":true,"href":"https:\/\/elazigtso.org.tr\/tr\/index.php\/wp-json\/wp\/v2\/users\/1"}],"replies":[{"embeddable":true,"href":"https:\/\/elazigtso.org.tr\/tr\/index.php\/wp-json\/wp\/v2\/comments?post=439"}],"version-history":[{"count":20,"href":"https:\/\/elazigtso.org.tr\/tr\/index.php\/wp-json\/wp\/v2\/pages\/439\/revisions"}],"predecessor-version":[{"id":2112,"href":"https:\/\/elazigtso.org.tr\/tr\/index.php\/wp-json\/wp\/v2\/pages\/439\/revisions\/2112"}],"wp:attachment":[{"href":"https:\/\/elazigtso.org.tr\/tr\/index.php\/wp-json\/wp\/v2\/media?parent=439"}],"curies":[{"name":"wp","href":"https:\/\/api.w.org\/{rel}","templated":true}]}}