{"id":430,"date":"2022-09-18T18:10:01","date_gmt":"2022-09-18T18:10:01","guid":{"rendered":"https:\/\/fastwpdemo.com\/newwp\/finbank\/?page_id=430"},"modified":"2023-03-10T19:14:19","modified_gmt":"2023-03-10T16:14:19","slug":"tso-akademi","status":"publish","type":"page","link":"https:\/\/elazigtso.org.tr\/tr\/index.php\/tso-akademi\/","title":{"rendered":"TSO Akademi"},"content":{"rendered":"\t\t<div data-elementor-type=\"wp-page\" data-elementor-id=\"430\" class=\"elementor elementor-430\">\n\t\t\t\t\t\t<section class=\"elementor-section elementor-top-section elementor-element elementor-element-13220cf elementor-section-full_width elementor-section-height-default elementor-section-height-default\" data-id=\"13220cf\" data-element_type=\"section\">\n\t\t\t\t\t\t<div class=\"elementor-container elementor-column-gap-default\">\n\t\t\t\t\t<div class=\"elementor-column elementor-col-100 elementor-top-column elementor-element elementor-element-3f6ad42\" data-id=\"3f6ad42\" data-element_type=\"column\">\n\t\t\t<div class=\"elementor-widget-wrap elementor-element-populated\">\n\t\t\t\t\t\t<div class=\"elementor-element elementor-element-1c97706 elementor-widget elementor-widget-finbank_emergency_service_v3\" data-id=\"1c97706\" data-element_type=\"widget\" data-widget_type=\"finbank_emergency_service_v3.default\">\n\t\t\t\t<div class=\"elementor-widget-container\">\n\t\t\t\t\t\t\n    <!--Start Service Request Style2 Area-->\n    <section class=\"service-request-style2-area\">\n        <div class=\"container\">\n            <div class=\"row\">\n\t\t\t\t                <div class=\"col-xl-6\">\n                    <div class=\"service-request-style2-img-box\">\n                        <div class=\"service-request-style2-img-box__inner\">\n                            <img decoding=\"async\" src=\"https:\/\/elazigtso.org.tr\/tr\/wp-content\/uploads\/2023\/03\/akademi.png\" alt=\"Awesome Image\">\n                        <\/div>\n                    <\/div>\n                <\/div>\n\t\t\t\t                <div class=\"col-xl-6\">\n                    <div class=\"service-request-style2-content-box\">\n                                                <div class=\"pattern-bottom\" style=\"background-image: url(https:\/\/elazigtso.org.tr\/tr\/wp-content\/uploads\/2022\/09\/service-request-style2-content-box-pattern.png);\"><\/div>\n                                                                        <div class=\"sec-title\">\n\t\t\t\t\t\t\t<h2>TSO Akademi<\/h2>                                                        <div class=\"sub-title\">\n                                <p>ELAZI\u011e TSO AKADEM\u0130; Elaz\u0131\u011f Ticaret ve Sanayi Odas\u0131 taraf\u0131ndan farkl\u0131 birimleri \u00fczerinden mevcutta \u00fcyelerine sunulan ve personeline verilen e\u011fitim hizmetlerinin tek \u00e7at\u0131 alt\u0131nda y\u00f6netilmesi, izlenmesi ve e\u011fitim ihtiya\u00e7lar\u0131n\u0131n t\u00fcm\u00fcn\u00fc kapsayan s\u00fcrd\u00fcr\u00fclebilir bir sistem kurularak e\u011fitim faaliyetlerine kurumsal kimlik kazand\u0131r\u0131lmas\u0131 ihtiyac\u0131na y\u00f6nelik olu\u015fturulmu\u015ftur.\nELAZI\u011e TSO AKADEM\u0130'nin hedef kitlesi; ekonomik hayat\u0131n i\u00e7inde giri\u015fimcilik, katma de\u011fer, Ar-Ge, verimlilik, b\u00fcy\u00fcme, uluslararas\u0131la\u015fma, dijital d\u00f6n\u00fc\u015f\u00fcm vb. ama\u00e7lar\u0131 olan t\u00fcm \u015firketler, kurumlar, bu kurumlar\u0131n y\u00f6neticileri, \u00e7al\u0131\u015fanlar\u0131 yada i\u015f hayat\u0131na kendi i\u015flerinin ba\u015f\u0131nda olarak kat\u0131lmay\u0131 hedefleyen t\u00fcm giri\u015fimciler hatta ekonomik hayata hen\u00fcz yeni haz\u0131rlanan \u00f6\u011frencilerdir.\nELAZI\u011e TSO AKADEM\u0130 hedefledi\u011fi bu geni\u015f kitlenin farkl\u0131 beklenti ve ihtiya\u00e7lar\u0131na uygun hizmetler sunabilmek amac\u0131yla, geni\u015f bir hizmet\/proje yelpazesi uygulamay\u0131 stratejik bir farkl\u0131l\u0131k ve misyon olarak kabul etmektedir.\nDi\u011fer yandan her g\u00fcn de\u011fi\u015fen ihtiya\u00e7lar\u0131 zaman\u0131nda analiz etmek ve yenilik\u00e7i hizmetler geli\u015ftirmek, ELAZI\u011e TSO AKADEM\u0130\u2019nin kurulu\u015fundan itibaren misyonunun \u00f6nemli par\u00e7alar\u0131ndan birisi olacakt\u0131r.\nHedefimiz;\n\n\u0130\u015fg\u00fcc\u00fc piyasas\u0131 ve e\u011fitim sekt\u00f6r\u00fcn\u00fc y\u00f6nlendiren ve katalize eden bir e\u011fitim ve geli\u015fim kamp\u00fcs\u00fc olmak\nAma\u00e7lar\u0131m\u0131z;\n\n\u00b7 Bug\u00fcn ve gelecekte ihtiya\u00e7 duyulacak nitelikli i\u015fg\u00fcc\u00fcn\u00fc yeti\u015ftirmek, geli\u015ftirmek ve belgelendirmek,\n\u00b7 E\u011fitim alan\u0131nda i\u015fletmelere uzun vadeli katk\u0131 sa\u011flayacak hizmetler tasarlay\u0131p, sunmak,\n\u00b7 \u00dcreten giri\u015fimci bir nesil yeti\u015fmesine katk\u0131 sa\u011flamak,\n\u00b7 Elaz\u0131\u011f TSO \u00dcyelerinin hizmetlerinin \u00fcyelere daha iyi aktar\u0131m\u0131 i\u00e7in personel \u00fcye ili\u015fkilerini geli\u015ftirmek ve personel kurum aidiyetini artt\u0131rmak,\n\u00b7 \u00dcye ihtiya\u00e7lar\u0131na y\u00f6nelik bilgi ve yenilik transferi yapmak.<br> <a href=\"http:\/\/elazigtso.com\/tr\/wp-content\/uploads\/2023\/03\/2019_Elazig_TSO_Akademi_Uye_Egitim_Raporu.pdf\">Elaz\u0131\u011f TSO 2020 \u00dcye E\u011fitim Raporu<\/a><br>\n<a href=\"http:\/\/elazigtso.com\/tr\/wp-content\/uploads\/2023\/03\/2019_Elazig_TSO_Akademi_Uye_Egitim_Raporu-1.pdf\">Elaz\u0131\u011f TSO 2019 \u00dcye E\u011fitim Raporu<\/a><br>\n<a href=\"https:\/\/www.elazigtso.org.tr\/menu\/184\/elazig-tso-on-line-akademi\">Elaz\u0131\u011f TSO Online Akademi sayfas\u0131<\/a><br><\/p>\n                            <\/div>\n                                                    <\/div>\n                                                <div class=\"service-request-style2-content-box__inner\">\n                            <ul>\n                                                                <li>\n                                    <div class=\"single-service-request-style2-box\">\n                                        <div class=\"icon\">\n                                            <span class=\"\"><\/span>\n                                        <\/div>\n                                                                            <\/div>\n                                <\/li>\n                                                            <\/ul>\n                                                    <\/div>\n\n                    <\/div>\n                <\/div>\n\n            <\/div>\n        <\/div>\n    <\/section>\n    <!--End Service Request Style2 Area-->\n             \n        \t\t\t\t<\/div>\n\t\t\t\t<\/div>\n\t\t\t\t\t<\/div>\n\t\t<\/div>\n\t\t\t\t\t<\/div>\n\t\t<\/section>\n\t\t\t\t<section class=\"elementor-section elementor-top-section elementor-element elementor-element-d856bcf elementor-section-full_width elementor-section-height-default elementor-section-height-default\" data-id=\"d856bcf\" data-element_type=\"section\">\n\t\t\t\t\t\t<div class=\"elementor-container elementor-column-gap-default\">\n\t\t\t\t\t<div class=\"elementor-column elementor-col-100 elementor-top-column elementor-element elementor-element-1dc4605\" data-id=\"1dc4605\" data-element_type=\"column\">\n\t\t\t<div class=\"elementor-widget-wrap elementor-element-populated\">\n\t\t\t\t\t\t<div class=\"elementor-element elementor-element-af916ed elementor-widget elementor-widget-finbank_account_charges\" data-id=\"af916ed\" data-element_type=\"widget\" data-widget_type=\"finbank_account_charges.default\">\n\t\t\t\t<div class=\"elementor-widget-container\">\n\t\t\t\t\t\t\n    <!--Start Interest Charges Area-->\n    <section id=\"interest\" class=\"interest-charges-area\">\n                <div class=\"interest-charges-area-shape1\">\n            <img decoding=\"async\" src=\"https:\/\/elazigtso.org.tr\/tr\/wp-content\/uploads\/2022\/09\/interest-charges-area-shape-1.png\" alt=\"Awesome Image\">\n        <\/div>\n                <div class=\"container\">\n                        <div class=\"sec-title text-center\">\n                <h2>Seminer Takvimi<\/h2>\t\t\t\t                <div class=\"sub-title\">\n                    <p>Elaz\u0131\u011f TSO Akademi<\/p>\n                <\/div>\n                            <\/div>\n                        <div class=\"row\">\n                <div class=\"col-xl-12\">\n                    <div class=\"interest-charges-table-box\">\n                        <div class=\"table-outer\">\n                            <table class=\"interest-charges-table\">\n                                <tbody>\n\t\t\t\t\t\t\t\t\t                                    <tr>\n                                                                                <td class=\"title\">\n                                            <h3>Uygulama ve ara\u00e7larla ekip y\u00f6netimi<\/h3>\n                                        <\/td>\n                                                                                <td class=\"balance\">\n                                                                                        <div class=\"inner-title\">\n                                                <h3>Dan\u0131\u015fman \/ E\u011fitmen<\/h3>\n                                            <\/div>\n                                                                                        \t\t\t\t\t\t\t\t\t\t\t<ul>\n\t\t\t\t\t\t\t\t\t\t\t\t\t\t\t\t\t\t\t\t\t\t\t\t   <li>Didem Sever<\/li>\n\t\t\t\t\t\t\t\t\t\t\t\t\t\t\t\t\t\t\t\t\t\t\t\t   <li>-<\/li>\n\t\t\t\t\t\t\t\t\t\t\t\t\t\t\t\t\t\t\t\t\t\t\t<\/ul>\n\t\t\t\t\t\t\t\t\t\t\t                                        <\/td>\n                                        <td class=\"interest\">\n                                                                                        <div class=\"inner-title\">\n                                                <h3>Tarih \/ Saat<\/h3>\n                                            <\/div>\n                                                                                        \t\t\t\t\t\t\t\t\t\t\t<ul>\n\t\t\t\t\t\t\t\t\t\t\t\t\t\t\t\t\t\t\t\t\t\t\t\t   <li>6 A\u011fustos 2021<\/li>\n\t\t\t\t\t\t\t\t\t\t\t\t\t\t\t\t\t\t\t\t\t\t\t\t   <li>19:30 - 21:30<\/li>\n\t\t\t\t\t\t\t\t\t\t\t\t\t\t\t\t\t\t\t\t\t\t\t<\/ul>\n\t\t\t\t\t\t\t\t\t\t\t                                        <\/td>\n                                    <\/tr>\n\t\t\t\t\t\t\t\t\t                                    <tr>\n                                                                                <td class=\"title\">\n                                            <h3>E-Ticaretin Bug\u00fcn\u00fc ve Yar\u0131n\u0131<\/h3>\n                                        <\/td>\n                                                                                <td class=\"balance\">\n                                                                                        \t\t\t\t\t\t\t\t\t\t\t<ul>\n\t\t\t\t\t\t\t\t\t\t\t\t\t\t\t\t\t\t\t\t\t\t\t\t   <li>Co\u015fkun Soyer<\/li>\n\t\t\t\t\t\t\t\t\t\t\t\t\t\t\t\t\t\t\t\t\t\t\t\t   <li><\/li>\n\t\t\t\t\t\t\t\t\t\t\t\t\t\t\t\t\t\t\t\t\t\t\t<\/ul>\n\t\t\t\t\t\t\t\t\t\t\t                                        <\/td>\n                                        <td class=\"interest\">\n                                                                                        \t\t\t\t\t\t\t\t\t\t\t<ul>\n\t\t\t\t\t\t\t\t\t\t\t\t\t\t\t\t\t\t\t\t\t\t\t\t   <li>10 A\u011fustos 2021<\/li>\n\t\t\t\t\t\t\t\t\t\t\t\t\t\t\t\t\t\t\t\t\t\t\t\t   <li>19:30 - 21:30<\/li>\n\t\t\t\t\t\t\t\t\t\t\t\t\t\t\t\t\t\t\t\t\t\t\t<\/ul>\n\t\t\t\t\t\t\t\t\t\t\t                                        <\/td>\n                                    <\/tr>\n\t\t\t\t\t\t\t\t\t                                    <tr>\n                                                                                <td class=\"title\">\n                                            <h3>Profesyonel Sat\u0131\u015f\u0131n incelikleri<\/h3>\n                                        <\/td>\n                                                                                <td class=\"balance\">\n                                                                                        \t\t\t\t\t\t\t\t\t\t\t<ul>\n\t\t\t\t\t\t\t\t\t\t\t\t\t\t\t\t\t\t\t\t\t\t\t\t   <li>Serkan Acar<\/li>\n\t\t\t\t\t\t\t\t\t\t\t\t\t\t\t\t\t\t\t\t\t\t\t\t   <li><\/li>\n\t\t\t\t\t\t\t\t\t\t\t\t\t\t\t\t\t\t\t\t\t\t\t<\/ul>\n\t\t\t\t\t\t\t\t\t\t\t                                        <\/td>\n                                        <td class=\"interest\">\n                                                                                        \t\t\t\t\t\t\t\t\t\t\t<ul>\n\t\t\t\t\t\t\t\t\t\t\t\t\t\t\t\t\t\t\t\t\t\t\t\t   <li>17 A\u011fustos 2021<\/li>\n\t\t\t\t\t\t\t\t\t\t\t\t\t\t\t\t\t\t\t\t\t\t\t\t   <li>19:30 - 21:30<\/li>\n\t\t\t\t\t\t\t\t\t\t\t\t\t\t\t\t\t\t\t\t\t\t\t<\/ul>\n\t\t\t\t\t\t\t\t\t\t\t                                        <\/td>\n                                    <\/tr>\n\t\t\t\t\t\t\t\t\t                                    <tr>\n                                                                                <td class=\"title\">\n                                            <h3>Marka Y\u00f6netimi ile \u00f6ne ge\u00e7mek<\/h3>\n                                        <\/td>\n                                                                                <td class=\"balance\">\n                                                                                        \t\t\t\t\t\t\t\t\t\t\t<ul>\n\t\t\t\t\t\t\t\t\t\t\t\t\t\t\t\t\t\t\t\t\t\t\t\t   <li>Dr. Muhsin Bay\u0131k<\/li>\n\t\t\t\t\t\t\t\t\t\t\t\t\t\t\t\t\t\t\t\t\t\t\t<\/ul>\n\t\t\t\t\t\t\t\t\t\t\t                                        <\/td>\n                                        <td class=\"interest\">\n                                                                                        \t\t\t\t\t\t\t\t\t\t\t<ul>\n\t\t\t\t\t\t\t\t\t\t\t\t\t\t\t\t\t\t\t\t\t\t\t\t   <li>24 A\u011fustos 2021<\/li>\n\t\t\t\t\t\t\t\t\t\t\t\t\t\t\t\t\t\t\t\t\t\t\t\t   <li>19:30 - 21:30<\/li>\n\t\t\t\t\t\t\t\t\t\t\t\t\t\t\t\t\t\t\t\t\t\t\t<\/ul>\n\t\t\t\t\t\t\t\t\t\t\t                                        <\/td>\n                                    <\/tr>\n\t\t\t\t\t\t\t\t\t                                    <tr>\n                                                                                <td class=\"title\">\n                                            <h3>Yeni normalde sat\u0131\u015f ve ihracat y\u00f6netimi<\/h3>\n                                        <\/td>\n                                                                                <td class=\"balance\">\n                                                                                        \t\t\t\t\t\t\t\t\t\t\t<ul>\n\t\t\t\t\t\t\t\t\t\t\t\t\t\t\t\t\t\t\t\t\t\t\t\t   <li>\u00c7i\u011fdem General<\/li>\n\t\t\t\t\t\t\t\t\t\t\t\t\t\t\t\t\t\t\t\t\t\t\t<\/ul>\n\t\t\t\t\t\t\t\t\t\t\t                                        <\/td>\n                                        <td class=\"interest\">\n                                                                                        \t\t\t\t\t\t\t\t\t\t\t<ul>\n\t\t\t\t\t\t\t\t\t\t\t\t\t\t\t\t\t\t\t\t\t\t\t\t   <li>31 A\u011fustos 2021<\/li>\n\t\t\t\t\t\t\t\t\t\t\t\t\t\t\t\t\t\t\t\t\t\t\t\t   <li>19:30 - 21:30<\/li>\n\t\t\t\t\t\t\t\t\t\t\t\t\t\t\t\t\t\t\t\t\t\t\t<\/ul>\n\t\t\t\t\t\t\t\t\t\t\t                                        <\/td>\n                                    <\/tr>\n\t\t\t\t\t\t\t\t\t                                    <tr>\n                                                                                <td class=\"title\">\n                                            <h3>Tedarik zinciri y\u00f6ntemi<\/h3>\n                                        <\/td>\n                                                                                <td class=\"balance\">\n                                                                                        \t\t\t\t\t\t\t\t\t\t\t<ul>\n\t\t\t\t\t\t\t\t\t\t\t\t\t\t\t\t\t\t\t\t\t\t\t\t   <li>Cos\u015fkun Soyer<\/li>\n\t\t\t\t\t\t\t\t\t\t\t\t\t\t\t\t\t\t\t\t\t\t\t<\/ul>\n\t\t\t\t\t\t\t\t\t\t\t                                        <\/td>\n                                        <td class=\"interest\">\n                                                                                        \t\t\t\t\t\t\t\t\t\t\t<ul>\n\t\t\t\t\t\t\t\t\t\t\t\t\t\t\t\t\t\t\t\t\t\t\t\t   <li>8 Eyl\u00fcl 2021<\/li>\n\t\t\t\t\t\t\t\t\t\t\t\t\t\t\t\t\t\t\t\t\t\t\t\t   <li>19:30 - 21:30<\/li>\n\t\t\t\t\t\t\t\t\t\t\t\t\t\t\t\t\t\t\t\t\t\t\t<\/ul>\n\t\t\t\t\t\t\t\t\t\t\t                                        <\/td>\n                                    <\/tr>\n\t\t\t\t\t\t\t\t\t                                    <tr>\n                                                                                <td class=\"title\">\n                                            <h3>M\u00fc\u015fteri y\u00f6netiminin temelleri<\/h3>\n                                        <\/td>\n                                                                                <td class=\"balance\">\n                                                                                        \t\t\t\t\t\t\t\t\t\t\t<ul>\n\t\t\t\t\t\t\t\t\t\t\t\t\t\t\t\t\t\t\t\t\t\t\t\t   <li>Osman Kaya<\/li>\n\t\t\t\t\t\t\t\t\t\t\t\t\t\t\t\t\t\t\t\t\t\t\t<\/ul>\n\t\t\t\t\t\t\t\t\t\t\t                                        <\/td>\n                                        <td class=\"interest\">\n                                                                                        \t\t\t\t\t\t\t\t\t\t\t<ul>\n\t\t\t\t\t\t\t\t\t\t\t\t\t\t\t\t\t\t\t\t\t\t\t\t   <li>14 Eyl\u00fcl 2021<\/li>\n\t\t\t\t\t\t\t\t\t\t\t\t\t\t\t\t\t\t\t\t\t\t\t\t   <li>19:30 - 21:30<\/li>\n\t\t\t\t\t\t\t\t\t\t\t\t\t\t\t\t\t\t\t\t\t\t\t<\/ul>\n\t\t\t\t\t\t\t\t\t\t\t                                        <\/td>\n                                    <\/tr>\n\t\t\t\t\t\t\t\t\t                                    <tr>\n                                                                                <td class=\"title\">\n                                            <h3>Te\u015fvik ve hibeleri yak\u0131t olarak kullanmak<\/h3>\n                                        <\/td>\n                                                                                <td class=\"balance\">\n                                                                                        \t\t\t\t\t\t\t\t\t\t\t<ul>\n\t\t\t\t\t\t\t\t\t\t\t\t\t\t\t\t\t\t\t\t\t\t\t\t   <li>Hakan Kotan<\/li>\n\t\t\t\t\t\t\t\t\t\t\t\t\t\t\t\t\t\t\t\t\t\t\t<\/ul>\n\t\t\t\t\t\t\t\t\t\t\t                                        <\/td>\n                                        <td class=\"interest\">\n                                                                                        \t\t\t\t\t\t\t\t\t\t\t<ul>\n\t\t\t\t\t\t\t\t\t\t\t\t\t\t\t\t\t\t\t\t\t\t\t\t   <li>21 Eyl\u00fcl 2021<\/li>\n\t\t\t\t\t\t\t\t\t\t\t\t\t\t\t\t\t\t\t\t\t\t\t\t   <li>19:30 - 21:30<\/li>\n\t\t\t\t\t\t\t\t\t\t\t\t\t\t\t\t\t\t\t\t\t\t\t<\/ul>\n\t\t\t\t\t\t\t\t\t\t\t                                        <\/td>\n                                    <\/tr>\n\t\t\t\t\t\t\t\t\t                                    <tr>\n                                                                                <td class=\"title\">\n                                            <h3>Dijital pazarlama ve sosyal medya y\u00f6netimi<\/h3>\n                                        <\/td>\n                                                                                <td class=\"balance\">\n                                                                                        \t\t\t\t\t\t\t\t\t\t\t<ul>\n\t\t\t\t\t\t\t\t\t\t\t\t\t\t\t\t\t\t\t\t\t\t\t\t   <li>Tu\u011fba Da\u011fdeviren<\/li>\n\t\t\t\t\t\t\t\t\t\t\t\t\t\t\t\t\t\t\t\t\t\t\t<\/ul>\n\t\t\t\t\t\t\t\t\t\t\t                                        <\/td>\n                                        <td class=\"interest\">\n                                                                                        \t\t\t\t\t\t\t\t\t\t\t<ul>\n\t\t\t\t\t\t\t\t\t\t\t\t\t\t\t\t\t\t\t\t\t\t\t\t   <li>28 Eyl\u00fcl 2021<\/li>\n\t\t\t\t\t\t\t\t\t\t\t\t\t\t\t\t\t\t\t\t\t\t\t\t   <li>19:30 - 21:30<\/li>\n\t\t\t\t\t\t\t\t\t\t\t\t\t\t\t\t\t\t\t\t\t\t\t<\/ul>\n\t\t\t\t\t\t\t\t\t\t\t                                        <\/td>\n                                    <\/tr>\n\t\t\t\t\t\t\t\t\t                                    <tr>\n                                                                                <td class=\"title\">\n                                            <h3>Kurumsalla\u015fma yol haritas\u0131<\/h3>\n                                        <\/td>\n                                                                                <td class=\"balance\">\n                                                                                        \t\t\t\t\t\t\t\t\t\t\t<ul>\n\t\t\t\t\t\t\t\t\t\t\t\t\t\t\t\t\t\t\t\t\t\t\t\t   <li>Erka \u0130\u015f\u00e7imen<\/li>\n\t\t\t\t\t\t\t\t\t\t\t\t\t\t\t\t\t\t\t\t\t\t\t<\/ul>\n\t\t\t\t\t\t\t\t\t\t\t                                        <\/td>\n                                        <td class=\"interest\">\n                                                                                        \t\t\t\t\t\t\t\t\t\t\t<ul>\n\t\t\t\t\t\t\t\t\t\t\t\t\t\t\t\t\t\t\t\t\t\t\t\t   <li>5 Ekim 2021<\/li>\n\t\t\t\t\t\t\t\t\t\t\t\t\t\t\t\t\t\t\t\t\t\t\t\t   <li>19:30 - 21:30<\/li>\n\t\t\t\t\t\t\t\t\t\t\t\t\t\t\t\t\t\t\t\t\t\t\t<\/ul>\n\t\t\t\t\t\t\t\t\t\t\t                                        <\/td>\n                                    <\/tr>\n\t\t\t\t\t\t\t\t\t                                <\/tbody>\n                            <\/table>\n                        <\/div>\n                    <\/div>\n                <\/div>\n            <\/div>\n        <\/div>\n    <\/section>\n    <!--End Interest Charges Area-->\n        \n        \t\t\t\t<\/div>\n\t\t\t\t<\/div>\n\t\t\t\t\t<\/div>\n\t\t<\/div>\n\t\t\t\t\t<\/div>\n\t\t<\/section>\n\t\t\t\t<\/div>\n\t\t","protected":false},"excerpt":{"rendered":"<p>TSO Akademi ELAZI\u011e TSO AKADEM\u0130; Elaz\u0131\u011f Ticaret ve Sanayi Odas\u0131 taraf\u0131ndan farkl\u0131 birimleri \u00fczerinden mevcutta \u00fcyelerine sunulan ve personeline verilen e\u011fitim hizmetlerinin tek \u00e7at\u0131 alt\u0131nda y\u00f6netilmesi, izlenmesi ve e\u011fitim ihtiya\u00e7lar\u0131n\u0131n t\u00fcm\u00fcn\u00fc kapsayan s\u00fcrd\u00fcr\u00fclebilir bir sistem kurularak e\u011fitim faaliyetlerine kurumsal kimlik kazand\u0131r\u0131lmas\u0131 ihtiyac\u0131na y\u00f6nelik olu\u015fturulmu\u015ftur. ELAZI\u011e TSO AKADEM\u0130&#8217;nin hedef kitlesi; ekonomik hayat\u0131n i\u00e7inde giri\u015fimcilik, katma de\u011fer, [&hellip;]<\/p>\n","protected":false},"author":1,"featured_media":0,"parent":0,"menu_order":0,"comment_status":"closed","ping_status":"closed","template":"tpl-default-elementor.php","meta":{"footnotes":""},"class_list":["post-430","page","type-page","status-publish","hentry"],"jetpack_sharing_enabled":true,"_links":{"self":[{"href":"https:\/\/elazigtso.org.tr\/tr\/index.php\/wp-json\/wp\/v2\/pages\/430","targetHints":{"allow":["GET"]}}],"collection":[{"href":"https:\/\/elazigtso.org.tr\/tr\/index.php\/wp-json\/wp\/v2\/pages"}],"about":[{"href":"https:\/\/elazigtso.org.tr\/tr\/index.php\/wp-json\/wp\/v2\/types\/page"}],"author":[{"embeddable":true,"href":"https:\/\/elazigtso.org.tr\/tr\/index.php\/wp-json\/wp\/v2\/users\/1"}],"replies":[{"embeddable":true,"href":"https:\/\/elazigtso.org.tr\/tr\/index.php\/wp-json\/wp\/v2\/comments?post=430"}],"version-history":[{"count":31,"href":"https:\/\/elazigtso.org.tr\/tr\/index.php\/wp-json\/wp\/v2\/pages\/430\/revisions"}],"predecessor-version":[{"id":1997,"href":"https:\/\/elazigtso.org.tr\/tr\/index.php\/wp-json\/wp\/v2\/pages\/430\/revisions\/1997"}],"wp:attachment":[{"href":"https:\/\/elazigtso.org.tr\/tr\/index.php\/wp-json\/wp\/v2\/media?parent=430"}],"curies":[{"name":"wp","href":"https:\/\/api.w.org\/{rel}","templated":true}]}}