{"id":3652,"date":"2023-03-17T12:41:03","date_gmt":"2023-03-17T09:41:03","guid":{"rendered":"http:\/\/elazigtso.com\/tr\/?page_id=3652"},"modified":"2023-03-17T12:42:08","modified_gmt":"2023-03-17T09:42:08","slug":"odamiz-banka-hesabi","status":"publish","type":"page","link":"https:\/\/elazigtso.org.tr\/tr\/index.php\/odamiz-banka-hesabi\/","title":{"rendered":"Odam\u0131z Banka Hesab\u0131"},"content":{"rendered":"\t\t<div data-elementor-type=\"wp-page\" data-elementor-id=\"3652\" class=\"elementor elementor-3652\">\n\t\t\t\t\t\t<section class=\"elementor-section elementor-top-section elementor-element elementor-element-1386cb4 elementor-section-full_width elementor-section-height-default elementor-section-height-default\" data-id=\"1386cb4\" data-element_type=\"section\">\n\t\t\t\t\t\t<div class=\"elementor-container elementor-column-gap-default\">\n\t\t\t\t\t<div class=\"elementor-column elementor-col-100 elementor-top-column elementor-element elementor-element-e765522\" data-id=\"e765522\" data-element_type=\"column\">\n\t\t\t<div class=\"elementor-widget-wrap elementor-element-populated\">\n\t\t\t\t\t\t<div class=\"elementor-element elementor-element-dad1680 elementor-widget elementor-widget-finbank_careers\" data-id=\"dad1680\" data-element_type=\"widget\" data-widget_type=\"finbank_careers.default\">\n\t\t\t\t<div class=\"elementor-widget-container\">\n\t\t\t\t\t\t\n    <!--Start Intro Style2 Area-->\n    <section class=\"intro-style2-area\">\n        <div class=\"container\">\n\t\t\t            <div class=\"row\">\n                <div class=\"col-xl-6\">\n                    <div class=\"intro-style2-img-box\">\n                        <div class=\"inner\">\n                                                        <img decoding=\"async\" src=\"https:\/\/elazigtso.org.tr\/tr\/wp-content\/uploads\/2023\/03\/belge.jpeg\" alt=\"Awesome Image\">\n                            \t\t\t\t\t\t\t                        <\/div>\n                    <\/div>\n                <\/div>\n                <div class=\"col-xl-6\">\n                    <div class=\"intro-style2-content-box\">\n                                                <div class=\"sec-title\">\n                            <h2>Odam\u0131z Banka Hesab\u0131<\/h2>\n                        <\/div>\n                                                                        \t\t\t\t\t\t<ul>\n\t\t\t\t\t\t\t\t\t\t\t\t   <li><div class=\"icon-box\">\n\t\t\t\t\t\t\t\t<span class=\"icon-checkbox-mark\"><\/span>\n\t\t\t\t\t\t   <\/div>\n\t\t\t\t\t\t   <p>\u00dcyelerimizin aidat \u00f6demelerinde kullanabilecekleri Odam\u0131z banka hesab\u0131 a\u015fa\u011f\u0131da yer almaktad\u0131r.<\/p><\/li>\n\t\t\t\t\t\t\t\t\t\t\t\t   <li><div class=\"icon-box\">\n\t\t\t\t\t\t\t\t<span class=\"icon-checkbox-mark\"><\/span>\n\t\t\t\t\t\t   <\/div>\n\t\t\t\t\t\t   <p><\/p><\/li>\n\t\t\t\t\t\t\t\t\t\t\t\t   <li><div class=\"icon-box\">\n\t\t\t\t\t\t\t\t<span class=\"icon-checkbox-mark\"><\/span>\n\t\t\t\t\t\t   <\/div>\n\t\t\t\t\t\t   <p><\/p><\/li>\n\t\t\t\t\t\t\t\t\t\t\t\t   <li><div class=\"icon-box\">\n\t\t\t\t\t\t\t\t<span class=\"icon-checkbox-mark\"><\/span>\n\t\t\t\t\t\t   <\/div>\n\t\t\t\t\t\t   <p><\/p><\/li>\n\t\t\t\t\t\t\t\t\t\t\t\t   <li><div class=\"icon-box\">\n\t\t\t\t\t\t\t\t<span class=\"icon-checkbox-mark\"><\/span>\n\t\t\t\t\t\t   <\/div>\n\t\t\t\t\t\t   <p>Ziraat Bankas\u0131 Merkez \u015eube (Elaz\u0131\u011f)                   <\/p><\/li>\n\t\t\t\t\t\t\t\t\t\t\t\t   <li><div class=\"icon-box\">\n\t\t\t\t\t\t\t\t<span class=\"icon-checkbox-mark\"><\/span>\n\t\t\t\t\t\t   <\/div>\n\t\t\t\t\t\t   <p><\/p><\/li>\n\t\t\t\t\t\t\t\t\t\t\t\t   <li><div class=\"icon-box\">\n\t\t\t\t\t\t\t\t<span class=\"icon-checkbox-mark\"><\/span>\n\t\t\t\t\t\t   <\/div>\n\t\t\t\t\t\t   <p>TR30 0001 0001 8634 6985 9050 01<\/p><\/li>\n\t\t\t\t\t\t\t\t\t\t\t\t   <li><div class=\"icon-box\">\n\t\t\t\t\t\t\t\t<span class=\"icon-checkbox-mark\"><\/span>\n\t\t\t\t\t\t   <\/div>\n\t\t\t\t\t\t   <p><\/p><\/li>\n\t\t\t\t\t\t\t\t\t\t\t\t   <li><div class=\"icon-box\">\n\t\t\t\t\t\t\t\t<span class=\"icon-checkbox-mark\"><\/span>\n\t\t\t\t\t\t   <\/div>\n\t\t\t\t\t\t   <p>                       <\/p><\/li>\n\t\t\t\t\t\t\t\t\t\t\t\t   <li><div class=\"icon-box\">\n\t\t\t\t\t\t\t\t<span class=\"icon-checkbox-mark\"><\/span>\n\t\t\t\t\t\t   <\/div>\n\t\t\t\t\t\t   <p><\/p><\/li>\n\t\t\t\t\t\t\t\t\t\t\t\t   <li><div class=\"icon-box\">\n\t\t\t\t\t\t\t\t<span class=\"icon-checkbox-mark\"><\/span>\n\t\t\t\t\t\t   <\/div>\n\t\t\t\t\t\t   <p> <\/p><\/li>\n\t\t\t\t\t\t\t\t\t\t\t\t   <li><div class=\"icon-box\">\n\t\t\t\t\t\t\t\t<span class=\"icon-checkbox-mark\"><\/span>\n\t\t\t\t\t\t   <\/div>\n\t\t\t\t\t\t   <p><\/p><\/li>\n\t\t\t\t\t\t\t\t\t\t\t\t   <li><div class=\"icon-box\">\n\t\t\t\t\t\t\t\t<span class=\"icon-checkbox-mark\"><\/span>\n\t\t\t\t\t\t   <\/div>\n\t\t\t\t\t\t   <p>Not: \u00d6deme yaparken a\u00e7\u0131klama k\u0131sm\u0131na \u015firket unvan\u0131n\u0131n yaz\u0131lmas\u0131 gerekmektedir.  ATM 'lerden de aidat \u00f6demesi yap\u0131labilmektedir.<\/p><\/li>\n\t\t\t\t\t\t\t\t\t\t\t\t<\/ul>\n\t\t\t\t\t\t                                            <\/div>\n                <\/div>\n            <\/div>\n\t\t\t\t\t\t            <div class=\"row\">\n                <div class=\"col-xl-12\">\n                    <div class=\"job-list-table-box\">\n\n                        <div class=\"table-outer\">\n                            <table class=\"job-list-table\">\n\n                                <thead class=\"header\">\n                                    <tr>\n                                        <th>Dosya \/ Evrak<\/th>\n                                        <th>Yetkililer<\/th>\n                                        <th>\u00dcnvan<\/th>\n                                        <th>\u0130leti\u015fim<\/th>\n                                    <\/tr>\n                                <\/thead>\n\n                                <tbody>\n\t\t\t\t\t\t\t\t\t                                    <tr>\n                                        <td class=\"department\">\n                                            <h3><\/h3>\n                                        <\/td>\n                                        <td class=\"job-role\">\n                                            <h3><\/h3>\n                                        <\/td>\n                                        <td class=\"location\">\n                                            <p><\/p>\n                                        <\/td>\n                                        <td class=\"last-date\">\n                                            <p><\/p>\n                                        <\/td>\n                                                                            <\/tr>\n\t\t\t\t\t\t\t\t\t                                <\/tbody>\n                            <\/table>\n                        <\/div>\n\n                    <\/div>\n                <\/div>\n            <\/div>\n\t\t\t\t\t\t        <\/div>\n    <\/section>\n    <!--End Intro Style2 Area-->\n        \n        \t\t\t\t<\/div>\n\t\t\t\t<\/div>\n\t\t\t\t\t<\/div>\n\t\t<\/div>\n\t\t\t\t\t<\/div>\n\t\t<\/section>\n\t\t\t\t<\/div>\n\t\t","protected":false},"excerpt":{"rendered":"<p>Odam\u0131z Banka Hesab\u0131 \u00dcyelerimizin aidat \u00f6demelerinde kullanabilecekleri Odam\u0131z banka hesab\u0131 a\u015fa\u011f\u0131da yer almaktad\u0131r. Ziraat Bankas\u0131 Merkez \u015eube (Elaz\u0131\u011f) TR30 0001 0001 8634 6985 9050 01 Not: \u00d6deme yaparken a\u00e7\u0131klama k\u0131sm\u0131na \u015firket unvan\u0131n\u0131n yaz\u0131lmas\u0131 gerekmektedir. ATM &#8216;lerden de aidat \u00f6demesi yap\u0131labilmektedir. Dosya \/ Evrak Yetkililer \u00dcnvan \u0130leti\u015fim<\/p>\n","protected":false},"author":3,"featured_media":0,"parent":0,"menu_order":0,"comment_status":"closed","ping_status":"closed","template":"tpl-default-elementor.php","meta":{"footnotes":""},"class_list":["post-3652","page","type-page","status-publish","hentry"],"jetpack_sharing_enabled":true,"_links":{"self":[{"href":"https:\/\/elazigtso.org.tr\/tr\/index.php\/wp-json\/wp\/v2\/pages\/3652","targetHints":{"allow":["GET"]}}],"collection":[{"href":"https:\/\/elazigtso.org.tr\/tr\/index.php\/wp-json\/wp\/v2\/pages"}],"about":[{"href":"https:\/\/elazigtso.org.tr\/tr\/index.php\/wp-json\/wp\/v2\/types\/page"}],"author":[{"embeddable":true,"href":"https:\/\/elazigtso.org.tr\/tr\/index.php\/wp-json\/wp\/v2\/users\/3"}],"replies":[{"embeddable":true,"href":"https:\/\/elazigtso.org.tr\/tr\/index.php\/wp-json\/wp\/v2\/comments?post=3652"}],"version-history":[{"count":4,"href":"https:\/\/elazigtso.org.tr\/tr\/index.php\/wp-json\/wp\/v2\/pages\/3652\/revisions"}],"predecessor-version":[{"id":3656,"href":"https:\/\/elazigtso.org.tr\/tr\/index.php\/wp-json\/wp\/v2\/pages\/3652\/revisions\/3656"}],"wp:attachment":[{"href":"https:\/\/elazigtso.org.tr\/tr\/index.php\/wp-json\/wp\/v2\/media?parent=3652"}],"curies":[{"name":"wp","href":"https:\/\/api.w.org\/{rel}","templated":true}]}}