{"id":3642,"date":"2023-03-17T12:34:54","date_gmt":"2023-03-17T09:34:54","guid":{"rendered":"http:\/\/elazigtso.com\/tr\/?page_id=3642"},"modified":"2023-03-17T12:36:06","modified_gmt":"2023-03-17T09:36:06","slug":"fiyat-tahminleri-ve-yaklasik-maliyet","status":"publish","type":"page","link":"https:\/\/elazigtso.org.tr\/tr\/index.php\/fiyat-tahminleri-ve-yaklasik-maliyet\/","title":{"rendered":"Fiyat Tahminleri ve Yakla\u015f\u0131k Maliyet"},"content":{"rendered":"\t\t<div data-elementor-type=\"wp-page\" data-elementor-id=\"3642\" class=\"elementor elementor-3642\">\n\t\t\t\t\t\t<section class=\"elementor-section elementor-top-section elementor-element elementor-element-1386cb4 elementor-section-full_width elementor-section-height-default elementor-section-height-default\" data-id=\"1386cb4\" data-element_type=\"section\">\n\t\t\t\t\t\t<div class=\"elementor-container elementor-column-gap-default\">\n\t\t\t\t\t<div class=\"elementor-column elementor-col-100 elementor-top-column elementor-element elementor-element-e765522\" data-id=\"e765522\" data-element_type=\"column\">\n\t\t\t<div class=\"elementor-widget-wrap elementor-element-populated\">\n\t\t\t\t\t\t<div class=\"elementor-element elementor-element-dad1680 elementor-widget elementor-widget-finbank_careers\" data-id=\"dad1680\" data-element_type=\"widget\" data-widget_type=\"finbank_careers.default\">\n\t\t\t\t<div class=\"elementor-widget-container\">\n\t\t\t\t\t\t\n    <!--Start Intro Style2 Area-->\n    <section class=\"intro-style2-area\">\n        <div class=\"container\">\n\t\t\t            <div class=\"row\">\n                <div class=\"col-xl-6\">\n                    <div class=\"intro-style2-img-box\">\n                        <div class=\"inner\">\n                                                        <img decoding=\"async\" src=\"https:\/\/elazigtso.org.tr\/tr\/wp-content\/uploads\/2023\/03\/belge.jpeg\" alt=\"Awesome Image\">\n                            \t\t\t\t\t\t\t                        <\/div>\n                    <\/div>\n                <\/div>\n                <div class=\"col-xl-6\">\n                    <div class=\"intro-style2-content-box\">\n                                                <div class=\"sec-title\">\n                            <h2>Fiyat Tahminleri ve Yakla\u015f\u0131k Maliyet<\/h2>\n                        <\/div>\n                                                                        \t\t\t\t\t\t<ul>\n\t\t\t\t\t\t\t\t\t\t\t\t   <li><div class=\"icon-box\">\n\t\t\t\t\t\t\t\t<span class=\"icon-checkbox-mark\"><\/span>\n\t\t\t\t\t\t   <\/div>\n\t\t\t\t\t\t   <p>Madde 40 \u2014 Fiyat tahminleri ile kamu kurum ve kurulu\u015flar\u0131 taraf\u0131ndan ihalelere ili\u015fkin olarak istenen yakla\u015f\u0131k maliyetler, \u00e7al\u0131\u015fma alan\u0131nda yap\u0131lacak ara\u015ft\u0131rmalar sonucunda veya ilgili meslek komitesinin g\u00f6r\u00fc\u015f\u00fc al\u0131nmak suretiyle yap\u0131l\u0131r. Ancak bu tahminler oday\u0131 veya bunlar\u0131n \u015fubelerini hukuken ba\u011flamaz.<\/p><\/li>\n\t\t\t\t\t\t\t\t\t\t\t\t<\/ul>\n\t\t\t\t\t\t                                            <\/div>\n                <\/div>\n            <\/div>\n\t\t\t\t\t\t            <div class=\"row\">\n                <div class=\"col-xl-12\">\n                    <div class=\"job-list-table-box\">\n\n                        <div class=\"table-outer\">\n                            <table class=\"job-list-table\">\n\n                                <thead class=\"header\">\n                                    <tr>\n                                        <th>Dosya \/ Evrak<\/th>\n                                        <th>Yetkililer<\/th>\n                                        <th>\u00dcnvan<\/th>\n                                        <th>\u0130leti\u015fim<\/th>\n                                    <\/tr>\n                                <\/thead>\n\n                                <tbody>\n\t\t\t\t\t\t\t\t\t                                    <tr>\n                                        <td class=\"department\">\n                                            <h3><\/h3>\n                                        <\/td>\n                                        <td class=\"job-role\">\n                                            <h3><\/h3>\n                                        <\/td>\n                                        <td class=\"location\">\n                                            <p><\/p>\n                                        <\/td>\n                                        <td class=\"last-date\">\n                                            <p><\/p>\n                                        <\/td>\n                                                                            <\/tr>\n\t\t\t\t\t\t\t\t\t                                <\/tbody>\n                            <\/table>\n                        <\/div>\n\n                    <\/div>\n                <\/div>\n            <\/div>\n\t\t\t\t\t\t        <\/div>\n    <\/section>\n    <!--End Intro Style2 Area-->\n        \n        \t\t\t\t<\/div>\n\t\t\t\t<\/div>\n\t\t\t\t\t<\/div>\n\t\t<\/div>\n\t\t\t\t\t<\/div>\n\t\t<\/section>\n\t\t\t\t<\/div>\n\t\t","protected":false},"excerpt":{"rendered":"<p>Fiyat Tahminleri ve Yakla\u015f\u0131k Maliyet Madde 40 \u2014 Fiyat tahminleri ile kamu kurum ve kurulu\u015flar\u0131 taraf\u0131ndan ihalelere ili\u015fkin olarak istenen yakla\u015f\u0131k maliyetler, \u00e7al\u0131\u015fma alan\u0131nda yap\u0131lacak ara\u015ft\u0131rmalar sonucunda veya ilgili meslek komitesinin g\u00f6r\u00fc\u015f\u00fc al\u0131nmak suretiyle yap\u0131l\u0131r. Ancak bu tahminler oday\u0131 veya bunlar\u0131n \u015fubelerini hukuken ba\u011flamaz. Dosya \/ Evrak Yetkililer \u00dcnvan \u0130leti\u015fim<\/p>\n","protected":false},"author":3,"featured_media":0,"parent":0,"menu_order":0,"comment_status":"closed","ping_status":"closed","template":"tpl-default-elementor.php","meta":{"footnotes":""},"class_list":["post-3642","page","type-page","status-publish","hentry"],"jetpack_sharing_enabled":true,"_links":{"self":[{"href":"https:\/\/elazigtso.org.tr\/tr\/index.php\/wp-json\/wp\/v2\/pages\/3642","targetHints":{"allow":["GET"]}}],"collection":[{"href":"https:\/\/elazigtso.org.tr\/tr\/index.php\/wp-json\/wp\/v2\/pages"}],"about":[{"href":"https:\/\/elazigtso.org.tr\/tr\/index.php\/wp-json\/wp\/v2\/types\/page"}],"author":[{"embeddable":true,"href":"https:\/\/elazigtso.org.tr\/tr\/index.php\/wp-json\/wp\/v2\/users\/3"}],"replies":[{"embeddable":true,"href":"https:\/\/elazigtso.org.tr\/tr\/index.php\/wp-json\/wp\/v2\/comments?post=3642"}],"version-history":[{"count":4,"href":"https:\/\/elazigtso.org.tr\/tr\/index.php\/wp-json\/wp\/v2\/pages\/3642\/revisions"}],"predecessor-version":[{"id":3646,"href":"https:\/\/elazigtso.org.tr\/tr\/index.php\/wp-json\/wp\/v2\/pages\/3642\/revisions\/3646"}],"wp:attachment":[{"href":"https:\/\/elazigtso.org.tr\/tr\/index.php\/wp-json\/wp\/v2\/media?parent=3642"}],"curies":[{"name":"wp","href":"https:\/\/api.w.org\/{rel}","templated":true}]}}