{"id":3637,"date":"2023-03-17T12:31:03","date_gmt":"2023-03-17T09:31:03","guid":{"rendered":"http:\/\/elazigtso.com\/tr\/?page_id=3637"},"modified":"2023-03-17T12:32:35","modified_gmt":"2023-03-17T09:32:35","slug":"faturalarin-rayice-uygunluk-onayi","status":"publish","type":"page","link":"https:\/\/elazigtso.org.tr\/tr\/index.php\/faturalarin-rayice-uygunluk-onayi\/","title":{"rendered":"Faturalar\u0131n Rayice Uygunluk Onay\u0131"},"content":{"rendered":"\t\t<div data-elementor-type=\"wp-page\" data-elementor-id=\"3637\" class=\"elementor elementor-3637\">\n\t\t\t\t\t\t<section class=\"elementor-section elementor-top-section elementor-element elementor-element-1386cb4 elementor-section-full_width elementor-section-height-default elementor-section-height-default\" data-id=\"1386cb4\" data-element_type=\"section\">\n\t\t\t\t\t\t<div class=\"elementor-container elementor-column-gap-default\">\n\t\t\t\t\t<div class=\"elementor-column elementor-col-100 elementor-top-column elementor-element elementor-element-e765522\" data-id=\"e765522\" data-element_type=\"column\">\n\t\t\t<div class=\"elementor-widget-wrap elementor-element-populated\">\n\t\t\t\t\t\t<div class=\"elementor-element elementor-element-dad1680 elementor-widget elementor-widget-finbank_careers\" data-id=\"dad1680\" data-element_type=\"widget\" data-widget_type=\"finbank_careers.default\">\n\t\t\t\t<div class=\"elementor-widget-container\">\n\t\t\t\t\t\t\n    <!--Start Intro Style2 Area-->\n    <section class=\"intro-style2-area\">\n        <div class=\"container\">\n\t\t\t            <div class=\"row\">\n                <div class=\"col-xl-6\">\n                    <div class=\"intro-style2-img-box\">\n                        <div class=\"inner\">\n                                                        <img decoding=\"async\" src=\"https:\/\/elazigtso.org.tr\/tr\/wp-content\/uploads\/2023\/03\/belge.jpeg\" alt=\"Awesome Image\">\n                            \t\t\t\t\t\t\t                        <\/div>\n                    <\/div>\n                <\/div>\n                <div class=\"col-xl-6\">\n                    <div class=\"intro-style2-content-box\">\n                                                <div class=\"sec-title\">\n                            <h2>Faturalar\u0131n Rayice Uygunluk Onay\u0131<\/h2>\n                        <\/div>\n                                                                        \t\t\t\t\t\t<ul>\n\t\t\t\t\t\t\t\t\t\t\t\t   <li><div class=\"icon-box\">\n\t\t\t\t\t\t\t\t<span class=\"icon-checkbox-mark\"><\/span>\n\t\t\t\t\t\t   <\/div>\n\t\t\t\t\t\t   <p>Madde 38 \u2014 Faturalar\u0131n rayice uygunlu\u011funun onay\u0131; faturaya konu mal veya hizmetle i\u015ftigal eden en az \u00fc\u00e7 i\u015fletmeden belgelendirilmek suretiyle al\u0131nacak fiyatlar\u0131n ortalamas\u0131 veya al\u0131nan fiyatlardan birbirine en yak\u0131n olanlar dikkate al\u0131narak yap\u0131l\u0131r. Bu say\u0131da i\u015fletmenin bulunmamas\u0131 halinde, ilgili meslek komitesinin g\u00f6r\u00fc\u015f\u00fc veya gerekli durumlarda meclis taraf\u0131ndan onaylanan eksper listeleri aras\u0131ndan y\u00f6netim kurulu karar\u0131 ile g\u00f6revlendirilecek eksper heyetinin raporu \u00fczerine i\u015flem yap\u0131l\u0131r. Ancak, \u00f6zel imalata ili\u015fkin faturalar\u0131n, g\u00f6revlendirilecek eksper heyeti taraf\u0131ndan d\u00fczenlenecek rapora g\u00f6re onaylanmas\u0131 zorunludur. Onay i\u015flemi, fatura as\u0131llar\u0131 \u00fczerine yap\u0131l\u0131r.<\/p><\/li>\n\t\t\t\t\t\t\t\t\t\t\t\t   <li><div class=\"icon-box\">\n\t\t\t\t\t\t\t\t<span class=\"icon-checkbox-mark\"><\/span>\n\t\t\t\t\t\t   <\/div>\n\t\t\t\t\t\t   <p><\/p><\/li>\n\t\t\t\t\t\t\t\t\t\t\t\t   <li><div class=\"icon-box\">\n\t\t\t\t\t\t\t\t<span class=\"icon-checkbox-mark\"><\/span>\n\t\t\t\t\t\t   <\/div>\n\t\t\t\t\t\t   <p>Rayice uygunlu\u011fu istenen fatura, \u00f6zel imalat\u0131 gerektiren bir i\u015f i\u00e7in d\u00fczenlenmi\u015fse yap\u0131lan i\u015fin numunesinin faturaya eklenmesi, bu m\u00fcmk\u00fcn olmad\u0131\u011f\u0131 takdirde yap\u0131lan i\u015fin teknik \u00f6zelliklerini g\u00f6sterir a\u00e7\u0131klama, resim ve benzeri belgelerin faturaya eklenmesi zorunludur.<\/p><\/li>\n\t\t\t\t\t\t\t\t\t\t\t\t   <li><div class=\"icon-box\">\n\t\t\t\t\t\t\t\t<span class=\"icon-checkbox-mark\"><\/span>\n\t\t\t\t\t\t   <\/div>\n\t\t\t\t\t\t   <p><\/p><\/li>\n\t\t\t\t\t\t\t\t\t\t\t\t   <li><div class=\"icon-box\">\n\t\t\t\t\t\t\t\t<span class=\"icon-checkbox-mark\"><\/span>\n\t\t\t\t\t\t   <\/div>\n\t\t\t\t\t\t   <p>Proforma faturalar ile birim fiyat\u0131 belirlemek i\u00e7in d\u00fczenlenen faturalar al\u0131m sat\u0131m akdi hukuken ger\u00e7ekle\u015fmedi\u011finden onaylanmaz. Ancak, birim fiyat\u0131 belirlemek i\u00e7in d\u00fczenlenen faturalarda i\u015fin tamam\u0131n\u0131n belirtilmesi halinde bu faturalar\u0131n onaylanmas\u0131 m\u00fcmk\u00fcnd\u00fcr. Ayr\u0131ca, sadece montaj, i\u015f\u00e7ilik veya nakliye bedeli i\u00e7in d\u00fczenlenen faturalar ile malzeme fiyat\u0131, i\u015f\u00e7ilik, nakliye ve montaj bedeli dahil olarak d\u00fczenlenen faturalar, fiyat tespiti usullerinin uygulanmas\u0131na imkan vermedi\u011finden onaylanmaz.<\/p><\/li>\n\t\t\t\t\t\t\t\t\t\t\t\t   <li><div class=\"icon-box\">\n\t\t\t\t\t\t\t\t<span class=\"icon-checkbox-mark\"><\/span>\n\t\t\t\t\t\t   <\/div>\n\t\t\t\t\t\t   <p><\/p><\/li>\n\t\t\t\t\t\t\t\t\t\t\t\t   <li><div class=\"icon-box\">\n\t\t\t\t\t\t\t\t<span class=\"icon-checkbox-mark\"><\/span>\n\t\t\t\t\t\t   <\/div>\n\t\t\t\t\t\t   <p>Faturalar\u0131n tasdiki, sat\u0131\u015f yapan ve faturay\u0131 d\u00fczenleyen sat\u0131c\u0131n\u0131n bulundu\u011fu yer odas\u0131 veya \u015fubesi taraf\u0131ndan yap\u0131l\u0131r. Projeye m\u00fcstenit \u00f6zel imalatlara ili\u015fkin fatura tasdikleri ise, bu maddede belirtilen usul ve esaslara g\u00f6re sat\u0131\u015f\u0131 yapan ve faturay\u0131 d\u00fczenleyen sat\u0131c\u0131n\u0131n bulundu\u011fu yer sanayi odas\u0131nca veya ticaret ve sanayi odas\u0131nca, bu odalarca yap\u0131lamamas\u0131 ve bu hususun tevsik edilmesi durumunda ise en yak\u0131n sanayi odas\u0131 veya ticaret ve sanayi odas\u0131nca yap\u0131l\u0131r.<\/p><\/li>\n\t\t\t\t\t\t\t\t\t\t\t\t   <li><div class=\"icon-box\">\n\t\t\t\t\t\t\t\t<span class=\"icon-checkbox-mark\"><\/span>\n\t\t\t\t\t\t   <\/div>\n\t\t\t\t\t\t   <p><\/p><\/li>\n\t\t\t\t\t\t\t\t\t\t\t\t   <li><div class=\"icon-box\">\n\t\t\t\t\t\t\t\t<span class=\"icon-checkbox-mark\"><\/span>\n\t\t\t\t\t\t   <\/div>\n\t\t\t\t\t\t   <p><\/p><\/li>\n\t\t\t\t\t\t\t\t\t\t\t\t   <li><div class=\"icon-box\">\n\t\t\t\t\t\t\t\t<span class=\"icon-checkbox-mark\"><\/span>\n\t\t\t\t\t\t   <\/div>\n\t\t\t\t\t\t   <p><\/p><\/li>\n\t\t\t\t\t\t\t\t\t\t\t\t   <li><div class=\"icon-box\">\n\t\t\t\t\t\t\t\t<span class=\"icon-checkbox-mark\"><\/span>\n\t\t\t\t\t\t   <\/div>\n\t\t\t\t\t\t   <p>Fatura  suretlerinin onay\u0131<\/p><\/li>\n\t\t\t\t\t\t\t\t\t\t\t\t   <li><div class=\"icon-box\">\n\t\t\t\t\t\t\t\t<span class=\"icon-checkbox-mark\"><\/span>\n\t\t\t\t\t\t   <\/div>\n\t\t\t\t\t\t   <p><\/p><\/li>\n\t\t\t\t\t\t\t\t\t\t\t\t   <li><div class=\"icon-box\">\n\t\t\t\t\t\t\t\t<span class=\"icon-checkbox-mark\"><\/span>\n\t\t\t\t\t\t   <\/div>\n\t\t\t\t\t\t   <p>Madde 39 \u2014 Fatura suretleri, as\u0131llar\u0131 ile kar\u015f\u0131la\u015ft\u0131r\u0131ld\u0131ktan ve uygunlu\u011fu g\u00f6r\u00fcld\u00fckten sonra \u00fczerine asl\u0131n\u0131n ayn\u0131d\u0131r ibaresi konulmak suretiyle onaylan\u0131r.<\/p><\/li>\n\t\t\t\t\t\t\t\t\t\t\t\t   <li><div class=\"icon-box\">\n\t\t\t\t\t\t\t\t<span class=\"icon-checkbox-mark\"><\/span>\n\t\t\t\t\t\t   <\/div>\n\t\t\t\t\t\t   <p><\/p><\/li>\n\t\t\t\t\t\t\t\t\t\t\t\t   <li><div class=\"icon-box\">\n\t\t\t\t\t\t\t\t<span class=\"icon-checkbox-mark\"><\/span>\n\t\t\t\t\t\t   <\/div>\n\t\t\t\t\t\t   <p>\u0130hracat i\u00e7in yabanc\u0131 dilde d\u00fczenlenmi\u015f fatura suretleri, faturay\u0131 d\u00fczenleyen firman\u0131n oda \u00fcyesi oldu\u011funa dair bir ibare konulmak suretiyle onaylan\u0131r.<\/p><\/li>\n\t\t\t\t\t\t\t\t\t\t\t\t<\/ul>\n\t\t\t\t\t\t                                            <\/div>\n                <\/div>\n            <\/div>\n\t\t\t\t\t\t            <div class=\"row\">\n                <div class=\"col-xl-12\">\n                    <div class=\"job-list-table-box\">\n\n                        <div class=\"table-outer\">\n                            <table class=\"job-list-table\">\n\n                                <thead class=\"header\">\n                                    <tr>\n                                        <th>Dosya \/ Evrak<\/th>\n                                        <th>Yetkililer<\/th>\n                                        <th>\u00dcnvan<\/th>\n                                        <th>\u0130leti\u015fim<\/th>\n                                    <\/tr>\n                                <\/thead>\n\n                                <tbody>\n\t\t\t\t\t\t\t\t\t                                    <tr>\n                                        <td class=\"department\">\n                                            <h3><\/h3>\n                                        <\/td>\n                                        <td class=\"job-role\">\n                                            <h3><\/h3>\n                                        <\/td>\n                                        <td class=\"location\">\n                                            <p><\/p>\n                                        <\/td>\n                                        <td class=\"last-date\">\n                                            <p><\/p>\n                                        <\/td>\n                                                                            <\/tr>\n\t\t\t\t\t\t\t\t\t                                <\/tbody>\n                            <\/table>\n                        <\/div>\n\n                    <\/div>\n                <\/div>\n            <\/div>\n\t\t\t\t\t\t        <\/div>\n    <\/section>\n    <!--End Intro Style2 Area-->\n        \n        \t\t\t\t<\/div>\n\t\t\t\t<\/div>\n\t\t\t\t\t<\/div>\n\t\t<\/div>\n\t\t\t\t\t<\/div>\n\t\t<\/section>\n\t\t\t\t<\/div>\n\t\t","protected":false},"excerpt":{"rendered":"<p>Faturalar\u0131n Rayice Uygunluk Onay\u0131 Madde 38 \u2014 Faturalar\u0131n rayice uygunlu\u011funun onay\u0131; faturaya konu mal veya hizmetle i\u015ftigal eden en az \u00fc\u00e7 i\u015fletmeden belgelendirilmek suretiyle al\u0131nacak fiyatlar\u0131n ortalamas\u0131 veya al\u0131nan fiyatlardan birbirine en yak\u0131n olanlar dikkate al\u0131narak yap\u0131l\u0131r. Bu say\u0131da i\u015fletmenin bulunmamas\u0131 halinde, ilgili meslek komitesinin g\u00f6r\u00fc\u015f\u00fc veya gerekli durumlarda meclis taraf\u0131ndan onaylanan eksper listeleri aras\u0131ndan [&hellip;]<\/p>\n","protected":false},"author":3,"featured_media":0,"parent":0,"menu_order":0,"comment_status":"closed","ping_status":"closed","template":"tpl-default-elementor.php","meta":{"footnotes":""},"class_list":["post-3637","page","type-page","status-publish","hentry"],"jetpack_sharing_enabled":true,"_links":{"self":[{"href":"https:\/\/elazigtso.org.tr\/tr\/index.php\/wp-json\/wp\/v2\/pages\/3637","targetHints":{"allow":["GET"]}}],"collection":[{"href":"https:\/\/elazigtso.org.tr\/tr\/index.php\/wp-json\/wp\/v2\/pages"}],"about":[{"href":"https:\/\/elazigtso.org.tr\/tr\/index.php\/wp-json\/wp\/v2\/types\/page"}],"author":[{"embeddable":true,"href":"https:\/\/elazigtso.org.tr\/tr\/index.php\/wp-json\/wp\/v2\/users\/3"}],"replies":[{"embeddable":true,"href":"https:\/\/elazigtso.org.tr\/tr\/index.php\/wp-json\/wp\/v2\/comments?post=3637"}],"version-history":[{"count":4,"href":"https:\/\/elazigtso.org.tr\/tr\/index.php\/wp-json\/wp\/v2\/pages\/3637\/revisions"}],"predecessor-version":[{"id":3641,"href":"https:\/\/elazigtso.org.tr\/tr\/index.php\/wp-json\/wp\/v2\/pages\/3637\/revisions\/3641"}],"wp:attachment":[{"href":"https:\/\/elazigtso.org.tr\/tr\/index.php\/wp-json\/wp\/v2\/media?parent=3637"}],"curies":[{"name":"wp","href":"https:\/\/api.w.org\/{rel}","templated":true}]}}