{"id":3631,"date":"2023-03-17T12:25:06","date_gmt":"2023-03-17T09:25:06","guid":{"rendered":"http:\/\/elazigtso.com\/tr\/?page_id=3631"},"modified":"2023-03-17T12:28:52","modified_gmt":"2023-03-17T09:28:52","slug":"fire-zayiat-randiman-oranlari-hesaplama","status":"publish","type":"page","link":"https:\/\/elazigtso.org.tr\/tr\/index.php\/fire-zayiat-randiman-oranlari-hesaplama\/","title":{"rendered":"Fire, Zayiat, Rand\u0131man Oranlar\u0131 Hesaplama"},"content":{"rendered":"\t\t<div data-elementor-type=\"wp-page\" data-elementor-id=\"3631\" class=\"elementor elementor-3631\">\n\t\t\t\t\t\t<section class=\"elementor-section elementor-top-section elementor-element elementor-element-1386cb4 elementor-section-full_width elementor-section-height-default elementor-section-height-default\" data-id=\"1386cb4\" data-element_type=\"section\">\n\t\t\t\t\t\t<div class=\"elementor-container elementor-column-gap-default\">\n\t\t\t\t\t<div class=\"elementor-column elementor-col-100 elementor-top-column elementor-element elementor-element-e765522\" data-id=\"e765522\" data-element_type=\"column\">\n\t\t\t<div class=\"elementor-widget-wrap elementor-element-populated\">\n\t\t\t\t\t\t<div class=\"elementor-element elementor-element-dad1680 elementor-widget elementor-widget-finbank_careers\" data-id=\"dad1680\" data-element_type=\"widget\" data-widget_type=\"finbank_careers.default\">\n\t\t\t\t<div class=\"elementor-widget-container\">\n\t\t\t\t\t\t\n    <!--Start Intro Style2 Area-->\n    <section class=\"intro-style2-area\">\n        <div class=\"container\">\n\t\t\t            <div class=\"row\">\n                <div class=\"col-xl-6\">\n                    <div class=\"intro-style2-img-box\">\n                        <div class=\"inner\">\n                                                        <img decoding=\"async\" src=\"https:\/\/elazigtso.org.tr\/tr\/wp-content\/uploads\/2023\/03\/belge.jpeg\" alt=\"Awesome Image\">\n                            \t\t\t\t\t\t\t                        <\/div>\n                    <\/div>\n                <\/div>\n                <div class=\"col-xl-6\">\n                    <div class=\"intro-style2-content-box\">\n                                                <div class=\"sec-title\">\n                            <h2>Fire, zayiat ve rand\u0131man oranlar\u0131<\/h2>\n                        <\/div>\n                                                                        \t\t\t\t\t\t<ul>\n\t\t\t\t\t\t\t\t\t\t\t\t   <li><div class=\"icon-box\">\n\t\t\t\t\t\t\t\t<span class=\"icon-checkbox-mark\"><\/span>\n\t\t\t\t\t\t   <\/div>\n\t\t\t\t\t\t   <p>Fire, zayiat ve rand\u0131man oranlar\u0131<\/p><\/li>\n\t\t\t\t\t\t\t\t\t\t\t\t   <li><div class=\"icon-box\">\n\t\t\t\t\t\t\t\t<span class=\"icon-checkbox-mark\"><\/span>\n\t\t\t\t\t\t   <\/div>\n\t\t\t\t\t\t   <p><\/p><\/li>\n\t\t\t\t\t\t\t\t\t\t\t\t   <li><div class=\"icon-box\">\n\t\t\t\t\t\t\t\t<span class=\"icon-checkbox-mark\"><\/span>\n\t\t\t\t\t\t   <\/div>\n\t\t\t\t\t\t   <p>Madde 45 \u2014 Odalar, \u00e7al\u0131\u015fma alanlar\u0131na m\u00fcnhas\u0131r olmak \u00fczere gerekli g\u00f6rd\u00fckleri veya ilgililerin talep ettikleri maddelerin fire, zayiat ve rand\u0131man oranlar\u0131n\u0131 tespit eder.<\/p><\/li>\n\t\t\t\t\t\t\t\t\t\t\t\t   <li><div class=\"icon-box\">\n\t\t\t\t\t\t\t\t<span class=\"icon-checkbox-mark\"><\/span>\n\t\t\t\t\t\t   <\/div>\n\t\t\t\t\t\t   <p><\/p><\/li>\n\t\t\t\t\t\t\t\t\t\t\t\t   <li><div class=\"icon-box\">\n\t\t\t\t\t\t\t\t<span class=\"icon-checkbox-mark\"><\/span>\n\t\t\t\t\t\t   <\/div>\n\t\t\t\t\t\t   <p>Fire, zayiat ve rand\u0131man oranlar\u0131 ilgili meslek komitesinin g\u00f6r\u00fc\u015f\u00fc veya gerekli durumlarda y\u00f6netim kurulu taraf\u0131ndan g\u00f6revlendirilecek eksper heyetinin raporu \u00fczerine y\u00f6netim kurulu karar\u0131yla tespit edilir.<\/p><\/li>\n\t\t\t\t\t\t\t\t\t\t\t\t   <li><div class=\"icon-box\">\n\t\t\t\t\t\t\t\t<span class=\"icon-checkbox-mark\"><\/span>\n\t\t\t\t\t\t   <\/div>\n\t\t\t\t\t\t   <p><\/p><\/li>\n\t\t\t\t\t\t\t\t\t\t\t\t   <li><div class=\"icon-box\">\n\t\t\t\t\t\t\t\t<span class=\"icon-checkbox-mark\"><\/span>\n\t\t\t\t\t\t   <\/div>\n\t\t\t\t\t\t   <p>Odalar, \u015fubeleri arac\u0131l\u0131\u011f\u0131yla da gerekli g\u00f6rd\u00fckleri veya ilgililerin talep ettikleri maddelerin fire, zayiat ve rand\u0131man oranlar\u0131n\u0131 tespit edebilir. <\/p><\/li>\n\t\t\t\t\t\t\t\t\t\t\t\t<\/ul>\n\t\t\t\t\t\t                                            <\/div>\n                <\/div>\n            <\/div>\n\t\t\t\t\t\t            <div class=\"row\">\n                <div class=\"col-xl-12\">\n                    <div class=\"job-list-table-box\">\n\n                        <div class=\"table-outer\">\n                            <table class=\"job-list-table\">\n\n                                <thead class=\"header\">\n                                    <tr>\n                                        <th>Dosya \/ Evrak<\/th>\n                                        <th>Yetkililer<\/th>\n                                        <th>\u00dcnvan<\/th>\n                                        <th>\u0130leti\u015fim<\/th>\n                                    <\/tr>\n                                <\/thead>\n\n                                <tbody>\n\t\t\t\t\t\t\t\t\t                                    <tr>\n                                        <td class=\"department\">\n                                            <h3><\/h3>\n                                        <\/td>\n                                        <td class=\"job-role\">\n                                            <h3><\/h3>\n                                        <\/td>\n                                        <td class=\"location\">\n                                            <p><\/p>\n                                        <\/td>\n                                        <td class=\"last-date\">\n                                            <p><\/p>\n                                        <\/td>\n                                                                            <\/tr>\n\t\t\t\t\t\t\t\t\t                                <\/tbody>\n                            <\/table>\n                        <\/div>\n\n                    <\/div>\n                <\/div>\n            <\/div>\n\t\t\t\t\t\t        <\/div>\n    <\/section>\n    <!--End Intro Style2 Area-->\n        \n        \t\t\t\t<\/div>\n\t\t\t\t<\/div>\n\t\t\t\t\t<\/div>\n\t\t<\/div>\n\t\t\t\t\t<\/div>\n\t\t<\/section>\n\t\t\t\t<\/div>\n\t\t","protected":false},"excerpt":{"rendered":"<p>Fire, zayiat ve rand\u0131man oranlar\u0131 Fire, zayiat ve rand\u0131man oranlar\u0131 Madde 45 \u2014 Odalar, \u00e7al\u0131\u015fma alanlar\u0131na m\u00fcnhas\u0131r olmak \u00fczere gerekli g\u00f6rd\u00fckleri veya ilgililerin talep ettikleri maddelerin fire, zayiat ve rand\u0131man oranlar\u0131n\u0131 tespit eder. Fire, zayiat ve rand\u0131man oranlar\u0131 ilgili meslek komitesinin g\u00f6r\u00fc\u015f\u00fc veya gerekli durumlarda y\u00f6netim kurulu taraf\u0131ndan g\u00f6revlendirilecek eksper heyetinin raporu \u00fczerine y\u00f6netim kurulu [&hellip;]<\/p>\n","protected":false},"author":3,"featured_media":0,"parent":0,"menu_order":0,"comment_status":"closed","ping_status":"closed","template":"tpl-default-elementor.php","meta":{"footnotes":""},"class_list":["post-3631","page","type-page","status-publish","hentry"],"jetpack_sharing_enabled":true,"_links":{"self":[{"href":"https:\/\/elazigtso.org.tr\/tr\/index.php\/wp-json\/wp\/v2\/pages\/3631","targetHints":{"allow":["GET"]}}],"collection":[{"href":"https:\/\/elazigtso.org.tr\/tr\/index.php\/wp-json\/wp\/v2\/pages"}],"about":[{"href":"https:\/\/elazigtso.org.tr\/tr\/index.php\/wp-json\/wp\/v2\/types\/page"}],"author":[{"embeddable":true,"href":"https:\/\/elazigtso.org.tr\/tr\/index.php\/wp-json\/wp\/v2\/users\/3"}],"replies":[{"embeddable":true,"href":"https:\/\/elazigtso.org.tr\/tr\/index.php\/wp-json\/wp\/v2\/comments?post=3631"}],"version-history":[{"count":4,"href":"https:\/\/elazigtso.org.tr\/tr\/index.php\/wp-json\/wp\/v2\/pages\/3631\/revisions"}],"predecessor-version":[{"id":3636,"href":"https:\/\/elazigtso.org.tr\/tr\/index.php\/wp-json\/wp\/v2\/pages\/3631\/revisions\/3636"}],"wp:attachment":[{"href":"https:\/\/elazigtso.org.tr\/tr\/index.php\/wp-json\/wp\/v2\/media?parent=3631"}],"curies":[{"name":"wp","href":"https:\/\/api.w.org\/{rel}","templated":true}]}}