{"id":3522,"date":"2023-03-16T13:43:08","date_gmt":"2023-03-16T10:43:08","guid":{"rendered":"http:\/\/elazigtso.com\/tr\/?page_id=3522"},"modified":"2023-07-21T13:06:38","modified_gmt":"2023-07-21T10:06:38","slug":"faydali-linkler","status":"publish","type":"page","link":"https:\/\/elazigtso.org.tr\/tr\/index.php\/faydali-linkler\/","title":{"rendered":"Faydal\u0131 Linkler"},"content":{"rendered":"\t\t<div data-elementor-type=\"wp-page\" data-elementor-id=\"3522\" class=\"elementor elementor-3522\">\n\t\t\t\t\t\t<section class=\"elementor-section elementor-top-section elementor-element elementor-element-7f3206b elementor-section-full_width elementor-section-height-default elementor-section-height-default\" data-id=\"7f3206b\" data-element_type=\"section\">\n\t\t\t\t\t\t<div class=\"elementor-container elementor-column-gap-default\">\n\t\t\t\t\t<div class=\"elementor-column elementor-col-100 elementor-top-column elementor-element elementor-element-2469625\" data-id=\"2469625\" data-element_type=\"column\">\n\t\t\t<div class=\"elementor-widget-wrap elementor-element-populated\">\n\t\t\t\t\t\t<div class=\"elementor-element elementor-element-8a74b77 elementor-widget elementor-widget-finbank_career_details\" data-id=\"8a74b77\" data-element_type=\"widget\" data-widget_type=\"finbank_career_details.default\">\n\t\t\t\t<div class=\"elementor-widget-container\">\n\t\t\t\t\t\t\n    <!--Start Career Details Area-->\n    <section class=\"career-details-area\">\n        <div class=\"container\">\n            <div class=\"row\">\n\n                <div class=\"col-xl-8 col-md-12 col-sm-12 \">\n                    <div class=\"career-details-content\">\n                                                <div class=\"job-title-box\">\n                            <div class=\"left\">\n                                <h4>Elaz\u0131\u011f Ticaret ve Sanayi Odas\u0131<\/h4>\n                                <h3>Faydal\u0131 Linkler<\/h3>\n                                                            <\/div>\n                            <div class=\"right\">\n                                                                                            <\/div>\n                        <\/div>\n\t\t\t\t\t\t                                                                        <div class=\"responsibilities-content\">\n                                                        \t\t\t\t\t\t\t<ul>\n\t\t\t\t\t\t\t\t\t\t\t\t\t\t\t\t   <li><li><a href=\"http:\/\/www.ticaret.gov.tr\/\" target=\"_blank\" rel=\"noreferrer noopener\">Ticaret Bakanl\u0131\u011f\u0131<\/a><\/li><\/li>\n\t\t\t\t\t\t\t\t\t\t\t\t\t\t\t\t   <li><li><a href=\"https:\/\/ticaret.gov.tr\/yurtdisi-teskilati\" target=\"_blank\" rel=\"noreferrer noopener\">Yurtd\u0131\u015f\u0131 Temilcilikleri<\/a><\/li><\/li>\n\t\t\t\t\t\t\t\t\t\t\t\t\t\t\t\t   <li><li><a href=\"http:\/\/www.sanayi.gov.tr\/\" target=\"_blank\" rel=\"noreferrer noopener\">Sanayi ve Teknoloji Bakanl\u0131\u011f\u0131<\/a><\/li><\/li>\n\t\t\t\t\t\t\t\t\t\t\t\t\t\t\t\t   <li><li><a href=\"http:\/\/www.tobb.org.tr\/\" target=\"_blank\" rel=\"noreferrer noopener\">T\u00fcrkiye Odalar ve Borsalar Birli\u011fi (TOBB)<\/a><\/li><\/li>\n\t\t\t\t\t\t\t\t\t\t\t\t\t\t\t\t   <li><li><a href=\"http:\/\/www.tse.org.tr\/\" target=\"_blank\" rel=\"noreferrer noopener\">T\u00fcrk Standardlar\u0131 Enstit\u00fcs\u00fc (TSE)<\/a><\/li><\/li>\n\t\t\t\t\t\t\t\t\t\t\t\t\t\t\t\t   <li><li><a href=\"http:\/\/www.tuik.gov.tr\/\" target=\"_blank\" rel=\"noreferrer noopener\">T\u00fcrkiye \u0130statistik Kurumu (T\u00dc\u0130K)<\/a><\/li><\/li>\n\t\t\t\t\t\t\t\t\t\t\t\t\t\t\t\t   <li><li><a href=\"http:\/\/rega.basbakanlik.gov.tr\/\" target=\"_blank\" rel=\"noreferrer noopener\">Resmi Gazete<\/a><\/li><\/li>\n\t\t\t\t\t\t\t\t\t\t\t\t\t\t\t\t   <li><li><a href=\"http:\/\/www.tobb2b.org.tr\/\" target=\"_blank\" rel=\"noreferrer noopener\">TOBB \u0130\u015fbirli\u011fi Teklifleri<\/a><\/li><\/li>\n\t\t\t\t\t\t\t\t\t\t\t\t\t\t\t\t   <li><li><a href=\"http:\/\/www.kobi.org.tr\/\" target=\"_blank\" rel=\"noreferrer noopener\">KOB\u0130 Bilgi Sitesi<\/a><\/li><\/li>\n\t\t\t\t\t\t\t\t\t\t\t\t\t\t\t\t   <li><li><a href=\"http:\/\/www.tubitak.gov.tr\/\" target=\"_blank\" rel=\"noreferrer noopener\">T\u00fcrkiye Bilimsel ve Teknolojik Ara\u015ft\u0131rma Kurumu (T\u00dcB\u0130TAK)<\/a><\/li><\/li>\n\t\t\t\t\t\t\t\t\t\t\t\t\t\t\t\t   <li><li><a href=\"http:\/\/www.cfcu.gov.tr\/\" target=\"_blank\" rel=\"noreferrer noopener\">Merkezi Finans ve \u0130hale Birimi (MF\u0130B \/CFCU)<\/a><\/li><\/li>\n\t\t\t\t\t\t\t\t\t\t\t\t\t\t\t\t   <li><li><a href=\"http:\/\/www.ab.gov.tr\/\" target=\"_blank\" rel=\"noreferrer noopener\">Avrupa Birli\u011fi Genel Sekreterli\u011fi<\/a><\/li><\/li>\n\t\t\t\t\t\t\t\t\t\t\t\t\t\t\t\t   <li><li><a href=\"http:\/\/www.kosgeb.gov.tr\/\">K\u00fc\u00e7\u00fck ve Orta \u00d6l\u00e7ekli Sanayi Geli\u015ftirme ve Destekleme \u0130daresi Ba\u015fkanl\u0131\u011f\u0131 (KOSGEB)<\/a><\/li><\/li>\n\t\t\t\t\t\t\t\t\t\t\t\t\t\t\t\t   <li><li><a href=\"http:\/\/www.firat.edu.tr\/\" target=\"_blank\" rel=\"noreferrer noopener\">F\u0131rat \u00dcniversitesi (F\u00dc)<\/a><\/li><\/li>\n\t\t\t\t\t\t\t\t\t\t\t\t\t\t\t\t   <li><li><a href=\"https:\/\/www.eximbank.gov.tr\/\" target=\"_blank\" rel=\"noreferrer noopener\">T\u00fcrk Eximbank<\/a><\/li><\/li>\n\t\t\t\t\t\t\t\t\t\t\t\t\t\t\t\t   <li><li><a href=\"https:\/\/www.tim.org.tr\/\" target=\"_blank\" rel=\"noreferrer noopener\">T\u00fcrkiye \u0130hracat\u00e7\u0131lar Meclisi (T\u0130M)<\/a><\/li><\/li>\n\t\t\t\t\t\t\t\t\t\t\t\t\t\t\t\t   <li><li><a href=\"http:\/\/www.fka.org.tr\/\" target=\"_blank\" rel=\"noreferrer noopener\">F\u0131rat Kalk\u0131nma Ajans\u0131 (FKA)<\/a><\/li><\/li>\n\t\t\t\t\t\t\t\t\t\t\t\t\t\t\t\t   <li><li><a href=\"http:\/\/daib.org.tr\/\" target=\"_blank\" rel=\"noreferrer noopener\">Do\u011fu Anadolu \u0130hracat\u00e7\u0131lar Birli\u011fi (DA\u0130B)<\/a><\/li><\/li>\n\t\t\t\t\t\t\t\t\t\t\t\t\t\t\t\t   <li><li><a href=\"http:\/\/www.mevzuat.gov.tr\/\" target=\"_blank\" rel=\"noreferrer noopener\">Mevzuat Bilgi Sistemi<\/a><\/li><\/li>\n\t\t\t\t\t\t\t\t\t\t\t\t\t\t\t\t   <li><li><a rel=\"noreferrer noopener\" target=\"_blank\" href=\"http:\/\/www.tkdk.gov.tr\/\">Tar\u0131m ve K\u0131rsal Kalk\u0131nmay\u0131 Destekleme Kurumu&nbsp;(TKDK)<\/a><\/li><\/li>\n\t\t\t\t\t\t\t\t\t\t\t\t\t\t\t\t   <li><li><a href=\"http:\/\/kgf.com.tr\/\" target=\"_blank\" rel=\"noreferrer noopener\">Kredi Garanti Fonu&nbsp;(KGF)<\/a><\/li><\/li>\n\t\t\t\t\t\t\t\t\t\t\t\t\t\t\t\t   <li><li><a href=\"http:\/\/www.elazigosb.org.tr\/\" target=\"_blank\" rel=\"noreferrer noopener\">Elaz\u0131\u011f Organize Sanayi B\u00f6lgesi<\/a><\/li><\/li>\n\t\t\t\t\t\t\t\t\t\t\t\t\t\t\t\t   <li><li><a href=\"http:\/\/fka.gov.tr\/dokuman-merkezi-detayi-146493633741\" target=\"_blank\" rel=\"noreferrer noopener\">FKA Yat\u0131r\u0131m ve Tan\u0131t\u0131m Dok\u00fcmanlar\u0131<\/a><\/li><\/li>\n\t\t\t\t\t\t\t\t\t\t\t\t\t\t\t\t   <li><li><a href=\"https:\/\/sanayisicil.sanayi.gov.tr\/App_Pages\/KullaniciIslemleri\/Login.aspx\" target=\"_blank\" rel=\"noreferrer noopener\">Sanayi Sicil Bilgi Sistemi<\/a><\/li><\/li>\n\t\t\t\t\t\t\t\t\t\t\t\t\t\t\t\t   <li><li><a href=\"https:\/\/www.turkpatent.gov.tr\/TURKPATENT\/\" target=\"_blank\" rel=\"noreferrer noopener\">T\u00fcrk Patent ve Marka Kurumu&nbsp;<\/a><\/li><\/li>\n\t\t\t\t\t\t\t\t\t\t\t\t\t\t\t\t   <li><li><a href=\"https:\/\/www.firatteknokent.com.tr\/\" target=\"_blank\" rel=\"noreferrer noopener\">F\u0131rat Teknokent<\/a><\/li><\/li>\n\t\t\t\t\t\t\t\t\t\t\t\t\t\t\t\t   <li><li><a href=\"https:\/\/www.elazig.bel.tr\/\" target=\"_blank\" rel=\"noreferrer noopener\">Elaz\u0131\u011f Belediyesi<\/a><\/li><\/li>\n\t\t\t\t\t\t\t\t\t\t\t\t\t\t\t\t   <li><li><a href=\"http:\/\/www.elazig.gov.tr\/\" target=\"_blank\" rel=\"noreferrer noopener\">Elaz\u0131\u011f Valili\u011fi<\/a><\/li><\/li>\n\t\t\t\t\t\t\t\t\t\t\t\t\t\t\t\t   <li><li><a href=\"https:\/\/csb.gov.tr\/\" target=\"_blank\" rel=\"noreferrer noopener\">\u00c7evre ve \u015eehircilik Bakanl\u0131\u011f\u0131<\/a><\/li><\/li>\n\t\t\t\t\t\t\t\t\t\t\t\t\t\t\t\t   <li><li><a href=\"https:\/\/www.kgm.gov.tr\/Sayfalar\/KGM\/SiteTr\/Root\/default.aspx\" target=\"_blank\" rel=\"noreferrer noopener\">Karayollar\u0131 Genel M\u00fcd\u00fcrl\u00fc\u011f\u00fc<\/a><\/li><\/li>\n\t\t\t\t\t\t\t\t\t\t\t\t\t\t\t\t   <li><li><a href=\"https:\/\/www.dsi.gov.tr\/\" target=\"_blank\" rel=\"noreferrer noopener\">Devlet Su \u0130\u015fleri Genel M\u00fcd\u00fcrl\u00fc\u011f\u00fc<\/a><\/li><\/li>\n\t\t\t\t\t\t\t\t\t\t\t\t\t\t\t\t   <li><li><a href=\"https:\/\/www.aksadogalgaz.com.tr\/Dogal-Gaz-Dagitim-Bolgelerimiz\/Aksa-Dogalgaz-Elazig\" target=\"_blank\" rel=\"noreferrer noopener\">AKSA Do\u011falgaz Da\u011f\u0131t\u0131m A.\u015e | Aksa Do\u011falgaz<\/a><\/li><\/li>\n\t\t\t\t\t\t\t\t\t\t\t\t\t\t\t\t   <li><p><a>Uluslararas\u0131 \u0130\u015f \u0130mkanlar\u0131...<\/a><\/p><\/li>\n\t\t\t\t\t\t\t\t\t\t\t\t\t\t\t<\/ul>\n\t\t\t\t\t\t\t                        <\/div>\n\t\t\t\t\t\t                                                <div class=\"job-social-share-box\">\n                            <h2>Sosyal Medya'da Payla\u015f<\/h2>                            <ul>\n                                                                <li><a class=\"\" href=\"http:\/\/www.facebook.com\/elzTSO\"><i class=\"fab fa-facebook\"><\/i>Facebook<\/a><\/li>\n                                                                <li><a class=\"tw\" href=\"http:\/\/www.twitter.com\/elazigtso\"><i class=\"fab fa-twitter\"><\/i>Twitter<\/a><\/li>\n                                                                <li><a class=\"googlep\" href=\"https:\/\/www.instagram.com\/\"><i class=\"fab fa-instagram\"><\/i>Instagram<\/a><\/li>\n                                                            <\/ul>\n                        <\/div>\n\n                    <\/div>\n                <\/div>\n\t\t\t\t                <div class=\"col-xl-4\">\n                    <div class=\"resume-box\">\n                        <div id=\"nav_menu-12\" class=\"service-widget sidebar-widget widget_nav_menu\"><div class=\"sidebar-title\"><div class=\"dot-box\"><\/div><h3>Kurumsal<\/h3><\/div><div class=\"menu-kurumsal-container\"><ul id=\"menu-kurumsal\" class=\"menu\"><li id=\"menu-item-1798\" class=\"menu-item menu-item-type-post_type menu-item-object-page menu-item-1798\"><a href=\"https:\/\/elazigtso.org.tr\/tr\/index.php\/odamiz-hakkinda\/\">Odam\u0131z Hakk\u0131nda<\/a><\/li>\n<li id=\"menu-item-1799\" class=\"menu-item menu-item-type-custom menu-item-object-custom menu-item-1799\"><a href=\"#\">Ba\u015fkan<\/a><\/li>\n<li id=\"menu-item-1800\" class=\"menu-item menu-item-type-custom menu-item-object-custom menu-item-1800\"><a href=\"#\">Y\u00f6netim Kurulu<\/a><\/li>\n<li id=\"menu-item-1801\" class=\"menu-item menu-item-type-custom menu-item-object-custom menu-item-1801\"><a href=\"#\">Meclis<\/a><\/li>\n<li id=\"menu-item-1802\" class=\"menu-item menu-item-type-custom menu-item-object-custom menu-item-1802\"><a href=\"#\">Meslek Komiteleri<\/a><\/li>\n<li id=\"menu-item-1803\" class=\"menu-item menu-item-type-custom menu-item-object-custom menu-item-1803\"><a href=\"#\">\u0130\u015ftiraklerimiz<\/a><\/li>\n<li id=\"menu-item-1804\" class=\"menu-item menu-item-type-custom menu-item-object-custom menu-item-1804\"><a href=\"#\">Projelerimiz<\/a><\/li>\n<li id=\"menu-item-1805\" class=\"menu-item menu-item-type-custom menu-item-object-custom menu-item-1805\"><a href=\"#\">Kurumsal Kimlik<\/a><\/li>\n<li id=\"menu-item-1806\" class=\"menu-item menu-item-type-custom menu-item-object-custom menu-item-1806\"><a href=\"#\">KVKK<\/a><\/li>\n<\/ul><\/div><\/div><div id=\"nav_menu-16\" class=\"service-widget sidebar-widget widget_nav_menu\"><div class=\"sidebar-title\"><div class=\"dot-box\"><\/div><h3>Hizmetler<\/h3><\/div><div class=\"menu-hizmetler-container\"><ul id=\"menu-hizmetler\" class=\"menu\"><li id=\"menu-item-3389\" class=\"menu-item menu-item-type-post_type menu-item-object-page menu-item-3389\"><a href=\"https:\/\/elazigtso.org.tr\/tr\/index.php\/ticaret-sicil-hizmetleri\/\">Ticaret Sicil Hizmetleri<\/a><\/li>\n<li id=\"menu-item-2030\" class=\"menu-item menu-item-type-custom menu-item-object-custom menu-item-2030\"><a href=\"https:\/\/uye.tobb.org.tr\/organizasyon\/firma-index.jsp\">\u00dcyelik Sistemi<\/a><\/li>\n<li id=\"menu-item-2031\" class=\"menu-item menu-item-type-custom menu-item-object-custom menu-item-2031\"><a href=\"https:\/\/uye.tobb.org.tr\/hizliaidatodeme.jsp\">H\u0131zl\u0131 Aidat \u00d6deme<\/a><\/li>\n<li id=\"menu-item-2032\" class=\"menu-item menu-item-type-custom menu-item-object-custom menu-item-2032\"><a href=\"https:\/\/uye.tobb.org.tr\/organizasyon\/firma-index.jsp\">Belge Talebi<\/a><\/li>\n<li id=\"menu-item-2033\" class=\"menu-item menu-item-type-custom menu-item-object-custom menu-item-2033\"><a href=\"https:\/\/uye.tobb.org.tr\/organizasyon\/firma-index.jsp\">Ticaret Sicil Gazetesi<\/a><\/li>\n<li id=\"menu-item-2034\" class=\"menu-item menu-item-type-custom menu-item-object-custom menu-item-2034\"><a href=\"https:\/\/uye.tobb.org.tr\/organizasyon\/firma-index.jsp\">Temsil-\u0130lzam Kullan\u0131c\u0131 Yetkilendirme<\/a><\/li>\n<li id=\"menu-item-2013\" class=\"menu-item menu-item-type-post_type menu-item-object-page menu-item-2013\"><a href=\"https:\/\/elazigtso.org.tr\/tr\/index.php\/is-makinasi-tescil\/\">\u0130\u015f Makinas\u0131 Tescil<\/a><\/li>\n<li id=\"menu-item-3390\" class=\"menu-item menu-item-type-post_type menu-item-object-page menu-item-3390\"><a href=\"https:\/\/elazigtso.org.tr\/tr\/index.php\/k-yetki-belgeleri\/\">K Yetki Belgeleri<\/a><\/li>\n<li id=\"menu-item-3392\" class=\"menu-item menu-item-type-post_type menu-item-object-page menu-item-3392\"><a href=\"https:\/\/elazigtso.org.tr\/tr\/index.php\/sayisal-takograf\/\">Say\u0131sal Tako\u011fraf<\/a><\/li>\n<li id=\"menu-item-3391\" class=\"menu-item menu-item-type-custom menu-item-object-custom menu-item-3391\"><a href=\"http:\/\/gs1.tobb.org.tr\/\">GS1 Barkod \u0130\u015flemleri<\/a><\/li>\n<li id=\"menu-item-3394\" class=\"menu-item menu-item-type-post_type menu-item-object-page menu-item-3394\"><a href=\"https:\/\/elazigtso.org.tr\/tr\/index.php\/sigorta-acenteligi\/\">Sigorta Acenteli\u011fi<\/a><\/li>\n<li id=\"menu-item-2109\" class=\"menu-item menu-item-type-post_type menu-item-object-page menu-item-2109\"><a href=\"https:\/\/elazigtso.org.tr\/tr\/index.php\/ticaret-dis-ticaret-fuarlar\/\">Ticaret \/ D\u0131\u015f Ticaret \/ Fuarlar<\/a><\/li>\n<li id=\"menu-item-3395\" class=\"menu-item menu-item-type-post_type menu-item-object-page menu-item-3395\"><a href=\"https:\/\/elazigtso.org.tr\/tr\/index.php\/sanayi-birimi-2\/\">Sanayi Birimi<\/a><\/li>\n<li id=\"menu-item-3393\" class=\"menu-item menu-item-type-post_type menu-item-object-page menu-item-3393\"><a href=\"https:\/\/elazigtso.org.tr\/tr\/index.php\/raporlar\/\">Raporlar<\/a><\/li>\n<li id=\"menu-item-2035\" class=\"menu-item menu-item-type-post_type menu-item-object-page menu-item-2035\"><a href=\"https:\/\/elazigtso.org.tr\/tr\/index.php\/tso-akademi\/\">TSO Akademi<\/a><\/li>\n<\/ul><\/div><\/div>                    <\/div>\n                <\/div>\n\t\t\t\t            <\/div>\n        <\/div>\n    <\/section>\n    <!--End Career Details Area-->\n      \n        \t\t\t\t<\/div>\n\t\t\t\t<\/div>\n\t\t\t\t\t<\/div>\n\t\t<\/div>\n\t\t\t\t\t<\/div>\n\t\t<\/section>\n\t\t\t\t<\/div>\n\t\t","protected":false},"excerpt":{"rendered":"<p>Elaz\u0131\u011f Ticaret ve Sanayi Odas\u0131 Faydal\u0131 Linkler Ticaret Bakanl\u0131\u011f\u0131 Yurtd\u0131\u015f\u0131 Temilcilikleri Sanayi ve Teknoloji Bakanl\u0131\u011f\u0131 T\u00fcrkiye Odalar ve Borsalar Birli\u011fi (TOBB) T\u00fcrk Standardlar\u0131 Enstit\u00fcs\u00fc (TSE) T\u00fcrkiye \u0130statistik Kurumu (T\u00dc\u0130K) Resmi Gazete TOBB \u0130\u015fbirli\u011fi Teklifleri KOB\u0130 Bilgi Sitesi T\u00fcrkiye Bilimsel ve Teknolojik Ara\u015ft\u0131rma Kurumu (T\u00dcB\u0130TAK) Merkezi Finans ve \u0130hale Birimi (MF\u0130B \/CFCU) Avrupa Birli\u011fi Genel Sekreterli\u011fi [&hellip;]<\/p>\n","protected":false},"author":3,"featured_media":0,"parent":0,"menu_order":0,"comment_status":"closed","ping_status":"closed","template":"tpl-default-elementor.php","meta":{"footnotes":""},"class_list":["post-3522","page","type-page","status-publish","hentry"],"jetpack_sharing_enabled":true,"_links":{"self":[{"href":"https:\/\/elazigtso.org.tr\/tr\/index.php\/wp-json\/wp\/v2\/pages\/3522","targetHints":{"allow":["GET"]}}],"collection":[{"href":"https:\/\/elazigtso.org.tr\/tr\/index.php\/wp-json\/wp\/v2\/pages"}],"about":[{"href":"https:\/\/elazigtso.org.tr\/tr\/index.php\/wp-json\/wp\/v2\/types\/page"}],"author":[{"embeddable":true,"href":"https:\/\/elazigtso.org.tr\/tr\/index.php\/wp-json\/wp\/v2\/users\/3"}],"replies":[{"embeddable":true,"href":"https:\/\/elazigtso.org.tr\/tr\/index.php\/wp-json\/wp\/v2\/comments?post=3522"}],"version-history":[{"count":7,"href":"https:\/\/elazigtso.org.tr\/tr\/index.php\/wp-json\/wp\/v2\/pages\/3522\/revisions"}],"predecessor-version":[{"id":3818,"href":"https:\/\/elazigtso.org.tr\/tr\/index.php\/wp-json\/wp\/v2\/pages\/3522\/revisions\/3818"}],"wp:attachment":[{"href":"https:\/\/elazigtso.org.tr\/tr\/index.php\/wp-json\/wp\/v2\/media?parent=3522"}],"curies":[{"name":"wp","href":"https:\/\/api.w.org\/{rel}","templated":true}]}}