{"id":3500,"date":"2023-03-16T13:19:01","date_gmt":"2023-03-16T10:19:01","guid":{"rendered":"http:\/\/elazigtso.com\/tr\/?page_id=3500"},"modified":"2023-03-16T13:31:52","modified_gmt":"2023-03-16T10:31:52","slug":"kvkk","status":"publish","type":"page","link":"https:\/\/elazigtso.org.tr\/tr\/index.php\/kvkk\/","title":{"rendered":"KVKK"},"content":{"rendered":"\t\t<div data-elementor-type=\"wp-page\" data-elementor-id=\"3500\" class=\"elementor elementor-3500\">\n\t\t\t\t\t\t<section class=\"elementor-section elementor-top-section elementor-element elementor-element-7f3206b elementor-section-full_width elementor-section-height-default elementor-section-height-default\" data-id=\"7f3206b\" data-element_type=\"section\">\n\t\t\t\t\t\t<div class=\"elementor-container elementor-column-gap-default\">\n\t\t\t\t\t<div class=\"elementor-column elementor-col-100 elementor-top-column elementor-element elementor-element-2469625\" data-id=\"2469625\" data-element_type=\"column\">\n\t\t\t<div class=\"elementor-widget-wrap elementor-element-populated\">\n\t\t\t\t\t\t<div class=\"elementor-element elementor-element-8a74b77 elementor-widget elementor-widget-finbank_career_details\" data-id=\"8a74b77\" data-element_type=\"widget\" data-widget_type=\"finbank_career_details.default\">\n\t\t\t\t<div class=\"elementor-widget-container\">\n\t\t\t\t\t\t\n    <!--Start Career Details Area-->\n    <section class=\"career-details-area\">\n        <div class=\"container\">\n            <div class=\"row\">\n\n                <div class=\"col-xl-8 col-md-12 col-sm-12 \">\n                    <div class=\"career-details-content\">\n                                                <div class=\"job-title-box\">\n                            <div class=\"left\">\n                                <h4>Elaz\u0131\u011f Ticaret ve Sanayi Odas\u0131<\/h4>\n                                <h3>KVKK<\/h3>\n                                                            <\/div>\n                            <div class=\"right\">\n                                                                                            <\/div>\n                        <\/div>\n\t\t\t\t\t\t                                                <div class=\"job-description-content\">\n                                                        <figure class=\"wp-block-image size-large\"><img fetchpriority=\"high\" decoding=\"async\" width=\"1024\" height=\"842\" src=\"\/tr\/wp-content\/uploads\/2023\/03\/kvkk-1024x842.jpeg\" alt=\"\" class=\"wp-image-3502\" srcset=\"https:\/\/elazigtso.org.tr\/tr\/wp-content\/uploads\/2023\/03\/kvkk-1024x842.jpeg 1024w, https:\/\/elazigtso.org.tr\/tr\/wp-content\/uploads\/2023\/03\/kvkk-300x247.jpeg 300w, https:\/\/elazigtso.org.tr\/tr\/wp-content\/uploads\/2023\/03\/kvkk-768x632.jpeg 768w, https:\/\/elazigtso.org.tr\/tr\/wp-content\/uploads\/2023\/03\/kvkk.jpeg 1161w\" sizes=\"(max-width: 1024px) 100vw, 1024px\" \/><\/figure>\n<br><br>\n\n<b>Ki\u015fisel Verilerin \u0130\u015flenmesine \u0130li\u015fkin Genel Ayd\u0131nlatma Metni<\/b>\n<br><br>\n\n07.04.2016 tarih ve 29677 say\u0131l\u0131 Resmi Gazete \u2019de yay\u0131mlanan 6698 say\u0131l\u0131 Ki\u015fisel Verilerin Korunmas\u0131 Kanunu (\u201cKVKK\u201d) uyar\u0131nca, kurumumuz Elaz\u0131\u011f Ticaret ve Sanayi Odas\u0131 \u201cVeri Sorumlusu\u201d s\u0131fat\u0131yla, ki\u015fisel verilerinizi KVKK ile belirlenmi\u015f s\u0131n\u0131rlar \u00e7er\u00e7evesinde ve KVKK\u2019da belirtilen durumlar i\u00e7in i\u015fleyebilecektir. Elaz\u0131\u011f Ticaret ve Sanayi Odas\u0131 olarak i\u015fbu Ayd\u0131nlatma Metni ile KVKK 10. maddesi uyar\u0131nca sizleri, ki\u015fisel veri i\u015fleme faaliyetlerimiz hakk\u0131nda bilgilendirmek ve ayd\u0131nlatmak isteriz.\n<br><br>\n\n<b>1. Veri Sorumlusu ve Temsilcisi<\/b>\n<br><br>\n\nKVKK uyar\u0131nca, Elaz\u0131\u011f Ticaret ve Sanayi Odas\u0131 olarak, veri sorumlusu s\u0131fat\u0131yla, ki\u015fisel verilerinizi a\u015fa\u011f\u0131da a\u00e7\u0131klanan ama\u00e7lar ile ba\u011flant\u0131l\u0131, s\u0131n\u0131rl\u0131 ve \u00f6l\u00e7\u00fcl\u00fc olarak, hukuka ve d\u00fcr\u00fcstl\u00fck kurallar\u0131na uygun bir \u015fekilde do\u011fru ve g\u00fcncel olarak i\u015fleyebilecek, kaydedebilecek, saklayabilecek, s\u0131n\u0131fland\u0131rabilecek, g\u00fcncelleyebilecek ve mevzuat\u0131n izin verdi\u011fi hallerde veya i\u015flendikleri ama\u00e7la s\u0131n\u0131rl\u0131 olarak 3. ki\u015filere a\u00e7\u0131klayabilecek\/aktarabilece\u011fiz.\n<br><br>\n\n<b>2. Ki\u015fisel Verilerinizin \u0130\u015flenme Amac\u0131<\/b>\n<br><br>\n\nElaz\u0131\u011f Ticaret ve Sanayi Odas\u0131\u2019n\u0131n Web Sitesi\u2019ne (https:\/\/www.elazigtso.org.tr\/ ) sa\u011flam\u0131\u015f oldu\u011funuz ad\u0131n\u0131z, soyad\u0131n\u0131z, adresiniz, telefon numaran\u0131z, faks numaran\u0131z, TC kimlik numaran\u0131z, pasaport numaran\u0131z, firma unvan\u0131n\u0131z ve e-posta adresiniz, KVKK\u2019da \u00f6ng\u00f6r\u00fclen temel ilkelere uygun olarak, Odam\u0131z taraf\u0131ndan sunulan hizmet ve i\u00e7eriklerden ilgili ki\u015fileri faydaland\u0131rmak i\u00e7in gerekli \u00e7al\u0131\u015fmalar\u0131n i\u015f birimleri taraf\u0131ndan yap\u0131lmas\u0131 ve ilgili i\u015f s\u00fcre\u00e7lerinin y\u00fcr\u00fct\u00fclmesi, Oda taraf\u0131ndan y\u00fcr\u00fct\u00fclen faaliyetlerin ger\u00e7ekle\u015ftirilmesi i\u00e7in ilgili i\u015f birimleri taraf\u0131ndan gerekli \u00e7al\u0131\u015fmalar\u0131n yap\u0131lmas\u0131 ve buna ba\u011fl\u0131 i\u015f s\u00fcre\u00e7lerinin y\u00fcr\u00fct\u00fclmesi, Oda\u2019n\u0131n ticari ve\/veya i\u015f stratejilerinin planlanmas\u0131 ve icras\u0131, Oda\u2019n\u0131n ve Oda ile i\u015f ili\u015fkisi i\u00e7erisinde olan ilgili ki\u015filerin hukuki, teknik ve ticari i\u015f g\u00fcvenli\u011finin temini de dahil olmak \u00fczere Kanun\u2019un 5. ve 6. maddelerinde belirtilen ki\u015fisel veri i\u015fleme \u015fartlar\u0131 ve ama\u00e7lar\u0131 \u00e7er\u00e7evesinde i\u015flenmekte ve ama\u00e7lar\u0131yla uygun s\u00fcre zarf\u0131nda fiziksel veya elektronik ortamda g\u00fcvenli bir \u015fekilde saklanmaktad\u0131r. Ki\u015fisel verilerinizin kurumumuz taraf\u0131ndan i\u015flenme ama\u00e7lar\u0131 konusunda detayl\u0131 bilgi i\u00e7in Elaz\u0131\u011f Ticaret ve Sanayi Odas\u0131 Ki\u015fisel Verilerin Korunmas\u0131 ve \u0130\u015flenmesi Politikas\u0131 s\u0131 i\u00e7in t\u0131klay\u0131n.\n<br><br>\n\n<b>3. Web Sitesi Ziyaret\u00e7ilerine Ait Ki\u015fisel Verilerin Aktar\u0131m\u0131<\/b>\n<br><br>\n\nYukar\u0131da a\u00e7\u0131klanan ama\u00e7lar kapsam\u0131nda i\u015flenen ki\u015fisel verileriniz; KVKK\u2019da \u00f6ng\u00f6r\u00fclen temel ilkelere uygun olarak ve KVKK\u2019n\u0131n 8. ve 9. maddelerinde belirtilen ki\u015fisel veri i\u015fleme \u015fartlar\u0131 ve ama\u00e7lar\u0131 d\u00e2hilinde \u00e7er\u00e7evesinde i\u015flenerek yine \u00fcyelerimiz, web sitesi ziyaret\u00e7ilerimiz ve kanunen yetkili kamu kurum ve kurulu\u015flar\u0131 ile \u00f6zel kurumlar ile payla\u015f\u0131labilecektir. Ki\u015fisel veri aktar\u0131mlar\u0131n\u0131n Ki\u015fisel Verileri Koruma Kurulu taraf\u0131ndan yeterli koruman\u0131n bulunmad\u0131\u011f\u0131 tespit ve ilan edilen \u00fclkelere yap\u0131labilmesi T\u00fcrkiye\u2019deki ve ilgili yabanc\u0131 \u00fclkedeki veri sorumlular\u0131n\u0131n yeterli bir korumay\u0131 yaz\u0131l\u0131 olarak taahh\u00fct etti\u011fi ve ilgili aktar\u0131m a\u00e7\u0131s\u0131ndan Ki\u015fisel Verileri Koruma Kurul\u2019unun izninin temin edilebildi\u011fi hallerle s\u0131n\u0131rl\u0131 olmak kayd\u0131yla m\u00fcmk\u00fcn olabilecektir.\n<br><br>\n\n<b>4. Ki\u015fisel Verilerinizin Toplama Y\u00f6ntemi ve Hukuki Sebebi<\/b>\n<br><br>\n\nKi\u015fisel verileriniz, faaliyetlerimizi y\u00fcr\u00fctmek amac\u0131yla Elaz\u0131\u011f Ticaret ve Sanayi Odas\u0131 taraf\u0131ndan web sitesi \u00fczerinden elektronik olarak ve yukar\u0131da belirtilen ama\u00e7lara dayanarak toplanmaktad\u0131r. Bu \u00e7er\u00e7evede Yukar\u0131da belirtilen hukuki sebeplerle toplanan ki\u015fisel verileriniz, KVKK\u2019n\u0131n 5. ve 6. Maddeleri ile 4(2) maddesindeki \u00f6ng\u00f6r\u00fclen ilkeler \u0131\u015f\u0131\u011f\u0131nda a\u00e7\u0131k r\u0131za temini suretiyle i\u015flenebilmekte ve aktar\u0131labilmektedir.\n<br><br>\n\n<b>5. KVKK\u2019n\u0131n 11. Maddesi Gere\u011fi \u0130lgili Ki\u015fi Olarak Haklar\u0131n\u0131z<\/b>\n<br><br>\n\nS\u00f6z konusu haklar\u0131n\u0131za ili\u015fkin taleplerinizi, ki\u015fisel veri sahipleri olarak yaz\u0131l\u0131 bir \u015fekilde ve kimli\u011finizi tespit edici belgeler ile birlikte, kullanmak istedi\u011finiz hakk\u0131n\u0131za y\u00f6nelik a\u00e7\u0131klamalar\u0131n\u0131z\u0131 i\u00e7eren yaz\u0131l\u0131 dilek\u00e7eniz ile Kurumumuzun Cumhuriyet Mah. Korg. Hulusi Say\u0131n Cad. No:117 Merkez \/ELAZI\u011e adresine bizzat veya iadeli taahh\u00fctl\u00fc mektupla veya elazigtso@elazigtso.org.tr  mail adresine ve elazigtso@hs01.kep.tr kep adresine iletmeniz halinde, talebiniz Elaz\u0131\u011f Ticaret ve Sanayi Odas\u0131 taraf\u0131ndan de\u011ferlendirilerek KVKK kapsam\u0131nda \u00f6ng\u00f6r\u00fclen \u015fekilde en ge\u00e7 30 (otuz) g\u00fcn i\u00e7erisinde \u00fccretsiz sonu\u00e7land\u0131r\u0131lacakt\u0131r.\n<br><br>\n\nKVKK\u2019n\u0131n \u201c\u0130stisnalar\u201d ba\u015fl\u0131kl\u0131 28. maddesinde \u00f6ng\u00f6r\u00fclen haller sakl\u0131 kalmak kayd\u0131yla kurumumuza ba\u015fvurarak ki\u015fisel verilerinizin; i\u015flenilip i\u015flenilmedi\u011fini \u00f6\u011frenme; i\u015flenmi\u015fse buna ili\u015fkin bilgi talep etme; i\u015flenme amac\u0131n\u0131 ve amac\u0131na uygun kullan\u0131l\u0131p kullan\u0131lmad\u0131\u011f\u0131n\u0131 \u00f6\u011frenme; yurt i\u00e7inde veya yurt d\u0131\u015f\u0131nda aktar\u0131ld\u0131\u011f\u0131 \u00fc\u00e7\u00fcnc\u00fc ki\u015fileri bilme; aktar\u0131ld\u0131\u011f\u0131 \u00fc\u00e7\u00fcnc\u00fc ki\u015filerce yap\u0131lan i\u015flemlerin bildirilmesini isteme; eksik veya yanl\u0131\u015f i\u015flenmi\u015f olmas\u0131 h\u00e2linde bunlar\u0131n d\u00fczeltilmesini isteme; i\u015flenmesini gerektiren sebeplerin ortadan kalkmas\u0131 h\u00e2linde silinmesini veya yok edilmesini isteme; yap\u0131lan i\u015flemlerin ki\u015fisel verilerinizin aktar\u0131ld\u0131\u011f\u0131 \u00fc\u00e7\u00fcnc\u00fc ki\u015filere bildirilmesini isteme; m\u00fcnhas\u0131ran otomatik sistemler vas\u0131tas\u0131yla analiz edilmesi suretiyle aleyhinize bir sonucun ortaya \u00e7\u0131kmas\u0131na itiraz etme ve KVKK\u2019na ayk\u0131r\u0131 olarak i\u015flenmesi sebebiyle zarara u\u011framan\u0131z h\u00e2linde zarar\u0131n giderilmesini talep etme haklar\u0131na sahip oldu\u011funuzu KVKK kapsam\u0131nda \u201cVeri Sorumlusu\u201d s\u0131fat\u0131yla bildiririz. \n<br><br>\n<br><br>\n\n\n\n<B>Dosyalar: <\/B>\n<br><br>\n<br><br>\n\n<p><a href=\"\/tr\/wp-content\/uploads\/2023\/03\/1-Kisisel_Verilerin_Islenmesi_ve_Korunmasi_Politikasi.pdf\">Ki\u015fisel Verilerin \u0130\u015flenmesi ve Korunmas\u0131 Politikas\u0131<\/a><\/p>\n<p><a href=\"\/tr\/wp-content\/uploads\/2023\/03\/2-Kisisel_Verilerin_Saklanmasi_ve_Imhasi_Politikasi.pdf\">Ki\u015fisel Verilerin Saklanmas\u0131 ve \u0130mhasi Politikas\u0131<\/a><\/p>\n<p><a href=\"\/tr\/wp-content\/uploads\/2023\/03\/3-Ziyaretciler_Icin_Kisisel_Verilerin_Korunmasi_Hakkinda_Aydinlatma_Metni.pdf\">Ziyaret\u00e7iler \u0130\u00e7in Ki\u015fisel Verilerin Korunmas\u0131 Hakk\u0131nda Ayd\u0131nlatma Metni<\/a><\/p>\n<p><a href=\"\/tr\/wp-content\/uploads\/2023\/03\/4-Kisisel_Verilerin_Korunmasina_Iliskin_Basvuru_ve_Cevap_Proseduru.pdf\">Ki\u015fisel Verilerin Korunmas\u0131na \u0130li\u015fkin Ba\u015fvuru ve Cevap Prosed\u00fcr\u00fc<\/a><\/p>\n<p><a href=\"\/tr\/wp-content\/uploads\/2023\/03\/5-Gizlilik_ve_Cerez_Politikasi.pdf\">Gizlilik ve \u00c7erez Politikas\u0131<\/a><\/p>\n<p><a href=\"\/tr\/wp-content\/uploads\/2023\/03\/6-Kisisel_Veri_Basvuru_ve_Cevap_Formu.pdf\">Ki\u015fisel Veri Ba\u015fvuru ve Cevap Formu<\/a><\/p>\n<p><a href=\"\/tr\/wp-content\/uploads\/2023\/03\/7-Acik_Riza_Beyan_Formu.pdf\">A\u00e7\u0131k R\u0131za Beyan Formu<\/a><\/p>\n\n\n\n                        <\/div>\n\t\t\t\t\t\t                                                                        <div class=\"job-social-share-box\">\n                            <h2>Sosyal Medya'da Payla\u015f<\/h2>                            <ul>\n                                                                <li><a class=\"\" href=\"http:\/\/www.facebook.com\/elzTSO\"><i class=\"fab fa-facebook\"><\/i>Facebook<\/a><\/li>\n                                                                <li><a class=\"tw\" href=\"http:\/\/www.twitter.com\/elazigtso\"><i class=\"fab fa-twitter\"><\/i>Twitter<\/a><\/li>\n                                                                <li><a class=\"googlep\" href=\"https:\/\/www.instagram.com\/\"><i class=\"fab fa-instagram\"><\/i>Instagram<\/a><\/li>\n                                                            <\/ul>\n                        <\/div>\n\n                    <\/div>\n                <\/div>\n\t\t\t\t                <div class=\"col-xl-4\">\n                    <div class=\"resume-box\">\n                        <div id=\"nav_menu-12\" class=\"service-widget sidebar-widget widget_nav_menu\"><div class=\"sidebar-title\"><div class=\"dot-box\"><\/div><h3>Kurumsal<\/h3><\/div><div class=\"menu-kurumsal-container\"><ul id=\"menu-kurumsal\" class=\"menu\"><li id=\"menu-item-1798\" class=\"menu-item menu-item-type-post_type menu-item-object-page menu-item-1798\"><a href=\"https:\/\/elazigtso.org.tr\/tr\/index.php\/odamiz-hakkinda\/\">Odam\u0131z Hakk\u0131nda<\/a><\/li>\n<li id=\"menu-item-1799\" class=\"menu-item menu-item-type-custom menu-item-object-custom menu-item-1799\"><a href=\"#\">Ba\u015fkan<\/a><\/li>\n<li id=\"menu-item-1800\" class=\"menu-item menu-item-type-custom menu-item-object-custom menu-item-1800\"><a href=\"#\">Y\u00f6netim Kurulu<\/a><\/li>\n<li id=\"menu-item-1801\" class=\"menu-item menu-item-type-custom menu-item-object-custom menu-item-1801\"><a href=\"#\">Meclis<\/a><\/li>\n<li id=\"menu-item-1802\" class=\"menu-item menu-item-type-custom menu-item-object-custom menu-item-1802\"><a href=\"#\">Meslek Komiteleri<\/a><\/li>\n<li id=\"menu-item-1803\" class=\"menu-item menu-item-type-custom menu-item-object-custom menu-item-1803\"><a href=\"#\">\u0130\u015ftiraklerimiz<\/a><\/li>\n<li id=\"menu-item-1804\" class=\"menu-item menu-item-type-custom menu-item-object-custom menu-item-1804\"><a href=\"#\">Projelerimiz<\/a><\/li>\n<li id=\"menu-item-1805\" class=\"menu-item menu-item-type-custom menu-item-object-custom menu-item-1805\"><a href=\"#\">Kurumsal Kimlik<\/a><\/li>\n<li id=\"menu-item-1806\" class=\"menu-item menu-item-type-custom menu-item-object-custom menu-item-1806\"><a href=\"#\">KVKK<\/a><\/li>\n<\/ul><\/div><\/div><div id=\"nav_menu-16\" class=\"service-widget sidebar-widget widget_nav_menu\"><div class=\"sidebar-title\"><div class=\"dot-box\"><\/div><h3>Hizmetler<\/h3><\/div><div class=\"menu-hizmetler-container\"><ul id=\"menu-hizmetler\" class=\"menu\"><li id=\"menu-item-3389\" class=\"menu-item menu-item-type-post_type menu-item-object-page menu-item-3389\"><a href=\"https:\/\/elazigtso.org.tr\/tr\/index.php\/ticaret-sicil-hizmetleri\/\">Ticaret Sicil Hizmetleri<\/a><\/li>\n<li id=\"menu-item-2030\" class=\"menu-item menu-item-type-custom menu-item-object-custom menu-item-2030\"><a href=\"https:\/\/uye.tobb.org.tr\/organizasyon\/firma-index.jsp\">\u00dcyelik Sistemi<\/a><\/li>\n<li id=\"menu-item-2031\" class=\"menu-item menu-item-type-custom menu-item-object-custom menu-item-2031\"><a href=\"https:\/\/uye.tobb.org.tr\/hizliaidatodeme.jsp\">H\u0131zl\u0131 Aidat \u00d6deme<\/a><\/li>\n<li id=\"menu-item-2032\" class=\"menu-item menu-item-type-custom menu-item-object-custom menu-item-2032\"><a href=\"https:\/\/uye.tobb.org.tr\/organizasyon\/firma-index.jsp\">Belge Talebi<\/a><\/li>\n<li id=\"menu-item-2033\" class=\"menu-item menu-item-type-custom menu-item-object-custom menu-item-2033\"><a href=\"https:\/\/uye.tobb.org.tr\/organizasyon\/firma-index.jsp\">Ticaret Sicil Gazetesi<\/a><\/li>\n<li id=\"menu-item-2034\" class=\"menu-item menu-item-type-custom menu-item-object-custom menu-item-2034\"><a href=\"https:\/\/uye.tobb.org.tr\/organizasyon\/firma-index.jsp\">Temsil-\u0130lzam Kullan\u0131c\u0131 Yetkilendirme<\/a><\/li>\n<li id=\"menu-item-2013\" class=\"menu-item menu-item-type-post_type menu-item-object-page menu-item-2013\"><a href=\"https:\/\/elazigtso.org.tr\/tr\/index.php\/is-makinasi-tescil\/\">\u0130\u015f Makinas\u0131 Tescil<\/a><\/li>\n<li id=\"menu-item-3390\" class=\"menu-item menu-item-type-post_type menu-item-object-page menu-item-3390\"><a href=\"https:\/\/elazigtso.org.tr\/tr\/index.php\/k-yetki-belgeleri\/\">K Yetki Belgeleri<\/a><\/li>\n<li id=\"menu-item-3392\" class=\"menu-item menu-item-type-post_type menu-item-object-page menu-item-3392\"><a href=\"https:\/\/elazigtso.org.tr\/tr\/index.php\/sayisal-takograf\/\">Say\u0131sal Tako\u011fraf<\/a><\/li>\n<li id=\"menu-item-3391\" class=\"menu-item menu-item-type-custom menu-item-object-custom menu-item-3391\"><a href=\"http:\/\/gs1.tobb.org.tr\/\">GS1 Barkod \u0130\u015flemleri<\/a><\/li>\n<li id=\"menu-item-3394\" class=\"menu-item menu-item-type-post_type menu-item-object-page menu-item-3394\"><a href=\"https:\/\/elazigtso.org.tr\/tr\/index.php\/sigorta-acenteligi\/\">Sigorta Acenteli\u011fi<\/a><\/li>\n<li id=\"menu-item-2109\" class=\"menu-item menu-item-type-post_type menu-item-object-page menu-item-2109\"><a href=\"https:\/\/elazigtso.org.tr\/tr\/index.php\/ticaret-dis-ticaret-fuarlar\/\">Ticaret \/ D\u0131\u015f Ticaret \/ Fuarlar<\/a><\/li>\n<li id=\"menu-item-3395\" class=\"menu-item menu-item-type-post_type menu-item-object-page menu-item-3395\"><a href=\"https:\/\/elazigtso.org.tr\/tr\/index.php\/sanayi-birimi-2\/\">Sanayi Birimi<\/a><\/li>\n<li id=\"menu-item-3393\" class=\"menu-item menu-item-type-post_type menu-item-object-page menu-item-3393\"><a href=\"https:\/\/elazigtso.org.tr\/tr\/index.php\/raporlar\/\">Raporlar<\/a><\/li>\n<li id=\"menu-item-2035\" class=\"menu-item menu-item-type-post_type menu-item-object-page menu-item-2035\"><a href=\"https:\/\/elazigtso.org.tr\/tr\/index.php\/tso-akademi\/\">TSO Akademi<\/a><\/li>\n<\/ul><\/div><\/div>                    <\/div>\n                <\/div>\n\t\t\t\t            <\/div>\n        <\/div>\n    <\/section>\n    <!--End Career Details Area-->\n      \n        \t\t\t\t<\/div>\n\t\t\t\t<\/div>\n\t\t\t\t\t<\/div>\n\t\t<\/div>\n\t\t\t\t\t<\/div>\n\t\t<\/section>\n\t\t\t\t<\/div>\n\t\t","protected":false},"excerpt":{"rendered":"<p>Elaz\u0131\u011f Ticaret ve Sanayi Odas\u0131 KVKK Ki\u015fisel Verilerin \u0130\u015flenmesine \u0130li\u015fkin Genel Ayd\u0131nlatma Metni 07.04.2016 tarih ve 29677 say\u0131l\u0131 Resmi Gazete \u2019de yay\u0131mlanan 6698 say\u0131l\u0131 Ki\u015fisel Verilerin Korunmas\u0131 Kanunu (\u201cKVKK\u201d) uyar\u0131nca, kurumumuz Elaz\u0131\u011f Ticaret ve Sanayi Odas\u0131 \u201cVeri Sorumlusu\u201d s\u0131fat\u0131yla, ki\u015fisel verilerinizi KVKK ile belirlenmi\u015f s\u0131n\u0131rlar \u00e7er\u00e7evesinde ve KVKK\u2019da belirtilen durumlar i\u00e7in i\u015fleyebilecektir. Elaz\u0131\u011f Ticaret ve [&hellip;]<\/p>\n","protected":false},"author":3,"featured_media":0,"parent":0,"menu_order":0,"comment_status":"closed","ping_status":"closed","template":"tpl-default-elementor.php","meta":{"footnotes":""},"class_list":["post-3500","page","type-page","status-publish","hentry"],"jetpack_sharing_enabled":true,"_links":{"self":[{"href":"https:\/\/elazigtso.org.tr\/tr\/index.php\/wp-json\/wp\/v2\/pages\/3500","targetHints":{"allow":["GET"]}}],"collection":[{"href":"https:\/\/elazigtso.org.tr\/tr\/index.php\/wp-json\/wp\/v2\/pages"}],"about":[{"href":"https:\/\/elazigtso.org.tr\/tr\/index.php\/wp-json\/wp\/v2\/types\/page"}],"author":[{"embeddable":true,"href":"https:\/\/elazigtso.org.tr\/tr\/index.php\/wp-json\/wp\/v2\/users\/3"}],"replies":[{"embeddable":true,"href":"https:\/\/elazigtso.org.tr\/tr\/index.php\/wp-json\/wp\/v2\/comments?post=3500"}],"version-history":[{"count":4,"href":"https:\/\/elazigtso.org.tr\/tr\/index.php\/wp-json\/wp\/v2\/pages\/3500\/revisions"}],"predecessor-version":[{"id":3512,"href":"https:\/\/elazigtso.org.tr\/tr\/index.php\/wp-json\/wp\/v2\/pages\/3500\/revisions\/3512"}],"wp:attachment":[{"href":"https:\/\/elazigtso.org.tr\/tr\/index.php\/wp-json\/wp\/v2\/media?parent=3500"}],"curies":[{"name":"wp","href":"https:\/\/api.w.org\/{rel}","templated":true}]}}