{"id":3466,"date":"2023-03-16T11:06:29","date_gmt":"2023-03-16T08:06:29","guid":{"rendered":"http:\/\/elazigtso.com\/tr\/?page_id=3466"},"modified":"2023-03-16T11:16:52","modified_gmt":"2023-03-16T08:16:52","slug":"mesleki-yeterlilik-belgesi","status":"publish","type":"page","link":"https:\/\/elazigtso.org.tr\/tr\/index.php\/mesleki-yeterlilik-belgesi\/","title":{"rendered":"Mesleki Yeterlilik Belgesi"},"content":{"rendered":"\t\t<div data-elementor-type=\"wp-page\" data-elementor-id=\"3466\" class=\"elementor elementor-3466\">\n\t\t\t\t\t\t<section class=\"elementor-section elementor-top-section elementor-element elementor-element-7f3206b elementor-section-full_width elementor-section-height-default elementor-section-height-default\" data-id=\"7f3206b\" data-element_type=\"section\">\n\t\t\t\t\t\t<div class=\"elementor-container elementor-column-gap-default\">\n\t\t\t\t\t<div class=\"elementor-column elementor-col-100 elementor-top-column elementor-element elementor-element-2469625\" data-id=\"2469625\" data-element_type=\"column\">\n\t\t\t<div class=\"elementor-widget-wrap elementor-element-populated\">\n\t\t\t\t\t\t<div class=\"elementor-element elementor-element-8a74b77 elementor-widget elementor-widget-finbank_career_details\" data-id=\"8a74b77\" data-element_type=\"widget\" data-widget_type=\"finbank_career_details.default\">\n\t\t\t\t<div class=\"elementor-widget-container\">\n\t\t\t\t\t\t\n    <!--Start Career Details Area-->\n    <section class=\"career-details-area\">\n        <div class=\"container\">\n            <div class=\"row\">\n\n                <div class=\"col-xl-8 col-md-12 col-sm-12 \">\n                    <div class=\"career-details-content\">\n                                                <div class=\"job-title-box\">\n                            <div class=\"left\">\n                                <h4>Elaz\u0131\u011f Ticaret ve Sanayi Odas\u0131<\/h4>\n                                <h3>Mesleki Yeterlilik Belgesi<\/h3>\n                                                            <\/div>\n                            <div class=\"right\">\n                                                                                            <\/div>\n                        <\/div>\n\t\t\t\t\t\t                                                <div class=\"job-description-content\">\n                            <h2>Mesleki Yeterlilik Belgesi<\/h2>                            <b>Mesleki Yeterlilik Belgesi Nedir ve Nas\u0131l Al\u0131n\u0131r?<\/b>\n<br><br>\nMesleki Yeterlilik Belgesi, T\u00dcRKAK taraf\u0131ndan TS EN ISO\/IEC 17024 personel belgelendirme sistemine g\u00f6re akredite olan ve Mesleki Yeterlilik Kurumu (MYK) taraf\u0131ndan yetkilendirilen <b>\u201cYetkilendirilmi\u015f Belgelendirme Kurulu\u015flar\u0131\u201dnca<\/b> yap\u0131lan \u00f6l\u00e7me ve de\u011ferlendirme faaliyetleri sonucunda ba\u015far\u0131l\u0131 olan ki\u015filere verilen belgedir.\n<br><br>\nMesleki Yeterlilik Belgesi alabilmek i\u00e7in, istenilen mesle\u011fe ait ulusal yeterlili\u011fin olmas\u0131 ve Mesleki Yeterlilik Kurumu taraf\u0131ndan bu ulusal yeterlilikte s\u0131nav ve belgelendirme yapmak \u00fczere yetkilendirilmi\u015f olan kurulu\u015fumuza ba\u015fvuruda bulunmalar\u0131 gerekir.\n<br><br>\nS\u0131nav ve Belgelendirme s\u00fcrecinde, ilgili ulusal yeterliliklerde belirtilen hususlara g\u00f6re teorik, performans ve\/veya m\u00fclakata dayal\u0131 s\u0131navlarda ba\u015far\u0131l\u0131 olan adaylara Mesleki Yeterlilik Belgesi verilir.\n<br><br>\n<b>Mesleki Yeterlilik Belgesi Zorunlulu\u011fu olan meslekler hangileridir?<\/b>\n<br><br>\n23 Nisan 2015 tarihinde 5544 say\u0131l\u0131 Mesleki Yeterlilik Kurumu Kanunu\u2019 unda yap\u0131lan de\u011fi\u015fiklik ile birlikte, \u00c7al\u0131\u015fma ve Sosyal G\u00fcvenlik Bakanl\u0131\u011f\u0131 taraf\u0131ndan, ilk a\u015famada tehlikeli ve \u00e7ok tehlikeli 40 meslek i\u00e7in Mesleki Yeterlilik Belgesi zorunlu hale getirilmi\u015ftir.\n<br><br>\nSonras\u0131nda yay\u0131mlanan de\u011fi\u015fikliklerle  belge zorunlulu\u011fu 117 mesle\u011fe y\u00fckselmi\u015ftir. (2019 Mart)\n<br><br>\nBu kapsamda s\u00f6z konusu tebli\u011f eklerindeki listelerde belirtilen mesleklerde MYK Mesleki Yeterlilik Belgesi zorunlu hale getirilmi\u015ftir. Mesleki Yeterlilik Belgesi olmayan ki\u015filer bu mesleklerde \u00e7al\u0131\u015ft\u0131r\u0131lamayacakt\u0131r. Belgesiz \u00e7al\u0131\u015fan ki\u015fi ba\u015f\u0131na ayl\u0131k 775 TL idari para cezas\u0131 \u00f6ng\u00f6r\u00fclmektedir. (2019 y\u0131l\u0131 tarifesidir.)\n<br><br>\nBelge zorunlulu\u011fu getirilen mesleklere ula\u015fmak i\u00e7in <a href=\"https:\/\/portal.myk.gov.tr\/index.php?option=com_yeterlilik&amp;view=arama&amp;belge_zorunlu=1\" target=\"_blank\" rel=\"noreferrer noopener\">t\u0131klay\u0131n\u0131z<\/a>\n<br><br>\n\n<b>Tehlikeli ve \u00e7ok tehlikeli i\u015flerden olup bakanl\u0131k\u00e7a \u00e7\u0131kar\u0131lan tebli\u011flerde ad\u0131 ge\u00e7en mesleklerde s\u0131nav \u00fccreti nas\u0131l geri \u00f6denmektedir?<\/b>\n<br><br>\nAdaylar s\u0131nav ba\u015fvurusu \u00f6ncesinde merkezimiz taraf\u0131ndan belirlenen s\u0131nav \u00fccretini yat\u0131racakt\u0131r. Kurumsal ba\u015fvurularda \u00fccret yat\u0131r\u0131l\u0131rken dekontta aday\u0131n bilgileri (isim soyisim, TC kimlik no, girice\u011fi s\u0131nav ad\u0131) yer almal\u0131d\u0131r. S\u0131nav \u00fccreti, \u201c\u0130\u015fsizlik Sigortas\u0131 Fonu\u201dndan 30-50 g\u00fcn aras\u0131nda aday\u0131n hesab\u0131na yat\u0131r\u0131lacakt\u0131r.\n<br><br>\n\n<a href=\"https:\/\/docs.google.com\/forms\/d\/e\/1FAIpQLSfu7oL8zsEXqun_yVfx0BG1VF9ijfcjLvsw-4qvZ85cmqlGQg\/viewform?embedded=true\" target=\"_blank\" rel=\"noreferrer noopener\">MESLEK\u0130 YETERL\u0130L\u0130K BELGES\u0130 BA\u015eVURU FORMU \u0130\u00c7\u0130N TIKLAYINIZ<\/a>                        <\/div>\n\t\t\t\t\t\t                                                                        <div class=\"job-social-share-box\">\n                            <h2>Sosyal Medya'da Payla\u015f<\/h2>                            <ul>\n                                                                <li><a class=\"\" href=\"http:\/\/www.facebook.com\/elzTSO\"><i class=\"fab fa-facebook\"><\/i>Facebook<\/a><\/li>\n                                                                <li><a class=\"tw\" href=\"http:\/\/www.twitter.com\/elazigtso\"><i class=\"fab fa-twitter\"><\/i>Twitter<\/a><\/li>\n                                                                <li><a class=\"googlep\" href=\"https:\/\/www.instagram.com\/\"><i class=\"fab fa-instagram\"><\/i>Instagram<\/a><\/li>\n                                                            <\/ul>\n                        <\/div>\n\n                    <\/div>\n                <\/div>\n\t\t\t\t                <div class=\"col-xl-4\">\n                    <div class=\"resume-box\">\n                        <div id=\"nav_menu-12\" class=\"service-widget sidebar-widget widget_nav_menu\"><div class=\"sidebar-title\"><div class=\"dot-box\"><\/div><h3>Kurumsal<\/h3><\/div><div class=\"menu-kurumsal-container\"><ul id=\"menu-kurumsal\" class=\"menu\"><li id=\"menu-item-1798\" class=\"menu-item menu-item-type-post_type menu-item-object-page menu-item-1798\"><a href=\"https:\/\/elazigtso.org.tr\/tr\/index.php\/odamiz-hakkinda\/\">Odam\u0131z Hakk\u0131nda<\/a><\/li>\n<li id=\"menu-item-1799\" class=\"menu-item menu-item-type-custom menu-item-object-custom menu-item-1799\"><a href=\"#\">Ba\u015fkan<\/a><\/li>\n<li id=\"menu-item-1800\" class=\"menu-item menu-item-type-custom menu-item-object-custom menu-item-1800\"><a href=\"#\">Y\u00f6netim Kurulu<\/a><\/li>\n<li id=\"menu-item-1801\" class=\"menu-item menu-item-type-custom menu-item-object-custom menu-item-1801\"><a href=\"#\">Meclis<\/a><\/li>\n<li id=\"menu-item-1802\" class=\"menu-item menu-item-type-custom menu-item-object-custom menu-item-1802\"><a href=\"#\">Meslek Komiteleri<\/a><\/li>\n<li id=\"menu-item-1803\" class=\"menu-item menu-item-type-custom menu-item-object-custom menu-item-1803\"><a href=\"#\">\u0130\u015ftiraklerimiz<\/a><\/li>\n<li id=\"menu-item-1804\" class=\"menu-item menu-item-type-custom menu-item-object-custom menu-item-1804\"><a href=\"#\">Projelerimiz<\/a><\/li>\n<li id=\"menu-item-1805\" class=\"menu-item menu-item-type-custom menu-item-object-custom menu-item-1805\"><a href=\"#\">Kurumsal Kimlik<\/a><\/li>\n<li id=\"menu-item-1806\" class=\"menu-item menu-item-type-custom menu-item-object-custom menu-item-1806\"><a href=\"#\">KVKK<\/a><\/li>\n<\/ul><\/div><\/div><div id=\"nav_menu-16\" class=\"service-widget sidebar-widget widget_nav_menu\"><div class=\"sidebar-title\"><div class=\"dot-box\"><\/div><h3>Hizmetler<\/h3><\/div><div class=\"menu-hizmetler-container\"><ul id=\"menu-hizmetler\" class=\"menu\"><li id=\"menu-item-3389\" class=\"menu-item menu-item-type-post_type menu-item-object-page menu-item-3389\"><a href=\"https:\/\/elazigtso.org.tr\/tr\/index.php\/ticaret-sicil-hizmetleri\/\">Ticaret Sicil Hizmetleri<\/a><\/li>\n<li id=\"menu-item-2030\" class=\"menu-item menu-item-type-custom menu-item-object-custom menu-item-2030\"><a href=\"https:\/\/uye.tobb.org.tr\/organizasyon\/firma-index.jsp\">\u00dcyelik Sistemi<\/a><\/li>\n<li id=\"menu-item-2031\" class=\"menu-item menu-item-type-custom menu-item-object-custom menu-item-2031\"><a href=\"https:\/\/uye.tobb.org.tr\/hizliaidatodeme.jsp\">H\u0131zl\u0131 Aidat \u00d6deme<\/a><\/li>\n<li id=\"menu-item-2032\" class=\"menu-item menu-item-type-custom menu-item-object-custom menu-item-2032\"><a href=\"https:\/\/uye.tobb.org.tr\/organizasyon\/firma-index.jsp\">Belge Talebi<\/a><\/li>\n<li id=\"menu-item-2033\" class=\"menu-item menu-item-type-custom menu-item-object-custom menu-item-2033\"><a href=\"https:\/\/uye.tobb.org.tr\/organizasyon\/firma-index.jsp\">Ticaret Sicil Gazetesi<\/a><\/li>\n<li id=\"menu-item-2034\" class=\"menu-item menu-item-type-custom menu-item-object-custom menu-item-2034\"><a href=\"https:\/\/uye.tobb.org.tr\/organizasyon\/firma-index.jsp\">Temsil-\u0130lzam Kullan\u0131c\u0131 Yetkilendirme<\/a><\/li>\n<li id=\"menu-item-2013\" class=\"menu-item menu-item-type-post_type menu-item-object-page menu-item-2013\"><a href=\"https:\/\/elazigtso.org.tr\/tr\/index.php\/is-makinasi-tescil\/\">\u0130\u015f Makinas\u0131 Tescil<\/a><\/li>\n<li id=\"menu-item-3390\" class=\"menu-item menu-item-type-post_type menu-item-object-page menu-item-3390\"><a href=\"https:\/\/elazigtso.org.tr\/tr\/index.php\/k-yetki-belgeleri\/\">K Yetki Belgeleri<\/a><\/li>\n<li id=\"menu-item-3392\" class=\"menu-item menu-item-type-post_type menu-item-object-page menu-item-3392\"><a href=\"https:\/\/elazigtso.org.tr\/tr\/index.php\/sayisal-takograf\/\">Say\u0131sal Tako\u011fraf<\/a><\/li>\n<li id=\"menu-item-3391\" class=\"menu-item menu-item-type-custom menu-item-object-custom menu-item-3391\"><a href=\"http:\/\/gs1.tobb.org.tr\/\">GS1 Barkod \u0130\u015flemleri<\/a><\/li>\n<li id=\"menu-item-3394\" class=\"menu-item menu-item-type-post_type menu-item-object-page menu-item-3394\"><a href=\"https:\/\/elazigtso.org.tr\/tr\/index.php\/sigorta-acenteligi\/\">Sigorta Acenteli\u011fi<\/a><\/li>\n<li id=\"menu-item-2109\" class=\"menu-item menu-item-type-post_type menu-item-object-page menu-item-2109\"><a href=\"https:\/\/elazigtso.org.tr\/tr\/index.php\/ticaret-dis-ticaret-fuarlar\/\">Ticaret \/ D\u0131\u015f Ticaret \/ Fuarlar<\/a><\/li>\n<li id=\"menu-item-3395\" class=\"menu-item menu-item-type-post_type menu-item-object-page menu-item-3395\"><a href=\"https:\/\/elazigtso.org.tr\/tr\/index.php\/sanayi-birimi-2\/\">Sanayi Birimi<\/a><\/li>\n<li id=\"menu-item-3393\" class=\"menu-item menu-item-type-post_type menu-item-object-page menu-item-3393\"><a href=\"https:\/\/elazigtso.org.tr\/tr\/index.php\/raporlar\/\">Raporlar<\/a><\/li>\n<li id=\"menu-item-2035\" class=\"menu-item menu-item-type-post_type menu-item-object-page menu-item-2035\"><a href=\"https:\/\/elazigtso.org.tr\/tr\/index.php\/tso-akademi\/\">TSO Akademi<\/a><\/li>\n<\/ul><\/div><\/div>                    <\/div>\n                <\/div>\n\t\t\t\t            <\/div>\n        <\/div>\n    <\/section>\n    <!--End Career Details Area-->\n      \n        \t\t\t\t<\/div>\n\t\t\t\t<\/div>\n\t\t\t\t\t<\/div>\n\t\t<\/div>\n\t\t\t\t\t<\/div>\n\t\t<\/section>\n\t\t\t\t<\/div>\n\t\t","protected":false},"excerpt":{"rendered":"<p>Elaz\u0131\u011f Ticaret ve Sanayi Odas\u0131 Mesleki Yeterlilik Belgesi Mesleki Yeterlilik Belgesi Mesleki Yeterlilik Belgesi Nedir ve Nas\u0131l Al\u0131n\u0131r? Mesleki Yeterlilik Belgesi, T\u00dcRKAK taraf\u0131ndan TS EN ISO\/IEC 17024 personel belgelendirme sistemine g\u00f6re akredite olan ve Mesleki Yeterlilik Kurumu (MYK) taraf\u0131ndan yetkilendirilen \u201cYetkilendirilmi\u015f Belgelendirme Kurulu\u015flar\u0131\u201dnca yap\u0131lan \u00f6l\u00e7me ve de\u011ferlendirme faaliyetleri sonucunda ba\u015far\u0131l\u0131 olan ki\u015filere verilen belgedir. Mesleki [&hellip;]<\/p>\n","protected":false},"author":3,"featured_media":0,"parent":0,"menu_order":0,"comment_status":"closed","ping_status":"closed","template":"tpl-default-elementor.php","meta":{"footnotes":""},"class_list":["post-3466","page","type-page","status-publish","hentry"],"jetpack_sharing_enabled":true,"_links":{"self":[{"href":"https:\/\/elazigtso.org.tr\/tr\/index.php\/wp-json\/wp\/v2\/pages\/3466","targetHints":{"allow":["GET"]}}],"collection":[{"href":"https:\/\/elazigtso.org.tr\/tr\/index.php\/wp-json\/wp\/v2\/pages"}],"about":[{"href":"https:\/\/elazigtso.org.tr\/tr\/index.php\/wp-json\/wp\/v2\/types\/page"}],"author":[{"embeddable":true,"href":"https:\/\/elazigtso.org.tr\/tr\/index.php\/wp-json\/wp\/v2\/users\/3"}],"replies":[{"embeddable":true,"href":"https:\/\/elazigtso.org.tr\/tr\/index.php\/wp-json\/wp\/v2\/comments?post=3466"}],"version-history":[{"count":4,"href":"https:\/\/elazigtso.org.tr\/tr\/index.php\/wp-json\/wp\/v2\/pages\/3466\/revisions"}],"predecessor-version":[{"id":3472,"href":"https:\/\/elazigtso.org.tr\/tr\/index.php\/wp-json\/wp\/v2\/pages\/3466\/revisions\/3472"}],"wp:attachment":[{"href":"https:\/\/elazigtso.org.tr\/tr\/index.php\/wp-json\/wp\/v2\/media?parent=3466"}],"curies":[{"name":"wp","href":"https:\/\/api.w.org\/{rel}","templated":true}]}}