{"id":3163,"date":"2023-03-15T13:50:05","date_gmt":"2023-03-15T10:50:05","guid":{"rendered":"http:\/\/elazigtso.com\/tr\/?page_id=3163"},"modified":"2026-04-09T13:51:09","modified_gmt":"2026-04-09T10:51:09","slug":"hazir-formlar","status":"publish","type":"page","link":"https:\/\/elazigtso.org.tr\/tr\/index.php\/hazir-formlar\/","title":{"rendered":"Haz\u0131r Formlar"},"content":{"rendered":"\t\t<div data-elementor-type=\"wp-page\" data-elementor-id=\"3163\" class=\"elementor elementor-3163\">\n\t\t\t\t\t\t<section class=\"elementor-section elementor-top-section elementor-element elementor-element-1386cb4 elementor-section-full_width elementor-section-height-default elementor-section-height-default\" data-id=\"1386cb4\" data-element_type=\"section\">\n\t\t\t\t\t\t<div class=\"elementor-container elementor-column-gap-default\">\n\t\t\t\t\t<div class=\"elementor-column elementor-col-100 elementor-top-column elementor-element elementor-element-e765522\" data-id=\"e765522\" data-element_type=\"column\">\n\t\t\t<div class=\"elementor-widget-wrap elementor-element-populated\">\n\t\t\t\t\t\t<div class=\"elementor-element elementor-element-dad1680 elementor-widget elementor-widget-finbank_careers\" data-id=\"dad1680\" data-element_type=\"widget\" data-widget_type=\"finbank_careers.default\">\n\t\t\t\t<div class=\"elementor-widget-container\">\n\t\t\t\t\t\t\n    <!--Start Intro Style2 Area-->\n    <section class=\"intro-style2-area\">\n        <div class=\"container\">\n\t\t\t            <div class=\"row\">\n                <div class=\"col-xl-6\">\n                    <div class=\"intro-style2-img-box\">\n                        <div class=\"inner\">\n                                                        <img decoding=\"async\" src=\"https:\/\/elazigtso.org.tr\/tr\/wp-content\/uploads\/2023\/03\/bina.jpg\" alt=\"Awesome Image\">\n                            \t\t\t\t\t\t\t                        <\/div>\n                    <\/div>\n                <\/div>\n                <div class=\"col-xl-6\">\n                    <div class=\"intro-style2-content-box\">\n                                                <div class=\"sec-title\">\n                            <h2>Kapasite Raporu - Yerli Mal\u0131 Belgesi Ba\u015fvuru Sistemi<\/h2>\n                        <\/div>\n                                                                        <div class=\"text\">\n                            <b>BA\u015eVURU ADRES\u0130 ---&gt;&gt;&gt; <a href=\"https:\/\/sanayi.org.tr\/\" target=\"_blank\"><b>www.sanayi.org.tr<\/b><\/a> &lt;&lt;&lt; ----<\/b>                        <\/div>\n\t\t\t\t\t\t                        \t\t\t\t\t\t<ul>\n\t\t\t\t\t\t\t\t\t\t\t\t   <li><div class=\"icon-box\">\n\t\t\t\t\t\t\t\t<span class=\"icon-checkbox-mark\"><\/span>\n\t\t\t\t\t\t   <\/div>\n\t\t\t\t\t\t   <p>Kapasite raporu ve yerli mal\u0131 belgesi ba\u015fvurular\u0131n\u0131z\u0131 <a href=\"https:\/\/sanayi.org.tr\/\" target=\"_blank\"><b>www.sanayi.org.tr<\/b><\/a> adresinden giri\u015f yaparak ba\u015fvuru i\u015flemlerinizi ba\u015flatabilirsiniz. Ba\u015fvuru klavuzlar\u0131na a\u015fa\u011f\u0131daki dosyalardan ula\u015fabilirsiniz.<\/p><\/li>\n\t\t\t\t\t\t\t\t\t\t\t\t<\/ul>\n\t\t\t\t\t\t                                                <div class=\"send-resume-box\">\n                            <div class=\"icon\">\n                                <span class=\"icon-cv\"><\/span>\n                            <\/div>\n                            <div class=\"title\">\n                                                                <h4><a href=\"https:\/\/elazigtso.org.tr\/tr\/wp-content\/uploads\/2024\/11\/klavuz.pdf\">Kapasite Raporu - Yerli Mal\u0131 Belgesi Ba\u015fvuru Sistemi KLAVUZU \u0130ND\u0130R<\/a><\/h4>\n                                                                                            <\/div>\n                        <\/div>\n                                            <\/div>\n                <\/div>\n            <\/div>\n\t\t\t\t\t\t            <div class=\"row\">\n                <div class=\"col-xl-12\">\n                    <div class=\"job-list-table-box\">\n\n                        <div class=\"table-outer\">\n                            <table class=\"job-list-table\">\n\n                                <thead class=\"header\">\n                                    <tr>\n                                        <th>Dosya \/ Evrak<\/th>\n                                        <th>Yetkililer<\/th>\n                                        <th>\u00dcnvan<\/th>\n                                        <th>\u0130leti\u015fim<\/th>\n                                    <\/tr>\n                                <\/thead>\n\n                                <tbody>\n\t\t\t\t\t\t\t\t\t                                    <tr>\n                                        <td class=\"department\">\n                                            <h3>Kapasite Raporu Ba\u015fvuru Formu<\/h3>\n                                        <\/td>\n                                        <td class=\"job-role\">\n                                            <h3>M.M\u00fccahid U\u00c7AR<\/h3>\n                                        <\/td>\n                                        <td class=\"location\">\n                                            <p>Makina M\u00fchendisi<\/p>\n                                        <\/td>\n                                        <td class=\"last-date\">\n                                            <p>0424 218 3500-1136<\/p>\n                                        <\/td>\n                                                                                <td>\n                                            <div class=\"btn-box\">\n                                                <a class=\"btn-one\" href=\"https:\/\/elazigtso.org.tr\/tr\/wp-content\/uploads\/2026\/03\/fr-15-kapasite-raporu-muracaat-formu-56-51-1.doc\">\n                                                    <span class=\"txt\">\u0130ndir<\/span>\n                                                <\/a>\n                                            <\/div>\n                                        <\/td>\n                                                                            <\/tr>\n\t\t\t\t\t\t\t\t\t                                    <tr>\n                                        <td class=\"department\">\n                                            <h3>Ekspertiz Raporu Ba\u015fvuru Formu<\/h3>\n                                        <\/td>\n                                        <td class=\"job-role\">\n                                            <h3>M.M\u00fccahid U\u00c7AR<\/h3>\n                                        <\/td>\n                                        <td class=\"location\">\n                                            <p>Makina M\u00fchendisi<\/p>\n                                        <\/td>\n                                        <td class=\"last-date\">\n                                            <p>0424 218 3500-1136<\/p>\n                                        <\/td>\n                                                                                <td>\n                                            <div class=\"btn-box\">\n                                                <a class=\"btn-one\" href=\"https:\/\/elazigtso.org.tr\/tr\/wp-content\/uploads\/2026\/03\/FR-16-Ekspertiz_Raporu_Mracaat_Formu-4-7-5.doc\">\n                                                    <span class=\"txt\">\u0130ndir<\/span>\n                                                <\/a>\n                                            <\/div>\n                                        <\/td>\n                                                                            <\/tr>\n\t\t\t\t\t\t\t\t\t                                    <tr>\n                                        <td class=\"department\">\n                                            <h3>Yerli Mal\u0131 Belgesi Ba\u015fvuru Formu<\/h3>\n                                        <\/td>\n                                        <td class=\"job-role\">\n                                            <h3>M.M\u00fccahid U\u00c7AR<\/h3>\n                                        <\/td>\n                                        <td class=\"location\">\n                                            <p>Makina M\u00fchendisi<\/p>\n                                        <\/td>\n                                        <td class=\"last-date\">\n                                            <p>0424 218 3500-1136<\/p>\n                                        <\/td>\n                                                                                <td>\n                                            <div class=\"btn-box\">\n                                                <a class=\"btn-one\" href=\"https:\/\/elazigtso.org.tr\/tr\/wp-content\/uploads\/2026\/03\/FR-14-Yerli_Mali_Belgesi_Basvuru_Formu-25-24-1-6.doc\">\n                                                    <span class=\"txt\">\u0130ndir<\/span>\n                                                <\/a>\n                                            <\/div>\n                                        <\/td>\n                                                                            <\/tr>\n\t\t\t\t\t\t\t\t\t                                    <tr>\n                                        <td class=\"department\">\n                                            <h3>T\u00fcrk Mal\u0131 Belgesi Ba\u015fvuru Formu<\/h3>\n                                        <\/td>\n                                        <td class=\"job-role\">\n                                            <h3>M.M\u00fccahid U\u00c7AR<\/h3>\n                                        <\/td>\n                                        <td class=\"location\">\n                                            <p>Makina M\u00fchendisi<\/p>\n                                        <\/td>\n                                        <td class=\"last-date\">\n                                            <p>0424 218 3500-1136<\/p>\n                                        <\/td>\n                                                                                <td>\n                                            <div class=\"btn-box\">\n                                                <a class=\"btn-one\" href=\"https:\/\/elazigtso.org.tr\/tr\/wp-content\/uploads\/2026\/03\/FR-17-Turk_Mali_Belgesi_Basvuru_Formu-1-1.doc\">\n                                                    <span class=\"txt\">\u0130ndir<\/span>\n                                                <\/a>\n                                            <\/div>\n                                        <\/td>\n                                                                            <\/tr>\n\t\t\t\t\t\t\t\t\t                                    <tr>\n                                        <td class=\"department\">\n                                            <h3>Su \u0130htiya\u00e7 Belgesi Ba\u015fvuru Formu<\/h3>\n                                        <\/td>\n                                        <td class=\"job-role\">\n                                            <h3>M.M\u00fccahid U\u00c7AR<\/h3>\n                                        <\/td>\n                                        <td class=\"location\">\n                                            <p>Makina M\u00fchendisi<\/p>\n                                        <\/td>\n                                        <td class=\"last-date\">\n                                            <p>0424 218 3500-1136<\/p>\n                                        <\/td>\n                                                                                <td>\n                                            <div class=\"btn-box\">\n                                                <a class=\"btn-one\" href=\"https:\/\/elazigtso.org.tr\/tr\/wp-content\/uploads\/2026\/03\/FR-32-Su_Ihtiyac_Belgesi_Mracaat_Formu-2-1-1.doc\">\n                                                    <span class=\"txt\">\u0130ndir<\/span>\n                                                <\/a>\n                                            <\/div>\n                                        <\/td>\n                                                                            <\/tr>\n\t\t\t\t\t\t\t\t\t                                    <tr>\n                                        <td class=\"department\">\n                                            <h3>\u0130malat Yeterlilik Belgesi Ba\u015fvuru Formu<\/h3>\n                                        <\/td>\n                                        <td class=\"job-role\">\n                                            <h3>M.M\u00fccahid U\u00c7AR<\/h3>\n                                        <\/td>\n                                        <td class=\"location\">\n                                            <p>Makina M\u00fchendisi<\/p>\n                                        <\/td>\n                                        <td class=\"last-date\">\n                                            <p>0424 218 3500-1136<\/p>\n                                        <\/td>\n                                                                                <td>\n                                            <div class=\"btn-box\">\n                                                <a class=\"btn-one\" href=\"https:\/\/elazigtso.org.tr\/tr\/wp-content\/uploads\/2026\/04\/FR-33-Imalat_Yeterlilik_Muracaat_Formu-4-8-1-1.doc\">\n                                                    <span class=\"txt\">\u0130ndir<\/span>\n                                                <\/a>\n                                            <\/div>\n                                        <\/td>\n                                                                            <\/tr>\n\t\t\t\t\t\t\t\t\t                                    <tr>\n                                        <td class=\"department\">\n                                            <h3>NACE Kodu De\u011fi\u015fikli\u011fi Talep Formu<\/h3>\n                                        <\/td>\n                                        <td class=\"job-role\">\n                                            <h3>Nevruz KES\u0130C\u0130<\/h3>\n                                        <\/td>\n                                        <td class=\"location\">\n                                            <p>Oda Sicil Birimi<\/p>\n                                        <\/td>\n                                        <td class=\"last-date\">\n                                            <p>0424 218 3500-1132<\/p>\n                                        <\/td>\n                                                                                <td>\n                                            <div class=\"btn-box\">\n                                                <a class=\"btn-one\" href=\"\/tr\/wp-content\/uploads\/2023\/09\/NACE-formu.doc\">\n                                                    <span class=\"txt\">\u0130ndir<\/span>\n                                                <\/a>\n                                            <\/div>\n                                        <\/td>\n                                                                            <\/tr>\n\t\t\t\t\t\t\t\t\t                                    <tr>\n                                        <td class=\"department\">\n                                            <h3>Ticaret Sicil M\u00fcd\u00fcrl\u00fc\u011f\u00fc \u0130\u015flemleri ile ilgili Formlar<\/h3>\n                                        <\/td>\n                                        <td class=\"job-role\">\n                                            <h3> \u0130lknur MUTLU<br>G\u00fcl\u015fah TAN \u0130BA<\/h3>\n                                        <\/td>\n                                        <td class=\"location\">\n                                            <p>Ticaret Sicil M\u00fcd\u00fcrl\u00fc\u011f\u00fc<\/p>\n                                        <\/td>\n                                        <td class=\"last-date\">\n                                            <p>0424 2183500-1128<br>0424 2183500-1127<\/p>\n                                        <\/td>\n                                                                                <td>\n                                            <div class=\"btn-box\">\n                                                <a class=\"btn-one\" href=\"\/tr\/index.php\/ticaret-sicil-hizmetleri\/\">\n                                                    <span class=\"txt\">Git<\/span>\n                                                <\/a>\n                                            <\/div>\n                                        <\/td>\n                                                                            <\/tr>\n\t\t\t\t\t\t\t\t\t                                    <tr>\n                                        <td class=\"department\">\n                                            <h3>Sigorta Acenteli\u011fi<\/h3>\n                                        <\/td>\n                                        <td class=\"job-role\">\n                                            <h3>Fatma G\u00fcl G\u00dcNAYDIN<\/h3>\n                                        <\/td>\n                                        <td class=\"location\">\n                                            <p>Oda Sicil Birimi<\/p>\n                                        <\/td>\n                                        <td class=\"last-date\">\n                                            <p>0424 2183500-1111<\/p>\n                                        <\/td>\n                                                                                <td>\n                                            <div class=\"btn-box\">\n                                                <a class=\"btn-one\" href=\"\/tr\/index.php\/sigorta-acenteligi\/\">\n                                                    <span class=\"txt\">Git<\/span>\n                                                <\/a>\n                                            <\/div>\n                                        <\/td>\n                                                                            <\/tr>\n\t\t\t\t\t\t\t\t\t                                <\/tbody>\n                            <\/table>\n                        <\/div>\n\n                    <\/div>\n                <\/div>\n            <\/div>\n\t\t\t\t\t\t        <\/div>\n    <\/section>\n    <!--End Intro Style2 Area-->\n        \n        \t\t\t\t<\/div>\n\t\t\t\t<\/div>\n\t\t\t\t\t<\/div>\n\t\t<\/div>\n\t\t\t\t\t<\/div>\n\t\t<\/section>\n\t\t\t\t<\/div>\n\t\t","protected":false},"excerpt":{"rendered":"<p>Kapasite Raporu &#8211; Yerli Mal\u0131 Belgesi Ba\u015fvuru Sistemi BA\u015eVURU ADRES\u0130 &#8212;&gt;&gt;&gt; www.sanayi.org.tr &lt;&lt;&lt; &#8212;- Kapasite raporu ve yerli mal\u0131 belgesi ba\u015fvurular\u0131n\u0131z\u0131 www.sanayi.org.tr adresinden giri\u015f yaparak ba\u015fvuru i\u015flemlerinizi ba\u015flatabilirsiniz. Ba\u015fvuru klavuzlar\u0131na a\u015fa\u011f\u0131daki dosyalardan ula\u015fabilirsiniz. Kapasite Raporu &#8211; Yerli Mal\u0131 Belgesi Ba\u015fvuru Sistemi KLAVUZU \u0130ND\u0130R Dosya \/ Evrak Yetkililer \u00dcnvan \u0130leti\u015fim Kapasite Raporu Ba\u015fvuru Formu M.M\u00fccahid U\u00c7AR [&hellip;]<\/p>\n","protected":false},"author":3,"featured_media":0,"parent":0,"menu_order":0,"comment_status":"closed","ping_status":"closed","template":"tpl-default-elementor.php","meta":{"footnotes":""},"class_list":["post-3163","page","type-page","status-publish","hentry"],"jetpack_sharing_enabled":true,"_links":{"self":[{"href":"https:\/\/elazigtso.org.tr\/tr\/index.php\/wp-json\/wp\/v2\/pages\/3163","targetHints":{"allow":["GET"]}}],"collection":[{"href":"https:\/\/elazigtso.org.tr\/tr\/index.php\/wp-json\/wp\/v2\/pages"}],"about":[{"href":"https:\/\/elazigtso.org.tr\/tr\/index.php\/wp-json\/wp\/v2\/types\/page"}],"author":[{"embeddable":true,"href":"https:\/\/elazigtso.org.tr\/tr\/index.php\/wp-json\/wp\/v2\/users\/3"}],"replies":[{"embeddable":true,"href":"https:\/\/elazigtso.org.tr\/tr\/index.php\/wp-json\/wp\/v2\/comments?post=3163"}],"version-history":[{"count":91,"href":"https:\/\/elazigtso.org.tr\/tr\/index.php\/wp-json\/wp\/v2\/pages\/3163\/revisions"}],"predecessor-version":[{"id":10036,"href":"https:\/\/elazigtso.org.tr\/tr\/index.php\/wp-json\/wp\/v2\/pages\/3163\/revisions\/10036"}],"wp:attachment":[{"href":"https:\/\/elazigtso.org.tr\/tr\/index.php\/wp-json\/wp\/v2\/media?parent=3163"}],"curies":[{"name":"wp","href":"https:\/\/api.w.org\/{rel}","templated":true}]}}