{"id":3081,"date":"2023-03-15T13:14:49","date_gmt":"2023-03-15T10:14:49","guid":{"rendered":"http:\/\/elazigtso.com\/tr\/?page_id=3081"},"modified":"2023-03-15T13:31:09","modified_gmt":"2023-03-15T10:31:09","slug":"sigorta-acenteligi","status":"publish","type":"page","link":"https:\/\/elazigtso.org.tr\/tr\/index.php\/sigorta-acenteligi\/","title":{"rendered":"Sigorta Acenteli\u011fi"},"content":{"rendered":"\t\t<div data-elementor-type=\"wp-page\" data-elementor-id=\"3081\" class=\"elementor elementor-3081\">\n\t\t\t\t\t\t<section class=\"elementor-section elementor-top-section elementor-element elementor-element-7f3206b elementor-section-full_width elementor-section-height-default elementor-section-height-default\" data-id=\"7f3206b\" data-element_type=\"section\">\n\t\t\t\t\t\t<div class=\"elementor-container elementor-column-gap-default\">\n\t\t\t\t\t<div class=\"elementor-column elementor-col-100 elementor-top-column elementor-element elementor-element-2469625\" data-id=\"2469625\" data-element_type=\"column\">\n\t\t\t<div class=\"elementor-widget-wrap elementor-element-populated\">\n\t\t\t\t\t\t<div class=\"elementor-element elementor-element-8a74b77 elementor-widget elementor-widget-finbank_career_details\" data-id=\"8a74b77\" data-element_type=\"widget\" data-widget_type=\"finbank_career_details.default\">\n\t\t\t\t<div class=\"elementor-widget-container\">\n\t\t\t\t\t\t\n    <!--Start Career Details Area-->\n    <section class=\"career-details-area\">\n        <div class=\"container\">\n            <div class=\"row\">\n\n                <div class=\"col-xl-8 col-md-12 col-sm-12 \">\n                    <div class=\"career-details-content\">\n                                                <div class=\"job-title-box\">\n                            <div class=\"left\">\n                                <h4>Elaz\u0131\u011f Ticaret ve Sanayi Odas\u0131<\/h4>\n                                <h3>Sigorta Acenteli\u011fi<\/h3>\n                                                            <\/div>\n                            <div class=\"right\">\n                                                                                            <\/div>\n                        <\/div>\n\t\t\t\t\t\t                                                                                                <div class=\"requirements-content-box\">\n                            <h2>GER\u00c7EK VE T\u00dcZEL K\u0130\u015e\u0130 S\u0130GORTA ACENTELER\u0130N\u0130N  UYGUNLUK BA\u015eVURUSUNDA \u0130ZLEMES\u0130 GEREKEN Y\u00d6NTEMLER<\/h2>                            \t\t\t\t\t\t\t<ul>\n\t\t\t\t\t\t\t\t\t\t\t\t\t\t\t\t   <li>Elaz\u0131\u011f Ticaret Sicil Memurlu\u011fu\u2019nda tescil ve ilan\u0131 yap\u0131lm\u0131\u015f, unvan\u0131 mevzuata uygun Ger\u00e7ek veya T\u00fczel Ki\u015filik mevcut olmal\u0131d\u0131r. ( X S\u0130GORTA ARACILIK H\u0130Z.LTD.\u015eT\u0130, X S\u0130GORTA ACENTEL\u0130\u011e\u0130 H\u0130Z.LTD.\u015eT\u0130 veya A.\u015e  VB.) <\/li>\n\t\t\t\t\t\t\t\t\t\t\t\t\t\t\t\t   <li><a href=\"www.sigorta.org.tr\">www.sigorta.org.tr<\/a>&lt; web sitesinden (TOBB-AEKS) levhaya kayd\u0131n ilk a\u015famas\u0131 olan sigorta acente ba\u015fvuru i\u015flemi on-line yap\u0131lmaktad\u0131r. <\/li>\n\t\t\t\t\t\t\t\t\t\t\t\t\t\t\t\t   <li>Bu i\u015flemin akabinde belirtmi\u015f oldu\u011funuz e-mail hesab\u0131n\u0131za levha kay\u0131t no\u2019su gelecek ve Elaz\u0131\u011f Ticaret ve Sanayi Odas\u0131\u2019na ba\u015fvuru yapman\u0131z hususu bildirilecektir. <\/li>\n\t\t\t\t\t\t\t\t\t\t\t\t\t\t\t\t   <li>En k\u0131sa s\u00fcrede Elaz\u0131\u011f Ticaret ve Sanayi Odas\u0131, binas\u0131nda bulunan Sigorta \u0130\u015flemleri Birimi\u2019ne istenilen  belgelerle ba\u015fvuru yap\u0131lmal\u0131d\u0131r. <\/li>\n\t\t\t\t\t\t\t\t\t\t\t\t\t\t\t\t   <li>Ba\u015fvuru ile birlikte  140 TL Asgari Fiziki \u015eartlar Tetkik \u00fccretleri, Oda veznesine yat\u0131r\u0131lmas\u0131 talep edilecektir. <\/li>\n\t\t\t\t\t\t\t\t\t\t\t\t\t\t\t\t   <li>Sigorta \u0130\u015flemleri Birimi belgeleri inceler, \u015fartlar\u0131n olu\u015fmas\u0131 halinde levha kayd\u0131 ba\u015fvurusu kabul edilir. Eksik belge sunulmas\u0131 halinde belgeler teslim al\u0131nmaz. Bu sebeple \u00fcyelerimizin i\u015flem yapacak Birim personeli ile ileti\u015fim i\u00e7erisinde olmas\u0131 tavsiye edilir. <\/li>\n\t\t\t\t\t\t\t\t\t\t\t\t\t\t\t\t   <li>Ba\u015fvurunuz al\u0131nd\u0131ktan hemen sonra, Birimimiz personeli Asgari Fiziki \u015eartlar\u0131n Tetkiki i\u00e7in firman\u0131z\u0131 ziyaret ederek rapor haz\u0131rlayacakt\u0131r. Bu inceleme, Sigorta Acenteleri \u0130cra Komitesinin belirledi\u011fi kriterlere g\u00f6re yap\u0131lmaktad\u0131r. Raporun olumlu olmamas\u0131 halinde levha kayd\u0131 ba\u015fvurusu kabul edilmeyecektir. <\/li>\n\t\t\t\t\t\t\t\t\t\t\t\t\t\t\t\t   <li>Firman\u0131n levha kayd\u0131 ba\u015fvurusu onaylanmas\u0131 ile birlikte firma ba\u015fvurusu on-line olarak T\u00fcrkiye Odalar ve Borsalar Birli\u011fi\u2019ne iletilecektir. TOBB Sigortac\u0131l\u0131k M\u00fcd\u00fcrl\u00fc\u011f\u00fc taraf\u0131ndan belge incelemesi yap\u0131lmaz. Yap\u0131lan inceleme TOBB-AEKS ba\u015fvurusundaki bilgiler (\u015eirket Ortaklar\u0131, Teknik Personel, Unvan vb.) ile Birimimizin onay verdi\u011fi hususlar\u0131n onay i\u00e7in gereken \u015fartlar\u0131 ta\u015f\u0131y\u0131p ta\u015f\u0131mad\u0131\u011f\u0131 y\u00f6n\u00fcndedir. <\/li>\n\t\t\t\t\t\t\t\t\t\t\t\t\t\t\t\t   <li>\u0130\u00c7 Y\u00d6NERGE \u0130LE SINIRLI YETK\u0130L\u0130 ATANAN ACENTE M\u00dcD\u00dcR\u00dcNDE ARANAN \u015eART. <\/li>\n\t\t\t\t\t\t\t\t\t\t\t\t\t\t\t\t   <li>\u0130\u00e7 y\u00f6nerge ile s\u0131n\u0131rl\u0131 yetkili atanacak olan acente m\u00fcd\u00fcr\u00fc \u201c5684 say\u0131l\u0131 sigortac\u0131l\u0131k kanunu uyar\u0131nca yap\u0131lacak olan i\u015f ve i\u015flemlerden m\u00fcnferiden yetkili\u201d olmas\u0131 gerekmektedir. M\u00fcnferit yetkiye sahip olmayan acente m\u00fcd\u00fcr\u00fcn\u00fcn onay\u0131 2016\/27 say\u0131l\u0131 Genelgenin 5\/1 maddesi gere\u011fince onaylanmamaktad\u0131r. <\/li>\n\t\t\t\t\t\t\t\t\t\t\t\t\t\t\t\t   <li><\/li>\n\t\t\t\t\t\t\t\t\t\t\t\t\t\t\t\t   <li>Ba\u015fka faaliyet yasa\u011f\u0131: Kanunun 23 \u00fcnc\u00fc maddesinin onuncu f\u0131kras\u0131nda ge\u00e7en ba\u015fka faaliyet yasa\u011f\u0131, yaln\u0131zca acentelik faaliyeti y\u00fcr\u00fct\u00fclen ticari i\u015fletme ile s\u0131n\u0131rl\u0131d\u0131r. Bu kapsamda, acentelik faaliyeti y\u00fcr\u00fct\u00fclecek ticari i\u015fletmede; sigortac\u0131l\u0131k i\u015f ve i\u015flemleri ile sigortac\u0131l\u0131kla ba\u011flant\u0131l\u0131 di\u011fer arac\u0131l\u0131k faaliyetleri d\u0131\u015f\u0131ndaki bir i\u015fle i\u015ftigal edilmesi m\u00fcmk\u00fcn de\u011fildir. <\/li>\n\t\t\t\t\t\t\t\t\t\t\t\t\t\t\t\t   <li>Sigortac\u0131l\u0131kla ba\u011flant\u0131l\u0131 di\u011fer arac\u0131l\u0131k faaliyetleri; sigorta s\u00f6zle\u015fmesinin uzant\u0131s\u0131 olabilecek ve sigorta s\u00f6zle\u015fmelerinin haz\u0131rlanmas\u0131, uygulanmas\u0131 ve sona ermesi a\u015famalar\u0131n\u0131 tamamlay\u0131c\u0131 nitelikteki di\u011fer arac\u0131l\u0131k i\u015flemleridir. Trafik takip i\u015flemleri, fatura \u00f6demelerine arac\u0131l\u0131k edilmesi vb. i\u015fler sigortac\u0131l\u0131kla ba\u011flant\u0131l\u0131 di\u011fer arac\u0131l\u0131k faaliyetleri kapsam\u0131nda de\u011ferlendirilmez.      <\/li>\n\t\t\t\t\t\t\t\t\t\t\t\t\t\t\t\t   <li><\/li>\n\t\t\t\t\t\t\t\t\t\t\t\t\t\t\t\t   <li>TOBB taraf\u0131ndan onaylanan ba\u015fvurunuz on-line Hazine M\u00fcste\u015farl\u0131\u011f\u0131 Sigortac\u0131l\u0131k Genel M\u00fcd\u00fcrl\u00fc\u011f\u00fcne g\u00f6nderilir. Genel M\u00fcd\u00fcrl\u00fck incelemesi TOBB incelemesiyle ayn\u0131 \u015fekilde yap\u0131l\u0131r. <\/li>\n\t\t\t\t\t\t\t\t\t\t\t\t\t\t\t\t   <li>Hazine M\u00fcste\u015farl\u0131\u011f\u0131 Sigortac\u0131l\u0131k Genel M\u00fcd\u00fcrl\u00fc\u011f\u00fc\u2019n\u00fcn onay\u0131 \u015firketinizin sigorta acentesi uygunluk belgesi ald\u0131\u011f\u0131 anlam\u0131na gelir. Ancak, bu i\u015flem sonras\u0131 TOBB\u2019nin banka hesab\u0131na levha kay\u0131t \u00fccreti yat\u0131r\u0131l\u0131r. <\/li>\n\t\t\t\t\t\t\t\t\t\t\t\t\t\t\t\t   <li>Yat\u0131r\u0131lan \u00fccretin kay\u0131tlara ge\u00e7mesi ile birlikte firma, Hazine M\u00fcste\u015farl\u0131\u011f\u0131 Sigortac\u0131l\u0131k Genel M\u00fcd\u00fcrl\u00fc\u011f\u00fc\u2019n\u00fcn levhaya kay\u0131tl\u0131 acenteler listesinde g\u00f6r\u00fclecektir.      <\/li>\n\t\t\t\t\t\t\t\t\t\t\t\t\t\t\t\t   <li>Sigorta acentesi bir sigorta \u015firketi ile acentelik s\u00f6zle\u015fmesi yapma hakk\u0131na bundan b\u00f6yle sahip olacakt\u0131r. Ancak, levha kayd\u0131n\u0131 takiben alt\u0131 ay i\u00e7erisinde bir sigorta \u015firketiyle acentelik s\u00f6zle\u015fmesi kurulmaz ise levha kayd\u0131n\u0131n silinmesi yasal bir gerekliliktir. <\/li>\n\t\t\t\t\t\t\t\t\t\t\t\t\t\t\t\t   <li>Sigorta Acenteleri \u015firketleri ile ilgili her t\u00fcrl\u00fc de\u011fi\u015fiklik ve yenilikleri (Ortakl\u0131k yap\u0131s\u0131, teknik personel, adres, unvan vb.) 10 i\u015f g\u00fcn\u00fc i\u00e7inde Birimimize yaz\u0131l\u0131 olarak bildirmekle m\u00fckelleftirler. <\/li>\n\t\t\t\t\t\t\t\t\t\t\t\t\t\t\t\t   <li>Uygunluk belgesi ba\u015fvurusu <a href=\"www.sigorta.org.tr\">www.sigorta.org.tr<\/a>web sitesinden Ger\u00e7ek ve T\u00fczel Ki\u015fi sigorta acenteleri uygunluk belgesi ba\u015fvuru sorgulama ekran\u0131ndan  takip edilebilir.    <\/li>\n\t\t\t\t\t\t\t\t\t\t\t\t\t\t\t\t   <li><\/li>\n\t\t\t\t\t\t\t\t\t\t\t\t\t\t\t\t   <li><a href=\"\/tr\/wp-content\/uploads\/2023\/03\/Sigorta-Basvuru-Evraklari.doc\" target=\"_blank\" rel=\"noreferrer noopener\">GER\u00c7EK VE T\u00dcZEL K\u0130\u015e\u0130 S\u0130GORTA ACENTELERDEN UYGUNLUKBA\u015eVURUSU ESNASINDA \u0130STEN\u0130LEN EVRAKLAR<\/a><\/li>\n\t\t\t\t\t\t\t\t\t\t\t\t\t\t\t\t   <li><\/li>\n\t\t\t\t\t\t\t\t\t\t\t\t\t\t\t\t   <li><a href=\"\/tr\/wp-content\/uploads\/2023\/03\/Asgari-Fiziki-Sartlar.doc\" target=\"_blank\" rel=\"noreferrer noopener\">ASGAR\u0130 F\u0130Z\u0130K\u0130 \u015eARTLARIN BEYANI FORMU<\/a><\/li>\n\t\t\t\t\t\t\t\t\t\t\t\t\t\t\t\t   <li><\/li>\n\t\t\t\t\t\t\t\t\t\t\t\t\t\t\t\t   <li><a href=\"\/tr\/wp-content\/uploads\/2023\/03\/Sahis-Firma-Mal-Varligi.doc\" target=\"_blank\" rel=\"noreferrer noopener\">GER\u00c7EK K\u0130\u015e\u0130 MAL VARLI\u011eI BEYANI FORMU<\/a><\/li>\n\t\t\t\t\t\t\t\t\t\t\t\t\t\t\t\t   <li><\/li>\n\t\t\t\t\t\t\t\t\t\t\t\t\t\t\t\t   <li><a href=\"\/tr\/wp-content\/uploads\/2023\/03\/Tuzel-Firma-Sermaye.doc\" target=\"_blank\" rel=\"noreferrer noopener\">T\u00dcZEL K\u0130\u015e\u0130 SERMAYE B\u0130LD\u0130R\u0130M\u0130 FORMU<\/a><\/li>\n\t\t\t\t\t\t\t\t\t\t\t\t\t\t\t\t   <li><\/li>\n\t\t\t\t\t\t\t\t\t\t\t\t\t\t\t\t   <li><a href=\"\/tr\/wp-content\/uploads\/2023\/03\/Teknik-Personel-Basvuru.doc\" target=\"_blank\" rel=\"noreferrer noopener\">TEKN\u0130K PERSONEL, M\u00dcD\u00dcR VE T\u00dcZEL K\u0130\u015e\u0130LER\u0130N GER\u00c7EK ORTAKLARI \u0130\u00c7\u0130N\u0130STEN\u0130LEN BELGELER VE \u015eARTLAR<\/a><\/li>\n\t\t\t\t\t\t\t\t\t\t\t\t\t\t\t<\/ul>\n\t\t\t\t\t\t\t                        <\/div>\n\t\t\t\t\t\t                        <div class=\"job-social-share-box\">\n                            <h2>Sosyal Medya'da Payla\u015f<\/h2>                            <ul>\n                                                                <li><a class=\"\" href=\"http:\/\/www.facebook.com\/elzTSO\"><i class=\"fab fa-facebook\"><\/i>Facebook<\/a><\/li>\n                                                                <li><a class=\"tw\" href=\"http:\/\/www.twitter.com\/elazigtso\"><i class=\"fab fa-twitter\"><\/i>Twitter<\/a><\/li>\n                                                                <li><a class=\"googlep\" href=\"https:\/\/www.instagram.com\/\"><i class=\"fab fa-instagram\"><\/i>Instagram<\/a><\/li>\n                                                            <\/ul>\n                        <\/div>\n\n                    <\/div>\n                <\/div>\n\t\t\t\t                <div class=\"col-xl-4\">\n                    <div class=\"resume-box\">\n                        <div id=\"nav_menu-12\" class=\"service-widget sidebar-widget widget_nav_menu\"><div class=\"sidebar-title\"><div class=\"dot-box\"><\/div><h3>Kurumsal<\/h3><\/div><div class=\"menu-kurumsal-container\"><ul id=\"menu-kurumsal\" class=\"menu\"><li id=\"menu-item-1798\" class=\"menu-item menu-item-type-post_type menu-item-object-page menu-item-1798\"><a href=\"https:\/\/elazigtso.org.tr\/tr\/index.php\/odamiz-hakkinda\/\">Odam\u0131z Hakk\u0131nda<\/a><\/li>\n<li id=\"menu-item-1799\" class=\"menu-item menu-item-type-custom menu-item-object-custom menu-item-1799\"><a href=\"#\">Ba\u015fkan<\/a><\/li>\n<li id=\"menu-item-1800\" class=\"menu-item menu-item-type-custom menu-item-object-custom menu-item-1800\"><a href=\"#\">Y\u00f6netim Kurulu<\/a><\/li>\n<li id=\"menu-item-1801\" class=\"menu-item menu-item-type-custom menu-item-object-custom menu-item-1801\"><a href=\"#\">Meclis<\/a><\/li>\n<li id=\"menu-item-1802\" class=\"menu-item menu-item-type-custom menu-item-object-custom menu-item-1802\"><a href=\"#\">Meslek Komiteleri<\/a><\/li>\n<li id=\"menu-item-1803\" class=\"menu-item menu-item-type-custom menu-item-object-custom menu-item-1803\"><a href=\"#\">\u0130\u015ftiraklerimiz<\/a><\/li>\n<li id=\"menu-item-1804\" class=\"menu-item menu-item-type-custom menu-item-object-custom menu-item-1804\"><a href=\"#\">Projelerimiz<\/a><\/li>\n<li id=\"menu-item-1805\" class=\"menu-item menu-item-type-custom menu-item-object-custom menu-item-1805\"><a href=\"#\">Kurumsal Kimlik<\/a><\/li>\n<li id=\"menu-item-1806\" class=\"menu-item menu-item-type-custom menu-item-object-custom menu-item-1806\"><a href=\"#\">KVKK<\/a><\/li>\n<\/ul><\/div><\/div><div id=\"nav_menu-16\" class=\"service-widget sidebar-widget widget_nav_menu\"><div class=\"sidebar-title\"><div class=\"dot-box\"><\/div><h3>Hizmetler<\/h3><\/div><div class=\"menu-hizmetler-container\"><ul id=\"menu-hizmetler\" class=\"menu\"><li id=\"menu-item-3389\" class=\"menu-item menu-item-type-post_type menu-item-object-page menu-item-3389\"><a href=\"https:\/\/elazigtso.org.tr\/tr\/index.php\/ticaret-sicil-hizmetleri\/\">Ticaret Sicil Hizmetleri<\/a><\/li>\n<li id=\"menu-item-2030\" class=\"menu-item menu-item-type-custom menu-item-object-custom menu-item-2030\"><a href=\"https:\/\/uye.tobb.org.tr\/organizasyon\/firma-index.jsp\">\u00dcyelik Sistemi<\/a><\/li>\n<li id=\"menu-item-2031\" class=\"menu-item menu-item-type-custom menu-item-object-custom menu-item-2031\"><a href=\"https:\/\/uye.tobb.org.tr\/hizliaidatodeme.jsp\">H\u0131zl\u0131 Aidat \u00d6deme<\/a><\/li>\n<li id=\"menu-item-2032\" class=\"menu-item menu-item-type-custom menu-item-object-custom menu-item-2032\"><a href=\"https:\/\/uye.tobb.org.tr\/organizasyon\/firma-index.jsp\">Belge Talebi<\/a><\/li>\n<li id=\"menu-item-2033\" class=\"menu-item menu-item-type-custom menu-item-object-custom menu-item-2033\"><a href=\"https:\/\/uye.tobb.org.tr\/organizasyon\/firma-index.jsp\">Ticaret Sicil Gazetesi<\/a><\/li>\n<li id=\"menu-item-2034\" class=\"menu-item menu-item-type-custom menu-item-object-custom menu-item-2034\"><a href=\"https:\/\/uye.tobb.org.tr\/organizasyon\/firma-index.jsp\">Temsil-\u0130lzam Kullan\u0131c\u0131 Yetkilendirme<\/a><\/li>\n<li id=\"menu-item-2013\" class=\"menu-item menu-item-type-post_type menu-item-object-page menu-item-2013\"><a href=\"https:\/\/elazigtso.org.tr\/tr\/index.php\/is-makinasi-tescil\/\">\u0130\u015f Makinas\u0131 Tescil<\/a><\/li>\n<li id=\"menu-item-3390\" class=\"menu-item menu-item-type-post_type menu-item-object-page menu-item-3390\"><a href=\"https:\/\/elazigtso.org.tr\/tr\/index.php\/k-yetki-belgeleri\/\">K Yetki Belgeleri<\/a><\/li>\n<li id=\"menu-item-3392\" class=\"menu-item menu-item-type-post_type menu-item-object-page menu-item-3392\"><a href=\"https:\/\/elazigtso.org.tr\/tr\/index.php\/sayisal-takograf\/\">Say\u0131sal Tako\u011fraf<\/a><\/li>\n<li id=\"menu-item-3391\" class=\"menu-item menu-item-type-custom menu-item-object-custom menu-item-3391\"><a href=\"http:\/\/gs1.tobb.org.tr\/\">GS1 Barkod \u0130\u015flemleri<\/a><\/li>\n<li id=\"menu-item-3394\" class=\"menu-item menu-item-type-post_type menu-item-object-page menu-item-3394\"><a href=\"https:\/\/elazigtso.org.tr\/tr\/index.php\/sigorta-acenteligi\/\">Sigorta Acenteli\u011fi<\/a><\/li>\n<li id=\"menu-item-2109\" class=\"menu-item menu-item-type-post_type menu-item-object-page menu-item-2109\"><a href=\"https:\/\/elazigtso.org.tr\/tr\/index.php\/ticaret-dis-ticaret-fuarlar\/\">Ticaret \/ D\u0131\u015f Ticaret \/ Fuarlar<\/a><\/li>\n<li id=\"menu-item-3395\" class=\"menu-item menu-item-type-post_type menu-item-object-page menu-item-3395\"><a href=\"https:\/\/elazigtso.org.tr\/tr\/index.php\/sanayi-birimi-2\/\">Sanayi Birimi<\/a><\/li>\n<li id=\"menu-item-3393\" class=\"menu-item menu-item-type-post_type menu-item-object-page menu-item-3393\"><a href=\"https:\/\/elazigtso.org.tr\/tr\/index.php\/raporlar\/\">Raporlar<\/a><\/li>\n<li id=\"menu-item-2035\" class=\"menu-item menu-item-type-post_type menu-item-object-page menu-item-2035\"><a href=\"https:\/\/elazigtso.org.tr\/tr\/index.php\/tso-akademi\/\">TSO Akademi<\/a><\/li>\n<\/ul><\/div><\/div>                    <\/div>\n                <\/div>\n\t\t\t\t            <\/div>\n        <\/div>\n    <\/section>\n    <!--End Career Details Area-->\n      \n        \t\t\t\t<\/div>\n\t\t\t\t<\/div>\n\t\t\t\t\t<\/div>\n\t\t<\/div>\n\t\t\t\t\t<\/div>\n\t\t<\/section>\n\t\t\t\t<\/div>\n\t\t","protected":false},"excerpt":{"rendered":"<p>Elaz\u0131\u011f Ticaret ve Sanayi Odas\u0131 Sigorta Acenteli\u011fi GER\u00c7EK VE T\u00dcZEL K\u0130\u015e\u0130 S\u0130GORTA ACENTELER\u0130N\u0130N UYGUNLUK BA\u015eVURUSUNDA \u0130ZLEMES\u0130 GEREKEN Y\u00d6NTEMLER Elaz\u0131\u011f Ticaret Sicil Memurlu\u011fu\u2019nda tescil ve ilan\u0131 yap\u0131lm\u0131\u015f, unvan\u0131 mevzuata uygun Ger\u00e7ek veya T\u00fczel Ki\u015filik mevcut olmal\u0131d\u0131r. ( X S\u0130GORTA ARACILIK H\u0130Z.LTD.\u015eT\u0130, X S\u0130GORTA ACENTEL\u0130\u011e\u0130 H\u0130Z.LTD.\u015eT\u0130 veya A.\u015e VB.) www.sigorta.org.tr&lt; web sitesinden (TOBB-AEKS) levhaya kayd\u0131n ilk a\u015famas\u0131 [&hellip;]<\/p>\n","protected":false},"author":3,"featured_media":0,"parent":0,"menu_order":0,"comment_status":"closed","ping_status":"closed","template":"tpl-default-elementor.php","meta":{"footnotes":""},"class_list":["post-3081","page","type-page","status-publish","hentry"],"jetpack_sharing_enabled":true,"_links":{"self":[{"href":"https:\/\/elazigtso.org.tr\/tr\/index.php\/wp-json\/wp\/v2\/pages\/3081","targetHints":{"allow":["GET"]}}],"collection":[{"href":"https:\/\/elazigtso.org.tr\/tr\/index.php\/wp-json\/wp\/v2\/pages"}],"about":[{"href":"https:\/\/elazigtso.org.tr\/tr\/index.php\/wp-json\/wp\/v2\/types\/page"}],"author":[{"embeddable":true,"href":"https:\/\/elazigtso.org.tr\/tr\/index.php\/wp-json\/wp\/v2\/users\/3"}],"replies":[{"embeddable":true,"href":"https:\/\/elazigtso.org.tr\/tr\/index.php\/wp-json\/wp\/v2\/comments?post=3081"}],"version-history":[{"count":10,"href":"https:\/\/elazigtso.org.tr\/tr\/index.php\/wp-json\/wp\/v2\/pages\/3081\/revisions"}],"predecessor-version":[{"id":3128,"href":"https:\/\/elazigtso.org.tr\/tr\/index.php\/wp-json\/wp\/v2\/pages\/3081\/revisions\/3128"}],"wp:attachment":[{"href":"https:\/\/elazigtso.org.tr\/tr\/index.php\/wp-json\/wp\/v2\/media?parent=3081"}],"curies":[{"name":"wp","href":"https:\/\/api.w.org\/{rel}","templated":true}]}}