{"id":3022,"date":"2023-03-15T12:56:22","date_gmt":"2023-03-15T09:56:22","guid":{"rendered":"http:\/\/elazigtso.com\/tr\/?page_id=3022"},"modified":"2023-07-20T16:53:35","modified_gmt":"2023-07-20T13:53:35","slug":"turk-patent-birimi","status":"publish","type":"page","link":"https:\/\/elazigtso.org.tr\/tr\/index.php\/turk-patent-birimi\/","title":{"rendered":"T\u00fcrk Patent Birimi"},"content":{"rendered":"\n<div class=\"wp-block-media-text alignwide is-stacked-on-mobile\"><figure class=\"wp-block-media-text__media\"><img fetchpriority=\"high\" decoding=\"async\" width=\"308\" height=\"200\" src=\"http:\/\/elazigtso.com\/tr\/wp-content\/uploads\/2023\/03\/7fUgWOk0VQ.png\" alt=\"\" class=\"wp-image-3023 size-full\" srcset=\"https:\/\/elazigtso.org.tr\/tr\/wp-content\/uploads\/2023\/03\/7fUgWOk0VQ.png 308w, https:\/\/elazigtso.org.tr\/tr\/wp-content\/uploads\/2023\/03\/7fUgWOk0VQ-300x195.png 300w\" sizes=\"(max-width: 308px) 100vw, 308px\" \/><\/figure><div class=\"wp-block-media-text__content\">\n<p><\/p>\n\n\n\n<p>T\u00fcrkiye geneli Bilgi ve Dok\u00fcman Birimlerine a\u015fa\u011f\u0131daki <a href=\"https:\/\/www.turkpatent.gov.tr\/bilgi-ve-dokuman-birimleri\" target=\"_blank\" rel=\"noreferrer noopener\">linkten<\/a> ula\u015fabilirsiniz.<\/p>\n\n\n\n<p>Oda Yetkilileri:<\/p>\n\n\n\n<p>M. M\u00fccahid U\u00c7AR &#8211; Sanayi Birimi ve Akreditasyon Sorumlusu \/ Tel: 0424 218 3500 &#8211; 1136<\/p>\n\n\n\n<p><\/p>\n<\/div><\/div>\n\n\n\n<ul class=\"wp-block-list\">\n<li><a href=\"https:\/\/www.turkpatent.gov.tr\/mevzuat\" target=\"_blank\" rel=\"noreferrer noopener\"><strong>T\u00fcrk Patent Mevzuat\u0131<\/strong><\/a><\/li>\n\n\n\n<li><a rel=\"noreferrer noopener\" href=\"https:\/\/www.turkpatent.gov.tr\/hizmetlerimiz\" target=\"_blank\"><strong>T\u00fcrk Patent Marka Kurum Hizmetleri<\/strong><\/a><\/li>\n\n\n\n<li><a rel=\"noreferrer noopener\" href=\"https:\/\/www.turkpatent.gov.tr\/istatistikler\" target=\"_blank\"><strong>T\u00fcrk Patent \u0130statistikler<\/strong><\/a><\/li>\n<\/ul>\n","protected":false},"excerpt":{"rendered":"<p>T\u00fcrkiye geneli Bilgi ve Dok\u00fcman Birimlerine a\u015fa\u011f\u0131daki linkten ula\u015fabilirsiniz. Oda Yetkilileri: M. M\u00fccahid U\u00c7AR &#8211; Sanayi Birimi ve Akreditasyon Sorumlusu \/ Tel: 0424 218 3500 &#8211; 1136<\/p>\n","protected":false},"author":3,"featured_media":0,"parent":0,"menu_order":0,"comment_status":"closed","ping_status":"closed","template":"","meta":{"footnotes":""},"class_list":["post-3022","page","type-page","status-publish","hentry"],"jetpack_sharing_enabled":true,"_links":{"self":[{"href":"https:\/\/elazigtso.org.tr\/tr\/index.php\/wp-json\/wp\/v2\/pages\/3022","targetHints":{"allow":["GET"]}}],"collection":[{"href":"https:\/\/elazigtso.org.tr\/tr\/index.php\/wp-json\/wp\/v2\/pages"}],"about":[{"href":"https:\/\/elazigtso.org.tr\/tr\/index.php\/wp-json\/wp\/v2\/types\/page"}],"author":[{"embeddable":true,"href":"https:\/\/elazigtso.org.tr\/tr\/index.php\/wp-json\/wp\/v2\/users\/3"}],"replies":[{"embeddable":true,"href":"https:\/\/elazigtso.org.tr\/tr\/index.php\/wp-json\/wp\/v2\/comments?post=3022"}],"version-history":[{"count":3,"href":"https:\/\/elazigtso.org.tr\/tr\/index.php\/wp-json\/wp\/v2\/pages\/3022\/revisions"}],"predecessor-version":[{"id":3799,"href":"https:\/\/elazigtso.org.tr\/tr\/index.php\/wp-json\/wp\/v2\/pages\/3022\/revisions\/3799"}],"wp:attachment":[{"href":"https:\/\/elazigtso.org.tr\/tr\/index.php\/wp-json\/wp\/v2\/media?parent=3022"}],"curies":[{"name":"wp","href":"https:\/\/api.w.org\/{rel}","templated":true}]}}