{"id":2986,"date":"2023-03-15T10:45:40","date_gmt":"2023-03-15T07:45:40","guid":{"rendered":"http:\/\/elazigtso.com\/tr\/?page_id=2986"},"modified":"2023-03-15T10:53:07","modified_gmt":"2023-03-15T07:53:07","slug":"mukemmelliyet-merkezi","status":"publish","type":"page","link":"https:\/\/elazigtso.org.tr\/tr\/index.php\/mukemmelliyet-merkezi\/","title":{"rendered":"M\u00fckemmelliyet Merkezi"},"content":{"rendered":"\n<div class=\"wp-block-media-text alignwide is-stacked-on-mobile\"><figure class=\"wp-block-media-text__media\"><img fetchpriority=\"high\" decoding=\"async\" width=\"400\" height=\"300\" src=\"http:\/\/elazigtso.com\/tr\/wp-content\/uploads\/2023\/03\/aft.jpeg\" alt=\"\" class=\"wp-image-2988 size-full\" srcset=\"https:\/\/elazigtso.org.tr\/tr\/wp-content\/uploads\/2023\/03\/aft.jpeg 400w, https:\/\/elazigtso.org.tr\/tr\/wp-content\/uploads\/2023\/03\/aft-300x225.jpeg 300w\" sizes=\"(max-width: 400px) 100vw, 400px\" \/><\/figure><div class=\"wp-block-media-text__content\">\n<p><\/p>\n\n\n\n<h2 class=\"wp-block-heading\"><a href=\"\/tr\/index.php\/afetlere-dayaniklilik-ve-is-surekliligi-mukemmeliyet-merkezleri\/\">Afetlere Dayan\u0131kl\u0131l\u0131k ve \u0130\u015f S\u00fcreklili\u011fi M\u00fckemmeliyet Merkezleri<\/a><\/h2>\n\n\n\n<p><\/p>\n<\/div><\/div>\n\n\n\n<br><br>\n\n\n\n<div class=\"wp-block-media-text alignwide has-media-on-the-right is-stacked-on-mobile\"><div class=\"wp-block-media-text__content\">\n<p><\/p>\n\n\n\n<h2 class=\"wp-block-heading\"><strong><a href=\"\/tr\/index.php\/saglam-kobi-internet-sitesi-kayit-yonergesi\/\">Sa\u011flam KOB\u0130 \u0130nternet Sitesi Kay\u0131t Y\u00f6nergesi<\/a><\/strong><\/h2>\n<\/div><figure class=\"wp-block-media-text__media\"><img decoding=\"async\" width=\"400\" height=\"300\" src=\"http:\/\/elazigtso.com\/tr\/wp-content\/uploads\/2023\/03\/sk.jpeg\" alt=\"\" class=\"wp-image-2990 size-full\" srcset=\"https:\/\/elazigtso.org.tr\/tr\/wp-content\/uploads\/2023\/03\/sk.jpeg 400w, https:\/\/elazigtso.org.tr\/tr\/wp-content\/uploads\/2023\/03\/sk-300x225.jpeg 300w\" sizes=\"(max-width: 400px) 100vw, 400px\" \/><\/figure><\/div>\n\n\n\n<div class=\"wp-block-media-text alignwide is-stacked-on-mobile\"><figure class=\"wp-block-media-text__media\"><img decoding=\"async\" width=\"400\" height=\"300\" src=\"http:\/\/elazigtso.com\/tr\/wp-content\/uploads\/2023\/03\/BXG5xVxskm.jpeg\" alt=\"\" class=\"wp-image-2991 size-full\" srcset=\"https:\/\/elazigtso.org.tr\/tr\/wp-content\/uploads\/2023\/03\/BXG5xVxskm.jpeg 400w, https:\/\/elazigtso.org.tr\/tr\/wp-content\/uploads\/2023\/03\/BXG5xVxskm-300x225.jpeg 300w\" sizes=\"(max-width: 400px) 100vw, 400px\" \/><\/figure><div class=\"wp-block-media-text__content\">\n<p><\/p>\n\n\n\n<h2 class=\"wp-block-heading\"><a href=\"\/tr\/index.php\/sikca-sorulan-sorular\/\">S\u0131k\u00e7a Sorulan Sorular<\/a><\/h2>\n<\/div><\/div>\n\n\n\n<div class=\"wp-block-media-text alignwide has-media-on-the-right is-stacked-on-mobile\"><div class=\"wp-block-media-text__content\">\n<p><\/p>\n\n\n\n<h2 class=\"wp-block-heading\"><a href=\"https:\/\/survey123.arcgis.com\/share\/62020770d0564200a5a1ce74e333188d?portalUrl=https:\/\/admin.ihtiyacharitasi.org\/portal\" target=\"_blank\" rel=\"noreferrer noopener\">\u0130\u015fletmeler \u0130\u00e7in Sa\u011flam KOB\u0130 Haritas\u0131 Kat\u0131l\u0131m Formu<\/a><\/h2>\n<\/div><figure class=\"wp-block-media-text__media\"><img loading=\"lazy\" decoding=\"async\" width=\"400\" height=\"300\" src=\"http:\/\/elazigtso.com\/tr\/wp-content\/uploads\/2023\/03\/x82kMzyNC7.jpeg\" alt=\"\" class=\"wp-image-2992 size-full\" srcset=\"https:\/\/elazigtso.org.tr\/tr\/wp-content\/uploads\/2023\/03\/x82kMzyNC7.jpeg 400w, https:\/\/elazigtso.org.tr\/tr\/wp-content\/uploads\/2023\/03\/x82kMzyNC7-300x225.jpeg 300w\" sizes=\"(max-width: 400px) 100vw, 400px\" \/><\/figure><\/div>\n","protected":false},"excerpt":{"rendered":"<p>Afetlere Dayan\u0131kl\u0131l\u0131k ve \u0130\u015f S\u00fcreklili\u011fi M\u00fckemmeliyet Merkezleri Sa\u011flam KOB\u0130 \u0130nternet Sitesi Kay\u0131t Y\u00f6nergesi S\u0131k\u00e7a Sorulan Sorular \u0130\u015fletmeler \u0130\u00e7in Sa\u011flam KOB\u0130 Haritas\u0131 Kat\u0131l\u0131m Formu<\/p>\n","protected":false},"author":3,"featured_media":0,"parent":0,"menu_order":0,"comment_status":"closed","ping_status":"closed","template":"","meta":{"footnotes":""},"class_list":["post-2986","page","type-page","status-publish","hentry"],"jetpack_sharing_enabled":true,"_links":{"self":[{"href":"https:\/\/elazigtso.org.tr\/tr\/index.php\/wp-json\/wp\/v2\/pages\/2986","targetHints":{"allow":["GET"]}}],"collection":[{"href":"https:\/\/elazigtso.org.tr\/tr\/index.php\/wp-json\/wp\/v2\/pages"}],"about":[{"href":"https:\/\/elazigtso.org.tr\/tr\/index.php\/wp-json\/wp\/v2\/types\/page"}],"author":[{"embeddable":true,"href":"https:\/\/elazigtso.org.tr\/tr\/index.php\/wp-json\/wp\/v2\/users\/3"}],"replies":[{"embeddable":true,"href":"https:\/\/elazigtso.org.tr\/tr\/index.php\/wp-json\/wp\/v2\/comments?post=2986"}],"version-history":[{"count":2,"href":"https:\/\/elazigtso.org.tr\/tr\/index.php\/wp-json\/wp\/v2\/pages\/2986\/revisions"}],"predecessor-version":[{"id":2993,"href":"https:\/\/elazigtso.org.tr\/tr\/index.php\/wp-json\/wp\/v2\/pages\/2986\/revisions\/2993"}],"wp:attachment":[{"href":"https:\/\/elazigtso.org.tr\/tr\/index.php\/wp-json\/wp\/v2\/media?parent=2986"}],"curies":[{"name":"wp","href":"https:\/\/api.w.org\/{rel}","templated":true}]}}