{"id":2960,"date":"2023-03-15T10:32:13","date_gmt":"2023-03-15T07:32:13","guid":{"rendered":"http:\/\/elazigtso.com\/tr\/?page_id=2960"},"modified":"2023-03-15T10:43:38","modified_gmt":"2023-03-15T07:43:38","slug":"sikca-sorulan-sorular","status":"publish","type":"page","link":"https:\/\/elazigtso.org.tr\/tr\/index.php\/sikca-sorulan-sorular\/","title":{"rendered":"S\u0131k\u00e7a Sorulan Sorular"},"content":{"rendered":"\t\t<div data-elementor-type=\"wp-page\" data-elementor-id=\"2960\" class=\"elementor elementor-2960\">\n\t\t\t\t\t\t<section class=\"elementor-section elementor-top-section elementor-element elementor-element-7f3206b elementor-section-full_width elementor-section-height-default elementor-section-height-default\" data-id=\"7f3206b\" data-element_type=\"section\">\n\t\t\t\t\t\t<div class=\"elementor-container elementor-column-gap-default\">\n\t\t\t\t\t<div class=\"elementor-column elementor-col-100 elementor-top-column elementor-element elementor-element-2469625\" data-id=\"2469625\" data-element_type=\"column\">\n\t\t\t<div class=\"elementor-widget-wrap elementor-element-populated\">\n\t\t\t\t\t\t<div class=\"elementor-element elementor-element-8a74b77 elementor-widget elementor-widget-finbank_career_details\" data-id=\"8a74b77\" data-element_type=\"widget\" data-widget_type=\"finbank_career_details.default\">\n\t\t\t\t<div class=\"elementor-widget-container\">\n\t\t\t\t\t\t\n    <!--Start Career Details Area-->\n    <section class=\"career-details-area\">\n        <div class=\"container\">\n            <div class=\"row\">\n\n                <div class=\"col-xl-8 col-md-12 col-sm-12 \">\n                    <div class=\"career-details-content\">\n                                                <div class=\"job-title-box\">\n                            <div class=\"left\">\n                                <h4>Elaz\u0131\u011f Ticaret ve Sanayi Odas\u0131<\/h4>\n                                <h3>S\u0131k\u00e7a Sorulan Sorular<\/h3>\n                                                            <\/div>\n                            <div class=\"right\">\n                                                                                            <\/div>\n                        <\/div>\n\t\t\t\t\t\t                                                <div class=\"job-description-content\">\n                                                         \n\n<b>M\u00fckemmeliyet Merkezi nedir?<\/b>\n<br><br>\nM\u00fckemmeliyet Merkezi; kendisine ba\u011fl\u0131 t\u00fcm \u00fcye i\u015fletmelerin i\u015f s\u00fcreklili\u011finin devam\u0131 i\u00e7in g\u00fc\u00e7lendirilmesi zorunlu olan afet dayan\u0131kl\u0131l\u0131\u011f\u0131 ve dijital dayan\u0131kl\u0131l\u0131k alanlar\u0131nda birincil dan\u0131\u015fma hizmeti verme kapasitesine sahip Ticaret ve Sanayi Odalar\u0131na denir.\n<br><br>\nBir Odan\u0131n M\u00fckemmeliyet Merkezi olarak adland\u0131r\u0131labilmesi i\u00e7in M\u00fckemmeliyet Merkezi Kontrol Listesi\u2019nde yer alan ko\u015fullar\u0131 sa\u011flamas\u0131 gerekmektedir.\n<br>\n<b>M\u00fckemmeliyet Merkezi \u00fcye i\u015fletmesinden gelen soruyu yan\u0131tlamak konusunda deste\u011fe ihtiya\u00e7 duyarsa kimden destek alabilir? <\/b>\n\n\n<br><br>\nM\u00fckemmeliyet Merkezi; kendisine ba\u011fl\u0131 t\u00fcm \u00fcye i\u015fletmelerin i\u015f s\u00fcreklili\u011finin devam\u0131 i\u00e7in g\u00fc\u00e7lendirilmesi zorunlu olan afet dayan\u0131kl\u0131l\u0131\u011f\u0131 ve dijital dayan\u0131kl\u0131l\u0131k alanlar\u0131nda birincil dan\u0131\u015fma hizmeti verme kapasitesine sahip Ticaret ve Sanayi Odalar\u0131na denir.\n<br>\nBir Odan\u0131n M\u00fckemmeliyet Merkezi olarak adland\u0131r\u0131labilmesi i\u00e7in <p><a href=\"https:\/\/docs.google.com\/spreadsheets\/d\/1aip8-nqAMZrdunFUEEOlZA5ikU2baMuRKy3THcWnVvw\/edit#gid=0\" target=\"_blank\" rel=\"noreferrer noopener\">M\u00fckemmeliyet Merkezi Kontrol Listesi<\/a><\/p>\u2019nde yer alan ko\u015fullar\u0131 sa\u011flamas\u0131 gerekmektedir.\n<br>\n<b>M\u00fckemmeliyet Merkezi \u00fcye i\u015fletmesinden gelen soruyu yan\u0131tlamak konusunda deste\u011fe ihtiya\u00e7 duyarsa kimden destek alabilir?<\/b>\n<br>\nM\u00fckemmeliyet Merkezleri dan\u0131\u015fanlar\u0131n\u0131n sorun ve ihtiya\u00e7lar\u0131na \u00e7\u00f6z\u00fcm \u00fcretmekte deste\u011fe ihtiya\u00e7 duymalar\u0131 haline afet dayan\u0131kl\u0131l\u0131\u011f\u0131 ve dijital dayan\u0131kl\u0131l\u0131k konular\u0131nda Sa\u011flam KOB\u0130 ekibi ve e\u011fitmenlerine belirtilen ileti\u015fim kanallar\u0131 \u00fczerinden ula\u015farak destek alma imkan\u0131na sahiptir.\n<br><br>\n<b>Dijital Sa\u011flam KOB\u0130 Haritas\u0131 nedir ve ne i\u015fe yarar?<\/b>\n<br>\n\u201cSa\u011flam KOB\u0130 Haritas\u0131\u201d, T\u00fcrkiye genelinde faaliyet g\u00f6steren binlerce KOB\u0130\u2019nin Co\u011frafi bilgi sistemi (GIS) tabanl\u0131 dijital bir harita uygulamas\u0131 arac\u0131l\u0131\u011f\u0131yla;\n<br>\n\n\u25cf     Afet dayan\u0131kl\u0131l\u0131\u011f\u0131n\u0131n takip edilebilece\u011fi,\n<br>\n\u25cf     Afet ve acil durumlarda etkilenme d\u00fczeyi ve ihtiya\u00e7lar\u0131n\u0131n ilgili kurumlarca tespit edilip m\u00fcdahale edilebilece\u011fi,\n<br>\n\u25cf     Sekt\u00f6r ve yerel i\u015fletme ekosistemi ile etkile\u015fimde kalarak daha aktif faaliyet g\u00f6sterebilece\u011fi,\n<br>\nonline bir sosyal dayan\u0131\u015fma platformudur.\n<br><br>\n \n<b>Dijital Sa\u011flam KOB\u0130 Haritas\u0131 uzun vadede neler vadediyor?<\/b>\n<br>\nSa\u011flam KOB\u0130 Haritas\u0131, halihaz\u0131rda dijital tabanl\u0131 afete haz\u0131rl\u0131k ve yenilik\u00e7i bir acil durum m\u00fcdahale platformu olma \u00f6zelli\u011finin yan\u0131 s\u0131ra uzun vadede;\n<br>\n \n<b>E\u011fitmenlere webinar sonras\u0131nda nas\u0131l ula\u015fabilirim? <\/b>\n<br>\nWebinar sonras\u0131nda Afet Dayan\u0131kl\u0131l\u0131\u011f\u0131 E\u011fitmeni Almes Y\u00fcksel\u2019e https:\/\/saglamkobi.org adresinde yer alan \u201cCanl\u0131 Destek\u201d butonu arac\u0131l\u0131\u011f\u0131 ile bildirimde bulunabilirsiniz. Dijital Pazarlama E\u011fitmeni Devrim Ekmek\u00e7i\u2019ye ise Ment\u00f6rl\u00fck Seanslar\u0131 s\u0131ras\u0131nda sizinle payla\u015f\u0131lan ortak \u00e7al\u0131\u015fma dok\u00fcman\u0131na sorunuzu girerek ula\u015fabilirsiniz. E\u011fitmenlerimiz uygunluk durumlar\u0131na g\u00f6re sizlere 48 saat i\u00e7erisinde geri d\u00f6n\u00fc\u015f sa\u011flayacakt\u0131r.\n<br>\n \n<b>Teknik destek ekibi ile nas\u0131l ileti\u015fim kurabilirim?<\/b>\n<br>\nEkibimiz ile hem \u201cCanl\u0131 Destek\u201d butonu arac\u0131l\u0131\u011f\u0131 ile hem de  info@saglamkobi.com adresine e-posta g\u00f6ndererek ula\u015fabilirsiniz. Ekip arkada\u015flar\u0131m\u0131z sizlere 48 saat i\u00e7erisinde mutlaka geri d\u00f6n\u00fc\u015f sa\u011flayacakt\u0131r.\n<br>\n\n<b>E\u011fitimler kapsam\u0131nda yer alan Sa\u011flam KOB\u0130 ara\u00e7lar\u0131na nereden ula\u015fabilirim?<\/b>\n<br>\nAfet Diren\u00e7 Testi, En \u0130yi 20 \u0130pucu, \u00c7al\u0131\u015fma Kitap\u00e7\u0131\u011f\u0131 ve Acil Durum Eylem Plan\u0131\u2019ndan olu\u015fan Sa\u011flam KOB\u0130 Ara\u00e7 Kiti\u2019ne https:\/\/saglamkobi.org\/ web sitesine \u00fcye olarak eri\u015febilirsiniz. \u00dcye olduktan sonra web sitemizdeki t\u00fcm ara\u00e7lardan \u00fccretsiz olarak faydalanabilirsiniz. Ayr\u0131ca https:\/\/dijital.saglamkobi.org web sitesine \u00fccretsiz kay\u0131t olarak dijitalle\u015fme ve afet dayan\u0131kl\u0131l\u0131\u011f\u0131 alan\u0131nda e\u011fitmenlerimiz taraf\u0131ndan verilmi\u015f webinarlar\u0131n video kay\u0131tlar\u0131na ula\u015fabilirsiniz.\n\n\n<br>\nM\u00fckemmeliyet Merkezleri dan\u0131\u015fanlar\u0131n\u0131n sorun ve ihtiya\u00e7lar\u0131na \u00e7\u00f6z\u00fcm \u00fcretmekte deste\u011fe ihtiya\u00e7 duymalar\u0131 haline afet dayan\u0131kl\u0131l\u0131\u011f\u0131 ve dijital dayan\u0131kl\u0131l\u0131k konular\u0131nda Sa\u011flam KOB\u0130 ekibi ve e\u011fitmenlerine belirtilen ileti\u015fim kanallar\u0131 \u00fczerinden ula\u015farak destek alma imkan\u0131na sahiptir.\n<br><br>\n<b>Dijital Sa\u011flam KOB\u0130 Haritas\u0131 nedir ve ne i\u015fe yarar?<\/b>\n<br>\n\u201cSa\u011flam KOB\u0130 Haritas\u0131\u201d, T\u00fcrkiye genelinde faaliyet g\u00f6steren binlerce KOB\u0130\u2019nin Co\u011frafi bilgi sistemi (GIS) tabanl\u0131 dijital bir harita uygulamas\u0131 arac\u0131l\u0131\u011f\u0131yla;\n<br>\n\n\u25cf     Afet dayan\u0131kl\u0131l\u0131\u011f\u0131n\u0131n takip edilebilece\u011fi,\n<br>\n\u25cf     Afet ve acil durumlarda etkilenme d\u00fczeyi ve ihtiya\u00e7lar\u0131n\u0131n ilgili kurumlarca tespit edilip m\u00fcdahale edilebilece\u011fi,\n<br>\n\u25cf     Sekt\u00f6r ve yerel i\u015fletme ekosistemi ile etkile\u015fimde kalarak daha aktif faaliyet g\u00f6sterebilece\u011fi,\n<br>\nonline bir sosyal dayan\u0131\u015fma platformudur.\n<br><br>\n \n<b>Dijital Sa\u011flam KOB\u0130 Haritas\u0131 uzun vadede neler vadediyor?<\/b>\n<br>\nSa\u011flam KOB\u0130 Haritas\u0131, halihaz\u0131rda dijital tabanl\u0131 afete haz\u0131rl\u0131k ve yenilik\u00e7i bir acil durum m\u00fcdahale platformu olma \u00f6zelli\u011finin yan\u0131 s\u0131ra uzun vadede;\n<br>\n \n<b>E\u011fitmenlere webinar sonras\u0131nda nas\u0131l ula\u015fabilirim? <\/b>\n<br>\nWebinar sonras\u0131nda Afet Dayan\u0131kl\u0131l\u0131\u011f\u0131 E\u011fitmeni Almes Y\u00fcksel\u2019e https:\/\/saglamkobi.org adresinde yer alan \u201cCanl\u0131 Destek\u201d butonu arac\u0131l\u0131\u011f\u0131 ile bildirimde bulunabilirsiniz. Dijital Pazarlama E\u011fitmeni Devrim Ekmek\u00e7i\u2019ye ise Ment\u00f6rl\u00fck Seanslar\u0131 s\u0131ras\u0131nda sizinle payla\u015f\u0131lan ortak \u00e7al\u0131\u015fma dok\u00fcman\u0131na sorunuzu girerek ula\u015fabilirsiniz. E\u011fitmenlerimiz uygunluk durumlar\u0131na g\u00f6re sizlere 48 saat i\u00e7erisinde geri d\u00f6n\u00fc\u015f sa\u011flayacakt\u0131r.\n<br>\n \n<b>Teknik destek ekibi ile nas\u0131l ileti\u015fim kurabilirim?<\/b>\n<br>\nEkibimiz ile hem \u201cCanl\u0131 Destek\u201d butonu arac\u0131l\u0131\u011f\u0131 ile hem de  info@saglamkobi.com adresine e-posta g\u00f6ndererek ula\u015fabilirsiniz. Ekip arkada\u015flar\u0131m\u0131z sizlere 48 saat i\u00e7erisinde mutlaka geri d\u00f6n\u00fc\u015f sa\u011flayacakt\u0131r.\n<br>\n\n<b>E\u011fitimler kapsam\u0131nda yer alan Sa\u011flam KOB\u0130 ara\u00e7lar\u0131na nereden ula\u015fabilirim?<\/b>\n<br>\nAfet Diren\u00e7 Testi, En \u0130yi 20 \u0130pucu, \u00c7al\u0131\u015fma Kitap\u00e7\u0131\u011f\u0131 ve Acil Durum Eylem Plan\u0131\u2019ndan olu\u015fan Sa\u011flam KOB\u0130 Ara\u00e7 Kiti\u2019ne https:\/\/saglamkobi.org\/ web sitesine \u00fcye olarak eri\u015febilirsiniz. \u00dcye olduktan sonra web sitemizdeki t\u00fcm ara\u00e7lardan \u00fccretsiz olarak faydalanabilirsiniz. Ayr\u0131ca https:\/\/dijital.saglamkobi.org web sitesine \u00fccretsiz kay\u0131t olarak dijitalle\u015fme ve afet dayan\u0131kl\u0131l\u0131\u011f\u0131 alan\u0131nda e\u011fitmenlerimiz taraf\u0131ndan verilmi\u015f webinarlar\u0131n video kay\u0131tlar\u0131na ula\u015fabilirsiniz.\n\n                        <\/div>\n\t\t\t\t\t\t                                                                        <div class=\"job-social-share-box\">\n                            <h2>Sosyal Medya'da Payla\u015f<\/h2>                            <ul>\n                                                                <li><a class=\"\" href=\"http:\/\/www.facebook.com\/elzTSO\"><i class=\"fab fa-facebook\"><\/i>Facebook<\/a><\/li>\n                                                                <li><a class=\"tw\" href=\"http:\/\/www.twitter.com\/elazigtso\"><i class=\"fab fa-twitter\"><\/i>Twitter<\/a><\/li>\n                                                                <li><a class=\"googlep\" href=\"https:\/\/www.instagram.com\/\"><i class=\"fab fa-instagram\"><\/i>Instagram<\/a><\/li>\n                                                            <\/ul>\n                        <\/div>\n\n                    <\/div>\n                <\/div>\n\t\t\t\t                <div class=\"col-xl-4\">\n                    <div class=\"resume-box\">\n                        <div id=\"nav_menu-12\" class=\"service-widget sidebar-widget widget_nav_menu\"><div class=\"sidebar-title\"><div class=\"dot-box\"><\/div><h3>Kurumsal<\/h3><\/div><div class=\"menu-kurumsal-container\"><ul id=\"menu-kurumsal\" class=\"menu\"><li id=\"menu-item-1798\" class=\"menu-item menu-item-type-post_type menu-item-object-page menu-item-1798\"><a href=\"https:\/\/elazigtso.org.tr\/tr\/index.php\/odamiz-hakkinda\/\">Odam\u0131z Hakk\u0131nda<\/a><\/li>\n<li id=\"menu-item-1799\" class=\"menu-item menu-item-type-custom menu-item-object-custom menu-item-1799\"><a href=\"#\">Ba\u015fkan<\/a><\/li>\n<li id=\"menu-item-1800\" class=\"menu-item menu-item-type-custom menu-item-object-custom menu-item-1800\"><a href=\"#\">Y\u00f6netim Kurulu<\/a><\/li>\n<li id=\"menu-item-1801\" class=\"menu-item menu-item-type-custom menu-item-object-custom menu-item-1801\"><a href=\"#\">Meclis<\/a><\/li>\n<li id=\"menu-item-1802\" class=\"menu-item menu-item-type-custom menu-item-object-custom menu-item-1802\"><a href=\"#\">Meslek Komiteleri<\/a><\/li>\n<li id=\"menu-item-1803\" class=\"menu-item menu-item-type-custom menu-item-object-custom menu-item-1803\"><a href=\"#\">\u0130\u015ftiraklerimiz<\/a><\/li>\n<li id=\"menu-item-1804\" class=\"menu-item menu-item-type-custom menu-item-object-custom menu-item-1804\"><a href=\"#\">Projelerimiz<\/a><\/li>\n<li id=\"menu-item-1805\" class=\"menu-item menu-item-type-custom menu-item-object-custom menu-item-1805\"><a href=\"#\">Kurumsal Kimlik<\/a><\/li>\n<li id=\"menu-item-1806\" class=\"menu-item menu-item-type-custom menu-item-object-custom menu-item-1806\"><a href=\"#\">KVKK<\/a><\/li>\n<\/ul><\/div><\/div><div id=\"nav_menu-16\" class=\"service-widget sidebar-widget widget_nav_menu\"><div class=\"sidebar-title\"><div class=\"dot-box\"><\/div><h3>Hizmetler<\/h3><\/div><div class=\"menu-hizmetler-container\"><ul id=\"menu-hizmetler\" class=\"menu\"><li id=\"menu-item-3389\" class=\"menu-item menu-item-type-post_type menu-item-object-page menu-item-3389\"><a href=\"https:\/\/elazigtso.org.tr\/tr\/index.php\/ticaret-sicil-hizmetleri\/\">Ticaret Sicil Hizmetleri<\/a><\/li>\n<li id=\"menu-item-2030\" class=\"menu-item menu-item-type-custom menu-item-object-custom menu-item-2030\"><a href=\"https:\/\/uye.tobb.org.tr\/organizasyon\/firma-index.jsp\">\u00dcyelik Sistemi<\/a><\/li>\n<li id=\"menu-item-2031\" class=\"menu-item menu-item-type-custom menu-item-object-custom menu-item-2031\"><a href=\"https:\/\/uye.tobb.org.tr\/hizliaidatodeme.jsp\">H\u0131zl\u0131 Aidat \u00d6deme<\/a><\/li>\n<li id=\"menu-item-2032\" class=\"menu-item menu-item-type-custom menu-item-object-custom menu-item-2032\"><a href=\"https:\/\/uye.tobb.org.tr\/organizasyon\/firma-index.jsp\">Belge Talebi<\/a><\/li>\n<li id=\"menu-item-2033\" class=\"menu-item menu-item-type-custom menu-item-object-custom menu-item-2033\"><a href=\"https:\/\/uye.tobb.org.tr\/organizasyon\/firma-index.jsp\">Ticaret Sicil Gazetesi<\/a><\/li>\n<li id=\"menu-item-2034\" class=\"menu-item menu-item-type-custom menu-item-object-custom menu-item-2034\"><a href=\"https:\/\/uye.tobb.org.tr\/organizasyon\/firma-index.jsp\">Temsil-\u0130lzam Kullan\u0131c\u0131 Yetkilendirme<\/a><\/li>\n<li id=\"menu-item-2013\" class=\"menu-item menu-item-type-post_type menu-item-object-page menu-item-2013\"><a href=\"https:\/\/elazigtso.org.tr\/tr\/index.php\/is-makinasi-tescil\/\">\u0130\u015f Makinas\u0131 Tescil<\/a><\/li>\n<li id=\"menu-item-3390\" class=\"menu-item menu-item-type-post_type menu-item-object-page menu-item-3390\"><a href=\"https:\/\/elazigtso.org.tr\/tr\/index.php\/k-yetki-belgeleri\/\">K Yetki Belgeleri<\/a><\/li>\n<li id=\"menu-item-3392\" class=\"menu-item menu-item-type-post_type menu-item-object-page menu-item-3392\"><a href=\"https:\/\/elazigtso.org.tr\/tr\/index.php\/sayisal-takograf\/\">Say\u0131sal Tako\u011fraf<\/a><\/li>\n<li id=\"menu-item-3391\" class=\"menu-item menu-item-type-custom menu-item-object-custom menu-item-3391\"><a href=\"http:\/\/gs1.tobb.org.tr\/\">GS1 Barkod \u0130\u015flemleri<\/a><\/li>\n<li id=\"menu-item-3394\" class=\"menu-item menu-item-type-post_type menu-item-object-page menu-item-3394\"><a href=\"https:\/\/elazigtso.org.tr\/tr\/index.php\/sigorta-acenteligi\/\">Sigorta Acenteli\u011fi<\/a><\/li>\n<li id=\"menu-item-2109\" class=\"menu-item menu-item-type-post_type menu-item-object-page menu-item-2109\"><a href=\"https:\/\/elazigtso.org.tr\/tr\/index.php\/ticaret-dis-ticaret-fuarlar\/\">Ticaret \/ D\u0131\u015f Ticaret \/ Fuarlar<\/a><\/li>\n<li id=\"menu-item-3395\" class=\"menu-item menu-item-type-post_type menu-item-object-page menu-item-3395\"><a href=\"https:\/\/elazigtso.org.tr\/tr\/index.php\/sanayi-birimi-2\/\">Sanayi Birimi<\/a><\/li>\n<li id=\"menu-item-3393\" class=\"menu-item menu-item-type-post_type menu-item-object-page menu-item-3393\"><a href=\"https:\/\/elazigtso.org.tr\/tr\/index.php\/raporlar\/\">Raporlar<\/a><\/li>\n<li id=\"menu-item-2035\" class=\"menu-item menu-item-type-post_type menu-item-object-page menu-item-2035\"><a href=\"https:\/\/elazigtso.org.tr\/tr\/index.php\/tso-akademi\/\">TSO Akademi<\/a><\/li>\n<\/ul><\/div><\/div>                    <\/div>\n                <\/div>\n\t\t\t\t            <\/div>\n        <\/div>\n    <\/section>\n    <!--End Career Details Area-->\n      \n        \t\t\t\t<\/div>\n\t\t\t\t<\/div>\n\t\t\t\t\t<\/div>\n\t\t<\/div>\n\t\t\t\t\t<\/div>\n\t\t<\/section>\n\t\t\t\t<\/div>\n\t\t","protected":false},"excerpt":{"rendered":"<p>Elaz\u0131\u011f Ticaret ve Sanayi Odas\u0131 S\u0131k\u00e7a Sorulan Sorular M\u00fckemmeliyet Merkezi nedir? M\u00fckemmeliyet Merkezi; kendisine ba\u011fl\u0131 t\u00fcm \u00fcye i\u015fletmelerin i\u015f s\u00fcreklili\u011finin devam\u0131 i\u00e7in g\u00fc\u00e7lendirilmesi zorunlu olan afet dayan\u0131kl\u0131l\u0131\u011f\u0131 ve dijital dayan\u0131kl\u0131l\u0131k alanlar\u0131nda birincil dan\u0131\u015fma hizmeti verme kapasitesine sahip Ticaret ve Sanayi Odalar\u0131na denir. Bir Odan\u0131n M\u00fckemmeliyet Merkezi olarak adland\u0131r\u0131labilmesi i\u00e7in M\u00fckemmeliyet Merkezi Kontrol Listesi\u2019nde yer alan [&hellip;]<\/p>\n","protected":false},"author":3,"featured_media":0,"parent":0,"menu_order":0,"comment_status":"closed","ping_status":"closed","template":"tpl-default-elementor.php","meta":{"footnotes":""},"class_list":["post-2960","page","type-page","status-publish","hentry"],"jetpack_sharing_enabled":true,"_links":{"self":[{"href":"https:\/\/elazigtso.org.tr\/tr\/index.php\/wp-json\/wp\/v2\/pages\/2960","targetHints":{"allow":["GET"]}}],"collection":[{"href":"https:\/\/elazigtso.org.tr\/tr\/index.php\/wp-json\/wp\/v2\/pages"}],"about":[{"href":"https:\/\/elazigtso.org.tr\/tr\/index.php\/wp-json\/wp\/v2\/types\/page"}],"author":[{"embeddable":true,"href":"https:\/\/elazigtso.org.tr\/tr\/index.php\/wp-json\/wp\/v2\/users\/3"}],"replies":[{"embeddable":true,"href":"https:\/\/elazigtso.org.tr\/tr\/index.php\/wp-json\/wp\/v2\/comments?post=2960"}],"version-history":[{"count":4,"href":"https:\/\/elazigtso.org.tr\/tr\/index.php\/wp-json\/wp\/v2\/pages\/2960\/revisions"}],"predecessor-version":[{"id":2985,"href":"https:\/\/elazigtso.org.tr\/tr\/index.php\/wp-json\/wp\/v2\/pages\/2960\/revisions\/2985"}],"wp:attachment":[{"href":"https:\/\/elazigtso.org.tr\/tr\/index.php\/wp-json\/wp\/v2\/media?parent=2960"}],"curies":[{"name":"wp","href":"https:\/\/api.w.org\/{rel}","templated":true}]}}