{"id":2888,"date":"2023-03-15T09:51:14","date_gmt":"2023-03-15T06:51:14","guid":{"rendered":"http:\/\/elazigtso.com\/tr\/?page_id=2888"},"modified":"2023-03-15T10:24:43","modified_gmt":"2023-03-15T07:24:43","slug":"saglam-kobi-internet-sitesi-kayit-yonergesi","status":"publish","type":"page","link":"https:\/\/elazigtso.org.tr\/tr\/index.php\/saglam-kobi-internet-sitesi-kayit-yonergesi\/","title":{"rendered":"Sa\u011flam KOB\u0130 \u0130nternet Sitesi Kay\u0131t Y\u00f6nergesi"},"content":{"rendered":"\t\t<div data-elementor-type=\"wp-page\" data-elementor-id=\"2888\" class=\"elementor elementor-2888\">\n\t\t\t\t\t\t<section class=\"elementor-section elementor-top-section elementor-element elementor-element-7f3206b elementor-section-full_width elementor-section-height-default elementor-section-height-default\" data-id=\"7f3206b\" data-element_type=\"section\">\n\t\t\t\t\t\t<div class=\"elementor-container elementor-column-gap-default\">\n\t\t\t\t\t<div class=\"elementor-column elementor-col-100 elementor-top-column elementor-element elementor-element-2469625\" data-id=\"2469625\" data-element_type=\"column\">\n\t\t\t<div class=\"elementor-widget-wrap elementor-element-populated\">\n\t\t\t\t\t\t<div class=\"elementor-element elementor-element-8a74b77 elementor-widget elementor-widget-finbank_career_details\" data-id=\"8a74b77\" data-element_type=\"widget\" data-widget_type=\"finbank_career_details.default\">\n\t\t\t\t<div class=\"elementor-widget-container\">\n\t\t\t\t\t\t\n    <!--Start Career Details Area-->\n    <section class=\"career-details-area\">\n        <div class=\"container\">\n            <div class=\"row\">\n\n                <div class=\"col-xl-8 col-md-12 col-sm-12 \">\n                    <div class=\"career-details-content\">\n                                                <div class=\"job-title-box\">\n                            <div class=\"left\">\n                                <h4>Elaz\u0131\u011f Ticaret ve Sanayi Odas\u0131<\/h4>\n                                <h3>Sa\u011flam KOB\u0130 \u0130nternet Sitesi Kay\u0131t Y\u00f6nergesi<\/h3>\n                                                            <\/div>\n                            <div class=\"right\">\n                                                                                            <\/div>\n                        <\/div>\n\t\t\t\t\t\t                                                <div class=\"job-description-content\">\n                                                        <figure class=\"wp-block-image size-large\"><img fetchpriority=\"high\" decoding=\"async\" width=\"728\" height=\"1024\" src=\"\/tr\/wp-content\/uploads\/2023\/03\/s3-728x1024.jpeg\" alt=\"\" class=\"wp-image-2938\" srcset=\"https:\/\/elazigtso.org.tr\/tr\/wp-content\/uploads\/2023\/03\/s3-728x1024.jpeg 728w, https:\/\/elazigtso.org.tr\/tr\/wp-content\/uploads\/2023\/03\/s3-213x300.jpeg 213w, https:\/\/elazigtso.org.tr\/tr\/wp-content\/uploads\/2023\/03\/s3-768x1081.jpeg 768w, https:\/\/elazigtso.org.tr\/tr\/wp-content\/uploads\/2023\/03\/s3-1092x1536.jpeg 1092w, https:\/\/elazigtso.org.tr\/tr\/wp-content\/uploads\/2023\/03\/s3-1456x2048.jpeg 1456w, https:\/\/elazigtso.org.tr\/tr\/wp-content\/uploads\/2023\/03\/s3-scaled.jpeg 1819w\" sizes=\"(max-width: 728px) 100vw, 728px\" \/><\/figure>\n<figure class=\"wp-block-image size-large\"><img decoding=\"async\" width=\"728\" height=\"1024\" src=\"\/tr\/wp-content\/uploads\/2023\/03\/s1-728x1024.jpeg\" alt=\"\" class=\"wp-image-2887\" srcset=\"https:\/\/elazigtso.org.tr\/tr\/wp-content\/uploads\/2023\/03\/s1-728x1024.jpeg 728w, https:\/\/elazigtso.org.tr\/tr\/wp-content\/uploads\/2023\/03\/s1-213x300.jpeg 213w, https:\/\/elazigtso.org.tr\/tr\/wp-content\/uploads\/2023\/03\/s1-768x1080.jpeg 768w, https:\/\/elazigtso.org.tr\/tr\/wp-content\/uploads\/2023\/03\/s1-1093x1536.jpeg 1093w, https:\/\/elazigtso.org.tr\/tr\/wp-content\/uploads\/2023\/03\/s1-1457x2048.jpeg 1457w, https:\/\/elazigtso.org.tr\/tr\/wp-content\/uploads\/2023\/03\/s1.jpeg 1722w\" sizes=\"(max-width: 728px) 100vw, 728px\" \/><\/figure>\n<figure class=\"wp-block-image size-large\"><img decoding=\"async\" width=\"725\" height=\"1024\" src=\"\/tr\/wp-content\/uploads\/2023\/03\/s2-725x1024.jpeg\" alt=\"\" class=\"wp-image-2934\" srcset=\"https:\/\/elazigtso.org.tr\/tr\/wp-content\/uploads\/2023\/03\/s2-725x1024.jpeg 725w, https:\/\/elazigtso.org.tr\/tr\/wp-content\/uploads\/2023\/03\/s2-212x300.jpeg 212w, https:\/\/elazigtso.org.tr\/tr\/wp-content\/uploads\/2023\/03\/s2-768x1085.jpeg 768w, https:\/\/elazigtso.org.tr\/tr\/wp-content\/uploads\/2023\/03\/s2-1087x1536.jpeg 1087w, https:\/\/elazigtso.org.tr\/tr\/wp-content\/uploads\/2023\/03\/s2-1450x2048.jpeg 1450w, https:\/\/elazigtso.org.tr\/tr\/wp-content\/uploads\/2023\/03\/s2.jpeg 1722w\" sizes=\"(max-width: 725px) 100vw, 725px\" \/><\/figure>\n<figure class=\"wp-block-image size-large\"><img loading=\"lazy\" decoding=\"async\" width=\"725\" height=\"1024\" src=\"\/tr\/wp-content\/uploads\/2023\/03\/s4-725x1024.jpeg\" alt=\"\" class=\"wp-image-2943\" srcset=\"https:\/\/elazigtso.org.tr\/tr\/wp-content\/uploads\/2023\/03\/s4-725x1024.jpeg 725w, https:\/\/elazigtso.org.tr\/tr\/wp-content\/uploads\/2023\/03\/s4-212x300.jpeg 212w, https:\/\/elazigtso.org.tr\/tr\/wp-content\/uploads\/2023\/03\/s4-768x1085.jpeg 768w, https:\/\/elazigtso.org.tr\/tr\/wp-content\/uploads\/2023\/03\/s4-1087x1536.jpeg 1087w, https:\/\/elazigtso.org.tr\/tr\/wp-content\/uploads\/2023\/03\/s4-1450x2048.jpeg 1450w, https:\/\/elazigtso.org.tr\/tr\/wp-content\/uploads\/2023\/03\/s4.jpeg 1565w\" sizes=\"(max-width: 725px) 100vw, 725px\" \/><\/figure>\n<figure class=\"wp-block-image size-large\"><img loading=\"lazy\" decoding=\"async\" width=\"725\" height=\"1024\" src=\"\/tr\/wp-content\/uploads\/2023\/03\/s5-725x1024.jpeg\" alt=\"\" class=\"wp-image-2948\" srcset=\"https:\/\/elazigtso.org.tr\/tr\/wp-content\/uploads\/2023\/03\/s5-725x1024.jpeg 725w, https:\/\/elazigtso.org.tr\/tr\/wp-content\/uploads\/2023\/03\/s5-212x300.jpeg 212w, https:\/\/elazigtso.org.tr\/tr\/wp-content\/uploads\/2023\/03\/s5-768x1085.jpeg 768w, https:\/\/elazigtso.org.tr\/tr\/wp-content\/uploads\/2023\/03\/s5-1087x1536.jpeg 1087w, https:\/\/elazigtso.org.tr\/tr\/wp-content\/uploads\/2023\/03\/s5-1450x2048.jpeg 1450w, https:\/\/elazigtso.org.tr\/tr\/wp-content\/uploads\/2023\/03\/s5.jpeg 1623w\" sizes=\"(max-width: 725px) 100vw, 725px\" \/><\/figure>                        <\/div>\n\t\t\t\t\t\t                                                                        <div class=\"job-social-share-box\">\n                            <h2>Sosyal Medya'da Payla\u015f<\/h2>                            <ul>\n                                                                <li><a class=\"\" href=\"http:\/\/www.facebook.com\/elzTSO\"><i class=\"fab fa-facebook\"><\/i>Facebook<\/a><\/li>\n                                                                <li><a class=\"tw\" href=\"http:\/\/www.twitter.com\/elazigtso\"><i class=\"fab fa-twitter\"><\/i>Twitter<\/a><\/li>\n                                                                <li><a class=\"googlep\" href=\"https:\/\/www.instagram.com\/\"><i class=\"fab fa-instagram\"><\/i>Instagram<\/a><\/li>\n                                                            <\/ul>\n                        <\/div>\n\n                    <\/div>\n                <\/div>\n\t\t\t\t                <div class=\"col-xl-4\">\n                    <div class=\"resume-box\">\n                        <div id=\"nav_menu-12\" class=\"service-widget sidebar-widget widget_nav_menu\"><div class=\"sidebar-title\"><div class=\"dot-box\"><\/div><h3>Kurumsal<\/h3><\/div><div class=\"menu-kurumsal-container\"><ul id=\"menu-kurumsal\" class=\"menu\"><li id=\"menu-item-1798\" class=\"menu-item menu-item-type-post_type menu-item-object-page menu-item-1798\"><a href=\"https:\/\/elazigtso.org.tr\/tr\/index.php\/odamiz-hakkinda\/\">Odam\u0131z Hakk\u0131nda<\/a><\/li>\n<li id=\"menu-item-1799\" class=\"menu-item menu-item-type-custom menu-item-object-custom menu-item-1799\"><a href=\"#\">Ba\u015fkan<\/a><\/li>\n<li id=\"menu-item-1800\" class=\"menu-item menu-item-type-custom menu-item-object-custom menu-item-1800\"><a href=\"#\">Y\u00f6netim Kurulu<\/a><\/li>\n<li id=\"menu-item-1801\" class=\"menu-item menu-item-type-custom menu-item-object-custom menu-item-1801\"><a href=\"#\">Meclis<\/a><\/li>\n<li id=\"menu-item-1802\" class=\"menu-item menu-item-type-custom menu-item-object-custom menu-item-1802\"><a href=\"#\">Meslek Komiteleri<\/a><\/li>\n<li id=\"menu-item-1803\" class=\"menu-item menu-item-type-custom menu-item-object-custom menu-item-1803\"><a href=\"#\">\u0130\u015ftiraklerimiz<\/a><\/li>\n<li id=\"menu-item-1804\" class=\"menu-item menu-item-type-custom menu-item-object-custom menu-item-1804\"><a href=\"#\">Projelerimiz<\/a><\/li>\n<li id=\"menu-item-1805\" class=\"menu-item menu-item-type-custom menu-item-object-custom menu-item-1805\"><a href=\"#\">Kurumsal Kimlik<\/a><\/li>\n<li id=\"menu-item-1806\" class=\"menu-item menu-item-type-custom menu-item-object-custom menu-item-1806\"><a href=\"#\">KVKK<\/a><\/li>\n<\/ul><\/div><\/div><div id=\"nav_menu-16\" class=\"service-widget sidebar-widget widget_nav_menu\"><div class=\"sidebar-title\"><div class=\"dot-box\"><\/div><h3>Hizmetler<\/h3><\/div><div class=\"menu-hizmetler-container\"><ul id=\"menu-hizmetler\" class=\"menu\"><li id=\"menu-item-3389\" class=\"menu-item menu-item-type-post_type menu-item-object-page menu-item-3389\"><a href=\"https:\/\/elazigtso.org.tr\/tr\/index.php\/ticaret-sicil-hizmetleri\/\">Ticaret Sicil Hizmetleri<\/a><\/li>\n<li id=\"menu-item-2030\" class=\"menu-item menu-item-type-custom menu-item-object-custom menu-item-2030\"><a href=\"https:\/\/uye.tobb.org.tr\/organizasyon\/firma-index.jsp\">\u00dcyelik Sistemi<\/a><\/li>\n<li id=\"menu-item-2031\" class=\"menu-item menu-item-type-custom menu-item-object-custom menu-item-2031\"><a href=\"https:\/\/uye.tobb.org.tr\/hizliaidatodeme.jsp\">H\u0131zl\u0131 Aidat \u00d6deme<\/a><\/li>\n<li id=\"menu-item-2032\" class=\"menu-item menu-item-type-custom menu-item-object-custom menu-item-2032\"><a href=\"https:\/\/uye.tobb.org.tr\/organizasyon\/firma-index.jsp\">Belge Talebi<\/a><\/li>\n<li id=\"menu-item-2033\" class=\"menu-item menu-item-type-custom menu-item-object-custom menu-item-2033\"><a href=\"https:\/\/uye.tobb.org.tr\/organizasyon\/firma-index.jsp\">Ticaret Sicil Gazetesi<\/a><\/li>\n<li id=\"menu-item-2034\" class=\"menu-item menu-item-type-custom menu-item-object-custom menu-item-2034\"><a href=\"https:\/\/uye.tobb.org.tr\/organizasyon\/firma-index.jsp\">Temsil-\u0130lzam Kullan\u0131c\u0131 Yetkilendirme<\/a><\/li>\n<li id=\"menu-item-2013\" class=\"menu-item menu-item-type-post_type menu-item-object-page menu-item-2013\"><a href=\"https:\/\/elazigtso.org.tr\/tr\/index.php\/is-makinasi-tescil\/\">\u0130\u015f Makinas\u0131 Tescil<\/a><\/li>\n<li id=\"menu-item-3390\" class=\"menu-item menu-item-type-post_type menu-item-object-page menu-item-3390\"><a href=\"https:\/\/elazigtso.org.tr\/tr\/index.php\/k-yetki-belgeleri\/\">K Yetki Belgeleri<\/a><\/li>\n<li id=\"menu-item-3392\" class=\"menu-item menu-item-type-post_type menu-item-object-page menu-item-3392\"><a href=\"https:\/\/elazigtso.org.tr\/tr\/index.php\/sayisal-takograf\/\">Say\u0131sal Tako\u011fraf<\/a><\/li>\n<li id=\"menu-item-3391\" class=\"menu-item menu-item-type-custom menu-item-object-custom menu-item-3391\"><a href=\"http:\/\/gs1.tobb.org.tr\/\">GS1 Barkod \u0130\u015flemleri<\/a><\/li>\n<li id=\"menu-item-3394\" class=\"menu-item menu-item-type-post_type menu-item-object-page menu-item-3394\"><a href=\"https:\/\/elazigtso.org.tr\/tr\/index.php\/sigorta-acenteligi\/\">Sigorta Acenteli\u011fi<\/a><\/li>\n<li id=\"menu-item-2109\" class=\"menu-item menu-item-type-post_type menu-item-object-page menu-item-2109\"><a href=\"https:\/\/elazigtso.org.tr\/tr\/index.php\/ticaret-dis-ticaret-fuarlar\/\">Ticaret \/ D\u0131\u015f Ticaret \/ Fuarlar<\/a><\/li>\n<li id=\"menu-item-3395\" class=\"menu-item menu-item-type-post_type menu-item-object-page menu-item-3395\"><a href=\"https:\/\/elazigtso.org.tr\/tr\/index.php\/sanayi-birimi-2\/\">Sanayi Birimi<\/a><\/li>\n<li id=\"menu-item-3393\" class=\"menu-item menu-item-type-post_type menu-item-object-page menu-item-3393\"><a href=\"https:\/\/elazigtso.org.tr\/tr\/index.php\/raporlar\/\">Raporlar<\/a><\/li>\n<li id=\"menu-item-2035\" class=\"menu-item menu-item-type-post_type menu-item-object-page menu-item-2035\"><a href=\"https:\/\/elazigtso.org.tr\/tr\/index.php\/tso-akademi\/\">TSO Akademi<\/a><\/li>\n<\/ul><\/div><\/div>                    <\/div>\n                <\/div>\n\t\t\t\t            <\/div>\n        <\/div>\n    <\/section>\n    <!--End Career Details Area-->\n      \n        \t\t\t\t<\/div>\n\t\t\t\t<\/div>\n\t\t\t\t\t<\/div>\n\t\t<\/div>\n\t\t\t\t\t<\/div>\n\t\t<\/section>\n\t\t\t\t<\/div>\n\t\t","protected":false},"excerpt":{"rendered":"<p>Elaz\u0131\u011f Ticaret ve Sanayi Odas\u0131 Sa\u011flam KOB\u0130 \u0130nternet Sitesi Kay\u0131t Y\u00f6nergesi Sosyal Medya&#8217;da Payla\u015f Facebook Twitter Instagram Kurumsal Odam\u0131z Hakk\u0131nda Ba\u015fkan Y\u00f6netim Kurulu Meclis Meslek Komiteleri \u0130\u015ftiraklerimiz Projelerimiz Kurumsal Kimlik KVKK Hizmetler \u00dcyelik Sistemi H\u0131zl\u0131 Aidat \u00d6deme Belge Talebi Ticaret Sicil Gazetesi Temsil-\u0130lzam Kullan\u0131c\u0131 Yetkilendirme \u0130\u015f Makinas\u0131 Tescil TSO Akademi Ticaret \/ D\u0131\u015f Ticaret \/ [&hellip;]<\/p>\n","protected":false},"author":3,"featured_media":0,"parent":0,"menu_order":0,"comment_status":"closed","ping_status":"closed","template":"tpl-default-elementor.php","meta":{"footnotes":""},"class_list":["post-2888","page","type-page","status-publish","hentry"],"jetpack_sharing_enabled":true,"_links":{"self":[{"href":"https:\/\/elazigtso.org.tr\/tr\/index.php\/wp-json\/wp\/v2\/pages\/2888","targetHints":{"allow":["GET"]}}],"collection":[{"href":"https:\/\/elazigtso.org.tr\/tr\/index.php\/wp-json\/wp\/v2\/pages"}],"about":[{"href":"https:\/\/elazigtso.org.tr\/tr\/index.php\/wp-json\/wp\/v2\/types\/page"}],"author":[{"embeddable":true,"href":"https:\/\/elazigtso.org.tr\/tr\/index.php\/wp-json\/wp\/v2\/users\/3"}],"replies":[{"embeddable":true,"href":"https:\/\/elazigtso.org.tr\/tr\/index.php\/wp-json\/wp\/v2\/comments?post=2888"}],"version-history":[{"count":10,"href":"https:\/\/elazigtso.org.tr\/tr\/index.php\/wp-json\/wp\/v2\/pages\/2888\/revisions"}],"predecessor-version":[{"id":2951,"href":"https:\/\/elazigtso.org.tr\/tr\/index.php\/wp-json\/wp\/v2\/pages\/2888\/revisions\/2951"}],"wp:attachment":[{"href":"https:\/\/elazigtso.org.tr\/tr\/index.php\/wp-json\/wp\/v2\/media?parent=2888"}],"curies":[{"name":"wp","href":"https:\/\/api.w.org\/{rel}","templated":true}]}}