{"id":2840,"date":"2023-03-15T09:34:20","date_gmt":"2023-03-15T06:34:20","guid":{"rendered":"http:\/\/elazigtso.com\/tr\/?page_id=2840"},"modified":"2023-03-15T09:48:01","modified_gmt":"2023-03-15T06:48:01","slug":"afetlere-dayaniklilik-ve-is-surekliligi-mukemmeliyet-merkezleri","status":"publish","type":"page","link":"https:\/\/elazigtso.org.tr\/tr\/index.php\/afetlere-dayaniklilik-ve-is-surekliligi-mukemmeliyet-merkezleri\/","title":{"rendered":"Afetlere Dayan\u0131kl\u0131l\u0131k ve \u0130\u015f S\u00fcreklili\u011fi M\u00fckemmeliyet Merkezleri"},"content":{"rendered":"\t\t<div data-elementor-type=\"wp-page\" data-elementor-id=\"2840\" class=\"elementor elementor-2840\">\n\t\t\t\t\t\t<section class=\"elementor-section elementor-top-section elementor-element elementor-element-7f3206b elementor-section-full_width elementor-section-height-default elementor-section-height-default\" data-id=\"7f3206b\" data-element_type=\"section\">\n\t\t\t\t\t\t<div class=\"elementor-container elementor-column-gap-default\">\n\t\t\t\t\t<div class=\"elementor-column elementor-col-100 elementor-top-column elementor-element elementor-element-2469625\" data-id=\"2469625\" data-element_type=\"column\">\n\t\t\t<div class=\"elementor-widget-wrap elementor-element-populated\">\n\t\t\t\t\t\t<div class=\"elementor-element elementor-element-8a74b77 elementor-widget elementor-widget-finbank_career_details\" data-id=\"8a74b77\" data-element_type=\"widget\" data-widget_type=\"finbank_career_details.default\">\n\t\t\t\t<div class=\"elementor-widget-container\">\n\t\t\t\t\t\t\n    <!--Start Career Details Area-->\n    <section class=\"career-details-area\">\n        <div class=\"container\">\n            <div class=\"row\">\n\n                <div class=\"col-xl-8 col-md-12 col-sm-12 \">\n                    <div class=\"career-details-content\">\n                                                <div class=\"job-title-box\">\n                            <div class=\"left\">\n                                <h4>Elaz\u0131\u011f Ticaret ve Sanayi Odas\u0131<\/h4>\n                                <h3>Afetlere Dayan\u0131kl\u0131l\u0131k ve \u0130\u015f S\u00fcreklili\u011fi M\u00fckemmeliyet Merkezleri<\/h3>\n                                                            <\/div>\n                            <div class=\"right\">\n                                                                                            <\/div>\n                        <\/div>\n\t\t\t\t\t\t                                                <div class=\"job-description-content\">\n                                                        De\u011ferli \u00fcyeler,\n<br><br> <br> \n23 \u015eubat-30 Nisan tarihleri aras\u0131nda IDEMA ve TOBB i\u015f birli\u011finde 21 pilot ildeki yerel odan\u0131n afetlere dayan\u0131kl\u0131l\u0131k ve i\u015f s\u00fcreklili\u011fi konular\u0131nda destek sa\u011flayacak birer m\u00fckemmeliyet merkezi fonksiyonu \u00fcstlenmeleri i\u00e7in e\u011fitim ve ment\u00f6rl\u00fck seanslar\u0131 d\u00fczenlenmi\u015ftir.\n<br><br> \nProgram\u0131n en \u00f6nemli \u00e7\u0131kt\u0131s\u0131 21 pilot ildeki yerel odan\u0131n \u00fcyelerine afet dayan\u0131kl\u0131l\u0131\u011f\u0131 ve i\u015f s\u00fcreklili\u011fini desteklemek amac\u0131yla bilgilendirme ve fark\u0131ndal\u0131k art\u0131r\u0131c\u0131 faaliyetlerde bulunma g\u00f6revini \u00fcstlenmesidir. Bu s\u00fcre\u00e7te IDEMA\u2019da 2013 senesinden beri y\u00fcr\u00fct\u00fclen Sa\u011flam KOB\u0130 teknik destek ekibi de aktif bi\u00e7imde yerel odalar ve \u00fcyeler aras\u0131ndaki bilgi aktar\u0131m\u0131n\u0131 destekleyecektir.\n<br><br> \nYerel odalar, TOBB ve IDEMA aras\u0131nda ger\u00e7ekle\u015ftirilen isti\u015fareler sonucunda \u00fcye i\u015fletmelerin afetlere dayan\u0131kl\u0131 ve i\u015f s\u00fcreklili\u011fini temin edecek \u201cSa\u011flam KOB\u0130\u201d stat\u00fcs\u00fcn\u00fc kazanabilmeleri i\u00e7in a\u015fa\u011f\u0131daki ad\u0131mlar\u0131 tamamlamalar\u0131 arz olunmaktad\u0131r. \n<br><br> \nSa\u011flam KOB\u0130 internet sitesine Kay\u0131t Olarak e\u011fitim i\u00e7eriklerine eri\u015filmesi,\n<br>\u00dcye Giri\u015fi sa\u011flayarak Sa\u011flam KOB\u0130 afet haz\u0131rl\u0131k ara\u00e7 setinin ilk ad\u0131m\u0131 olan Afet Diren\u00e7 Testi\u2019ni tamamlamalar\u0131,<br>\n<a href=\"https:\/\/survey123.arcgis.com\/share\/62020770d0564200a5a1ce74e333188d?portalUrl=https:\/\/admin.ihtiyacharitasi.org\/portal\" target=\"_blank\" rel=\"noreferrer noopener\">Link<\/a> \u00fczerinde yer alan anket formunu doldurarak Sa\u011flam KOB\u0130 Haritas\u0131nda yer edinmeleri,<br>\nSoru ve \u00f6neriler olu\u015fmas\u0131 halinde, internet sitesinde bulunan Anl\u0131k Destek Hatt\u0131 (Help butonu) arac\u0131l\u0131\u011f\u0131 ile Sa\u011flam KOB\u0130 teknik destek ekibi ile ileti\u015fime ge\u00e7ilmesi.\n<br> <br> \nSa\u011flam KOB\u0130 internet sitesine eri\u015fim ve \u00fcyelik i\u00e7in gereken detayl\u0131 y\u00f6nergeler ekte ayr\u0131ca dikkatinize sunulmaktad\u0131r.\n<br><br> \nSayg\u0131lar\u0131m\u0131zla, \n<br><br> <br> \n<b>Oda Yetkilileri:<\/b>\n<br>\nM. M\u00fccahid U\u00c7AR - Sanayi Birimi ve Akreditasyon Sorumlusu \/ Tel: 0424 218 3500 - 1136\n<br>\nM. Mehmet KARABULUT-  Genel Sekreter\/ Tel: 0424 218 3500 - 1118                        <\/div>\n\t\t\t\t\t\t                                                                        <div class=\"job-social-share-box\">\n                            <h2>Sosyal Medya'da Payla\u015f<\/h2>                            <ul>\n                                                                <li><a class=\"\" href=\"http:\/\/www.facebook.com\/elzTSO\"><i class=\"fab fa-facebook\"><\/i>Facebook<\/a><\/li>\n                                                                <li><a class=\"tw\" href=\"http:\/\/www.twitter.com\/elazigtso\"><i class=\"fab fa-twitter\"><\/i>Twitter<\/a><\/li>\n                                                                <li><a class=\"googlep\" href=\"https:\/\/www.instagram.com\/\"><i class=\"fab fa-instagram\"><\/i>Instagram<\/a><\/li>\n                                                            <\/ul>\n                        <\/div>\n\n                    <\/div>\n                <\/div>\n\t\t\t\t                <div class=\"col-xl-4\">\n                    <div class=\"resume-box\">\n                        <div id=\"nav_menu-12\" class=\"service-widget sidebar-widget widget_nav_menu\"><div class=\"sidebar-title\"><div class=\"dot-box\"><\/div><h3>Kurumsal<\/h3><\/div><div class=\"menu-kurumsal-container\"><ul id=\"menu-kurumsal\" class=\"menu\"><li id=\"menu-item-1798\" class=\"menu-item menu-item-type-post_type menu-item-object-page menu-item-1798\"><a href=\"https:\/\/elazigtso.org.tr\/tr\/index.php\/odamiz-hakkinda\/\">Odam\u0131z Hakk\u0131nda<\/a><\/li>\n<li id=\"menu-item-1799\" class=\"menu-item menu-item-type-custom menu-item-object-custom menu-item-1799\"><a href=\"#\">Ba\u015fkan<\/a><\/li>\n<li id=\"menu-item-1800\" class=\"menu-item menu-item-type-custom menu-item-object-custom menu-item-1800\"><a href=\"#\">Y\u00f6netim Kurulu<\/a><\/li>\n<li id=\"menu-item-1801\" class=\"menu-item menu-item-type-custom menu-item-object-custom menu-item-1801\"><a href=\"#\">Meclis<\/a><\/li>\n<li id=\"menu-item-1802\" class=\"menu-item menu-item-type-custom menu-item-object-custom menu-item-1802\"><a href=\"#\">Meslek Komiteleri<\/a><\/li>\n<li id=\"menu-item-1803\" class=\"menu-item menu-item-type-custom menu-item-object-custom menu-item-1803\"><a href=\"#\">\u0130\u015ftiraklerimiz<\/a><\/li>\n<li id=\"menu-item-1804\" class=\"menu-item menu-item-type-custom menu-item-object-custom menu-item-1804\"><a href=\"#\">Projelerimiz<\/a><\/li>\n<li id=\"menu-item-1805\" class=\"menu-item menu-item-type-custom menu-item-object-custom menu-item-1805\"><a href=\"#\">Kurumsal Kimlik<\/a><\/li>\n<li id=\"menu-item-1806\" class=\"menu-item menu-item-type-custom menu-item-object-custom menu-item-1806\"><a href=\"#\">KVKK<\/a><\/li>\n<\/ul><\/div><\/div><div id=\"nav_menu-16\" class=\"service-widget sidebar-widget widget_nav_menu\"><div class=\"sidebar-title\"><div class=\"dot-box\"><\/div><h3>Hizmetler<\/h3><\/div><div class=\"menu-hizmetler-container\"><ul id=\"menu-hizmetler\" class=\"menu\"><li id=\"menu-item-3389\" class=\"menu-item menu-item-type-post_type menu-item-object-page menu-item-3389\"><a href=\"https:\/\/elazigtso.org.tr\/tr\/index.php\/ticaret-sicil-hizmetleri\/\">Ticaret Sicil Hizmetleri<\/a><\/li>\n<li id=\"menu-item-2030\" class=\"menu-item menu-item-type-custom menu-item-object-custom menu-item-2030\"><a href=\"https:\/\/uye.tobb.org.tr\/organizasyon\/firma-index.jsp\">\u00dcyelik Sistemi<\/a><\/li>\n<li id=\"menu-item-2031\" class=\"menu-item menu-item-type-custom menu-item-object-custom menu-item-2031\"><a href=\"https:\/\/uye.tobb.org.tr\/hizliaidatodeme.jsp\">H\u0131zl\u0131 Aidat \u00d6deme<\/a><\/li>\n<li id=\"menu-item-2032\" class=\"menu-item menu-item-type-custom menu-item-object-custom menu-item-2032\"><a href=\"https:\/\/uye.tobb.org.tr\/organizasyon\/firma-index.jsp\">Belge Talebi<\/a><\/li>\n<li id=\"menu-item-2033\" class=\"menu-item menu-item-type-custom menu-item-object-custom menu-item-2033\"><a href=\"https:\/\/uye.tobb.org.tr\/organizasyon\/firma-index.jsp\">Ticaret Sicil Gazetesi<\/a><\/li>\n<li id=\"menu-item-2034\" class=\"menu-item menu-item-type-custom menu-item-object-custom menu-item-2034\"><a href=\"https:\/\/uye.tobb.org.tr\/organizasyon\/firma-index.jsp\">Temsil-\u0130lzam Kullan\u0131c\u0131 Yetkilendirme<\/a><\/li>\n<li id=\"menu-item-2013\" class=\"menu-item menu-item-type-post_type menu-item-object-page menu-item-2013\"><a href=\"https:\/\/elazigtso.org.tr\/tr\/index.php\/is-makinasi-tescil\/\">\u0130\u015f Makinas\u0131 Tescil<\/a><\/li>\n<li id=\"menu-item-3390\" class=\"menu-item menu-item-type-post_type menu-item-object-page menu-item-3390\"><a href=\"https:\/\/elazigtso.org.tr\/tr\/index.php\/k-yetki-belgeleri\/\">K Yetki Belgeleri<\/a><\/li>\n<li id=\"menu-item-3392\" class=\"menu-item menu-item-type-post_type menu-item-object-page menu-item-3392\"><a href=\"https:\/\/elazigtso.org.tr\/tr\/index.php\/sayisal-takograf\/\">Say\u0131sal Tako\u011fraf<\/a><\/li>\n<li id=\"menu-item-3391\" class=\"menu-item menu-item-type-custom menu-item-object-custom menu-item-3391\"><a href=\"http:\/\/gs1.tobb.org.tr\/\">GS1 Barkod \u0130\u015flemleri<\/a><\/li>\n<li id=\"menu-item-3394\" class=\"menu-item menu-item-type-post_type menu-item-object-page menu-item-3394\"><a href=\"https:\/\/elazigtso.org.tr\/tr\/index.php\/sigorta-acenteligi\/\">Sigorta Acenteli\u011fi<\/a><\/li>\n<li id=\"menu-item-2109\" class=\"menu-item menu-item-type-post_type menu-item-object-page menu-item-2109\"><a href=\"https:\/\/elazigtso.org.tr\/tr\/index.php\/ticaret-dis-ticaret-fuarlar\/\">Ticaret \/ D\u0131\u015f Ticaret \/ Fuarlar<\/a><\/li>\n<li id=\"menu-item-3395\" class=\"menu-item menu-item-type-post_type menu-item-object-page menu-item-3395\"><a href=\"https:\/\/elazigtso.org.tr\/tr\/index.php\/sanayi-birimi-2\/\">Sanayi Birimi<\/a><\/li>\n<li id=\"menu-item-3393\" class=\"menu-item menu-item-type-post_type menu-item-object-page menu-item-3393\"><a href=\"https:\/\/elazigtso.org.tr\/tr\/index.php\/raporlar\/\">Raporlar<\/a><\/li>\n<li id=\"menu-item-2035\" class=\"menu-item menu-item-type-post_type menu-item-object-page menu-item-2035\"><a href=\"https:\/\/elazigtso.org.tr\/tr\/index.php\/tso-akademi\/\">TSO Akademi<\/a><\/li>\n<\/ul><\/div><\/div>                    <\/div>\n                <\/div>\n\t\t\t\t            <\/div>\n        <\/div>\n    <\/section>\n    <!--End Career Details Area-->\n      \n        \t\t\t\t<\/div>\n\t\t\t\t<\/div>\n\t\t\t\t\t<\/div>\n\t\t<\/div>\n\t\t\t\t\t<\/div>\n\t\t<\/section>\n\t\t\t\t<\/div>\n\t\t","protected":false},"excerpt":{"rendered":"<p>Elaz\u0131\u011f Ticaret ve Sanayi Odas\u0131 Afetlere Dayan\u0131kl\u0131l\u0131k ve \u0130\u015f S\u00fcreklili\u011fi M\u00fckemmeliyet Merkezleri De\u011ferli \u00fcyeler, 23 \u015eubat-30 Nisan tarihleri aras\u0131nda IDEMA ve TOBB i\u015f birli\u011finde 21 pilot ildeki yerel odan\u0131n afetlere dayan\u0131kl\u0131l\u0131k ve i\u015f s\u00fcreklili\u011fi konular\u0131nda destek sa\u011flayacak birer m\u00fckemmeliyet merkezi fonksiyonu \u00fcstlenmeleri i\u00e7in e\u011fitim ve ment\u00f6rl\u00fck seanslar\u0131 d\u00fczenlenmi\u015ftir. Program\u0131n en \u00f6nemli \u00e7\u0131kt\u0131s\u0131 21 pilot ildeki [&hellip;]<\/p>\n","protected":false},"author":3,"featured_media":0,"parent":0,"menu_order":0,"comment_status":"closed","ping_status":"closed","template":"tpl-default-elementor.php","meta":{"footnotes":""},"class_list":["post-2840","page","type-page","status-publish","hentry"],"jetpack_sharing_enabled":true,"_links":{"self":[{"href":"https:\/\/elazigtso.org.tr\/tr\/index.php\/wp-json\/wp\/v2\/pages\/2840","targetHints":{"allow":["GET"]}}],"collection":[{"href":"https:\/\/elazigtso.org.tr\/tr\/index.php\/wp-json\/wp\/v2\/pages"}],"about":[{"href":"https:\/\/elazigtso.org.tr\/tr\/index.php\/wp-json\/wp\/v2\/types\/page"}],"author":[{"embeddable":true,"href":"https:\/\/elazigtso.org.tr\/tr\/index.php\/wp-json\/wp\/v2\/users\/3"}],"replies":[{"embeddable":true,"href":"https:\/\/elazigtso.org.tr\/tr\/index.php\/wp-json\/wp\/v2\/comments?post=2840"}],"version-history":[{"count":7,"href":"https:\/\/elazigtso.org.tr\/tr\/index.php\/wp-json\/wp\/v2\/pages\/2840\/revisions"}],"predecessor-version":[{"id":2878,"href":"https:\/\/elazigtso.org.tr\/tr\/index.php\/wp-json\/wp\/v2\/pages\/2840\/revisions\/2878"}],"wp:attachment":[{"href":"https:\/\/elazigtso.org.tr\/tr\/index.php\/wp-json\/wp\/v2\/media?parent=2840"}],"curies":[{"name":"wp","href":"https:\/\/api.w.org\/{rel}","templated":true}]}}