{"id":2783,"date":"2023-03-14T16:50:25","date_gmt":"2023-03-14T13:50:25","guid":{"rendered":"http:\/\/elazigtso.com\/tr\/?page_id=2783"},"modified":"2023-03-14T16:57:10","modified_gmt":"2023-03-14T13:57:10","slug":"yerli-mali-belgesi-hakkinda","status":"publish","type":"page","link":"https:\/\/elazigtso.org.tr\/tr\/index.php\/yerli-mali-belgesi-hakkinda\/","title":{"rendered":"Yerli Mal\u0131 Belgesi Hakk\u0131nda"},"content":{"rendered":"\t\t<div data-elementor-type=\"wp-page\" data-elementor-id=\"2783\" class=\"elementor elementor-2783\">\n\t\t\t\t\t\t<section class=\"elementor-section elementor-top-section elementor-element elementor-element-7f3206b elementor-section-full_width elementor-section-height-default elementor-section-height-default\" data-id=\"7f3206b\" data-element_type=\"section\">\n\t\t\t\t\t\t<div class=\"elementor-container elementor-column-gap-default\">\n\t\t\t\t\t<div class=\"elementor-column elementor-col-100 elementor-top-column elementor-element elementor-element-2469625\" data-id=\"2469625\" data-element_type=\"column\">\n\t\t\t<div class=\"elementor-widget-wrap elementor-element-populated\">\n\t\t\t\t\t\t<div class=\"elementor-element elementor-element-8a74b77 elementor-widget elementor-widget-finbank_career_details\" data-id=\"8a74b77\" data-element_type=\"widget\" data-widget_type=\"finbank_career_details.default\">\n\t\t\t\t<div class=\"elementor-widget-container\">\n\t\t\t\t\t\t\n    <!--Start Career Details Area-->\n    <section class=\"career-details-area\">\n        <div class=\"container\">\n            <div class=\"row\">\n\n                <div class=\"col-xl-8 col-md-12 col-sm-12 \">\n                    <div class=\"career-details-content\">\n                                                <div class=\"job-title-box\">\n                            <div class=\"left\">\n                                <h4>Elaz\u0131\u011f Ticaret ve Sanayi Odas\u0131<\/h4>\n                                <h3>Yerli Mal\u0131 Belgesi Hakk\u0131nda<\/h3>\n                                                            <\/div>\n                            <div class=\"right\">\n                                                                                            <\/div>\n                        <\/div>\n\t\t\t\t\t\t                                                <div class=\"job-description-content\">\n                            <h2>Yerli Mal\u0131 Belgesi <\/h2>                            Yerli Mal\u0131 Belgesi, 4734 say\u0131l\u0131 Kamu \u0130hale Kanununa g\u00f6re yap\u0131lacak mal al\u0131m\u0131 ihalelerinde istekliler taraf\u0131ndan teklif edilen mal\u0131n yerli mal\u0131 oldu\u011funu g\u00f6steren belgeyi, ifade eder.\n<br>\n<b>1. Sanayi \u00fcr\u00fcnlerinin yerli mal\u0131 olarak kabul edilebilmesi i\u00e7in a\u015fa\u011f\u0131daki \u015fartlar aran\u0131r:<\/b>\n<br>\na)Sanayi Sicil Belgesine sahip sanayi i\u015fletmeleri taraf\u0131ndan \u00fcretilmesi ve Sanayi Sicil Belgesindeki \u201c\u00dcretim Konusu\u201d i\u00e7eri\u011finde yer almas\u0131.\n<br>\nb) Tamamen T\u00fcrkiye\u2019de \u00fcretilen veya elde edilen \u00fcr\u00fcnler ile \u00fcretim s\u00fcrecinin \u00f6nemli a\u015famalar\u0131n\u0131n ve ekonomik y\u00f6nden gerekli g\u00f6r\u00fclen en son esasl\u0131 i\u015f\u00e7ilik ve eylemin T\u00fcrkiye\u2019de yap\u0131lm\u0131\u015f olmas\u0131.\n<br>\nc) \u00dcr\u00fcn\u00fcn yerli katk\u0131 oran\u0131n\u0131n en az %51 olmas\u0131.\n<br>\n<b>2.  G\u0131da ve tar\u0131msal \u00fcr\u00fcnlerin yerli mal\u0131 olarak kabul edilebilmesi i\u00e7in a\u015fa\u011f\u0131daki \u015fartlar aran\u0131r:<\/b>\n<br>\na) G\u0131da, Tar\u0131m ve Hayvanc\u0131l\u0131k Bakanl\u0131\u011f\u0131nca d\u00fczenlenen \u0130\u015fletme Kay\u0131t veya Onay Belgesine sahip i\u015fletmeciler taraf\u0131ndan \u00fcretilmesi.\n<br>\nb) Tamamen T\u00fcrkiye\u2019de \u00fcretilen\/yeti\u015ftirilen veya elde edilen \u00fcr\u00fcnler ile \u00fcretim s\u00fcrecinin \u00f6nemli a\u015famalar\u0131n\u0131n ve ekonomik y\u00f6nden gerekli g\u00f6r\u00fclen en son esasl\u0131 i\u015f\u00e7ilik ve eylemin T\u00fcrkiye\u2019de yap\u0131lm\u0131\u015f olmas\u0131.\n<br>\nc) Tar\u0131m \u00fcr\u00fcnleri i\u00e7in \u00c7ift\u00e7i Kay\u0131t Sistemi Belgesi veya G\u0131da, Tar\u0131m ve Hayvanc\u0131l\u0131k Bakanl\u0131\u011f\u0131n\u0131n ilgili Kay\u0131t Belgesine (\u00d6rt\u00fcalt\u0131 Kay\u0131t Sistemi ve benzeri) sahip firmalar taraf\u0131ndan \u00fcretilmesi.\n<br>\n<b>3. T\u00fcrkiye\u2019de toplanan bitkisel \u00fcr\u00fcnler, T\u00fcrkiye\u2019de do\u011fan ve yeti\u015ftirilen canl\u0131 hayvanlar ve bunlardan elde edilen \u00fcr\u00fcnler, T\u00fcrkiye\u2019de yeti\u015ftirilen ve avlanan su \u00fcr\u00fcnleri yerli mal\u0131 kabul edilir. Bunlar\u0131n d\u0131\u015f\u0131ndaki ham tar\u0131m, hayvanc\u0131l\u0131k ve su \u00fcr\u00fcnleri, tamamen T\u00fcrkiye\u2019de \u00fcretilmesi veya \u00fcretim s\u00fcrecinin \u00f6nemli a\u015famalar\u0131n\u0131n ve ekonomik y\u00f6nden gerekli g\u00f6r\u00fclen en son esasl\u0131 i\u015f\u00e7ilik ve eylemin T\u00fcrkiye\u2019de yap\u0131lm\u0131\u015f olmas\u0131 \u015fart\u0131yla yerli mal\u0131 kabul edilir.<\/b>\n<br>\n<b>4. T\u00fcrkiye\u2019de \u00e7\u0131kar\u0131lan madenler ve madencilik \u00fcr\u00fcnleri ile birinci, ikinci ve \u00fc\u00e7\u00fcnc\u00fc f\u0131kralarda belirtilen \u00fcr\u00fcnler d\u0131\u015f\u0131nda kalan veya bu kategorilerin hi\u00e7birine girmeyen di\u011fer \u00fcr\u00fcnler; tamamen T\u00fcrkiye\u2019de \u00fcretilmesi veya \u00fcretim s\u00fcrecinin \u00f6nemli a\u015famalar\u0131n\u0131n ve ekonomik y\u00f6nden gerekli g\u00f6r\u00fclen en son esasl\u0131 i\u015f\u00e7ilik ve eylemin T\u00fcrkiye\u2019de yap\u0131lm\u0131\u015f olmas\u0131 \u015fart\u0131yla yerli mal\u0131 kabul edilir.<\/b>\n<br>\n<b>5. \u0130kinci, \u00fc\u00e7\u00fcnc\u00fc, d\u00f6rd\u00fcnc\u00fc f\u0131kralarda say\u0131lan \u00fcr\u00fcnlerden sanayi \u00fcr\u00fcn\u00fc olarak de\u011ferlendirilenlerin yerli mal\u0131 kabul edilebilmesi i\u00e7in ayr\u0131ca birinci f\u0131kran\u0131n (a) ve (c) bentlerinde say\u0131lan \u015fartlar da aran\u0131r.<\/b>\n<br>\n<b>6. Serbest b\u00f6lgeler mevzuat\u0131 ile g\u00fcmr\u00fck mevzuat\u0131 g\u00f6z \u00f6n\u00fcnde bulundurularak, yerli mal\u0131 kriterlerine ili\u015fkin bu Tebli\u011fde yer alan gerekli \u015fartlar\u0131n sa\u011flanmas\u0131 kayd\u0131yla serbest b\u00f6lgede faaliyet g\u00f6steren i\u015fletmelerin \u00fcrettikleri \u00fcr\u00fcnler yerli mal\u0131 kabul edilir.<\/b>                        <\/div>\n\t\t\t\t\t\t                                                <div class=\"responsibilities-content\">\n                            <h2>T\u00dcRK\u0130YE ODALAR VE BORSALAR B\u0130RL\u0130\u011e\u0130 KAPAS\u0130TE VE YERL\u0130 MALI BELGES\u0130 HESAPLARI<\/h2>                            \t\t\t\t\t\t\t<ul>\n\t\t\t\t\t\t\t\t\t\t\t\t\t\t\t\t   <li><figure class=\"wp-block-image size-large\"><img fetchpriority=\"high\" decoding=\"async\" width=\"1024\" height=\"363\" src=\"http:\/\/elazigtso.com\/tr\/wp-content\/uploads\/2023\/03\/HESAPLAR-1024x363.jpg\" alt=\"\" class=\"wp-image-2648\" srcset=\"https:\/\/elazigtso.org.tr\/tr\/wp-content\/uploads\/2023\/03\/HESAPLAR-1024x363.jpg 1024w, https:\/\/elazigtso.org.tr\/tr\/wp-content\/uploads\/2023\/03\/HESAPLAR-300x106.jpg 300w, https:\/\/elazigtso.org.tr\/tr\/wp-content\/uploads\/2023\/03\/HESAPLAR-768x272.jpg 768w, https:\/\/elazigtso.org.tr\/tr\/wp-content\/uploads\/2023\/03\/HESAPLAR.jpg 1232w\" sizes=\"(max-width: 1024px) 100vw, 1024px\" \/><\/figure><\/li>\n\t\t\t\t\t\t\t\t\t\t\t\t\t\t\t<\/ul>\n\t\t\t\t\t\t\t                        <\/div>\n\t\t\t\t\t\t                                                <div class=\"job-social-share-box\">\n                            <h2>Sosyal Medya'da Payla\u015f<\/h2>                            <ul>\n                                                                <li><a class=\"\" href=\"http:\/\/www.facebook.com\/elzTSO\"><i class=\"fab fa-facebook\"><\/i>Facebook<\/a><\/li>\n                                                                <li><a class=\"tw\" href=\"http:\/\/www.twitter.com\/elazigtso\"><i class=\"fab fa-twitter\"><\/i>Twitter<\/a><\/li>\n                                                                <li><a class=\"googlep\" href=\"https:\/\/www.instagram.com\/\"><i class=\"fab fa-instagram\"><\/i>Instagram<\/a><\/li>\n                                                            <\/ul>\n                        <\/div>\n\n                    <\/div>\n                <\/div>\n\t\t\t\t                <div class=\"col-xl-4\">\n                    <div class=\"resume-box\">\n                        <div id=\"nav_menu-12\" class=\"service-widget sidebar-widget widget_nav_menu\"><div class=\"sidebar-title\"><div class=\"dot-box\"><\/div><h3>Kurumsal<\/h3><\/div><div class=\"menu-kurumsal-container\"><ul id=\"menu-kurumsal\" class=\"menu\"><li id=\"menu-item-1798\" class=\"menu-item menu-item-type-post_type menu-item-object-page menu-item-1798\"><a href=\"https:\/\/elazigtso.org.tr\/tr\/index.php\/odamiz-hakkinda\/\">Odam\u0131z Hakk\u0131nda<\/a><\/li>\n<li id=\"menu-item-1799\" class=\"menu-item menu-item-type-custom menu-item-object-custom menu-item-1799\"><a href=\"#\">Ba\u015fkan<\/a><\/li>\n<li id=\"menu-item-1800\" class=\"menu-item menu-item-type-custom menu-item-object-custom menu-item-1800\"><a href=\"#\">Y\u00f6netim Kurulu<\/a><\/li>\n<li id=\"menu-item-1801\" class=\"menu-item menu-item-type-custom menu-item-object-custom menu-item-1801\"><a href=\"#\">Meclis<\/a><\/li>\n<li id=\"menu-item-1802\" class=\"menu-item menu-item-type-custom menu-item-object-custom menu-item-1802\"><a href=\"#\">Meslek Komiteleri<\/a><\/li>\n<li id=\"menu-item-1803\" class=\"menu-item menu-item-type-custom menu-item-object-custom menu-item-1803\"><a href=\"#\">\u0130\u015ftiraklerimiz<\/a><\/li>\n<li id=\"menu-item-1804\" class=\"menu-item menu-item-type-custom menu-item-object-custom menu-item-1804\"><a href=\"#\">Projelerimiz<\/a><\/li>\n<li id=\"menu-item-1805\" class=\"menu-item menu-item-type-custom menu-item-object-custom menu-item-1805\"><a href=\"#\">Kurumsal Kimlik<\/a><\/li>\n<li id=\"menu-item-1806\" class=\"menu-item menu-item-type-custom menu-item-object-custom menu-item-1806\"><a href=\"#\">KVKK<\/a><\/li>\n<\/ul><\/div><\/div><div id=\"nav_menu-16\" class=\"service-widget sidebar-widget widget_nav_menu\"><div class=\"sidebar-title\"><div class=\"dot-box\"><\/div><h3>Hizmetler<\/h3><\/div><div class=\"menu-hizmetler-container\"><ul id=\"menu-hizmetler\" class=\"menu\"><li id=\"menu-item-3389\" class=\"menu-item menu-item-type-post_type menu-item-object-page menu-item-3389\"><a href=\"https:\/\/elazigtso.org.tr\/tr\/index.php\/ticaret-sicil-hizmetleri\/\">Ticaret Sicil Hizmetleri<\/a><\/li>\n<li id=\"menu-item-2030\" class=\"menu-item menu-item-type-custom menu-item-object-custom menu-item-2030\"><a href=\"https:\/\/uye.tobb.org.tr\/organizasyon\/firma-index.jsp\">\u00dcyelik Sistemi<\/a><\/li>\n<li id=\"menu-item-2031\" class=\"menu-item menu-item-type-custom menu-item-object-custom menu-item-2031\"><a href=\"https:\/\/uye.tobb.org.tr\/hizliaidatodeme.jsp\">H\u0131zl\u0131 Aidat \u00d6deme<\/a><\/li>\n<li id=\"menu-item-2032\" class=\"menu-item menu-item-type-custom menu-item-object-custom menu-item-2032\"><a href=\"https:\/\/uye.tobb.org.tr\/organizasyon\/firma-index.jsp\">Belge Talebi<\/a><\/li>\n<li id=\"menu-item-2033\" class=\"menu-item menu-item-type-custom menu-item-object-custom menu-item-2033\"><a href=\"https:\/\/uye.tobb.org.tr\/organizasyon\/firma-index.jsp\">Ticaret Sicil Gazetesi<\/a><\/li>\n<li id=\"menu-item-2034\" class=\"menu-item menu-item-type-custom menu-item-object-custom menu-item-2034\"><a href=\"https:\/\/uye.tobb.org.tr\/organizasyon\/firma-index.jsp\">Temsil-\u0130lzam Kullan\u0131c\u0131 Yetkilendirme<\/a><\/li>\n<li id=\"menu-item-2013\" class=\"menu-item menu-item-type-post_type menu-item-object-page menu-item-2013\"><a href=\"https:\/\/elazigtso.org.tr\/tr\/index.php\/is-makinasi-tescil\/\">\u0130\u015f Makinas\u0131 Tescil<\/a><\/li>\n<li id=\"menu-item-3390\" class=\"menu-item menu-item-type-post_type menu-item-object-page menu-item-3390\"><a href=\"https:\/\/elazigtso.org.tr\/tr\/index.php\/k-yetki-belgeleri\/\">K Yetki Belgeleri<\/a><\/li>\n<li id=\"menu-item-3392\" class=\"menu-item menu-item-type-post_type menu-item-object-page menu-item-3392\"><a href=\"https:\/\/elazigtso.org.tr\/tr\/index.php\/sayisal-takograf\/\">Say\u0131sal Tako\u011fraf<\/a><\/li>\n<li id=\"menu-item-3391\" class=\"menu-item menu-item-type-custom menu-item-object-custom menu-item-3391\"><a href=\"http:\/\/gs1.tobb.org.tr\/\">GS1 Barkod \u0130\u015flemleri<\/a><\/li>\n<li id=\"menu-item-3394\" class=\"menu-item menu-item-type-post_type menu-item-object-page menu-item-3394\"><a href=\"https:\/\/elazigtso.org.tr\/tr\/index.php\/sigorta-acenteligi\/\">Sigorta Acenteli\u011fi<\/a><\/li>\n<li id=\"menu-item-2109\" class=\"menu-item menu-item-type-post_type menu-item-object-page menu-item-2109\"><a href=\"https:\/\/elazigtso.org.tr\/tr\/index.php\/ticaret-dis-ticaret-fuarlar\/\">Ticaret \/ D\u0131\u015f Ticaret \/ Fuarlar<\/a><\/li>\n<li id=\"menu-item-3395\" class=\"menu-item menu-item-type-post_type menu-item-object-page menu-item-3395\"><a href=\"https:\/\/elazigtso.org.tr\/tr\/index.php\/sanayi-birimi-2\/\">Sanayi Birimi<\/a><\/li>\n<li id=\"menu-item-3393\" class=\"menu-item menu-item-type-post_type menu-item-object-page menu-item-3393\"><a href=\"https:\/\/elazigtso.org.tr\/tr\/index.php\/raporlar\/\">Raporlar<\/a><\/li>\n<li id=\"menu-item-2035\" class=\"menu-item menu-item-type-post_type menu-item-object-page menu-item-2035\"><a href=\"https:\/\/elazigtso.org.tr\/tr\/index.php\/tso-akademi\/\">TSO Akademi<\/a><\/li>\n<\/ul><\/div><\/div>                    <\/div>\n                <\/div>\n\t\t\t\t            <\/div>\n        <\/div>\n    <\/section>\n    <!--End Career Details Area-->\n      \n        \t\t\t\t<\/div>\n\t\t\t\t<\/div>\n\t\t\t\t\t<\/div>\n\t\t<\/div>\n\t\t\t\t\t<\/div>\n\t\t<\/section>\n\t\t\t\t<\/div>\n\t\t","protected":false},"excerpt":{"rendered":"<p>Elaz\u0131\u011f Ticaret ve Sanayi Odas\u0131 Yerli Mal\u0131 Belgesi Hakk\u0131nda Yerli Mal\u0131 Belgesi Yerli Mal\u0131 Belgesi, 4734 say\u0131l\u0131 Kamu \u0130hale Kanununa g\u00f6re yap\u0131lacak mal al\u0131m\u0131 ihalelerinde istekliler taraf\u0131ndan teklif edilen mal\u0131n yerli mal\u0131 oldu\u011funu g\u00f6steren belgeyi, ifade eder. 1. Sanayi \u00fcr\u00fcnlerinin yerli mal\u0131 olarak kabul edilebilmesi i\u00e7in a\u015fa\u011f\u0131daki \u015fartlar aran\u0131r: a)Sanayi Sicil Belgesine sahip sanayi i\u015fletmeleri [&hellip;]<\/p>\n","protected":false},"author":3,"featured_media":0,"parent":0,"menu_order":0,"comment_status":"closed","ping_status":"closed","template":"tpl-default-elementor.php","meta":{"footnotes":""},"class_list":["post-2783","page","type-page","status-publish","hentry"],"jetpack_sharing_enabled":true,"_links":{"self":[{"href":"https:\/\/elazigtso.org.tr\/tr\/index.php\/wp-json\/wp\/v2\/pages\/2783","targetHints":{"allow":["GET"]}}],"collection":[{"href":"https:\/\/elazigtso.org.tr\/tr\/index.php\/wp-json\/wp\/v2\/pages"}],"about":[{"href":"https:\/\/elazigtso.org.tr\/tr\/index.php\/wp-json\/wp\/v2\/types\/page"}],"author":[{"embeddable":true,"href":"https:\/\/elazigtso.org.tr\/tr\/index.php\/wp-json\/wp\/v2\/users\/3"}],"replies":[{"embeddable":true,"href":"https:\/\/elazigtso.org.tr\/tr\/index.php\/wp-json\/wp\/v2\/comments?post=2783"}],"version-history":[{"count":4,"href":"https:\/\/elazigtso.org.tr\/tr\/index.php\/wp-json\/wp\/v2\/pages\/2783\/revisions"}],"predecessor-version":[{"id":2788,"href":"https:\/\/elazigtso.org.tr\/tr\/index.php\/wp-json\/wp\/v2\/pages\/2783\/revisions\/2788"}],"wp:attachment":[{"href":"https:\/\/elazigtso.org.tr\/tr\/index.php\/wp-json\/wp\/v2\/media?parent=2783"}],"curies":[{"name":"wp","href":"https:\/\/api.w.org\/{rel}","templated":true}]}}