{"id":2673,"date":"2023-03-14T10:52:23","date_gmt":"2023-03-14T07:52:23","guid":{"rendered":"http:\/\/elazigtso.com\/tr\/?page_id=2673"},"modified":"2023-03-14T10:56:52","modified_gmt":"2023-03-14T07:56:52","slug":"turk-mali-belgesi-hakkinda","status":"publish","type":"page","link":"https:\/\/elazigtso.org.tr\/tr\/index.php\/turk-mali-belgesi-hakkinda\/","title":{"rendered":"T\u00fcrk Mal\u0131 Belgesi Hakk\u0131nda"},"content":{"rendered":"\t\t<div data-elementor-type=\"wp-page\" data-elementor-id=\"2673\" class=\"elementor elementor-2673\">\n\t\t\t\t\t\t<section class=\"elementor-section elementor-top-section elementor-element elementor-element-7f3206b elementor-section-full_width elementor-section-height-default elementor-section-height-default\" data-id=\"7f3206b\" data-element_type=\"section\">\n\t\t\t\t\t\t<div class=\"elementor-container elementor-column-gap-default\">\n\t\t\t\t\t<div class=\"elementor-column elementor-col-100 elementor-top-column elementor-element elementor-element-2469625\" data-id=\"2469625\" data-element_type=\"column\">\n\t\t\t<div class=\"elementor-widget-wrap elementor-element-populated\">\n\t\t\t\t\t\t<div class=\"elementor-element elementor-element-8a74b77 elementor-widget elementor-widget-finbank_career_details\" data-id=\"8a74b77\" data-element_type=\"widget\" data-widget_type=\"finbank_career_details.default\">\n\t\t\t\t<div class=\"elementor-widget-container\">\n\t\t\t\t\t\t\n    <!--Start Career Details Area-->\n    <section class=\"career-details-area\">\n        <div class=\"container\">\n            <div class=\"row\">\n\n                <div class=\"col-xl-8 col-md-12 col-sm-12 \">\n                    <div class=\"career-details-content\">\n                                                <div class=\"job-title-box\">\n                            <div class=\"left\">\n                                <h4>Elaz\u0131\u011f Ticaret ve Sanayi Odas\u0131<\/h4>\n                                <h3>T\u00fcrk Mal\u0131 Belgesi Hakk\u0131nda<\/h3>\n                                                            <\/div>\n                            <div class=\"right\">\n                                                                                            <\/div>\n                        <\/div>\n\t\t\t\t\t\t                                                <div class=\"job-description-content\">\n                            <h2>T\u00fcrk Mal\u0131 Belgesi<\/h2>                            T\u00fcrkiye \u2013 Avrupa Birli\u011fi (AB) mali i\u015fbirli\u011fi ili\u015fkisinin takibini yapan Ortak \u0130zleme Komitesi\u2019nin 2009 y\u0131l\u0131 Ekim ay\u0131ndan itibaren yap\u0131lan toplant\u0131lar\u0131nda, T\u00fcrkiye Cumhuriyeti H\u00fck\u00fcmeti ve Avrupa Topluluklar\u0131 Komisyonu aras\u0131nda Kat\u0131l\u0131m \u00d6ncesi Mali Yard\u0131m Arac\u0131 (IPA) ile Temin Edilen Yard\u0131m\u0131n Uygulanmas\u0131 \u00c7er\u00e7evesinde T\u00fcrkiye Cumhuriyetine Sa\u011flanan Avrupa Toplulu\u011fu Mali Yard\u0131mlar\u0131yla \u0130lgili \u0130\u015fbirli\u011fi Kurallar\u0131 Hakk\u0131nda \u00c7er\u00e7eve Anla\u015fmas\u0131\u2019n\u0131n, mal\u0131n men\u015feinin sertifikaland\u0131r\u0131lmas\u0131 ile ilgili 23 \u00fcnc\u00fc maddesinin uygulanmas\u0131nda kar\u015f\u0131la\u015f\u0131lan sorunlara de\u011finilerek, ilgili d\u00fczenlemenin gere\u011finin yerine getirilmesinin \u00f6ng\u00f6r\u00fcld\u00fc\u011f\u00fc belirtilmi\u015ftir.\n<br><br>\n\u200bBu kapsamda, Avrupa Birli\u011fi Bakanl\u0131\u011f\u0131 koordinat\u00f6rl\u00fc\u011f\u00fcnde, o d\u00f6nemki isimleriyle Sanayi ve Ticaret Bakanl\u0131\u011f\u0131, G\u00fcmr\u00fck M\u00fcste\u015farl\u0131\u011f\u0131, Merkezi Finans \u0130hale Birimi ile Birli\u011fimiz temsilcilerinin i\u015ftirakleri ile toplant\u0131lar yap\u0131lm\u0131\u015ft\u0131r.\n<br><br>\nIPA projeleri ile ilgili ihale s\u00f6zle\u015fmeleri kapsam\u0131nda sat\u0131n al\u0131nan t\u00fcm mal ve malzemelerin, \u201ctercihsiz men\u015fe kurallar\u0131\u201dna g\u00f6re, T\u00fcrk men\u015feli veya T\u00fcrk men\u015fei kazanm\u0131\u015f oldu\u011funu belgelemek \u00fczere, G\u00fcmr\u00fck Y\u00f6netmeli\u011fi\u2019nin \u201ctercihsiz men\u015fe kurallar\u0131\u201d ile ilgili madde h\u00fck\u00fcmleri esas al\u0131narak d\u00fczenlenen Men\u015fe \u015eahadetnamesi \u00f6rnek al\u0131nmak suretiyle, halen bu ama\u00e7la kullan\u0131mda olan ancak Bakanl\u0131k\u00e7a ihtiya\u00e7lar\u0131 kar\u015f\u0131lamad\u0131\u011f\u0131 de\u011ferlendirilen \u201cYerli Mal\u0131 Belgesi\u201dnin yerine, yeni bir belgenin tasar\u0131m\u0131n\u0131n haz\u0131rlanmas\u0131 ve ayr\u0131ca belgenin tanzim ve onay\u0131na ili\u015fkin usul ve esaslar\u0131n belirlenmesinin gereklili\u011fi ilgili mercilere vurgulanm\u0131\u015ft\u0131r. An\u0131lan Bakanl\u0131k ve kurumlarca, kurulu\u015f yasam\u0131z gere\u011fince, s\u00f6z konusu belgenin bas\u0131m\u0131n\u0131n ve belgenin tanzim ve onay\u0131na ili\u015fkin usul ve esaslar\u0131n\u0131n, mevcut mevzuat h\u00fck\u00fcmleri dikkate al\u0131narak Birli\u011fimizce haz\u0131rlanmas\u0131 karar\u0131 al\u0131nm\u0131\u015ft\u0131r. AB Bakanl\u0131\u011f\u0131, G\u00fcmr\u00fck ve Ticaret Bakanl\u0131\u011f\u0131 ve Merkezi Finans \u0130hale Birimi ile di\u011fer kurumlar taraf\u0131ndan \u00f6ng\u00f6r\u00fclen hususlar dikkate al\u0131narak Birli\u011fimizce \u201cKat\u0131l\u0131m \u00d6ncesi Yard\u0131m Arac\u0131 (IPA) Kapsam\u0131nda T\u00fcrkiye Odalar ve Borsalar Birli\u011fi Taraf\u0131ndan Bast\u0131r\u0131lan T\u00fcrk Mal\u0131 Belgesi\u2019nin Tanzim ve Onay\u0131na \u0130li\u015fkin Usul ve Esaslar\u201d ile \u201cT\u00fcrk Mal\u0131 Belgesi\u201d haz\u0131rlanm\u0131\u015f ve Birli\u011fimiz Y\u00f6netim Kurulunca onaylanm\u0131\u015ft\u0131r. Ayr\u0131ca, belge bas\u0131m\u0131 ile ilgili s\u00fcre\u00e7 tamamlanm\u0131\u015f olup, bas\u0131lan belgeler Birli\u011fimizce Odalar\u0131m\u0131za g\u00f6nderilmek \u00fczere haz\u0131rlanm\u0131\u015ft\u0131r.\n<br><br>\nBirli\u011fimiz taraf\u0131ndan bast\u0131r\u0131lan T\u00fcrk Mal\u0131 Belgesi, 1 Kas\u0131m 2012 Per\u015fembe g\u00fcn\u00fc itibariyle kullan\u0131lmaya ba\u015flanacakt\u0131r. Odalar\u0131m\u0131z\u0131n, T\u00fcrk Mal\u0131 Belgesi i\u00e7in 1 Kas\u0131m 2012 tarihine kadar belge taleplerini Birli\u011fimize iletmeleri ve 1 Kas\u0131m 2012 tarihinde belge sat\u0131\u015f\u0131na ba\u015flayacak \u015fekilde haz\u0131r olmalar\u0131 gerekmektedir.   Odalar\u0131m\u0131z taraf\u0131ndan, 1 Kas\u0131m 2012 tarihinden itibaren 1 \u015eubat 2013 tarihine kadar, Yerli Mal\u0131 Belgesi de kullan\u0131lmaya devam edilebilecektir. Firmalar\u0131n taleplerine veya Odalar\u0131n tercihlerine g\u00f6re, Yerli Mal\u0131 Belgesi veya T\u00fcrk Mal\u0131 Belgesi d\u00fczenlenebilecektir. Ge\u00e7i\u015f s\u00fcreci olan 1 Kas\u0131m 2012 \u2013 1 \u015eubat 2013 tarihleri aras\u0131nda, her iki belgenin de kullan\u0131lmas\u0131 ile T\u00fcrk Mal\u0131 Belgesi kullan\u0131m\u0131nda ya\u015fanabilecek aksakl\u0131klarla ilgili olarak nihai karar AB Bakanl\u0131\u011f\u0131nca verilmek \u00fczere gerek Birli\u011fimiz, gerekse AB Bakanl\u0131\u011f\u0131 taraf\u0131ndan, firmalar\u0131m\u0131z\u0131 ma\u011fdur etmeden aksakl\u0131klara h\u0131zl\u0131 bir bi\u00e7imde \u00e7\u00f6z\u00fcm bulunabilmesi ama\u00e7lanmaktad\u0131r. Bu nedenle, T\u00fcrk Mal\u0131 Belgesi\u2019nin kullan\u0131m\u0131 esnas\u0131nda ya\u015fanabilecek her t\u00fcrl\u00fc aksakl\u0131\u011f\u0131n, Birli\u011fimize ivedilikle yaz\u0131l\u0131 olarak bildirilmesi gerekmektedir.\n<br><br>\n1 Kas\u0131m 2012 tarihinden itibaren, y\u00fcr\u00fcrl\u00fckteki Yerli Mal\u0131 Belgesi\u2019nin onaylanmas\u0131 s\u0131ras\u0131nda da ekte verilen Kat\u0131l\u0131m \u00d6ncesi Yard\u0131m Arac\u0131 (IPA) Kapsam\u0131nda T\u00fcrkiye Odalar ve Borsalar Birli\u011fi Taraf\u0131ndan Bast\u0131r\u0131lan T\u00fcrk Mal\u0131 Belgesi\u2019nin Tanzim ve Onay\u0131na \u0130li\u015fkin Usul ve Esaslar\u201d\u0131n Belge Onay\u0131 ile ilgili 9 uncu maddesinin, 8 inci f\u0131kras\u0131n\u0131n ilk be\u015f paragraf\u0131 ile 9 uncu f\u0131kras\u0131n\u0131n ikinci, \u00fc\u00e7\u00fcnc\u00fc ve d\u00f6rd\u00fcnc\u00fc paragraflar\u0131nda yer alan onay esnas\u0131nda ibraz edilebilecek belgelerin belirtildi\u011fi h\u00fck\u00fcmler uygulanacakt\u0131r. 1 \u015eubat 2013 tarihinden itibaren, IPA Fonlar\u0131 \u0130haleleri i\u00e7in Yerli Mal\u0131 Belgesi kullan\u0131lmayacak, sadece T\u00fcrk Mal\u0131 Belgesi kullan\u0131lacakt\u0131r. Bu tarihten sonra Yerli Mal\u0131 Belgesi ibraz edilse dahi, ihaleyi a\u00e7an kurum taraf\u0131ndan kabul edilmeyecektir.\n<br><br><br>\n\n\n<p><a href=\"https:\/\/www.tobb.org.tr\/Sayfalar\/Detay.php?rid=876&amp;lst=DuyurularListesi\" target=\"_blank\" rel=\"noreferrer noopener\">Di\u011fer Bilgiler i\u00e7in t\u0131klay\u0131n\u0131z<\/a><\/p>\n\n                        <\/div>\n\t\t\t\t\t\t                                                                        <div class=\"job-social-share-box\">\n                            <h2>Sosyal Medya'da Payla\u015f<\/h2>                            <ul>\n                                                                <li><a class=\"\" href=\"http:\/\/www.facebook.com\/elzTSO\"><i class=\"fab fa-facebook\"><\/i>Facebook<\/a><\/li>\n                                                                <li><a class=\"tw\" href=\"http:\/\/www.twitter.com\/elazigtso\"><i class=\"fab fa-twitter\"><\/i>Twitter<\/a><\/li>\n                                                                <li><a class=\"googlep\" href=\"https:\/\/www.instagram.com\/\"><i class=\"fab fa-instagram\"><\/i>Instagram<\/a><\/li>\n                                                            <\/ul>\n                        <\/div>\n\n                    <\/div>\n                <\/div>\n\t\t\t\t                <div class=\"col-xl-4\">\n                    <div class=\"resume-box\">\n                        <div id=\"nav_menu-12\" class=\"service-widget sidebar-widget widget_nav_menu\"><div class=\"sidebar-title\"><div class=\"dot-box\"><\/div><h3>Kurumsal<\/h3><\/div><div class=\"menu-kurumsal-container\"><ul id=\"menu-kurumsal\" class=\"menu\"><li id=\"menu-item-1798\" class=\"menu-item menu-item-type-post_type menu-item-object-page menu-item-1798\"><a href=\"https:\/\/elazigtso.org.tr\/tr\/index.php\/odamiz-hakkinda\/\">Odam\u0131z Hakk\u0131nda<\/a><\/li>\n<li id=\"menu-item-1799\" class=\"menu-item menu-item-type-custom menu-item-object-custom menu-item-1799\"><a href=\"#\">Ba\u015fkan<\/a><\/li>\n<li id=\"menu-item-1800\" class=\"menu-item menu-item-type-custom menu-item-object-custom menu-item-1800\"><a href=\"#\">Y\u00f6netim Kurulu<\/a><\/li>\n<li id=\"menu-item-1801\" class=\"menu-item menu-item-type-custom menu-item-object-custom menu-item-1801\"><a href=\"#\">Meclis<\/a><\/li>\n<li id=\"menu-item-1802\" class=\"menu-item menu-item-type-custom menu-item-object-custom menu-item-1802\"><a href=\"#\">Meslek Komiteleri<\/a><\/li>\n<li id=\"menu-item-1803\" class=\"menu-item menu-item-type-custom menu-item-object-custom menu-item-1803\"><a href=\"#\">\u0130\u015ftiraklerimiz<\/a><\/li>\n<li id=\"menu-item-1804\" class=\"menu-item menu-item-type-custom menu-item-object-custom menu-item-1804\"><a href=\"#\">Projelerimiz<\/a><\/li>\n<li id=\"menu-item-1805\" class=\"menu-item menu-item-type-custom menu-item-object-custom menu-item-1805\"><a href=\"#\">Kurumsal Kimlik<\/a><\/li>\n<li id=\"menu-item-1806\" class=\"menu-item menu-item-type-custom menu-item-object-custom menu-item-1806\"><a href=\"#\">KVKK<\/a><\/li>\n<\/ul><\/div><\/div><div id=\"nav_menu-16\" class=\"service-widget sidebar-widget widget_nav_menu\"><div class=\"sidebar-title\"><div class=\"dot-box\"><\/div><h3>Hizmetler<\/h3><\/div><div class=\"menu-hizmetler-container\"><ul id=\"menu-hizmetler\" class=\"menu\"><li id=\"menu-item-3389\" class=\"menu-item menu-item-type-post_type menu-item-object-page menu-item-3389\"><a href=\"https:\/\/elazigtso.org.tr\/tr\/index.php\/ticaret-sicil-hizmetleri\/\">Ticaret Sicil Hizmetleri<\/a><\/li>\n<li id=\"menu-item-2030\" class=\"menu-item menu-item-type-custom menu-item-object-custom menu-item-2030\"><a href=\"https:\/\/uye.tobb.org.tr\/organizasyon\/firma-index.jsp\">\u00dcyelik Sistemi<\/a><\/li>\n<li id=\"menu-item-2031\" class=\"menu-item menu-item-type-custom menu-item-object-custom menu-item-2031\"><a href=\"https:\/\/uye.tobb.org.tr\/hizliaidatodeme.jsp\">H\u0131zl\u0131 Aidat \u00d6deme<\/a><\/li>\n<li id=\"menu-item-2032\" class=\"menu-item menu-item-type-custom menu-item-object-custom menu-item-2032\"><a href=\"https:\/\/uye.tobb.org.tr\/organizasyon\/firma-index.jsp\">Belge Talebi<\/a><\/li>\n<li id=\"menu-item-2033\" class=\"menu-item menu-item-type-custom menu-item-object-custom menu-item-2033\"><a href=\"https:\/\/uye.tobb.org.tr\/organizasyon\/firma-index.jsp\">Ticaret Sicil Gazetesi<\/a><\/li>\n<li id=\"menu-item-2034\" class=\"menu-item menu-item-type-custom menu-item-object-custom menu-item-2034\"><a href=\"https:\/\/uye.tobb.org.tr\/organizasyon\/firma-index.jsp\">Temsil-\u0130lzam Kullan\u0131c\u0131 Yetkilendirme<\/a><\/li>\n<li id=\"menu-item-2013\" class=\"menu-item menu-item-type-post_type menu-item-object-page menu-item-2013\"><a href=\"https:\/\/elazigtso.org.tr\/tr\/index.php\/is-makinasi-tescil\/\">\u0130\u015f Makinas\u0131 Tescil<\/a><\/li>\n<li id=\"menu-item-3390\" class=\"menu-item menu-item-type-post_type menu-item-object-page menu-item-3390\"><a href=\"https:\/\/elazigtso.org.tr\/tr\/index.php\/k-yetki-belgeleri\/\">K Yetki Belgeleri<\/a><\/li>\n<li id=\"menu-item-3392\" class=\"menu-item menu-item-type-post_type menu-item-object-page menu-item-3392\"><a href=\"https:\/\/elazigtso.org.tr\/tr\/index.php\/sayisal-takograf\/\">Say\u0131sal Tako\u011fraf<\/a><\/li>\n<li id=\"menu-item-3391\" class=\"menu-item menu-item-type-custom menu-item-object-custom menu-item-3391\"><a href=\"http:\/\/gs1.tobb.org.tr\/\">GS1 Barkod \u0130\u015flemleri<\/a><\/li>\n<li id=\"menu-item-3394\" class=\"menu-item menu-item-type-post_type menu-item-object-page menu-item-3394\"><a href=\"https:\/\/elazigtso.org.tr\/tr\/index.php\/sigorta-acenteligi\/\">Sigorta Acenteli\u011fi<\/a><\/li>\n<li id=\"menu-item-2109\" class=\"menu-item menu-item-type-post_type menu-item-object-page menu-item-2109\"><a href=\"https:\/\/elazigtso.org.tr\/tr\/index.php\/ticaret-dis-ticaret-fuarlar\/\">Ticaret \/ D\u0131\u015f Ticaret \/ Fuarlar<\/a><\/li>\n<li id=\"menu-item-3395\" class=\"menu-item menu-item-type-post_type menu-item-object-page menu-item-3395\"><a href=\"https:\/\/elazigtso.org.tr\/tr\/index.php\/sanayi-birimi-2\/\">Sanayi Birimi<\/a><\/li>\n<li id=\"menu-item-3393\" class=\"menu-item menu-item-type-post_type menu-item-object-page menu-item-3393\"><a href=\"https:\/\/elazigtso.org.tr\/tr\/index.php\/raporlar\/\">Raporlar<\/a><\/li>\n<li id=\"menu-item-2035\" class=\"menu-item menu-item-type-post_type menu-item-object-page menu-item-2035\"><a href=\"https:\/\/elazigtso.org.tr\/tr\/index.php\/tso-akademi\/\">TSO Akademi<\/a><\/li>\n<\/ul><\/div><\/div>                    <\/div>\n                <\/div>\n\t\t\t\t            <\/div>\n        <\/div>\n    <\/section>\n    <!--End Career Details Area-->\n      \n        \t\t\t\t<\/div>\n\t\t\t\t<\/div>\n\t\t\t\t\t<\/div>\n\t\t<\/div>\n\t\t\t\t\t<\/div>\n\t\t<\/section>\n\t\t\t\t<\/div>\n\t\t","protected":false},"excerpt":{"rendered":"<p>Elaz\u0131\u011f Ticaret ve Sanayi Odas\u0131 T\u00fcrk Mal\u0131 Belgesi Hakk\u0131nda T\u00fcrk Mal\u0131 Belgesi T\u00fcrkiye \u2013 Avrupa Birli\u011fi (AB) mali i\u015fbirli\u011fi ili\u015fkisinin takibini yapan Ortak \u0130zleme Komitesi\u2019nin 2009 y\u0131l\u0131 Ekim ay\u0131ndan itibaren yap\u0131lan toplant\u0131lar\u0131nda, T\u00fcrkiye Cumhuriyeti H\u00fck\u00fcmeti ve Avrupa Topluluklar\u0131 Komisyonu aras\u0131nda Kat\u0131l\u0131m \u00d6ncesi Mali Yard\u0131m Arac\u0131 (IPA) ile Temin Edilen Yard\u0131m\u0131n Uygulanmas\u0131 \u00c7er\u00e7evesinde T\u00fcrkiye Cumhuriyetine Sa\u011flanan [&hellip;]<\/p>\n","protected":false},"author":3,"featured_media":0,"parent":0,"menu_order":0,"comment_status":"closed","ping_status":"closed","template":"tpl-default-elementor.php","meta":{"footnotes":""},"class_list":["post-2673","page","type-page","status-publish","hentry"],"jetpack_sharing_enabled":true,"_links":{"self":[{"href":"https:\/\/elazigtso.org.tr\/tr\/index.php\/wp-json\/wp\/v2\/pages\/2673","targetHints":{"allow":["GET"]}}],"collection":[{"href":"https:\/\/elazigtso.org.tr\/tr\/index.php\/wp-json\/wp\/v2\/pages"}],"about":[{"href":"https:\/\/elazigtso.org.tr\/tr\/index.php\/wp-json\/wp\/v2\/types\/page"}],"author":[{"embeddable":true,"href":"https:\/\/elazigtso.org.tr\/tr\/index.php\/wp-json\/wp\/v2\/users\/3"}],"replies":[{"embeddable":true,"href":"https:\/\/elazigtso.org.tr\/tr\/index.php\/wp-json\/wp\/v2\/comments?post=2673"}],"version-history":[{"count":4,"href":"https:\/\/elazigtso.org.tr\/tr\/index.php\/wp-json\/wp\/v2\/pages\/2673\/revisions"}],"predecessor-version":[{"id":2681,"href":"https:\/\/elazigtso.org.tr\/tr\/index.php\/wp-json\/wp\/v2\/pages\/2673\/revisions\/2681"}],"wp:attachment":[{"href":"https:\/\/elazigtso.org.tr\/tr\/index.php\/wp-json\/wp\/v2\/media?parent=2673"}],"curies":[{"name":"wp","href":"https:\/\/api.w.org\/{rel}","templated":true}]}}