{"id":2631,"date":"2023-03-14T10:31:19","date_gmt":"2023-03-14T07:31:19","guid":{"rendered":"http:\/\/elazigtso.com\/tr\/?page_id=2631"},"modified":"2023-03-14T10:40:25","modified_gmt":"2023-03-14T07:40:25","slug":"kapasite-raporu-hakkinda","status":"publish","type":"page","link":"https:\/\/elazigtso.org.tr\/tr\/index.php\/kapasite-raporu-hakkinda\/","title":{"rendered":"Kapasite Raporu Hakk\u0131nda"},"content":{"rendered":"\t\t<div data-elementor-type=\"wp-page\" data-elementor-id=\"2631\" class=\"elementor elementor-2631\">\n\t\t\t\t\t\t<section class=\"elementor-section elementor-top-section elementor-element elementor-element-7f3206b elementor-section-full_width elementor-section-height-default elementor-section-height-default\" data-id=\"7f3206b\" data-element_type=\"section\">\n\t\t\t\t\t\t<div class=\"elementor-container elementor-column-gap-default\">\n\t\t\t\t\t<div class=\"elementor-column elementor-col-100 elementor-top-column elementor-element elementor-element-2469625\" data-id=\"2469625\" data-element_type=\"column\">\n\t\t\t<div class=\"elementor-widget-wrap elementor-element-populated\">\n\t\t\t\t\t\t<div class=\"elementor-element elementor-element-8a74b77 elementor-widget elementor-widget-finbank_career_details\" data-id=\"8a74b77\" data-element_type=\"widget\" data-widget_type=\"finbank_career_details.default\">\n\t\t\t\t<div class=\"elementor-widget-container\">\n\t\t\t\t\t\t\n    <!--Start Career Details Area-->\n    <section class=\"career-details-area\">\n        <div class=\"container\">\n            <div class=\"row\">\n\n                <div class=\"col-xl-8 col-md-12 col-sm-12 \">\n                    <div class=\"career-details-content\">\n                                                <div class=\"job-title-box\">\n                            <div class=\"left\">\n                                <h4>Elaz\u0131\u011f Ticaret ve Sanayi Odas\u0131<\/h4>\n                                <h3>Kapasite Raporu Hakk\u0131nda<\/h3>\n                                                            <\/div>\n                            <div class=\"right\">\n                                                                                            <\/div>\n                        <\/div>\n\t\t\t\t\t\t                                                <div class=\"job-description-content\">\n                            <h2>Kapasite Raporu Nedir?<\/h2>                            <b>Kapasite raporu nedir:<\/b>\n<br>\nKapasite raporu; \u00fcretim yapan t\u00fcm kamu ve \u00f6zel sekt\u00f6r kurulu\u015flar\u0131n\u0131n \u00fcretim g\u00fcc\u00fcn\u00fc g\u00f6steren ve onay tarihinden itibaren 2 y\u0131l ge\u00e7erli olan bir belgedir.\n<br>\nKapasite raporlar\u0131 d\u00fczenlenebilmesi i\u00e7in \u00f6ncelikle kapasite raporu d\u00fczenlenecek firmalar\u0131n ticaret siciline tescili ve i\u015fyerinin bulundu\u011fu yerdeki odaya \u00fcye olmas\u0131 gerekir.\n<br>\nKapasite raporlar\u0131; firmalar\u0131n ileti\u015fim bilgilerinin yan\u0131 s\u0131ra, y\u0131ll\u0131k \u00fcretim kapasitelerini, makine park\u0131n\u0131, kulland\u0131klar\u0131 hammaddeleri, kapasite hesaplamalar\u0131 ile sermaye ve istihdam bilgilerini i\u00e7erir.\n<br>\n<b>Kapasite Raporu Tanziminde Ama\u00e7:<\/b><br>\nKapasite raporlar\u0131 \u00fclkenin s\u0131nai \u00fcretim g\u00fcc\u00fcn\u00fc tespit etmek, ekonomik ve stratejik plan ve programlara \u0131\u015f\u0131k tutmak amac\u0131yla d\u00fczenlenirler.\n<br>\n<b>Kapasite Raporunun Yasal Dayana\u011f\u0131:<\/b><br>\n28.5.1975 tarihli Resmi Gazete de yay\u0131mlanan 7\/9914 Say\u0131l\u0131 Bakanlar Kurulu Karar\u0131, 5174 say\u0131l\u0131 T\u00fcrkiye Odalar ve Borsalar Birli\u011fi ile Odalar ve Borsalar Kanunu6948 say\u0131l\u0131 Sanayi Sicil kanunu,\n<br>\n<b>Kapasite Raporunun Kullan\u0131ld\u0131\u011f\u0131 Yerler:<\/b>\n<br>\n- Yat\u0131r\u0131m Te\u015fvik Belgesi\n<br>\n- Dahilde \u0130\u015fleme \u0130zin Belgesi,\n<br>\n- Sanayi Sicil Belgesi m\u00fcracaatlar\u0131nda,\n<br>\n- Muhtelif ithalat ve ihracat i\u015flemlerinde\n<br>\n- \u0130halelerde,\n<br>\n- Kredi teminlerinde,\n<br>\n- Sanayi Veri Taban\u0131n\u0131n haz\u0131rlanmas\u0131nda\n<br>    \n<b>Kapasite raporu d\u00fczenlenecek alanlar<\/b>\n<br>\nKapasite raporlar\u0131; tezgah, cihaz, makine gibi muharrik kuvvet kullanarak hammadde, yar\u0131 ve tam mamulleri, \u00f6zellik, i\u00e7erik, bile\u015fim veya \u015feklini k\u0131smen veya tamamen de\u011fi\u015ftirmek amac\u0131yla i\u015fleyerek, seri halde veya standart olarak yeni bir \u00fcr\u00fcn \u00fcreten i\u015fyerleri ile yer alt\u0131 kaynaklar\u0131n\u0131n \u00e7\u0131kar\u0131l\u0131p i\u015flendi\u011fi yerleri i\u015fletenler ve bili\u015fim teknolojisi ile yaz\u0131l\u0131m \u00fcretenler ile Birlik Y\u00f6netim Kurulu taraf\u0131ndan belirlenen \u00fcretim alanlar\u0131 i\u00e7in d\u00fczenlenir.\n<br>\n<b>Kapasite Raporlar\u0131n\u0131n incelenmesi ve onaylanmas\u0131<\/b>\n<br>\n5174 say\u0131l\u0131 Yasan\u0131n verdi\u011fi yetki, Oda Muamelat Y\u00f6netmeli\u011fi ve y\u00fcr\u00fcrl\u00fckteki y\u00f6ntem ve kriterlere g\u00f6re Odam\u0131zca d\u00fczenlenmekte olan kapasite raporlar\u0131 T\u00fcrkiye Odalar ve Borsalar Birli\u011fi\u2019nce(TOBB) incelenerek onaylanmaktad\u0131r.\n                        <\/div>\n\t\t\t\t\t\t                                                <div class=\"responsibilities-content\">\n                            <h2>T\u00dcRK\u0130YE ODALAR VE BORSALAR B\u0130RL\u0130\u011e\u0130 KAPAS\u0130TE VE YERL\u0130 MALI BELGES\u0130 HESAPLARI<\/h2>                            \t\t\t\t\t\t\t<ul>\n\t\t\t\t\t\t\t\t\t\t\t\t\t\t\t\t   <li><figure class=\"wp-block-image size-large\"><img fetchpriority=\"high\" decoding=\"async\" width=\"1024\" height=\"363\" src=\"http:\/\/elazigtso.com\/tr\/wp-content\/uploads\/2023\/03\/HESAPLAR-1024x363.jpg\" alt=\"\" class=\"wp-image-2648\" srcset=\"https:\/\/elazigtso.org.tr\/tr\/wp-content\/uploads\/2023\/03\/HESAPLAR-1024x363.jpg 1024w, https:\/\/elazigtso.org.tr\/tr\/wp-content\/uploads\/2023\/03\/HESAPLAR-300x106.jpg 300w, https:\/\/elazigtso.org.tr\/tr\/wp-content\/uploads\/2023\/03\/HESAPLAR-768x272.jpg 768w, https:\/\/elazigtso.org.tr\/tr\/wp-content\/uploads\/2023\/03\/HESAPLAR.jpg 1232w\" sizes=\"(max-width: 1024px) 100vw, 1024px\" \/><\/figure><\/li>\n\t\t\t\t\t\t\t\t\t\t\t\t\t\t\t<\/ul>\n\t\t\t\t\t\t\t                        <\/div>\n\t\t\t\t\t\t                                                <div class=\"job-social-share-box\">\n                            <h2>Sosyal Medya'da Payla\u015f<\/h2>                            <ul>\n                                                                <li><a class=\"\" href=\"http:\/\/www.facebook.com\/elzTSO\"><i class=\"fab fa-facebook\"><\/i>Facebook<\/a><\/li>\n                                                                <li><a class=\"tw\" href=\"http:\/\/www.twitter.com\/elazigtso\"><i class=\"fab fa-twitter\"><\/i>Twitter<\/a><\/li>\n                                                                <li><a class=\"googlep\" href=\"https:\/\/www.instagram.com\/\"><i class=\"fab fa-instagram\"><\/i>Instagram<\/a><\/li>\n                                                            <\/ul>\n                        <\/div>\n\n                    <\/div>\n                <\/div>\n\t\t\t\t                <div class=\"col-xl-4\">\n                    <div class=\"resume-box\">\n                        <div id=\"nav_menu-12\" class=\"service-widget sidebar-widget widget_nav_menu\"><div class=\"sidebar-title\"><div class=\"dot-box\"><\/div><h3>Kurumsal<\/h3><\/div><div class=\"menu-kurumsal-container\"><ul id=\"menu-kurumsal\" class=\"menu\"><li id=\"menu-item-1798\" class=\"menu-item menu-item-type-post_type menu-item-object-page menu-item-1798\"><a href=\"https:\/\/elazigtso.org.tr\/tr\/index.php\/odamiz-hakkinda\/\">Odam\u0131z Hakk\u0131nda<\/a><\/li>\n<li id=\"menu-item-1799\" class=\"menu-item menu-item-type-custom menu-item-object-custom menu-item-1799\"><a href=\"#\">Ba\u015fkan<\/a><\/li>\n<li id=\"menu-item-1800\" class=\"menu-item menu-item-type-custom menu-item-object-custom menu-item-1800\"><a href=\"#\">Y\u00f6netim Kurulu<\/a><\/li>\n<li id=\"menu-item-1801\" class=\"menu-item menu-item-type-custom menu-item-object-custom menu-item-1801\"><a href=\"#\">Meclis<\/a><\/li>\n<li id=\"menu-item-1802\" class=\"menu-item menu-item-type-custom menu-item-object-custom menu-item-1802\"><a href=\"#\">Meslek Komiteleri<\/a><\/li>\n<li id=\"menu-item-1803\" class=\"menu-item menu-item-type-custom menu-item-object-custom menu-item-1803\"><a href=\"#\">\u0130\u015ftiraklerimiz<\/a><\/li>\n<li id=\"menu-item-1804\" class=\"menu-item menu-item-type-custom menu-item-object-custom menu-item-1804\"><a href=\"#\">Projelerimiz<\/a><\/li>\n<li id=\"menu-item-1805\" class=\"menu-item menu-item-type-custom menu-item-object-custom menu-item-1805\"><a href=\"#\">Kurumsal Kimlik<\/a><\/li>\n<li id=\"menu-item-1806\" class=\"menu-item menu-item-type-custom menu-item-object-custom menu-item-1806\"><a href=\"#\">KVKK<\/a><\/li>\n<\/ul><\/div><\/div><div id=\"nav_menu-16\" class=\"service-widget sidebar-widget widget_nav_menu\"><div class=\"sidebar-title\"><div class=\"dot-box\"><\/div><h3>Hizmetler<\/h3><\/div><div class=\"menu-hizmetler-container\"><ul id=\"menu-hizmetler\" class=\"menu\"><li id=\"menu-item-3389\" class=\"menu-item menu-item-type-post_type menu-item-object-page menu-item-3389\"><a href=\"https:\/\/elazigtso.org.tr\/tr\/index.php\/ticaret-sicil-hizmetleri\/\">Ticaret Sicil Hizmetleri<\/a><\/li>\n<li id=\"menu-item-2030\" class=\"menu-item menu-item-type-custom menu-item-object-custom menu-item-2030\"><a href=\"https:\/\/uye.tobb.org.tr\/organizasyon\/firma-index.jsp\">\u00dcyelik Sistemi<\/a><\/li>\n<li id=\"menu-item-2031\" class=\"menu-item menu-item-type-custom menu-item-object-custom menu-item-2031\"><a href=\"https:\/\/uye.tobb.org.tr\/hizliaidatodeme.jsp\">H\u0131zl\u0131 Aidat \u00d6deme<\/a><\/li>\n<li id=\"menu-item-2032\" class=\"menu-item menu-item-type-custom menu-item-object-custom menu-item-2032\"><a href=\"https:\/\/uye.tobb.org.tr\/organizasyon\/firma-index.jsp\">Belge Talebi<\/a><\/li>\n<li id=\"menu-item-2033\" class=\"menu-item menu-item-type-custom menu-item-object-custom menu-item-2033\"><a href=\"https:\/\/uye.tobb.org.tr\/organizasyon\/firma-index.jsp\">Ticaret Sicil Gazetesi<\/a><\/li>\n<li id=\"menu-item-2034\" class=\"menu-item menu-item-type-custom menu-item-object-custom menu-item-2034\"><a href=\"https:\/\/uye.tobb.org.tr\/organizasyon\/firma-index.jsp\">Temsil-\u0130lzam Kullan\u0131c\u0131 Yetkilendirme<\/a><\/li>\n<li id=\"menu-item-2013\" class=\"menu-item menu-item-type-post_type menu-item-object-page menu-item-2013\"><a href=\"https:\/\/elazigtso.org.tr\/tr\/index.php\/is-makinasi-tescil\/\">\u0130\u015f Makinas\u0131 Tescil<\/a><\/li>\n<li id=\"menu-item-3390\" class=\"menu-item menu-item-type-post_type menu-item-object-page menu-item-3390\"><a href=\"https:\/\/elazigtso.org.tr\/tr\/index.php\/k-yetki-belgeleri\/\">K Yetki Belgeleri<\/a><\/li>\n<li id=\"menu-item-3392\" class=\"menu-item menu-item-type-post_type menu-item-object-page menu-item-3392\"><a href=\"https:\/\/elazigtso.org.tr\/tr\/index.php\/sayisal-takograf\/\">Say\u0131sal Tako\u011fraf<\/a><\/li>\n<li id=\"menu-item-3391\" class=\"menu-item menu-item-type-custom menu-item-object-custom menu-item-3391\"><a href=\"http:\/\/gs1.tobb.org.tr\/\">GS1 Barkod \u0130\u015flemleri<\/a><\/li>\n<li id=\"menu-item-3394\" class=\"menu-item menu-item-type-post_type menu-item-object-page menu-item-3394\"><a href=\"https:\/\/elazigtso.org.tr\/tr\/index.php\/sigorta-acenteligi\/\">Sigorta Acenteli\u011fi<\/a><\/li>\n<li id=\"menu-item-2109\" class=\"menu-item menu-item-type-post_type menu-item-object-page menu-item-2109\"><a href=\"https:\/\/elazigtso.org.tr\/tr\/index.php\/ticaret-dis-ticaret-fuarlar\/\">Ticaret \/ D\u0131\u015f Ticaret \/ Fuarlar<\/a><\/li>\n<li id=\"menu-item-3395\" class=\"menu-item menu-item-type-post_type menu-item-object-page menu-item-3395\"><a href=\"https:\/\/elazigtso.org.tr\/tr\/index.php\/sanayi-birimi-2\/\">Sanayi Birimi<\/a><\/li>\n<li id=\"menu-item-3393\" class=\"menu-item menu-item-type-post_type menu-item-object-page menu-item-3393\"><a href=\"https:\/\/elazigtso.org.tr\/tr\/index.php\/raporlar\/\">Raporlar<\/a><\/li>\n<li id=\"menu-item-2035\" class=\"menu-item menu-item-type-post_type menu-item-object-page menu-item-2035\"><a href=\"https:\/\/elazigtso.org.tr\/tr\/index.php\/tso-akademi\/\">TSO Akademi<\/a><\/li>\n<\/ul><\/div><\/div>                    <\/div>\n                <\/div>\n\t\t\t\t            <\/div>\n        <\/div>\n    <\/section>\n    <!--End Career Details Area-->\n      \n        \t\t\t\t<\/div>\n\t\t\t\t<\/div>\n\t\t\t\t\t<\/div>\n\t\t<\/div>\n\t\t\t\t\t<\/div>\n\t\t<\/section>\n\t\t\t\t<\/div>\n\t\t","protected":false},"excerpt":{"rendered":"<p>Elaz\u0131\u011f Ticaret ve Sanayi Odas\u0131 Kapasite Raporu Hakk\u0131nda Kapasite Raporu Nedir? Kapasite raporu nedir: Kapasite raporu; \u00fcretim yapan t\u00fcm kamu ve \u00f6zel sekt\u00f6r kurulu\u015flar\u0131n\u0131n \u00fcretim g\u00fcc\u00fcn\u00fc g\u00f6steren ve onay tarihinden itibaren 2 y\u0131l ge\u00e7erli olan bir belgedir. Kapasite raporlar\u0131 d\u00fczenlenebilmesi i\u00e7in \u00f6ncelikle kapasite raporu d\u00fczenlenecek firmalar\u0131n ticaret siciline tescili ve i\u015fyerinin bulundu\u011fu yerdeki odaya \u00fcye [&hellip;]<\/p>\n","protected":false},"author":3,"featured_media":0,"parent":0,"menu_order":0,"comment_status":"closed","ping_status":"closed","template":"tpl-default-elementor.php","meta":{"footnotes":""},"class_list":["post-2631","page","type-page","status-publish","hentry"],"jetpack_sharing_enabled":true,"_links":{"self":[{"href":"https:\/\/elazigtso.org.tr\/tr\/index.php\/wp-json\/wp\/v2\/pages\/2631","targetHints":{"allow":["GET"]}}],"collection":[{"href":"https:\/\/elazigtso.org.tr\/tr\/index.php\/wp-json\/wp\/v2\/pages"}],"about":[{"href":"https:\/\/elazigtso.org.tr\/tr\/index.php\/wp-json\/wp\/v2\/types\/page"}],"author":[{"embeddable":true,"href":"https:\/\/elazigtso.org.tr\/tr\/index.php\/wp-json\/wp\/v2\/users\/3"}],"replies":[{"embeddable":true,"href":"https:\/\/elazigtso.org.tr\/tr\/index.php\/wp-json\/wp\/v2\/comments?post=2631"}],"version-history":[{"count":7,"href":"https:\/\/elazigtso.org.tr\/tr\/index.php\/wp-json\/wp\/v2\/pages\/2631\/revisions"}],"predecessor-version":[{"id":2651,"href":"https:\/\/elazigtso.org.tr\/tr\/index.php\/wp-json\/wp\/v2\/pages\/2631\/revisions\/2651"}],"wp:attachment":[{"href":"https:\/\/elazigtso.org.tr\/tr\/index.php\/wp-json\/wp\/v2\/media?parent=2631"}],"curies":[{"name":"wp","href":"https:\/\/api.w.org\/{rel}","templated":true}]}}