{"id":2576,"date":"2023-03-14T09:55:59","date_gmt":"2023-03-14T06:55:59","guid":{"rendered":"http:\/\/elazigtso.com\/tr\/?page_id=2576"},"modified":"2023-03-14T09:58:36","modified_gmt":"2023-03-14T06:58:36","slug":"elazig-sanayi-yapisi","status":"publish","type":"page","link":"https:\/\/elazigtso.org.tr\/tr\/index.php\/elazig-sanayi-yapisi\/","title":{"rendered":"\u00a0Elaz\u0131\u011f Sanayi Yap\u0131s\u0131"},"content":{"rendered":"\t\t<div data-elementor-type=\"wp-page\" data-elementor-id=\"2576\" class=\"elementor elementor-2576\">\n\t\t\t\t\t\t<section class=\"elementor-section elementor-top-section elementor-element elementor-element-7f3206b elementor-section-full_width elementor-section-height-default elementor-section-height-default\" data-id=\"7f3206b\" data-element_type=\"section\">\n\t\t\t\t\t\t<div class=\"elementor-container elementor-column-gap-default\">\n\t\t\t\t\t<div class=\"elementor-column elementor-col-100 elementor-top-column elementor-element elementor-element-2469625\" data-id=\"2469625\" data-element_type=\"column\">\n\t\t\t<div class=\"elementor-widget-wrap elementor-element-populated\">\n\t\t\t\t\t\t<div class=\"elementor-element elementor-element-8a74b77 elementor-widget elementor-widget-finbank_career_details\" data-id=\"8a74b77\" data-element_type=\"widget\" data-widget_type=\"finbank_career_details.default\">\n\t\t\t\t<div class=\"elementor-widget-container\">\n\t\t\t\t\t\t\n    <!--Start Career Details Area-->\n    <section class=\"career-details-area\">\n        <div class=\"container\">\n            <div class=\"row\">\n\n                <div class=\"col-xl-8 col-md-12 col-sm-12 \">\n                    <div class=\"career-details-content\">\n                                                <div class=\"job-title-box\">\n                            <div class=\"left\">\n                                <h4>Elaz\u0131\u011f Ticaret ve Sanayi Odas\u0131<\/h4>\n                                <h3>ELAZI\u011e SANAY\u0130 YAPISI VE T\u0130CARET<\/h3>\n                                                            <\/div>\n                            <div class=\"right\">\n                                                                                            <\/div>\n                        <\/div>\n\t\t\t\t\t\t                                                <div class=\"job-description-content\">\n                            <h2>\u0130l Sanayi Yap\u0131s\u0131<\/h2>                            Elaz\u0131\u011f, Kalk\u0131nmada 1. Derecede \u00d6ncelikli \u0130ller aras\u0131nda yer almaktad\u0131r. Ekonomik yap\u0131s\u0131, do\u011fal kaynaklara ba\u011fl\u0131 olarak genelde tar\u0131m ve madencilik sekt\u00f6rlerine dayal\u0131d\u0131r.\n<br>\n<b>Elaz\u0131\u011f'da Sanayi \u00d6rg\u00fctlenmesi<\/b>\n<br>\n<b>Meslek Odalar\u0131 ve Dernekler<\/b>\n<br>\nElaz\u0131\u011f'da en k\u00f6kl\u00fc sanayi \u00f6rg\u00fctleri olarak, 1884'de kurulmu\u015f Elaz\u0131\u011f Ticaret ve Sanayi Odas\u0131 ile 1936'da kurulmu\u015f Ticaret Borsas\u0131; Elaz\u0131\u011f Esnaf ve Sanatkarlar\u0131 Odalar\u0131 Birli\u011fi (ESOB), Esnaf Sanatkarlar Kefalet Kooperatifi \u00f6n plana \u00e7\u0131kmaktad\u0131r. Elaz\u0131\u011f ESOB 911; Karakocan \u0130l\u00e7esi ESOB 895; Kovanc\u0131lar \u0130l\u00e7esi ESOB 244 ve Maden \u0130l\u00e7esi ESOB 481 \u00fcyeye hizmet vermektedir.\n<br>\nOdalar\u0131n d\u0131\u015f\u0131nda, Elaz\u0131\u011f Sanayici ve \u0130\u015fadamlar\u0131 Derne\u011fi (ELS\u0130AD), Elaz\u0131\u011f Gen\u00e7 \u0130\u015fadamlar\u0131 Derne\u011fi (ELG\u0130AD) ve Elaz\u0131\u011f M\u00fcstakil \u0130\u015fadamlar\u0131 Derne\u011fi (M\u00dcS\u0130AD) gibi \u00f6rg\u00fctler Elaz\u0131\u011f'da faaliyet g\u00f6stermektedir. Bu kurulu\u015flar\u0131n, Elaz\u0131\u011f'\u0131n sanayile\u015fme hareketlerine karar, finansman ve icra a\u015famalar\u0131nda kamuoyu olu\u015fturmak gibi katk\u0131lar\u0131 bulunmaktad\u0131r.\n<br>\nElaz\u0131\u011f'da halen 165 adet anonim, 831 adet Limited, 143 adet kollektif \u015firket ve 280 adet kooperatif faaliyet g\u00f6stermektedir.\n<br>\n<b>Ara\u015ft\u0131rma ve Geli\u015ftirme Birimleri<\/b>\n<br>\nF\u0131rat \u00dcniversitesi b\u00fcnyesinde olu\u015fturulan \"\u00dcniversite Sanayi i\u015f Birli\u011fi Ara\u015ft\u0131rma Merkezi\"ne, Organize Sanayi B\u00f6lgesi sosyal tesisleri i\u00e7inde bina tahsis edilmi\u015ftir; ancak Merkez, bu binada hen\u00fcz aktif olarak faaliyete ge\u00e7ememi\u015ftir.\n<br>\n<b>Elaz\u0131\u011f Sanayiinde Mekansal Altyap\u0131<\/b>\n<br>\n<b>K\u00fc\u00e7\u00fck Sanayi Siteleri<\/b>\n<br>\nElaz\u0131\u011f l. K\u00fc\u00e7\u00fck Sanayi Sitesi, 1976 y\u0131l\u0131nda 780 i\u015fyeri olarak a\u00e7\u0131lm\u0131\u015f; sonraki y\u0131llarda yap\u0131lan ilavelerle 1.025 i\u015fyeri kapasitesine ula\u015fm\u0131\u015ft\u0131r. Bu sitede 4600 ki\u015fi istihdam edilmektedir.\n<br>\nElaz\u0131\u011f II. KSS, Elaz\u0131\u011f-Bing\u00f6l karayolu \u00fczerinde, \u015eehir merkezine 8 km mesafede ve 202 i\u015fyeri olarak in\u015fa halindedir. S.S. Elaz\u0131\u011f K.S.S Yap\u0131 Kooperatifi taraf\u0131ndan Sanayi ve Ticaret Bakanl\u0131\u011f\u0131'n\u0131n kredi deste\u011fi ile emanet usulde yapt\u0131r\u0131lmaktad\u0131r. 1996 y\u0131l\u0131 birim fiyatlar\u0131 ile 320 Milyar TL'ye mal edilece\u011fi \u00f6n g\u00f6r\u00fclen II. Sitenin 30 Nisan 2000 y\u0131l\u0131nda bitirilmesi hedeflenmi\u015ftir.\n<br>\n1997 y\u0131l sonu itibariyle; 240 m2'lik i\u015fyerlerinden 23 adedinin su basman\u0131, 8 adedinin karkaslar\u0131; 120 m2'lik i\u015fyerlerinden 2 blo\u011fun kaz\u0131 i\u015fleri ger\u00e7ekle\u015ftirilmi\u015ftir.\n<br>\nBu i\u015fler i\u00e7in toplam 46.829.797.000 TL harcanm\u0131\u015ft\u0131r. 1998 y\u0131l\u0131 ba\u015f\u0131nda yap\u0131lan i\u015flerin toplam de\u011feri 49.849.797.000 TL olarak ger\u00e7ekle\u015fmi\u015ftir. 1998 y\u0131l\u0131 \u00f6dene\u011fi ise 40 Milyar TL'dir.\n<br>\nKarakocan ve Kovanc\u0131lar \u0130l\u00e7elerinde birer K\u00fc\u00e7\u00fck Sanayi Sitesinin yap\u0131m\u0131 mahalli imkanlarla s\u00fcrd\u00fcr\u00fclmektedir. Sanayi ve Ticaret Bakanl\u0131\u011f\u0131 taraf\u0131ndan 1997 y\u0131l\u0131nda birer Milyon TL \u00f6denek verilmi\u015f; ancak, Karakocan SS K\u00fc\u00e7\u00fck Sanayi Sitesi Yap\u0131 Kooperatifi i\u00e7in 850 milyon TL harcanm\u0131\u015f olmas\u0131na ra\u011fmen, Palu (Kovanc\u0131lar) SS K\u00fc\u00e7\u00fck Sanayi Sitesi Yap\u0131 Kooperatifi i\u00e7in 32.675.079.000 TL harcanm\u0131\u015f ve kaba in\u015faat\u0131n % 80'i ger\u00e7ekle\u015ftirilmi\u015f; ayr\u0131ca, 14 Milyar TL. \u00e7\u00f6z\u00fclmemi\u015f \u00f6dene\u011fi mevcuttur.\n<br>\n1998 Y\u0131l\u0131 Yat\u0131r\u0131m Program\u0131nda Kovanc\u0131lar K\u00fc\u00e7\u00fck Sanayi Sitesi \u0130n\u015faat\u0131 i\u00e7in 30 Milyar TL, Palu (Kovanc\u0131lar) K\u00fc\u00e7\u00fck Sanayi Sitesi \u0130n\u015faat\u0131 i\u00e7in de 30 Milyar TL \u00f6denek ayr\u0131lm\u0131\u015ft\u0131r.\n<br>\n<b>Elaz\u0131\u011f Organize Sanayi B\u00f6lgesi: I. K\u0131s\u0131m<\/b>\n<br>\nSanayi ve Ticaret Bakanl\u0131\u011f\u0131'n\u0131n kredi deste\u011fi ile \u015eehir merkezine 11 km mesafede ve 110 ha arazi \u00fczerinde kurulmu\u015ftur. 1972 y\u0131l\u0131nda yer tespiti yap\u0131lm\u0131\u015f, temeli 1974 y\u0131l\u0131nda at\u0131lm\u0131\u015ft\u0131r. Altyap\u0131 in\u015faat\u0131na, ancak 1987 y\u0131l\u0131nda ba\u015flanabilmi\u015ftir. 1992 y\u0131l\u0131nda da yap\u0131la\u015fmaya sunulmu\u015ftur.\n<br>\n62 sanayi parselinden olu\u015fan Elaz\u0131\u011f l. K\u0131s\u0131m OSB'nde, 2761 ki\u015finin istihdam\u0131 hedeflenmi\u015ftir. Elaz\u0131\u011f Organize Sanayi B\u00f6lgesinde 1196 i\u015f\u00e7i istihdam edilmektedir\n<br>\n<b>Elaz\u0131\u011f Organize Sanayi B\u00f6lgesi: II. K\u0131s\u0131m<\/b>\n<br>\nII. K\u0131s\u0131m organize sanayi b\u00f6lgesi kurma \u00e7al\u0131\u015fmalar\u0131na, 1991 y\u0131l\u0131nda Arsa Ofisi Genel M\u00fcd\u00fcrl\u00fc\u011f\u00fcnden 557 000 m2 arsan\u0131n sat\u0131n al\u0131nmas\u0131 ile ba\u015flanm\u0131\u015ft\u0131r, l. K\u0131sm\u0131n m\u00fccavir alanlar\u0131nda (do\u011fu ve bat\u0131s\u0131nda) bulunan arsalar\u0131 da kapsayan 92,7 hektar alan \u00fczerindeki 64 parselden olu\u015fmaktad\u0131r. 50,6 hektar alanda (36 parsel ) kamula\u015ft\u0131rma i\u015flemleri tamamlanarak altyap\u0131 \u00e7al\u0131\u015fmalar\u0131 ba\u015flat\u0131lm\u0131\u015ft\u0131r. Ayr\u0131ca, arsa talebinde bulunan firmalar\u0131n taleplerinin kar\u015f\u0131lanabilmesi i\u00e7in, Organize Sanayi B\u00f6lgesinin kuzeyinde bu\u00adlunan 36,3 hektarl\u0131k arsa, 29\/09\/1997 tarihinde sat\u0131n al\u0131nm\u0131\u015f, 200 hektarla s\u0131n\u0131rland\u0131r\u0131lan Elaz\u0131\u011f OSB' nin 400 hektara \u00e7\u0131kart\u0131lmas\u0131 i\u00e7in Yaz\u0131konak Belediyesinden 1 909 144 m2 arsa temin edilmi\u015ftir.\n<br>\nII. K\u0131s\u0131m alan\u0131nda bulunmakla beraber I. K\u0131sm\u0131n altyap\u0131 hizmetlerinden istifade edebilen 14 sanayi parseli 10 firmaya tahsis edilmi\u015f; bunlardan 7 tanesi \u00fcretime ge\u00e7mi\u015ftir. 2000 y\u0131l\u0131nda tamamlanmas\u0131 planlanan II. K\u0131s\u0131m EOSB 'de 1751 ki\u015filik istihdam hedeflenmi\u015ftir.\n<br>\nl. ve ll. K\u0131s\u0131m EOSB, toplam 127 sanayi parseli olarak planlanm\u0131\u015ft\u0131r. 39 sanayi parseli \u00fczerinde 41 adet firma taraf\u0131ndan \u00fcretim faaliyeti yap\u0131lmaktad\u0131r.                        <\/div>\n\t\t\t\t\t\t                                                                        <div class=\"job-social-share-box\">\n                            <h2>Sosyal Medya'da Payla\u015f<\/h2>                            <ul>\n                                                                <li><a class=\"\" href=\"http:\/\/www.facebook.com\/elzTSO\"><i class=\"fab fa-facebook\"><\/i>Facebook<\/a><\/li>\n                                                                <li><a class=\"tw\" href=\"http:\/\/www.twitter.com\/elazigtso\"><i class=\"fab fa-twitter\"><\/i>Twitter<\/a><\/li>\n                                                                <li><a class=\"googlep\" href=\"https:\/\/www.instagram.com\/\"><i class=\"fab fa-instagram\"><\/i>Instagram<\/a><\/li>\n                                                            <\/ul>\n                        <\/div>\n\n                    <\/div>\n                <\/div>\n\t\t\t\t                <div class=\"col-xl-4\">\n                    <div class=\"resume-box\">\n                        <div id=\"nav_menu-12\" class=\"service-widget sidebar-widget widget_nav_menu\"><div class=\"sidebar-title\"><div class=\"dot-box\"><\/div><h3>Kurumsal<\/h3><\/div><div class=\"menu-kurumsal-container\"><ul id=\"menu-kurumsal\" class=\"menu\"><li id=\"menu-item-1798\" class=\"menu-item menu-item-type-post_type menu-item-object-page menu-item-1798\"><a href=\"https:\/\/elazigtso.org.tr\/tr\/index.php\/odamiz-hakkinda\/\">Odam\u0131z Hakk\u0131nda<\/a><\/li>\n<li id=\"menu-item-1799\" class=\"menu-item menu-item-type-custom menu-item-object-custom menu-item-1799\"><a href=\"#\">Ba\u015fkan<\/a><\/li>\n<li id=\"menu-item-1800\" class=\"menu-item menu-item-type-custom menu-item-object-custom menu-item-1800\"><a href=\"#\">Y\u00f6netim Kurulu<\/a><\/li>\n<li id=\"menu-item-1801\" class=\"menu-item menu-item-type-custom menu-item-object-custom menu-item-1801\"><a href=\"#\">Meclis<\/a><\/li>\n<li id=\"menu-item-1802\" class=\"menu-item menu-item-type-custom menu-item-object-custom menu-item-1802\"><a href=\"#\">Meslek Komiteleri<\/a><\/li>\n<li id=\"menu-item-1803\" class=\"menu-item menu-item-type-custom menu-item-object-custom menu-item-1803\"><a href=\"#\">\u0130\u015ftiraklerimiz<\/a><\/li>\n<li id=\"menu-item-1804\" class=\"menu-item menu-item-type-custom menu-item-object-custom menu-item-1804\"><a href=\"#\">Projelerimiz<\/a><\/li>\n<li id=\"menu-item-1805\" class=\"menu-item menu-item-type-custom menu-item-object-custom menu-item-1805\"><a href=\"#\">Kurumsal Kimlik<\/a><\/li>\n<li id=\"menu-item-1806\" class=\"menu-item menu-item-type-custom menu-item-object-custom menu-item-1806\"><a href=\"#\">KVKK<\/a><\/li>\n<\/ul><\/div><\/div><div id=\"nav_menu-16\" class=\"service-widget sidebar-widget widget_nav_menu\"><div class=\"sidebar-title\"><div class=\"dot-box\"><\/div><h3>Hizmetler<\/h3><\/div><div class=\"menu-hizmetler-container\"><ul id=\"menu-hizmetler\" class=\"menu\"><li id=\"menu-item-3389\" class=\"menu-item menu-item-type-post_type menu-item-object-page menu-item-3389\"><a href=\"https:\/\/elazigtso.org.tr\/tr\/index.php\/ticaret-sicil-hizmetleri\/\">Ticaret Sicil Hizmetleri<\/a><\/li>\n<li id=\"menu-item-2030\" class=\"menu-item menu-item-type-custom menu-item-object-custom menu-item-2030\"><a href=\"https:\/\/uye.tobb.org.tr\/organizasyon\/firma-index.jsp\">\u00dcyelik Sistemi<\/a><\/li>\n<li id=\"menu-item-2031\" class=\"menu-item menu-item-type-custom menu-item-object-custom menu-item-2031\"><a href=\"https:\/\/uye.tobb.org.tr\/hizliaidatodeme.jsp\">H\u0131zl\u0131 Aidat \u00d6deme<\/a><\/li>\n<li id=\"menu-item-2032\" class=\"menu-item menu-item-type-custom menu-item-object-custom menu-item-2032\"><a href=\"https:\/\/uye.tobb.org.tr\/organizasyon\/firma-index.jsp\">Belge Talebi<\/a><\/li>\n<li id=\"menu-item-2033\" class=\"menu-item menu-item-type-custom menu-item-object-custom menu-item-2033\"><a href=\"https:\/\/uye.tobb.org.tr\/organizasyon\/firma-index.jsp\">Ticaret Sicil Gazetesi<\/a><\/li>\n<li id=\"menu-item-2034\" class=\"menu-item menu-item-type-custom menu-item-object-custom menu-item-2034\"><a href=\"https:\/\/uye.tobb.org.tr\/organizasyon\/firma-index.jsp\">Temsil-\u0130lzam Kullan\u0131c\u0131 Yetkilendirme<\/a><\/li>\n<li id=\"menu-item-2013\" class=\"menu-item menu-item-type-post_type menu-item-object-page menu-item-2013\"><a href=\"https:\/\/elazigtso.org.tr\/tr\/index.php\/is-makinasi-tescil\/\">\u0130\u015f Makinas\u0131 Tescil<\/a><\/li>\n<li id=\"menu-item-3390\" class=\"menu-item menu-item-type-post_type menu-item-object-page menu-item-3390\"><a href=\"https:\/\/elazigtso.org.tr\/tr\/index.php\/k-yetki-belgeleri\/\">K Yetki Belgeleri<\/a><\/li>\n<li id=\"menu-item-3392\" class=\"menu-item menu-item-type-post_type menu-item-object-page menu-item-3392\"><a href=\"https:\/\/elazigtso.org.tr\/tr\/index.php\/sayisal-takograf\/\">Say\u0131sal Tako\u011fraf<\/a><\/li>\n<li id=\"menu-item-3391\" class=\"menu-item menu-item-type-custom menu-item-object-custom menu-item-3391\"><a href=\"http:\/\/gs1.tobb.org.tr\/\">GS1 Barkod \u0130\u015flemleri<\/a><\/li>\n<li id=\"menu-item-3394\" class=\"menu-item menu-item-type-post_type menu-item-object-page menu-item-3394\"><a href=\"https:\/\/elazigtso.org.tr\/tr\/index.php\/sigorta-acenteligi\/\">Sigorta Acenteli\u011fi<\/a><\/li>\n<li id=\"menu-item-2109\" class=\"menu-item menu-item-type-post_type menu-item-object-page menu-item-2109\"><a href=\"https:\/\/elazigtso.org.tr\/tr\/index.php\/ticaret-dis-ticaret-fuarlar\/\">Ticaret \/ D\u0131\u015f Ticaret \/ Fuarlar<\/a><\/li>\n<li id=\"menu-item-3395\" class=\"menu-item menu-item-type-post_type menu-item-object-page menu-item-3395\"><a href=\"https:\/\/elazigtso.org.tr\/tr\/index.php\/sanayi-birimi-2\/\">Sanayi Birimi<\/a><\/li>\n<li id=\"menu-item-3393\" class=\"menu-item menu-item-type-post_type menu-item-object-page menu-item-3393\"><a href=\"https:\/\/elazigtso.org.tr\/tr\/index.php\/raporlar\/\">Raporlar<\/a><\/li>\n<li id=\"menu-item-2035\" class=\"menu-item menu-item-type-post_type menu-item-object-page menu-item-2035\"><a href=\"https:\/\/elazigtso.org.tr\/tr\/index.php\/tso-akademi\/\">TSO Akademi<\/a><\/li>\n<\/ul><\/div><\/div>                    <\/div>\n                <\/div>\n\t\t\t\t            <\/div>\n        <\/div>\n    <\/section>\n    <!--End Career Details Area-->\n      \n        \t\t\t\t<\/div>\n\t\t\t\t<\/div>\n\t\t\t\t\t<\/div>\n\t\t<\/div>\n\t\t\t\t\t<\/div>\n\t\t<\/section>\n\t\t\t\t<\/div>\n\t\t","protected":false},"excerpt":{"rendered":"<p>Elaz\u0131\u011f Ticaret ve Sanayi Odas\u0131 ELAZI\u011e SANAY\u0130 YAPISI VE T\u0130CARET \u0130l Sanayi Yap\u0131s\u0131 Elaz\u0131\u011f, Kalk\u0131nmada 1. Derecede \u00d6ncelikli \u0130ller aras\u0131nda yer almaktad\u0131r. Ekonomik yap\u0131s\u0131, do\u011fal kaynaklara ba\u011fl\u0131 olarak genelde tar\u0131m ve madencilik sekt\u00f6rlerine dayal\u0131d\u0131r. Elaz\u0131\u011f&#8217;da Sanayi \u00d6rg\u00fctlenmesi Meslek Odalar\u0131 ve Dernekler Elaz\u0131\u011f&#8217;da en k\u00f6kl\u00fc sanayi \u00f6rg\u00fctleri olarak, 1884&#8217;de kurulmu\u015f Elaz\u0131\u011f Ticaret ve Sanayi Odas\u0131 ile [&hellip;]<\/p>\n","protected":false},"author":3,"featured_media":0,"parent":0,"menu_order":0,"comment_status":"closed","ping_status":"closed","template":"tpl-default-elementor.php","meta":{"footnotes":""},"class_list":["post-2576","page","type-page","status-publish","hentry"],"jetpack_sharing_enabled":true,"_links":{"self":[{"href":"https:\/\/elazigtso.org.tr\/tr\/index.php\/wp-json\/wp\/v2\/pages\/2576","targetHints":{"allow":["GET"]}}],"collection":[{"href":"https:\/\/elazigtso.org.tr\/tr\/index.php\/wp-json\/wp\/v2\/pages"}],"about":[{"href":"https:\/\/elazigtso.org.tr\/tr\/index.php\/wp-json\/wp\/v2\/types\/page"}],"author":[{"embeddable":true,"href":"https:\/\/elazigtso.org.tr\/tr\/index.php\/wp-json\/wp\/v2\/users\/3"}],"replies":[{"embeddable":true,"href":"https:\/\/elazigtso.org.tr\/tr\/index.php\/wp-json\/wp\/v2\/comments?post=2576"}],"version-history":[{"count":4,"href":"https:\/\/elazigtso.org.tr\/tr\/index.php\/wp-json\/wp\/v2\/pages\/2576\/revisions"}],"predecessor-version":[{"id":2583,"href":"https:\/\/elazigtso.org.tr\/tr\/index.php\/wp-json\/wp\/v2\/pages\/2576\/revisions\/2583"}],"wp:attachment":[{"href":"https:\/\/elazigtso.org.tr\/tr\/index.php\/wp-json\/wp\/v2\/media?parent=2576"}],"curies":[{"name":"wp","href":"https:\/\/api.w.org\/{rel}","templated":true}]}}