{"id":2518,"date":"2023-03-13T16:59:11","date_gmt":"2023-03-13T13:59:11","guid":{"rendered":"http:\/\/elazigtso.com\/tr\/?page_id=2518"},"modified":"2023-03-13T17:01:29","modified_gmt":"2023-03-13T14:01:29","slug":"kooperatif-islemleri","status":"publish","type":"page","link":"https:\/\/elazigtso.org.tr\/tr\/index.php\/kooperatif-islemleri\/","title":{"rendered":"Kooperatif \u0130\u015flemleri"},"content":{"rendered":"\t\t<div data-elementor-type=\"wp-page\" data-elementor-id=\"2518\" class=\"elementor elementor-2518\">\n\t\t\t\t\t\t<section class=\"elementor-section elementor-top-section elementor-element elementor-element-087cf16 elementor-section-boxed elementor-section-height-default elementor-section-height-default\" data-id=\"087cf16\" data-element_type=\"section\">\n\t\t\t\t\t\t<div class=\"elementor-container elementor-column-gap-default\">\n\t\t\t\t\t<div class=\"elementor-column elementor-col-100 elementor-top-column elementor-element elementor-element-bcea131\" data-id=\"bcea131\" data-element_type=\"column\">\n\t\t\t<div class=\"elementor-widget-wrap elementor-element-populated\">\n\t\t\t\t\t\t<div class=\"elementor-element elementor-element-75ec220 elementor-widget elementor-widget-finbank_careers\" data-id=\"75ec220\" data-element_type=\"widget\" data-widget_type=\"finbank_careers.default\">\n\t\t\t\t<div class=\"elementor-widget-container\">\n\t\t\t\t\t\t\n    <!--Start Intro Style2 Area-->\n    <section class=\"intro-style2-area\">\n        <div class=\"container\">\n\t\t\t            <div class=\"row\">\n                <div class=\"col-xl-6\">\n                    <div class=\"intro-style2-img-box\">\n                        <div class=\"inner\">\n                                                        <img decoding=\"async\" src=\"https:\/\/elazigtso.org.tr\/tr\/wp-content\/uploads\/2023\/03\/bina.jpg\" alt=\"Awesome Image\">\n                            \t\t\t\t\t\t\t                        <\/div>\n                    <\/div>\n                <\/div>\n                <div class=\"col-xl-6\">\n                    <div class=\"intro-style2-content-box\">\n                                                <div class=\"sec-title\">\n                            <h2>Kooperatif \u0130\u015flemleri<\/h2>\n                        <\/div>\n                                                                        <div class=\"text\">\n                            Ticaret Sicil Hizmetleri                        <\/div>\n\t\t\t\t\t\t                        \t\t\t\t\t\t<ul>\n\t\t\t\t\t\t\t\t\t\t\t\t   <li><div class=\"icon-box\">\n\t\t\t\t\t\t\t\t<span class=\"icon-checkbox-mark\"><\/span>\n\t\t\t\t\t\t   <\/div>\n\t\t\t\t\t\t   <p><p><a href=\"https:\/\/www.ticaretsicilgazetesi.gov.tr\/view\/hizlierisim\/unvansorgulama.php\" target=\"_blank\" rel=\"noreferrer noopener\">Firma Unvan\u0131 Sorgulama i\u00e7in T\u0131klay\u0131n\u0131z\u2026<\/a><\/p><\/p><\/li>\n\t\t\t\t\t\t\t\t\t\t\t\t   <li><div class=\"icon-box\">\n\t\t\t\t\t\t\t\t<span class=\"icon-checkbox-mark\"><\/span>\n\t\t\t\t\t\t   <\/div>\n\t\t\t\t\t\t   <p><p><a href=\"http:\/\/mersis.gumrukticaret.gov.tr\/\" target=\"_blank\" rel=\"noreferrer noopener\">T\u00fcm kurulu\u015f ve di\u011fer tescil i\u015flemleri MERS\u0130S \u00fczerinden yap\u0131lmaktad\u0131r. MERS\u0130S sistemi i\u00e7in T\u0131klay\u0131n\u0131z\u2026<\/a><\/p><\/p><\/li>\n\t\t\t\t\t\t\t\t\t\t\t\t   <li><div class=\"icon-box\">\n\t\t\t\t\t\t\t\t<span class=\"icon-checkbox-mark\"><\/span>\n\t\t\t\t\t\t   <\/div>\n\t\t\t\t\t\t   <p><p><a href=\"http:\/\/elazigtso.com\/tr\/wp-content\/uploads\/2023\/03\/TurkiyedeSirketKurmak.pdf\" target=\"_blank\" rel=\"noreferrer noopener\">\"T\u00fcrkiye'de \u015eirket Kurmak - Ticaret Bakanl\u0131\u011f\u0131\" kitab\u0131n\u0131 indirmek i\u00e7in t\u0131klay\u0131n\u0131z\u2026<\/a><\/p><\/p><\/li>\n\t\t\t\t\t\t\t\t\t\t\t\t<\/ul>\n\t\t\t\t\t\t                                                <div class=\"send-resume-box\">\n                            <div class=\"icon\">\n                                <span class=\"icon-cv\"><\/span>\n                            <\/div>\n                            <div class=\"title\">\n                                                                <h4><a href=\"\/tr\/index.php\/iletisim\/\">\u0130leti\u015fim<\/a><\/h4>\n                                                                                                <h3><a href=\"mailto:elazigtso@elazigtso.org.tr\">elazigtso@elazigtso.org.tr<\/a><\/h3>\n                                                            <\/div>\n                        <\/div>\n                                            <\/div>\n                <\/div>\n            <\/div>\n\t\t\t\t\t\t            <div class=\"row\">\n                <div class=\"col-xl-12\">\n                    <div class=\"job-list-table-box\">\n\n                        <div class=\"table-outer\">\n                            <table class=\"job-list-table\">\n\n                                <thead class=\"header\">\n                                    <tr>\n                                        <th>Dosya \/ Evrak<\/th>\n                                        <th>Yetkililer<\/th>\n                                        <th>\u00dcnvan<\/th>\n                                        <th>\u0130leti\u015fim<\/th>\n                                    <\/tr>\n                                <\/thead>\n\n                                <tbody>\n\t\t\t\t\t\t\t\t\t                                    <tr>\n                                        <td class=\"department\">\n                                            <h3>Adres De\u011fi\u015fikli\u011fi<br> Tescilinde<br> Gerekli Evraklar<\/h3>\n                                        <\/td>\n                                        <td class=\"job-role\">\n                                            <h3>- \u0130lknur MUTLU<br>- Erkan DEM\u0130RDA\u011e<br>- A.Mustafa FENOSCU<\/h3>\n                                        <\/td>\n                                        <td class=\"location\">\n                                            <p>- Ticaret Sicil Memuru<br>- Ticaret Sicil M\u00fcd\u00fcr Yrd.<br>- Ticaret Sicil M\u00fcd\u00fcr\u00fc <\/p>\n                                        <\/td>\n                                        <td class=\"last-date\">\n                                            <p>- 424 218 3500 - 1140<br>- 424 218 3500 - 1140.<br>- 424 218 3500 - 1133<\/p>\n                                        <\/td>\n                                                                                <td>\n                                            <div class=\"btn-box\">\n                                                <a class=\"btn-one\" href=\"\/dosya\/ticaret-sicil\/kooperatif\/adres-degisikligi-tescilinde-istenecek-evraklar.docx\">\n                                                    <span class=\"txt\">\u0130ndir<\/span>\n                                                <\/a>\n                                            <\/div>\n                                        <\/td>\n                                                                            <\/tr>\n\t\t\t\t\t\t\t\t\t                                    <tr>\n                                        <td class=\"department\">\n                                            <h3>Ama\u00e7 Ve Konu<br> De\u011fi\u015fikli\u011fi Tescilinde<br> Gereken Evraklar<\/h3>\n                                        <\/td>\n                                        <td class=\"job-role\">\n                                            <h3>- \u0130lknur MUTLU<br>- Erkan DEM\u0130RDA\u011e<br>- A.Mustafa FENOSCU<\/h3>\n                                        <\/td>\n                                        <td class=\"location\">\n                                            <p>- Ticaret Sicil Memuru<br>- Ticaret Sicil M\u00fcd\u00fcr Yrd.<br>- Ticaret Sicil M\u00fcd\u00fcr\u00fc <\/p>\n                                        <\/td>\n                                        <td class=\"last-date\">\n                                            <p>- 424 218 3500 - 1140<br>- 424 218 3500 - 1140.<br>- 424 218 3500 - 1133<\/p>\n                                        <\/td>\n                                                                                <td>\n                                            <div class=\"btn-box\">\n                                                <a class=\"btn-one\" href=\"\/dosya\/ticaret-sicil\/kooperatif\/amac-konu-degisikligi-tescilinde-istenecek-evraklar.docx\">\n                                                    <span class=\"txt\">\u0130ndir<\/span>\n                                                <\/a>\n                                            <\/div>\n                                        <\/td>\n                                                                            <\/tr>\n\t\t\t\t\t\t\t\t\t                                    <tr>\n                                        <td class=\"department\">\n                                            <h3>Fesih Tescilinde<br> \u0130stenecek Evraklar<\/h3>\n                                        <\/td>\n                                        <td class=\"job-role\">\n                                            <h3>- \u0130lknur MUTLU<br>- Erkan DEM\u0130RDA\u011e<br>- A.Mustafa FENOSCU<\/h3>\n                                        <\/td>\n                                        <td class=\"location\">\n                                            <p>- Ticaret Sicil Memuru<br>- Ticaret Sicil M\u00fcd\u00fcr Yrd.<br>- Ticaret Sicil M\u00fcd\u00fcr\u00fc <\/p>\n                                        <\/td>\n                                        <td class=\"last-date\">\n                                            <p>- 424 218 3500 - 1140<br>- 424 218 3500 - 1140.<br>- 424 218 3500 - 1133<\/p>\n                                        <\/td>\n                                                                                <td>\n                                            <div class=\"btn-box\">\n                                                <a class=\"btn-one\" href=\"\/dosya\/ticaret-sicil\/kooperatif\/fesih-tescilinde-istenecek-evraklar.docx\">\n                                                    <span class=\"txt\">\u0130ndir<\/span>\n                                                <\/a>\n                                            <\/div>\n                                        <\/td>\n                                                                            <\/tr>\n\t\t\t\t\t\t\t\t\t                                    <tr>\n                                        <td class=\"department\">\n                                            <h3>Kurulu\u015f Tescilinde<br> \u0130stenecek Evraklar<\/h3>\n                                        <\/td>\n                                        <td class=\"job-role\">\n                                            <h3>- \u0130lknur MUTLU<br>- Erkan DEM\u0130RDA\u011e<br>- A.Mustafa FENOSCU<\/h3>\n                                        <\/td>\n                                        <td class=\"location\">\n                                            <p>- Ticaret Sicil Memuru<br>- Ticaret Sicil M\u00fcd\u00fcr Yrd.<br>- Ticaret Sicil M\u00fcd\u00fcr\u00fc <\/p>\n                                        <\/td>\n                                        <td class=\"last-date\">\n                                            <p>- 424 218 3500 - 1140<br>- 424 218 3500 - 1140.<br>- 424 218 3500 - 1133<\/p>\n                                        <\/td>\n                                                                                <td>\n                                            <div class=\"btn-box\">\n                                                <a class=\"btn-one\" href=\"\/dosya\/ticaret-sicil\/kooperatif\/kurulus-tescilinde-istenecek-evraklar.rar\">\n                                                    <span class=\"txt\">\u0130ndir<\/span>\n                                                <\/a>\n                                            <\/div>\n                                        <\/td>\n                                                                            <\/tr>\n\t\t\t\t\t\t\t\t\t                                    <tr>\n                                        <td class=\"department\">\n                                            <h3>Ola\u011fan Genel<br> Kurul Tesciline<br> Gereken Evraklar<\/h3>\n                                        <\/td>\n                                        <td class=\"job-role\">\n                                            <h3>- \u0130lknur MUTLU<br>- Erkan DEM\u0130RDA\u011e<br>- A.Mustafa FENOSCU<\/h3>\n                                        <\/td>\n                                        <td class=\"location\">\n                                            <p>- Ticaret Sicil Memuru<br>- Ticaret Sicil M\u00fcd\u00fcr Yrd.<br>- Ticaret Sicil M\u00fcd\u00fcr\u00fc <\/p>\n                                        <\/td>\n                                        <td class=\"last-date\">\n                                            <p>- 424 218 3500 - 1140<br>- 424 218 3500 - 1140.<br>- 424 218 3500 - 1133<\/p>\n                                        <\/td>\n                                                                                <td>\n                                            <div class=\"btn-box\">\n                                                <a class=\"btn-one\" href=\"\/dosya\/ticaret-sicil\/kooperatif\/olagan-genel-kurul-toplant\u041dlar\u041dn\u041dn-tescilinde-istencek-evraklar.docx\">\n                                                    <span class=\"txt\">\u0130ndir<\/span>\n                                                <\/a>\n                                            <\/div>\n                                        <\/td>\n                                                                            <\/tr>\n\t\t\t\t\t\t\t\t\t                                    <tr>\n                                        <td class=\"department\">\n                                            <h3>Tasfiyeden D\u00f6n\u00fc\u015f<br> Tescilinde<br> \u0130stenecek Evraklar<\/h3>\n                                        <\/td>\n                                        <td class=\"job-role\">\n                                            <h3>- \u0130lknur MUTLU<br>- Erkan DEM\u0130RDA\u011e<br>- A.Mustafa FENOSCU<\/h3>\n                                        <\/td>\n                                        <td class=\"location\">\n                                            <p>- Ticaret Sicil Memuru<br>- Ticaret Sicil M\u00fcd\u00fcr Yrd.<br>- Ticaret Sicil M\u00fcd\u00fcr\u00fc <\/p>\n                                        <\/td>\n                                        <td class=\"last-date\">\n                                            <p>- 424 218 3500 - 1140<br>- 424 218 3500 - 1140.<br>- 424 218 3500 - 1133<\/p>\n                                        <\/td>\n                                                                                <td>\n                                            <div class=\"btn-box\">\n                                                <a class=\"btn-one\" href=\"\/dosya\/ticaret-sicil\/kooperatif\/tasfiyeden-donus.docx\">\n                                                    <span class=\"txt\">\u0130ndir<\/span>\n                                                <\/a>\n                                            <\/div>\n                                        <\/td>\n                                                                            <\/tr>\n\t\t\t\t\t\t\t\t\t                                    <tr>\n                                        <td class=\"department\">\n                                            <h3>Tasfiyeye Giri\u015f<br> Tescilinde <br>\u0130stenecek Evraklar<\/h3>\n                                        <\/td>\n                                        <td class=\"job-role\">\n                                            <h3>- \u0130lknur MUTLU<br>- Erkan DEM\u0130RDA\u011e<br>- A.Mustafa FENOSCU<\/h3>\n                                        <\/td>\n                                        <td class=\"location\">\n                                            <p>- Ticaret Sicil Memuru<br>- Ticaret Sicil M\u00fcd\u00fcr Yrd.<br>- Ticaret Sicil M\u00fcd\u00fcr\u00fc <\/p>\n                                        <\/td>\n                                        <td class=\"last-date\">\n                                            <p>- 424 218 3500 - 1140<br>- 424 218 3500 - 1140.<br>- 424 218 3500 - 1133<\/p>\n                                        <\/td>\n                                                                                <td>\n                                            <div class=\"btn-box\">\n                                                <a class=\"btn-one\" href=\"\/dosya\/ticaret-sicil\/kooperatif\/tasfiye-giris-tescilinde-istenecek-evraklar.docx\">\n                                                    <span class=\"txt\">\u0130ndir<\/span>\n                                                <\/a>\n                                            <\/div>\n                                        <\/td>\n                                                                            <\/tr>\n\t\t\t\t\t\t\t\t\t                                    <tr>\n                                        <td class=\"department\">\n                                            <h3>Unvan De\u011fi\u015fikli\u011fi<br> Tescilinde<br> \u0130stenecek Evraklar<\/h3>\n                                        <\/td>\n                                        <td class=\"job-role\">\n                                            <h3>- \u0130lknur MUTLU<br>- Erkan DEM\u0130RDA\u011e<br>- A.Mustafa FENOSCU<\/h3>\n                                        <\/td>\n                                        <td class=\"location\">\n                                            <p>- Ticaret Sicil Memuru<br>- Ticaret Sicil M\u00fcd\u00fcr Yrd.<br>- Ticaret Sicil M\u00fcd\u00fcr\u00fc <\/p>\n                                        <\/td>\n                                        <td class=\"last-date\">\n                                            <p>- 424 218 3500 - 1140<br>- 424 218 3500 - 1140.<br>- 424 218 3500 - 1133<\/p>\n                                        <\/td>\n                                                                                <td>\n                                            <div class=\"btn-box\">\n                                                <a class=\"btn-one\" href=\"\/dosya\/ticaret-sicil\/kooperatif\/unvan-degisikliginde-istencek-evraklar.docx\">\n                                                    <span class=\"txt\">\u0130ndir<\/span>\n                                                <\/a>\n                                            <\/div>\n                                        <\/td>\n                                                                            <\/tr>\n\t\t\t\t\t\t\t\t\t                                <\/tbody>\n                            <\/table>\n                        <\/div>\n\n                    <\/div>\n                <\/div>\n            <\/div>\n\t\t\t\t\t\t        <\/div>\n    <\/section>\n    <!--End Intro Style2 Area-->\n        \n        \t\t\t\t<\/div>\n\t\t\t\t<\/div>\n\t\t\t\t\t<\/div>\n\t\t<\/div>\n\t\t\t\t\t<\/div>\n\t\t<\/section>\n\t\t\t\t<\/div>\n\t\t","protected":false},"excerpt":{"rendered":"<p>Kooperatif \u0130\u015flemleri Ticaret Sicil Hizmetleri Firma Unvan\u0131 Sorgulama i\u00e7in T\u0131klay\u0131n\u0131z\u2026 T\u00fcm kurulu\u015f ve di\u011fer tescil i\u015flemleri MERS\u0130S \u00fczerinden yap\u0131lmaktad\u0131r. MERS\u0130S sistemi i\u00e7in T\u0131klay\u0131n\u0131z\u2026 &#8220;T\u00fcrkiye&#8217;de \u015eirket Kurmak &#8211; Ticaret Bakanl\u0131\u011f\u0131&#8221; kitab\u0131n\u0131 indirmek i\u00e7in t\u0131klay\u0131n\u0131z\u2026 \u0130leti\u015fim elazigtso@elazigtso.org.tr Dosya \/ Evrak Yetkililer \u00dcnvan \u0130leti\u015fim Adres De\u011fi\u015fikli\u011fi Tescilinde Gerekli Evraklar &#8211; \u0130lknur MUTLU&#8211; Erkan DEM\u0130RDA\u011e&#8211; A.Mustafa FENOSCU &#8211; Ticaret [&hellip;]<\/p>\n","protected":false},"author":1,"featured_media":0,"parent":0,"menu_order":0,"comment_status":"closed","ping_status":"closed","template":"tpl-default-elementor.php","meta":{"footnotes":""},"class_list":["post-2518","page","type-page","status-publish","hentry"],"jetpack_sharing_enabled":true,"_links":{"self":[{"href":"https:\/\/elazigtso.org.tr\/tr\/index.php\/wp-json\/wp\/v2\/pages\/2518","targetHints":{"allow":["GET"]}}],"collection":[{"href":"https:\/\/elazigtso.org.tr\/tr\/index.php\/wp-json\/wp\/v2\/pages"}],"about":[{"href":"https:\/\/elazigtso.org.tr\/tr\/index.php\/wp-json\/wp\/v2\/types\/page"}],"author":[{"embeddable":true,"href":"https:\/\/elazigtso.org.tr\/tr\/index.php\/wp-json\/wp\/v2\/users\/1"}],"replies":[{"embeddable":true,"href":"https:\/\/elazigtso.org.tr\/tr\/index.php\/wp-json\/wp\/v2\/comments?post=2518"}],"version-history":[{"count":4,"href":"https:\/\/elazigtso.org.tr\/tr\/index.php\/wp-json\/wp\/v2\/pages\/2518\/revisions"}],"predecessor-version":[{"id":2529,"href":"https:\/\/elazigtso.org.tr\/tr\/index.php\/wp-json\/wp\/v2\/pages\/2518\/revisions\/2529"}],"wp:attachment":[{"href":"https:\/\/elazigtso.org.tr\/tr\/index.php\/wp-json\/wp\/v2\/media?parent=2518"}],"curies":[{"name":"wp","href":"https:\/\/api.w.org\/{rel}","templated":true}]}}