{"id":2003,"date":"2023-03-10T20:01:01","date_gmt":"2023-03-10T17:01:01","guid":{"rendered":"http:\/\/elazigtso.com\/tr\/?page_id=2003"},"modified":"2026-03-31T11:19:15","modified_gmt":"2026-03-31T08:19:15","slug":"is-makinasi-tescil","status":"publish","type":"page","link":"https:\/\/elazigtso.org.tr\/tr\/index.php\/is-makinasi-tescil\/","title":{"rendered":"\u0130\u015f Makinas\u0131 Tescil"},"content":{"rendered":"\t\t<div data-elementor-type=\"wp-page\" data-elementor-id=\"2003\" class=\"elementor elementor-2003\">\n\t\t\t\t\t\t<section class=\"elementor-section elementor-top-section elementor-element elementor-element-b7d520e elementor-section-full_width elementor-section-height-default elementor-section-height-default\" data-id=\"b7d520e\" data-element_type=\"section\">\n\t\t\t\t\t\t<div class=\"elementor-container elementor-column-gap-default\">\n\t\t\t\t\t<div class=\"elementor-column elementor-col-100 elementor-top-column elementor-element elementor-element-4b65189\" data-id=\"4b65189\" data-element_type=\"column\">\n\t\t\t<div class=\"elementor-widget-wrap elementor-element-populated\">\n\t\t\t\t\t\t<div class=\"elementor-element elementor-element-0d7f193 elementor-widget elementor-widget-finbank_credit_card_detail\" data-id=\"0d7f193\" data-element_type=\"widget\" data-widget_type=\"finbank_credit_card_detail.default\">\n\t\t\t\t<div class=\"elementor-widget-container\">\n\t\t\t\t\t\t\n    <!--Start Cards Details Area-->\n    <section class=\"cards-details-area\">\n        <div class=\"container\">\n            <div class=\"row\">\n\t\t\t\t                <div class=\"col-xl-4\">\n                    <div class=\"sidebar-box-style2\">\n                        <div id=\"nav_menu-12\" class=\"service-widget sidebar-widget widget_nav_menu\"><div class=\"sidebar-title\"><div class=\"dot-box\"><\/div><h3>Kurumsal<\/h3><\/div><div class=\"menu-kurumsal-container\"><ul id=\"menu-kurumsal\" class=\"menu\"><li id=\"menu-item-1798\" class=\"menu-item menu-item-type-post_type menu-item-object-page menu-item-1798\"><a href=\"https:\/\/elazigtso.org.tr\/tr\/index.php\/odamiz-hakkinda\/\">Odam\u0131z Hakk\u0131nda<\/a><\/li>\n<li id=\"menu-item-1799\" class=\"menu-item menu-item-type-custom menu-item-object-custom menu-item-1799\"><a href=\"#\">Ba\u015fkan<\/a><\/li>\n<li id=\"menu-item-1800\" class=\"menu-item menu-item-type-custom menu-item-object-custom menu-item-1800\"><a href=\"#\">Y\u00f6netim Kurulu<\/a><\/li>\n<li id=\"menu-item-1801\" class=\"menu-item menu-item-type-custom menu-item-object-custom menu-item-1801\"><a href=\"#\">Meclis<\/a><\/li>\n<li id=\"menu-item-1802\" class=\"menu-item menu-item-type-custom menu-item-object-custom menu-item-1802\"><a href=\"#\">Meslek Komiteleri<\/a><\/li>\n<li id=\"menu-item-1803\" class=\"menu-item menu-item-type-custom menu-item-object-custom menu-item-1803\"><a href=\"#\">\u0130\u015ftiraklerimiz<\/a><\/li>\n<li id=\"menu-item-1804\" class=\"menu-item menu-item-type-custom menu-item-object-custom menu-item-1804\"><a href=\"#\">Projelerimiz<\/a><\/li>\n<li id=\"menu-item-1805\" class=\"menu-item menu-item-type-custom menu-item-object-custom menu-item-1805\"><a href=\"#\">Kurumsal Kimlik<\/a><\/li>\n<li id=\"menu-item-1806\" class=\"menu-item menu-item-type-custom menu-item-object-custom menu-item-1806\"><a href=\"#\">KVKK<\/a><\/li>\n<\/ul><\/div><\/div><div id=\"nav_menu-16\" class=\"service-widget sidebar-widget widget_nav_menu\"><div class=\"sidebar-title\"><div class=\"dot-box\"><\/div><h3>Hizmetler<\/h3><\/div><div class=\"menu-hizmetler-container\"><ul id=\"menu-hizmetler\" class=\"menu\"><li id=\"menu-item-3389\" class=\"menu-item menu-item-type-post_type menu-item-object-page menu-item-3389\"><a href=\"https:\/\/elazigtso.org.tr\/tr\/index.php\/ticaret-sicil-hizmetleri\/\">Ticaret Sicil Hizmetleri<\/a><\/li>\n<li id=\"menu-item-2030\" class=\"menu-item menu-item-type-custom menu-item-object-custom menu-item-2030\"><a href=\"https:\/\/uye.tobb.org.tr\/organizasyon\/firma-index.jsp\">\u00dcyelik Sistemi<\/a><\/li>\n<li id=\"menu-item-2031\" class=\"menu-item menu-item-type-custom menu-item-object-custom menu-item-2031\"><a href=\"https:\/\/uye.tobb.org.tr\/hizliaidatodeme.jsp\">H\u0131zl\u0131 Aidat \u00d6deme<\/a><\/li>\n<li id=\"menu-item-2032\" class=\"menu-item menu-item-type-custom menu-item-object-custom menu-item-2032\"><a href=\"https:\/\/uye.tobb.org.tr\/organizasyon\/firma-index.jsp\">Belge Talebi<\/a><\/li>\n<li id=\"menu-item-2033\" class=\"menu-item menu-item-type-custom menu-item-object-custom menu-item-2033\"><a href=\"https:\/\/uye.tobb.org.tr\/organizasyon\/firma-index.jsp\">Ticaret Sicil Gazetesi<\/a><\/li>\n<li id=\"menu-item-2034\" class=\"menu-item menu-item-type-custom menu-item-object-custom menu-item-2034\"><a href=\"https:\/\/uye.tobb.org.tr\/organizasyon\/firma-index.jsp\">Temsil-\u0130lzam Kullan\u0131c\u0131 Yetkilendirme<\/a><\/li>\n<li id=\"menu-item-2013\" class=\"menu-item menu-item-type-post_type menu-item-object-page menu-item-2013\"><a href=\"https:\/\/elazigtso.org.tr\/tr\/index.php\/is-makinasi-tescil\/\">\u0130\u015f Makinas\u0131 Tescil<\/a><\/li>\n<li id=\"menu-item-3390\" class=\"menu-item menu-item-type-post_type menu-item-object-page menu-item-3390\"><a href=\"https:\/\/elazigtso.org.tr\/tr\/index.php\/k-yetki-belgeleri\/\">K Yetki Belgeleri<\/a><\/li>\n<li id=\"menu-item-3392\" class=\"menu-item menu-item-type-post_type menu-item-object-page menu-item-3392\"><a href=\"https:\/\/elazigtso.org.tr\/tr\/index.php\/sayisal-takograf\/\">Say\u0131sal Tako\u011fraf<\/a><\/li>\n<li id=\"menu-item-3391\" class=\"menu-item menu-item-type-custom menu-item-object-custom menu-item-3391\"><a href=\"http:\/\/gs1.tobb.org.tr\/\">GS1 Barkod \u0130\u015flemleri<\/a><\/li>\n<li id=\"menu-item-3394\" class=\"menu-item menu-item-type-post_type menu-item-object-page menu-item-3394\"><a href=\"https:\/\/elazigtso.org.tr\/tr\/index.php\/sigorta-acenteligi\/\">Sigorta Acenteli\u011fi<\/a><\/li>\n<li id=\"menu-item-2109\" class=\"menu-item menu-item-type-post_type menu-item-object-page menu-item-2109\"><a href=\"https:\/\/elazigtso.org.tr\/tr\/index.php\/ticaret-dis-ticaret-fuarlar\/\">Ticaret \/ D\u0131\u015f Ticaret \/ Fuarlar<\/a><\/li>\n<li id=\"menu-item-3395\" class=\"menu-item menu-item-type-post_type menu-item-object-page menu-item-3395\"><a href=\"https:\/\/elazigtso.org.tr\/tr\/index.php\/sanayi-birimi-2\/\">Sanayi Birimi<\/a><\/li>\n<li id=\"menu-item-3393\" class=\"menu-item menu-item-type-post_type menu-item-object-page menu-item-3393\"><a href=\"https:\/\/elazigtso.org.tr\/tr\/index.php\/raporlar\/\">Raporlar<\/a><\/li>\n<li id=\"menu-item-2035\" class=\"menu-item menu-item-type-post_type menu-item-object-page menu-item-2035\"><a href=\"https:\/\/elazigtso.org.tr\/tr\/index.php\/tso-akademi\/\">TSO Akademi<\/a><\/li>\n<\/ul><\/div><\/div>                    <\/div>\n                <\/div>\n\t\t\t\t\n                <div class=\"col-xl-8 col-md-12 col-sm-12 \">\n                    <div class=\"cards-deails-content-box\">\n                        <div class=\"cards-deails-content-1\">\n                            <div class=\"inner-title\">\n                                <h5>Hizmetler<\/h5>                                <h2>\u0130\u015f Makinas\u0131 Tescil \u0130\u015flemleri<\/h2>                            <\/div>\n                                                        <div class=\"text\">\n                                <b>\u0130\u015f Makinesinin Tan\u0131m Ve Kapsam\u0131 Nedir?<\/b>\n<br>\n\n\u0130\u015f makineleri, yol in\u015faat\u0131 ile, tar\u0131m, sanayi, bay\u0131nd\u0131rl\u0131k, milli savunma hizmetlerinde kullan\u0131lan; i\u015f amac\u0131na g\u00f6re \u00fczerine \u00e7e\u015fitli ekipmanlar monte edilmi\u015f; karayolunda insan, hayvan, y\u00fck ta\u015f\u0131mas\u0131nda kullan\u0131lamayan motorlu ara\u00e7lard\u0131r.\n<br>\n<b>\u0130\u015f Makinesini Tescile Yetkili Kurulu\u015flar Hangileridir?<\/b>\n<br>\n<b>1.<\/b>Kamu kurulu\u015flar\u0131na ait olanlar ilgili kurulu\u015flarca,\n<br>\n<b>2.<\/b>\u00d6zel ve t\u00fczel ki\u015filere ait olanlardan;\n<br>\n <b>a)<\/b> Tar\u0131m kesiminde kullan\u0131lanlar ziraat odalar\u0131nca,\n<br>\n <b>b)<\/b> Tar\u0131m kesiminde kullan\u0131lanlar\u0131n d\u0131\u015f\u0131nda kalan ve sanayi, bay\u0131nd\u0131rl\u0131k ve di\u011fer\n<br>\nKesimlerde kullan\u0131lanlar\u0131n \u00fcyesi olduklar\u0131 ticaret, sanayi veya ticaret ve sanayi odalar\u0131nca tescilleri yap\u0131l\u0131r.\n<br>\n<b>\u0130\u015f Makinesinin Tescili Neden Zorunludur?<\/b>\n<br>\nKarayollar\u0131 Trafik Y\u00f6netmeli\u011fi\u2019nin 28. maddesi uyar\u0131nca, b\u00fct\u00fcn motorlu ara\u00e7lar ile ilgili Y\u00f6netmelik\u2019te tescili zorunlu k\u0131l\u0131nan motorsuz ara\u00e7lar\u0131n sahipleri ara\u00e7lar\u0131n\u0131, yetkili kurulu\u015fa tescil ettirmek ve tescil belgesi almak mecburiyetindedirler.\n<br>\n<b>\u0130\u015f Makinesinin Sat\u0131\u015f Ve Devirleri Nas\u0131l Yap\u0131l\u0131r?<\/b>\n<br>\nKarayollar\u0131 Trafik Y\u00f6netmeli\u011fi'nin 36. maddesi uyar\u0131nca ara\u00e7lar\u0131n sat\u0131\u015f ve devirlerinin noter arac\u0131l\u0131\u011f\u0131yla yap\u0131lmas\u0131 zorunludur. Bunun d\u0131\u015f\u0131nda yap\u0131lan her t\u00fcrl\u00fc sat\u0131\u015f ve devirler ge\u00e7ersizdir.\n<br>\nTescilli ara\u00e7lar\u0131 noter senedi ile sat\u0131n veya devir alanlar, ilgili tescil kurulu\u015funa m\u00fcracaat ederek, bu ara\u00e7lar\u0131n\u0131 tescil ettirmek ve adlar\u0131na tescil belgesi almak zorundad\u0131rlar.\n<br>\n<b>\u0130\u015f Makinesi Tescil Belgesi D\u00fczenleme Evraklar\u0131 Hangileridir?<\/b>\n<br>\nTescil belgesi d\u00fczenletmek \u00fczere m\u00fcracaatta bulunan firma veya \u015fah\u0131slar\u0131n m\u00fcracaat s\u0131ras\u0131nda ibraz etmeleri gereken evraklar:<\/b>\n<br>\n<b>A.<\/b> \u0130lk defa tescili yap\u0131lacak ara\u00e7lar i\u00e7in;\n<br>\n<b> 1.<\/b> Elaz\u0131\u011f Ticaret ve Sanayi Odas\u0131'na hitaben yaz\u0131lm\u0131\u015f ve i\u015f makinesinin  tescilini talep eden bir dilek\u00e7e,\n<br>\n <b>2.<\/b> Fatura (As\u0131l ve fotokopi),\n<br>\n<b> 3.<\/b> S\u0131f\u0131r ara\u00e7lar i\u00e7in (i\u015f makinesi yerli \u00fcretim ise ge\u00e7erli bir Yerli Mal\u0131 Belgesi, ara\u00e7 ithal edilmi\u015f ise faturaya ek olarak g\u00fcmr\u00fck giri\u015f beyannamesi ve g\u00fcmr\u00fck vergisinin \u00f6dendi\u011fine dair makbuz,   \n<br>\n <b>4.<\/b> Ara\u00e7 sahibine ait ikametgah Belgesi (\u015eah\u0131slar i\u00e7in),\n<br>\n <b>5.<\/b> Ara\u00e7 sahibine ait n\u00fcfus c\u00fczdan fotokopisi (\u015eah\u0131slar i\u00e7in),\n<br>\n <b>6.<\/b> Yerli ara\u00e7 ise kapasite raporu,\n<br>\n <b>7.<\/b> Vekaletname ( Ger\u00e7ek veya t\u00fczel ki\u015fi kendi i\u015flerini takip etmeyecekse)\n<br>\n <b>8.<\/b> Teknik belge\n<br>\n <b>9.<\/b> Oda harc\u0131 olarak  10.150.00. TL Elaz\u0131\u011f Ticaret ve Sanayi veznesine pe\u015fin yat\u0131r\u0131l\u0131r.\n<br>\n Bu mebla\u011f her sene sonu itibariyle de\u011fi\u015fmektedir.\n<br>\n<b>B.<\/b> 2. El ara\u00e7lar i\u00e7in;\n<br>\n <b>1.<\/b> Elaz\u0131\u011f Ticaret ve Sanayi Odas\u0131\u2019na hitaben yaz\u0131lm\u0131\u015f ve i\u015f makinesinin tescilini talep eden bir dilek\u00e7e,\n<br>\n<b> 2.<\/b> Noter sat\u0131\u015f s\u00f6zle\u015fmesi asl\u0131,\n<br>\n <b>3.<\/b> Noter  taraf\u0131ndan iptal edilen sat\u0131c\u0131 firmaya ait \u0130\u015f Makinas\u0131 Tescil Belgesi,\n<br>\n<b> 4.<\/b> Varsa Sefer G\u00f6rev Emri Pusulas\u0131 asl\u0131\n<br>\n <b>5.<\/b> Ara\u00e7 sahibine ait ikametgah belgesi (\u015eah\u0131slar i\u00e7in),\n<br>\n<b> 6.<\/b> Ara\u00e7 sahibine ait n\u00fcfus c\u00fczdan fotokopisi (\u015eah\u0131slar i\u00e7in),\n<br>\n <b>7.<\/b> Vekaletname ( Ger\u00e7ek veya t\u00fczel ki\u015fi kendi i\u015flerini takip etmeyecekse)\n<br>\n <b>8.<\/b> Teknik belge\n<br>\n<b> 9.<\/b> Oda harc\u0131 olarak  10.150.00. TL Elaz\u0131\u011f Ticaret ve Sanayi veznesine pe\u015fin yat\u0131r\u0131l\u0131r.\n<br>\n Bu mebla\u011f her sene sonu itibariyle de\u011fi\u015fmektedir.\n<br>\n Yukar\u0131da an\u0131lan belgelerin ibraz edilememesi durumunda  mahkemeden al\u0131nacak sahiplik belgesi.\n<br>\n(Yukar\u0131da belirtilen sahiplik belgelerinin asl\u0131 veya noter tasdikli sureti ibraz edilecektir)\n<br>\n <b>C. Veraset ilam\u0131.<\/b>\n<br>\n <b>1.<\/b> Elaz\u0131\u011f Ticaret ve Sanayi Odas\u0131\u2019na hitaben yaz\u0131lm\u0131\u015f ve i\u015f makinesinin tescilini talep eden bir dilek\u00e7e,\n<br>\n<b> 2.<\/b> Veraset ilam\u0131 asl\u0131,\n<br>\n<b> 3.<\/b> Ara\u00e7 sahibine ait ikametgah belgesi (\u015eah\u0131slar i\u00e7in),\n<br>\n <b>4.<\/b> Ara\u00e7 sahibine ait n\u00fcfus c\u00fczdan fotokopisi (\u015eah\u0131slar i\u00e7in),\n<br>\n <b>5.<\/b> Vekaletname ( Ger\u00e7ek veya t\u00fczel ki\u015fi kendi i\u015flerini takip etmeyecekse),\n<br>\n<b> 6.<\/b> Oda harc\u0131 olarak  10.150.00. TL Elaz\u0131\u011f Ticaret ve Sanayi veznesine pe\u015fin yat\u0131r\u0131l\u0131r.\n<br>\nBu mebla\u011f her sene sonu itibariyle de\u011fi\u015fmektedir.\n<br>\n<b>D.Rehin \u015eerhi<\/b>\n<br>\n <b>D.1. Rehin \u015eerhi \u0130\u015flenmesi.<\/b>\n<br>\n<b> 1.<\/b> Elaz\u0131\u011f Ticaret ve Sanayi Odas\u0131\u2019na hitaben yaz\u0131lm\u0131\u015f ve i\u015f makinesine Rehin \u015ferhi i\u015flenmesini talep edenbir dilek\u00e7e,\n<br>\n <b>2.<\/b> Rehin S\u00f6zle\u015fmesi asl\u0131,\n<br>\n<b> 3.<\/b> Tescil Belgesi ,\n<br>\n <b>4.<\/b> Her iki tarafa ait imza sirk\u00fcleri fotokopisi (Rehin veren ve alan taraflara ait olacakt\u0131r),\n<br>\n <b>5.<\/b> Ara\u00e7 sahibine ait N\u00fcfus C\u00fczdan Fotokopisi (\u015eah\u0131slar i\u00e7in),\n<br>\n<b> 6.<\/b> Vekaletname ( Ger\u00e7ek veya t\u00fczel ki\u015fi kendi i\u015flerini takip etmeyecekse),\n<br>\n <b>7.<\/b> Rehin \u015ferhi i\u015fleme ve Tescil i\u015flemi birlikte olacak ise Oda harc\u0131 olarak 10.150.,00 .-TL. Elaz\u0131\u011f Ticaret ve Sanayi Odas\u0131 veznesine pe\u015finen yat\u0131r\u0131l\u0131r.\n<br>\nBu mebla\u011f her sene sonu itibariyle de\u011fi\u015fmektedir.\n<br>\n<b>D.2.Rehin \u015eerhi Kald\u0131rma.<\/b>\n<br>\n Elaz\u0131\u011f Ticaret ve Sanayi Odas\u0131\u2019na hitaben yaz\u0131lm\u0131\u015f ve i\u015f makinesine i\u015flenmi\u015f Rehin \u015ferhinin kald\u0131r\u0131lmas\u0131n\u0131 talep eden bir dilek\u00e7e,\n<br>\n Rehin alan taraftan Noterden onayl\u0131 rehin kald\u0131rma yaz\u0131s\u0131,\n<br>\n Ara\u00e7 sahibine ait n\u00fcfus c\u00fczdan fotokopisi (\u015eah\u0131slar i\u00e7in),\n<br>\n <b>E.Zayi \u0130\u015flemi.<\/b>\n<br>\n<b> 1.<\/b> Elaz\u0131\u011f Ticaret ve Sanayi Odas\u0131\u2019na hitaben yaz\u0131lm\u0131\u015f ve i\u015f makinesinin tescil belgesinin zayi olarak yenilenmesini talep eden bir dilek\u00e7e,\n<br>\n<b> 2.<\/b> Gazete \u0130lan\u0131 asl\u0131.(Herhangi bir gazeteye ara\u00e7 plaka No.su ve kaybedilen Tescil Belgesinin kart seri No,ara\u00e7 sahibini firma \u00fcnvan\u0131  \u0130le kay\u0131p ilan\u0131 verilir.),\n<br>\n <b>3.<\/b> \u00c7al\u0131nan \u0130\u015f Makinas\u0131 Tescil Belgeleri i\u00e7in karakoldan al\u0131nan tutanak,\n<br>\n <b>4.<\/b> Ara\u00e7 sahibine ait n\u00fcfus c\u00fczdan fotokopisi (\u015eah\u0131slar i\u00e7in),\n<br>\n<b> 5.<\/b> Vekaletname ( Ger\u00e7ek veya t\u00fczel ki\u015fi kendi i\u015flerini takip etmeyecekse)\n<br>\n<b> 6.<\/b> Oda harc\u0131 olarak 3.625.00. TL Elaz\u0131\u011f Ticaret ve Sanayi Odas\u0131 veznesine pe\u015finen yat\u0131r\u0131l\u0131r.\n<br>\n Bu mebla\u011f her sene sonu itibariyle de\u011fi\u015fmektedir.\n<br>\n<b>F.Tescil Belgesi Yenileme.<\/b>\n<br>\n <b>1.<\/b> Elaz\u0131\u011f Ticaret ve Sanayi Odas\u0131\u2019na hitaben yaz\u0131lm\u0131\u015f ve i\u015f makinesi tescil belgesinin  yenilenmesini talep eden bir dilek\u00e7e (Eski tescil belgesinin kusuru belirtilecek),\n<br>\n <b>2.<\/b> Eski i\u015f makinas\u0131 tescil belgesi ,\n<br>\n <b>3.<\/b> Ara\u00e7 sahibine ait n\u00fcfus c\u00fczdan fotokopisi (\u015eah\u0131slar i\u00e7in),\n<br>\n <b>4.<\/b> Vekaletname ( Ger\u00e7ek veya t\u00fczel ki\u015fi kendi i\u015flerini takip etmeyecekse)\n<br>\n<b> 5.<\/b> Oda harc\u0131 olarak 3.625.00. TL Elaz\u0131\u011f Ticaret ve Sanayi Odas\u0131 veznesine pe\u015finen yat\u0131r\u0131l\u0131r.\n<br>\n Bu mebla\u011f her sene sonu itibariyle de\u011fi\u015fmektedir.\n<br>\n<b>G.\u00dcnvan De\u011fi\u015fikli\u011fi<\/b>\n<br>\n <b>1.<\/b> Elaz\u0131\u011f Ticaret ve Sanayi Odas\u0131\u2019na hitaben yaz\u0131lm\u0131\u015f ve i\u015f makinesi tescil belgesinin , firman\u0131n yeni \u00fcnvan\u0131na g\u00f6re yenilenmesini talep eden bir dilek\u00e7e,\n<br>\n <b>2.<\/b> Eski \u0130\u015f Makinas\u0131 Tescil Belgesi,\n<br>\n<b> 3.<\/b> T\u00fcrkiye Ticaret Sicil Gazetesi fotokopisi  (Unvan de\u011fi\u015fikli\u011fi beyan gazetesi),\n<br>\n <b>4.<\/b> Vekaletname ( T\u00fczel ki\u015fi kendi i\u015flerini takip etmeyecekse),\n<br>\n <b>5.<\/b> Oda harc\u0131 olarak 3.625.00. TL Elaz\u0131\u011f Ticaret ve Sanayi Odas\u0131 veznesine pe\u015finen yat\u0131r\u0131l\u0131r.\n<br>\n Bu mebla\u011f her sene sonu itibariyle de\u011fi\u015fmektedir.\n<br>\n<b> H.\u015eirket Birle\u015fmesi<\/b>\n<br>\n<b> 1.<\/b> Elaz\u0131\u011f Ticaret ve Sanayi Ticaret Odas\u0131\u2019na hitaben yaz\u0131lm\u0131\u015f ve i\u015f makinesi tescil belgesinin, Firman\u0131n yeni \u00fcnvan\u0131na g\u00f6re tescil edilmesini talep eden bir  dilek\u00e7e,\n<br>\n<b> 2.<\/b> Eski \u0130\u015f Makinas\u0131 Tescil Belgesi,\n<br>\n <b>3.<\/b> T\u00fcrkiye Ticaret Sicil Gazetesi fotokopisi  (Birle\u015fme S\u00f6zle\u015fme Beyan\u0131 Gazetesi),\n<br>\n <b>4.<\/b> Vekaletname ( T\u00fczel ki\u015fi kendi i\u015flerini takip etmeyecekse),\n<br>\n <b>5.<\/b> Oda harc\u0131 olarak 3.625.00. TL Elaz\u0131\u011f Ticaret Odas\u0131 veznesine pe\u015finen yat\u0131r\u0131l\u0131r.\n<br>\n Bu mebla\u011f her sene sonu itibariyle de\u011fi\u015fmektedir.\n                            <\/div>\n                                                    <\/div>\n\t\t\t\t\t\t\t\t\t\t\t\t                                                                    <\/div>\n                <\/div>\n\n            <\/div>\n        <\/div>\n    <\/section>\n    <!--End Cards Details Area-->\n      \n        \t\t\t\t<\/div>\n\t\t\t\t<\/div>\n\t\t\t\t\t<\/div>\n\t\t<\/div>\n\t\t\t\t\t<\/div>\n\t\t<\/section>\n\t\t\t\t<\/div>\n\t\t","protected":false},"excerpt":{"rendered":"<p>Kurumsal Odam\u0131z Hakk\u0131nda Ba\u015fkan Y\u00f6netim Kurulu Meclis Meslek Komiteleri \u0130\u015ftiraklerimiz Projelerimiz Kurumsal Kimlik KVKK Hizmetler Ticaret Sicil Hizmetleri \u00dcyelik Sistemi H\u0131zl\u0131 Aidat \u00d6deme Belge Talebi Ticaret Sicil Gazetesi Temsil-\u0130lzam Kullan\u0131c\u0131 Yetkilendirme \u0130\u015f Makinas\u0131 Tescil K Yetki Belgeleri Say\u0131sal Tako\u011fraf GS1 Barkod \u0130\u015flemleri Sigorta Acenteli\u011fi Ticaret \/ D\u0131\u015f Ticaret \/ Fuarlar Sanayi Birimi Raporlar TSO Akademi [&hellip;]<\/p>\n","protected":false},"author":1,"featured_media":0,"parent":0,"menu_order":0,"comment_status":"closed","ping_status":"closed","template":"tpl-default-elementor.php","meta":{"footnotes":""},"class_list":["post-2003","page","type-page","status-publish","hentry"],"jetpack_sharing_enabled":true,"_links":{"self":[{"href":"https:\/\/elazigtso.org.tr\/tr\/index.php\/wp-json\/wp\/v2\/pages\/2003","targetHints":{"allow":["GET"]}}],"collection":[{"href":"https:\/\/elazigtso.org.tr\/tr\/index.php\/wp-json\/wp\/v2\/pages"}],"about":[{"href":"https:\/\/elazigtso.org.tr\/tr\/index.php\/wp-json\/wp\/v2\/types\/page"}],"author":[{"embeddable":true,"href":"https:\/\/elazigtso.org.tr\/tr\/index.php\/wp-json\/wp\/v2\/users\/1"}],"replies":[{"embeddable":true,"href":"https:\/\/elazigtso.org.tr\/tr\/index.php\/wp-json\/wp\/v2\/comments?post=2003"}],"version-history":[{"count":35,"href":"https:\/\/elazigtso.org.tr\/tr\/index.php\/wp-json\/wp\/v2\/pages\/2003\/revisions"}],"predecessor-version":[{"id":10006,"href":"https:\/\/elazigtso.org.tr\/tr\/index.php\/wp-json\/wp\/v2\/pages\/2003\/revisions\/10006"}],"wp:attachment":[{"href":"https:\/\/elazigtso.org.tr\/tr\/index.php\/wp-json\/wp\/v2\/media?parent=2003"}],"curies":[{"name":"wp","href":"https:\/\/api.w.org\/{rel}","templated":true}]}}