{"id":1952,"date":"2023-03-10T16:50:37","date_gmt":"2023-03-10T13:50:37","guid":{"rendered":"http:\/\/elazigtso.com\/tr\/?page_id=1952"},"modified":"2023-07-27T16:15:59","modified_gmt":"2023-07-27T13:15:59","slug":"projelerimiz","status":"publish","type":"page","link":"https:\/\/elazigtso.org.tr\/tr\/index.php\/projelerimiz\/","title":{"rendered":"Projelerimiz"},"content":{"rendered":"\t\t<div data-elementor-type=\"wp-page\" data-elementor-id=\"1952\" class=\"elementor elementor-1952\">\n\t\t\t\t\t\t<section class=\"elementor-section elementor-top-section elementor-element elementor-element-5d8cacf elementor-section-full_width elementor-section-height-default elementor-section-height-default\" data-id=\"5d8cacf\" data-element_type=\"section\">\n\t\t\t\t\t\t<div class=\"elementor-container elementor-column-gap-default\">\n\t\t\t\t\t<div class=\"elementor-column elementor-col-100 elementor-top-column elementor-element elementor-element-8dab5d4\" data-id=\"8dab5d4\" data-element_type=\"column\">\n\t\t\t<div class=\"elementor-widget-wrap\">\n\t\t\t\t\t\t\t<\/div>\n\t\t<\/div>\n\t\t\t\t\t<\/div>\n\t\t<\/section>\n\t\t\t\t<section class=\"elementor-section elementor-top-section elementor-element elementor-element-8ab7326 elementor-section-full_width elementor-section-height-default elementor-section-height-default\" data-id=\"8ab7326\" data-element_type=\"section\">\n\t\t\t\t\t\t<div class=\"elementor-container elementor-column-gap-default\">\n\t\t\t\t\t<div class=\"elementor-column elementor-col-100 elementor-top-column elementor-element elementor-element-cc4e04a\" data-id=\"cc4e04a\" data-element_type=\"column\">\n\t\t\t<div class=\"elementor-widget-wrap elementor-element-populated\">\n\t\t\t\t\t\t<div class=\"elementor-element elementor-element-3eab8ef elementor-widget elementor-widget-finbank_emergency_service_v3\" data-id=\"3eab8ef\" data-element_type=\"widget\" data-widget_type=\"finbank_emergency_service_v3.default\">\n\t\t\t\t<div class=\"elementor-widget-container\">\n\t\t\t\t\t\t\n    <!--Start Service Request Style2 Area-->\n    <section class=\"service-request-style2-area\">\n        <div class=\"container\">\n            <div class=\"row\">\n\t\t\t\t                <div class=\"col-xl-6\">\n                    <div class=\"service-request-style2-img-box\">\n                        <div class=\"service-request-style2-img-box__inner\">\n                            <img decoding=\"async\" src=\"https:\/\/elazigtso.org.tr\/tr\/wp-content\/uploads\/2022\/09\/service-request-style2.jpg\" alt=\"Awesome Image\">\n                        <\/div>\n                    <\/div>\n                <\/div>\n\t\t\t\t                <div class=\"col-xl-6\">\n                    <div class=\"service-request-style2-content-box\">\n                                                <div class=\"pattern-bottom\" style=\"background-image: url(https:\/\/elazigtso.org.tr\/tr\/wp-content\/uploads\/2022\/09\/service-request-style2-content-box-pattern.png);\"><\/div>\n                                                                        <div class=\"sec-title\">\n\t\t\t\t\t\t\t<h2>Elaz\u0131\u011f TSO'da<br> Dijital D\u00f6n\u00fc\u015f\u00fcm<br> Projeleri Ba\u015flad\u0131!<\/h2>                                                        <div class=\"sub-title\">\n                                <p>Elaz\u0131\u011f'\u0131 dijitalle\u015fen d\u00fcnyada global standartlara ta\u015f\u0131mak i\u00e7in AR-GE ekibimizle birlikte var g\u00fcc\u00fcm\u00fczle \u00e7al\u0131\u015f\u0131yoruz! \n\u00dcye i\u015fletmelerimizi dijital d\u00fcnyaya haz\u0131rlamak i\u00e7in dijital d\u00f6n\u00fc\u015f\u00fcm seferberli\u011fi hamlemizle huzurlar\u0131n\u0131zday\u0131z.<\/p>\n                            <\/div>\n                                                    <\/div>\n                                                <div class=\"service-request-style2-content-box__inner\">\n                            <ul>\n                                                                <li>\n                                    <div class=\"single-service-request-style2-box\">\n                                        <div class=\"icon\">\n                                            <span class=\"icon- icon-credit-card\"><\/span>\n                                        <\/div>\n                                                                                <div class=\"title\">\n                                            <h3>\n                                                ETSOKART<br> Projesi                                                <a href=\"\/tr\/index.php\/etsokart-projesi\/\"><span class=\"icon-right-arrow\"><\/span><\/a>\n                                            <\/h3>\n                                        <\/div>\n                                                                            <\/div>\n                                <\/li>\n                                                                <li>\n                                    <div class=\"single-service-request-style2-box\">\n                                        <div class=\"icon\">\n                                            <span class=\"icon- icon-computer\"><\/span>\n                                        <\/div>\n                                                                                <div class=\"title\">\n                                            <h3>\n                                                Kariyer ve \u0130stihdam<br> Portal\u0131 Projesi                                                <a href=\"http:\/\/www.elazigtsokariyer.com\/\"><span class=\"icon-right-arrow\"><\/span><\/a>\n                                            <\/h3>\n                                        <\/div>\n                                                                            <\/div>\n                                <\/li>\n                                                                <li>\n                                    <div class=\"single-service-request-style2-box\">\n                                        <div class=\"icon\">\n                                            <span class=\"icon- icon-book\"><\/span>\n                                        <\/div>\n                                                                                <div class=\"title\">\n                                            <h3>\n                                                \u0130nteraktif &amp; Mobil Oda<br> Projesi                                                <a href=\"#\"><span class=\"icon-right-arrow\"><\/span><\/a>\n                                            <\/h3>\n                                        <\/div>\n                                                                            <\/div>\n                                <\/li>\n                                                                <li>\n                                    <div class=\"single-service-request-style2-box\">\n                                        <div class=\"icon\">\n                                            <span class=\"icon- icon-check-book\"><\/span>\n                                        <\/div>\n                                                                                <div class=\"title\">\n                                            <h3>\n                                                Lojistik \u00dcss\u00fc<br> Projesi                                                <a href=\"\/tr\/index.php\/lojistik-ussu-projesi\/\"><span class=\"icon-right-arrow\"><\/span><\/a>\n                                            <\/h3>\n                                        <\/div>\n                                                                            <\/div>\n                                <\/li>\n                                                            <\/ul>\n                                                        <div class=\"service-request-style2__btns-box\">\n                                <a class=\"btn-one\" href=\"\/tr\/index.php\/projelerimiz\/\">\n                                    <span class=\"txt\">T\u00fcm Projeler<\/span>\n                                <\/a>\n                            <\/div>\n                                                    <\/div>\n\n                    <\/div>\n                <\/div>\n\n            <\/div>\n        <\/div>\n    <\/section>\n    <!--End Service Request Style2 Area-->\n             \n        \t\t\t\t<\/div>\n\t\t\t\t<\/div>\n\t\t\t\t\t<\/div>\n\t\t<\/div>\n\t\t\t\t\t<\/div>\n\t\t<\/section>\n\t\t\t\t<section class=\"elementor-section elementor-top-section elementor-element elementor-element-ebb8f00 elementor-section-full_width elementor-section-height-default elementor-section-height-default\" data-id=\"ebb8f00\" data-element_type=\"section\">\n\t\t\t\t\t\t<div class=\"elementor-container elementor-column-gap-default\">\n\t\t\t\t\t<div class=\"elementor-column elementor-col-100 elementor-top-column elementor-element elementor-element-d841daa\" data-id=\"d841daa\" data-element_type=\"column\">\n\t\t\t<div class=\"elementor-widget-wrap elementor-element-populated\">\n\t\t\t\t\t\t<div class=\"elementor-element elementor-element-3ebc501 elementor-widget elementor-widget-finbank_emergency_service_v3\" data-id=\"3ebc501\" data-element_type=\"widget\" data-widget_type=\"finbank_emergency_service_v3.default\">\n\t\t\t\t<div class=\"elementor-widget-container\">\n\t\t\t\t\t\t\n    <!--Start Service Request Style2 Area-->\n    <section class=\"service-request-style2-area\">\n        <div class=\"container\">\n            <div class=\"row\">\n\t\t\t\t                <div class=\"col-xl-6\">\n                    <div class=\"service-request-style2-img-box\">\n                        <div class=\"service-request-style2-img-box__inner\">\n                            <img decoding=\"async\" src=\"https:\/\/elazigtso.org.tr\/tr\/wp-content\/uploads\/2023\/03\/proje.jpg\" alt=\"Awesome Image\">\n                        <\/div>\n                    <\/div>\n                <\/div>\n\t\t\t\t                <div class=\"col-xl-6\">\n                    <div class=\"service-request-style2-content-box\">\n                                                <div class=\"pattern-bottom\" style=\"background-image: url(https:\/\/elazigtso.org.tr\/tr\/wp-content\/uploads\/2022\/09\/service-request-style2-content-box-pattern.png);\"><\/div>\n                                                                        <div class=\"sec-title\">\n\t\t\t\t\t\t\t<h2>Elaz\u0131\u011f TSO <br>Taraf\u0131ndan<br>Uygulanan<br> Tamamlanm\u0131\u015f ve<br> Devam Eden Projeler<br><\/h2>                                                        <div class=\"sub-title\">\n                                <p>Elaz\u0131\u011f Ticaret ve Sanayi Odas\u0131 taraf\u0131ndan uygulanan veya ortak olunan AB \/ Ulusal \/ Yerel Hibe destekli projeleri <a href=\"\/tr\/wp-content\/uploads\/2023\/03\/ElaziigTSO_2004_2020_Donemi_Uygulanan_Projeler-1-1.pdf\" target=\"_blank\" rel=\"noreferrer noopener\">g\u00f6r\u00fcnt\u00fclemek i\u00e7in t\u0131klay\u0131n\u0131z<\/a><\/p>\n                            <\/div>\n                                                    <\/div>\n                                                <div class=\"service-request-style2-content-box__inner\">\n                            <ul>\n                                                                <li>\n                                    <div class=\"single-service-request-style2-box\">\n                                        <div class=\"icon\">\n                                            <span class=\"icon- icon-credit-card\"><\/span>\n                                        <\/div>\n                                                                                <div class=\"title\">\n                                            <h3>\n                                                ONLINE INTERACTIVE OHS<br> R\u0130SK ASSESSMENT SYSTEM<br> (O-IOHS) PROJECT                                                <a href=\"\/tr\/wp-content\/uploads\/2023\/07\/ElaziigTSO_2004_2020_Donemi_Uygulanan_Projeler.pdf\"><span class=\"icon-right-arrow\"><\/span><\/a>\n                                            <\/h3>\n                                        <\/div>\n                                                                            <\/div>\n                                <\/li>\n                                                                <li>\n                                    <div class=\"single-service-request-style2-box\">\n                                        <div class=\"icon\">\n                                            <span class=\"icon- icon-computer\"><\/span>\n                                        <\/div>\n                                                                                <div class=\"title\">\n                                            <h3>\n                                                Elaz\u0131\u011f B\u00f6lgesel D\u0131\u015f Ticaret H\u0131zland\u0131rma Merkezi Projesi                                                <a href=\"\/tr\/index.php\/elazig-bolgesel-dis-ticaret-hizlandirma-merkezi-projesi\/\"><span class=\"icon-right-arrow\"><\/span><\/a>\n                                            <\/h3>\n                                        <\/div>\n                                                                            <\/div>\n                                <\/li>\n                                                            <\/ul>\n                                                        <div class=\"service-request-style2__btns-box\">\n                                <a class=\"btn-one\" href=\"https:\/\/docs.google.com\/forms\/d\/e\/1FAIpQLSfphpnALcoysGQ9QhssqpQeH6sFU7gZ8HSQDmBbCbsm7i8FQw\/viewform?embedded=true\">\n                                    <span class=\"txt\">ELAZI\u011e \u0130\u00c7\u0130N PROJE F\u0130K\u0130RLER\u0130<\/span>\n                                <\/a>\n                            <\/div>\n                                                    <\/div>\n\n                    <\/div>\n                <\/div>\n\n            <\/div>\n        <\/div>\n    <\/section>\n    <!--End Service Request Style2 Area-->\n             \n        \t\t\t\t<\/div>\n\t\t\t\t<\/div>\n\t\t\t\t\t<\/div>\n\t\t<\/div>\n\t\t\t\t\t<\/div>\n\t\t<\/section>\n\t\t\t\t<\/div>\n\t\t","protected":false},"excerpt":{"rendered":"<p>Elaz\u0131\u011f TSO&#8217;da Dijital D\u00f6n\u00fc\u015f\u00fcm Projeleri Ba\u015flad\u0131! Elaz\u0131\u011f&#8217;\u0131 dijitalle\u015fen d\u00fcnyada global standartlara ta\u015f\u0131mak i\u00e7in AR-GE ekibimizle birlikte var g\u00fcc\u00fcm\u00fczle \u00e7al\u0131\u015f\u0131yoruz! \u00dcye i\u015fletmelerimizi dijital d\u00fcnyaya haz\u0131rlamak i\u00e7in dijital d\u00f6n\u00fc\u015f\u00fcm seferberli\u011fi hamlemizle huzurlar\u0131n\u0131zday\u0131z. ETSOKART Projesi Kariyer ve \u0130stihdam Portal\u0131 Projesi \u0130nteraktif &amp; Mobil Oda Projesi Lojistik \u00dcss\u00fc Projesi T\u00fcm Projeler Elaz\u0131\u011f TSO Taraf\u0131ndanUygulanan Tamamlanm\u0131\u015f ve Devam Eden Projeler [&hellip;]<\/p>\n","protected":false},"author":1,"featured_media":0,"parent":0,"menu_order":0,"comment_status":"closed","ping_status":"closed","template":"tpl-default-elementor.php","meta":{"footnotes":""},"class_list":["post-1952","page","type-page","status-publish","hentry"],"jetpack_sharing_enabled":true,"_links":{"self":[{"href":"https:\/\/elazigtso.org.tr\/tr\/index.php\/wp-json\/wp\/v2\/pages\/1952","targetHints":{"allow":["GET"]}}],"collection":[{"href":"https:\/\/elazigtso.org.tr\/tr\/index.php\/wp-json\/wp\/v2\/pages"}],"about":[{"href":"https:\/\/elazigtso.org.tr\/tr\/index.php\/wp-json\/wp\/v2\/types\/page"}],"author":[{"embeddable":true,"href":"https:\/\/elazigtso.org.tr\/tr\/index.php\/wp-json\/wp\/v2\/users\/1"}],"replies":[{"embeddable":true,"href":"https:\/\/elazigtso.org.tr\/tr\/index.php\/wp-json\/wp\/v2\/comments?post=1952"}],"version-history":[{"count":40,"href":"https:\/\/elazigtso.org.tr\/tr\/index.php\/wp-json\/wp\/v2\/pages\/1952\/revisions"}],"predecessor-version":[{"id":5537,"href":"https:\/\/elazigtso.org.tr\/tr\/index.php\/wp-json\/wp\/v2\/pages\/1952\/revisions\/5537"}],"wp:attachment":[{"href":"https:\/\/elazigtso.org.tr\/tr\/index.php\/wp-json\/wp\/v2\/media?parent=1952"}],"curies":[{"name":"wp","href":"https:\/\/api.w.org\/{rel}","templated":true}]}}