{"id":1945,"date":"2023-03-10T16:45:20","date_gmt":"2023-03-10T13:45:20","guid":{"rendered":"http:\/\/elazigtso.com\/tr\/?page_id=1945"},"modified":"2023-03-10T16:49:30","modified_gmt":"2023-03-10T13:49:30","slug":"istiraklerimiz","status":"publish","type":"page","link":"https:\/\/elazigtso.org.tr\/tr\/index.php\/istiraklerimiz\/","title":{"rendered":"\u0130\u015ftiraklerimiz"},"content":{"rendered":"\t\t<div data-elementor-type=\"wp-page\" data-elementor-id=\"1945\" class=\"elementor elementor-1945\">\n\t\t\t\t\t\t<section class=\"elementor-section elementor-top-section elementor-element elementor-element-5d8cacf elementor-section-full_width elementor-section-height-default elementor-section-height-default\" data-id=\"5d8cacf\" data-element_type=\"section\">\n\t\t\t\t\t\t<div class=\"elementor-container elementor-column-gap-default\">\n\t\t\t\t\t<div class=\"elementor-column elementor-col-100 elementor-top-column elementor-element elementor-element-8dab5d4\" data-id=\"8dab5d4\" data-element_type=\"column\">\n\t\t\t<div class=\"elementor-widget-wrap\">\n\t\t\t\t\t\t\t<\/div>\n\t\t<\/div>\n\t\t\t\t\t<\/div>\n\t\t<\/section>\n\t\t\t\t<section class=\"elementor-section elementor-top-section elementor-element elementor-element-3c0efc7 elementor-section-full_width elementor-section-height-default elementor-section-height-default\" data-id=\"3c0efc7\" data-element_type=\"section\">\n\t\t\t\t\t\t<div class=\"elementor-container elementor-column-gap-default\">\n\t\t\t\t\t<div class=\"elementor-column elementor-col-100 elementor-top-column elementor-element elementor-element-82d4c68\" data-id=\"82d4c68\" data-element_type=\"column\">\n\t\t\t<div class=\"elementor-widget-wrap elementor-element-populated\">\n\t\t\t\t\t\t<div class=\"elementor-element elementor-element-e513d8b elementor-widget elementor-widget-finbank_awards_and_achivements\" data-id=\"e513d8b\" data-element_type=\"widget\" data-widget_type=\"finbank_awards_and_achivements.default\">\n\t\t\t\t<div class=\"elementor-widget-container\">\n\t\t\t\t\t\t\n    <!--Start Awards Achivements Area-->\n    <section class=\"awards-achivements-area\" style=\"background-color: #f7f1eb;\">\n        <div class=\"container\">\n                        <div class=\"sec-title text-center\">\n                <h2>\u0130\u015ftiraklerimiz<\/h2>\t\t\t\t            <\/div>\n                        <div class=\"row\">\n                <div class=\"col-xl-4\">\n                    <div class=\"awards-achivements-left-box\">\n                                                <!--Start single awards achivements box -->\n                        <div class=\"single-awards-achivements-box\">\n                            <div class=\"top\">\n                                                                <div class=\"icon\">\n                                    <img decoding=\"async\" src=\"https:\/\/elazigtso.org.tr\/tr\/wp-content\/uploads\/2022\/09\/award-1.png\" alt=\"Awesome Image\">\n                                <\/div>\n                                                                <div class=\"inner-title\">\n                                    <h3>F\u0131rat Teknokent<\/h3>\n                                <\/div>\n                            <\/div>\n                            \t\t\t\t\t\t\t<ul>\n\t\t\t\t\t\t\t\t\t\t\t\t\t\t\t\t   <li><span>Kurulu\u015f<\/span><b>:<\/b> 2009<\/li>\n\t\t\t\t\t\t\t\t\t\t\t\t\t\t\t\t   <li><span>Website<\/span><b>:<\/b>firatteknokent.com.tr<\/li>\n\t\t\t\t\t\t\t\t\t\t\t\t\t\t\t\t   <li><span>Telefon<\/span><b>:<\/b>+90 424 248 34 23<\/li>\n\t\t\t\t\t\t\t\t\t\t\t\t\t\t\t<\/ul>\n\t\t\t\t\t\t\t                        <\/div>\n                        <!--End single awards achivements box -->\n                                                <!--Start single awards achivements box -->\n                        <div class=\"single-awards-achivements-box\">\n                            <div class=\"top\">\n                                                                <div class=\"icon\">\n                                    <img decoding=\"async\" src=\"https:\/\/elazigtso.org.tr\/tr\/wp-content\/uploads\/2022\/09\/award-1.png\" alt=\"Awesome Image\">\n                                <\/div>\n                                                                <div class=\"inner-title\">\n                                    <h3>Teknova OSB<\/h3>\n                                <\/div>\n                            <\/div>\n                            \t\t\t\t\t\t\t<ul>\n\t\t\t\t\t\t\t\t\t\t\t\t\t\t\t\t   <li><span>Kurulu\u015f<\/span><b>:<\/b> 2019<\/li>\n\t\t\t\t\t\t\t\t\t\t\t\t\t\t\t\t   <li><span>Website<\/span><b>:<\/b>elazigteknovaosb.org.tr<\/li>\n\t\t\t\t\t\t\t\t\t\t\t\t\t\t\t\t   <li><span>Telefon<\/span><b>:<\/b>+90 424 218 35 00<\/li>\n\t\t\t\t\t\t\t\t\t\t\t\t\t\t\t<\/ul>\n\t\t\t\t\t\t\t                        <\/div>\n                        <!--End single awards achivements box -->\n                                            <\/div>\n                <\/div>\n\n                <div class=\"col-xl-4\">\n                    <div class=\"awards-img-box\">\n                                                <div class=\"round-box\"><\/div>\n                        <div class=\"shape1\">\n                            <img decoding=\"async\" src=\"https:\/\/elazigtso.org.tr\/tr\/wp-content\/themes\/finbank\/assets\/images\/resources\/trophy-shape-1.png\" alt=\"Awesome Image\">\n                        <\/div>\n                        <div class=\"shape2\">\n                            <img decoding=\"async\" src=\"https:\/\/elazigtso.org.tr\/tr\/wp-content\/themes\/finbank\/assets\/images\/resources\/trophy-shape-2.png\" alt=\"Awesome Image\">\n                        <\/div>\n                                                                        <div class=\"inner\">\n                            <img decoding=\"async\" src=\"https:\/\/elazigtso.org.tr\/tr\/wp-content\/uploads\/2023\/03\/eller-1.png\" alt=\"Awesome Image\">\n                        <\/div>\n                                            <\/div>\n                <\/div>\n\n                <div class=\"col-xl-4\">\n                    <div class=\"awards-achivements-right-box\">\n                                                <!--Start single awards achivements box -->\n                        <div class=\"single-awards-achivements-box\">\n                            <div class=\"top\">\n                                                                <div class=\"icon\">\n                                    <img decoding=\"async\" src=\"https:\/\/elazigtso.org.tr\/tr\/wp-content\/uploads\/2022\/09\/award-1.png\" alt=\"Awesome Image\">\n                                <\/div>\n                                                                <div class=\"inner-title\">\n                                    <h3>Elaz\u0131\u011f \u0130\u015eGEM<\/h3>\n                                <\/div>\n                            <\/div>\n                            \t\t\t\t\t\t\t<ul>\n\t\t\t\t\t\t\t\t\t\t\t\t\t\t\t\t   <li><span>Kurulu\u015f<\/span><b>:<\/b> 2006<\/li>\n\t\t\t\t\t\t\t\t\t\t\t\t\t\t\t\t   <li><span>Website<\/span><b>:<\/b>elazigisgem.com<\/li>\n\t\t\t\t\t\t\t\t\t\t\t\t\t\t\t\t   <li><span>Telefon<\/span><b>:<\/b>+90 424 248 35 10<\/li>\n\t\t\t\t\t\t\t\t\t\t\t\t\t\t\t<\/ul>\n\t\t\t\t\t\t\t                        <\/div>\n                        <!--End single awards achivements box -->\n                                                <!--Start single awards achivements box -->\n                        <div class=\"single-awards-achivements-box\">\n                            <div class=\"top\">\n                                                                <div class=\"icon\">\n                                    <img decoding=\"async\" src=\"https:\/\/elazigtso.org.tr\/tr\/wp-content\/uploads\/2022\/09\/award-1.png\" alt=\"Awesome Image\">\n                                <\/div>\n                                                                <div class=\"inner-title\">\n                                    <h3>Elaz\u0131\u011f Heryerde<\/h3>\n                                <\/div>\n                            <\/div>\n                            \t\t\t\t\t\t\t<ul>\n\t\t\t\t\t\t\t\t\t\t\t\t\t\t\t\t   <li><span>Kurulu\u015f<\/span><b>:<\/b> 2023<\/li>\n\t\t\t\t\t\t\t\t\t\t\t\t\t\t\t\t   <li><span>Website<\/span><b>:<\/b>elazigheryerde.com<\/li>\n\t\t\t\t\t\t\t\t\t\t\t\t\t\t\t\t   <li><span>Telefon<\/span><b>:<\/b>0 424 218 35 00<\/li>\n\t\t\t\t\t\t\t\t\t\t\t\t\t\t\t<\/ul>\n\t\t\t\t\t\t\t                        <\/div>\n                        <!--End single awards achivements box -->\n                                            <\/div>\n                <\/div>\n\n            <\/div>\n        <\/div>\n    <\/section>\n    <!--End Awards Achivements Area-->\n             \n        \t\t\t\t<\/div>\n\t\t\t\t<\/div>\n\t\t\t\t\t<\/div>\n\t\t<\/div>\n\t\t\t\t\t<\/div>\n\t\t<\/section>\n\t\t\t\t<\/div>\n\t\t","protected":false},"excerpt":{"rendered":"<p>\u0130\u015ftiraklerimiz F\u0131rat Teknokent Kurulu\u015f: 2009 Website:firatteknokent.com.tr Telefon:+90 424 248 34 23 Teknova OSB Kurulu\u015f: 2019 Website:elazigteknovaosb.org.tr Telefon:+90 424 218 35 00 Elaz\u0131\u011f \u0130\u015eGEM Kurulu\u015f: 2006 Website:elazigisgem.com Telefon:+90 424 248 35 10 Elaz\u0131\u011f Heryerde Kurulu\u015f: 2023 Website:elazigheryerde.com Telefon:0 424 218 35 00<\/p>\n","protected":false},"author":1,"featured_media":0,"parent":0,"menu_order":0,"comment_status":"closed","ping_status":"closed","template":"tpl-default-elementor.php","meta":{"footnotes":""},"class_list":["post-1945","page","type-page","status-publish","hentry"],"jetpack_sharing_enabled":true,"_links":{"self":[{"href":"https:\/\/elazigtso.org.tr\/tr\/index.php\/wp-json\/wp\/v2\/pages\/1945","targetHints":{"allow":["GET"]}}],"collection":[{"href":"https:\/\/elazigtso.org.tr\/tr\/index.php\/wp-json\/wp\/v2\/pages"}],"about":[{"href":"https:\/\/elazigtso.org.tr\/tr\/index.php\/wp-json\/wp\/v2\/types\/page"}],"author":[{"embeddable":true,"href":"https:\/\/elazigtso.org.tr\/tr\/index.php\/wp-json\/wp\/v2\/users\/1"}],"replies":[{"embeddable":true,"href":"https:\/\/elazigtso.org.tr\/tr\/index.php\/wp-json\/wp\/v2\/comments?post=1945"}],"version-history":[{"count":6,"href":"https:\/\/elazigtso.org.tr\/tr\/index.php\/wp-json\/wp\/v2\/pages\/1945\/revisions"}],"predecessor-version":[{"id":3946,"href":"https:\/\/elazigtso.org.tr\/tr\/index.php\/wp-json\/wp\/v2\/pages\/1945\/revisions\/3946"}],"wp:attachment":[{"href":"https:\/\/elazigtso.org.tr\/tr\/index.php\/wp-json\/wp\/v2\/media?parent=1945"}],"curies":[{"name":"wp","href":"https:\/\/api.w.org\/{rel}","templated":true}]}}