{"id":1844,"date":"2023-03-09T16:51:10","date_gmt":"2023-03-09T13:51:10","guid":{"rendered":"http:\/\/elazigtso.com\/tr\/?page_id=1844"},"modified":"2023-03-16T10:39:02","modified_gmt":"2023-03-16T07:39:02","slug":"baskan","status":"publish","type":"page","link":"https:\/\/elazigtso.org.tr\/tr\/index.php\/baskan\/","title":{"rendered":"Ba\u015fkan"},"content":{"rendered":"\t\t<div data-elementor-type=\"wp-page\" data-elementor-id=\"1844\" class=\"elementor elementor-1844\">\n\t\t\t\t\t\t<section class=\"elementor-section elementor-top-section elementor-element elementor-element-fcf8c5f elementor-section-full_width elementor-section-height-default elementor-section-height-default\" data-id=\"fcf8c5f\" data-element_type=\"section\">\n\t\t\t\t\t\t<div class=\"elementor-container elementor-column-gap-default\">\n\t\t\t\t\t<div class=\"elementor-column elementor-col-100 elementor-top-column elementor-element elementor-element-240d1a4\" data-id=\"240d1a4\" data-element_type=\"column\">\n\t\t\t<div class=\"elementor-widget-wrap elementor-element-populated\">\n\t\t\t\t\t\t<div class=\"elementor-element elementor-element-e8bdac6 elementor-widget elementor-widget-finbank_emergency_service_v3\" data-id=\"e8bdac6\" data-element_type=\"widget\" data-widget_type=\"finbank_emergency_service_v3.default\">\n\t\t\t\t<div class=\"elementor-widget-container\">\n\t\t\t\t\t\t\n    <!--Start Service Request Style2 Area-->\n    <section class=\"service-request-style2-area\">\n        <div class=\"container\">\n            <div class=\"row\">\n\t\t\t\t                <div class=\"col-xl-6\">\n                    <div class=\"service-request-style2-img-box\">\n                        <div class=\"service-request-style2-img-box__inner\">\n                            <img decoding=\"async\" src=\"https:\/\/elazigtso.org.tr\/tr\/wp-content\/uploads\/2023\/03\/baskan-1.jpg\" alt=\"Awesome Image\">\n                        <\/div>\n                    <\/div>\n                <\/div>\n\t\t\t\t                <div class=\"col-xl-6\">\n                    <div class=\"service-request-style2-content-box\">\n                                                <div class=\"pattern-bottom\" style=\"background-image: url(https:\/\/elazigtso.org.tr\/tr\/wp-content\/uploads\/2022\/09\/service-request-style2-content-box-pattern.png);\"><\/div>\n                                                                        <div class=\"sec-title\">\n\t\t\t\t\t\t\t<h2>Ba\u015fkan<\/h2>                                                        <div class=\"sub-title\">\n                                <p>Elaz\u0131\u011f Palu n\u00fcfusuna kay\u0131tl\u0131 olan \u0130dris Alan, 03.02.1965 tarihinde d\u00fcnyaya geldi. Evli ve 4 \u00e7ocuk sahibi olan Alan; \u0130lk, orta ve lise e\u011fitimini Elaz\u0131\u011f'da tamamlad\u0131. Askerlik sonras\u0131 Ankara'da Taahh\u00fct i\u015fleri ve yap\u0131 \u00fcr\u00fcnleri ticareti ile i\u015f hayat\u0131na ba\u015flad\u0131. Sonras\u0131nda i\u015f hayat\u0131n\u0131 \u0130stanbul'da s\u00fcrd\u00fcren \u0130dris Alan, burada Akaryak\u0131t istasyon i\u015fletmecili\u011fi, Otomotiv yetkili bayili\u011fi sekt\u00f6rlerinde i\u015fletmeler y\u00f6netti. Akabinde Antalya ve Bodrumda turistik tesis i\u015fletmecili\u011fi ger\u00e7ekle\u015ftiren \u0130dris Alan 1997'de Elaz\u0131\u011f'a yerle\u015fti. Elaz\u0131\u011f'da yemek sekt\u00f6r\u00fc i\u015fletmecili\u011fi, m\u00fcteahhitlik, otopark i\u015fletmecili\u011fi, terminal i\u015fletmecili\u011fi ile ticaret hayat\u0131n\u0131 s\u00fcrd\u00fcren \u0130dris Alan, 2009-2013 y\u0131llar\u0131 aras\u0131nda Elaz\u0131\u011f Ticaret ve Sanayi Odas\u0131 Meclis \u00dcyeli\u011fi ve T\u00fcrkiye Odalar ve Borsalar Birli\u011fi \u00fcst kurul delegeli\u011fi g\u00f6revlerini yapt\u0131. 2013-2015 y\u0131llar\u0131 aras\u0131nda Elaz\u0131\u011f Ticaret ve Sanayi Odas\u0131 Y\u00f6netim Kurulu \u00dcyesi oldu. 2015-2018 y\u0131llar\u0131 aras\u0131da Elaz\u0131\u011f Ticaret ve Sanayi Odas\u0131 Ba\u015fkanl\u0131\u011f\u0131 g\u00f6revini \u00fcstlenen \u0130dris Alan; Ba\u015fkanl\u0131\u011f\u0131 d\u00f6neminde Elaz\u0131\u011f\u0131n 6. B\u00f6lge Te\u015fvik kapsam\u0131na al\u0131nmas\u0131 ve Kredi Garanti Fonu'nun Elaz\u0131\u011f'a getirilmesi gibi Elaz\u0131\u011f'\u0131n Sanayi ve Ticaretine ivme kazand\u0131ran bir \u00e7ok ba\u015far\u0131ya imza att\u0131. \u0130dris Alan, 12 Kas\u0131m 2022 tarihinde ger\u00e7ekle\u015fen se\u00e7im ile yeniden Elaz\u0131\u011f Ticaret ve Sanayi Odas\u0131 Y\u00f6netim Kurulu Ba\u015fkan\u0131 se\u00e7ildi.\n<img decoding=\"async\" src=\"http:\/\/elazigtso.com\/tr\/wp-content\/uploads\/2023\/03\/11idrisalan.png\" align=\"right\">\n<\/p>\n                            <\/div>\n                                                    <\/div>\n                                                <div class=\"service-request-style2-content-box__inner\">\n                            <ul>\n                                                                <li>\n                                    <div class=\"single-service-request-style2-box\">\n                                        <div class=\"icon\">\n                                            <span class=\"\"><\/span>\n                                        <\/div>\n                                                                            <\/div>\n                                <\/li>\n                                                            <\/ul>\n                                                    <\/div>\n\n                    <\/div>\n                <\/div>\n\n            <\/div>\n        <\/div>\n    <\/section>\n    <!--End Service Request Style2 Area-->\n             \n        \t\t\t\t<\/div>\n\t\t\t\t<\/div>\n\t\t\t\t\t<\/div>\n\t\t<\/div>\n\t\t\t\t\t<\/div>\n\t\t<\/section>\n\t\t\t\t<section class=\"elementor-section elementor-top-section elementor-element elementor-element-1898912 elementor-section-full_width elementor-section-height-default elementor-section-height-default\" data-id=\"1898912\" data-element_type=\"section\">\n\t\t\t\t\t\t<div class=\"elementor-container elementor-column-gap-default\">\n\t\t\t\t\t<div class=\"elementor-column elementor-col-100 elementor-top-column elementor-element elementor-element-f4c43d9\" data-id=\"f4c43d9\" data-element_type=\"column\">\n\t\t\t<div class=\"elementor-widget-wrap elementor-element-populated\">\n\t\t\t\t\t\t<div class=\"elementor-element elementor-element-fad3162 elementor-widget elementor-widget-finbank_mission_statement\" data-id=\"fad3162\" data-element_type=\"widget\" data-widget_type=\"finbank_mission_statement.default\">\n\t\t\t\t<div class=\"elementor-widget-container\">\n\t\t\t\t\t\t\n    <!--Start Statements Area-->\n    <section class=\"statements-area\">\n        <div class=\"container\">\n            <div class=\"row\">\n\n                <div class=\"col-xl-6\">\n                    <div class=\"statements-content-box\">\n                        <ul>\n                            <li>\n                                <div class=\"single-statements-box\">\n                                    <div class=\"img-box\">\n                                                                                <img decoding=\"async\" src=\"https:\/\/elazigtso.org.tr\/tr\/wp-content\/uploads\/2023\/03\/baskan.jpg\" alt=\"Awesome Image\">\n                                                                                <div class=\"static-content\">\n                                            <h2><a href=\"#\">Ba\u015fkan<\/a><\/h2>\n                                        <\/div>\n                                        <div class=\"overlay-content\">TSO<\/div>\n                                    <\/div>\n                                <\/div>\n                            <\/li>\n                            <li>\n                            \t                                <div class=\"single-statements-box\">\n                                    <div class=\"img-box\">\n                                                                                <img decoding=\"async\" src=\"https:\/\/elazigtso.org.tr\/tr\/wp-content\/uploads\/2023\/03\/idrs.jpg\" alt=\"Awesome Image\">\n                                                                                                                        <div class=\"static-content\">\n                                            <h2><a href=\"#\">\u00d6zge\u00e7mi\u015f<\/a><\/h2>\n                                        <\/div>\n                                                                                <div class=\"overlay-content\">TSO<\/div>\n                                    <\/div>\n                                <\/div>\n                                                                <div class=\"single-statements-box\">\n                                    <div class=\"img-box\">\n                                                                                <img decoding=\"async\" src=\"https:\/\/elazigtso.org.tr\/tr\/wp-content\/uploads\/2023\/03\/iletisim.jpg\" alt=\"Awesome Image\">\n                                                                                                                        <div class=\"static-content\">\n                                            <h2><a href=\"\/tr\/index.php\/iletisim\/\">\u0130leti\u015fim<\/a><\/h2>\n                                        <\/div>\n                                                                                <div class=\"overlay-content\">TSO<\/div>\n                                    <\/div>\n                                <\/div>\n                                                            <\/li>\n                        <\/ul>\n                    <\/div>\n                <\/div>\n\n                <div class=\"col-xl-6\">\n                    <div class=\"statements-text-box\">\n                                                <div class=\"shape\">\n                            <span class=\"\"><\/span>\n                        <\/div>\n                        <div class=\"inner-title\">\n                            <h2>Ba\u015fkan\u0131n Mesaj\u0131<\/h2>\n                        <\/div>\n                                                <div class=\"text\">\n                            <p>\u00dcyelerimizden ald\u0131\u011f\u0131m\u0131z g\u00fc\u00e7 ve irade sayesinde,\u00e7al\u0131\u015fan, hizmet eden, gayret eden, m\u00fccadele eden, grupla\u015fmayan, kamuoyunu b\u00f6lmeyen, \u00f6tekile\u015ftirici de\u011fil birle\u015ftirici ve b\u00fct\u00fcnle\u015ftirici bir y\u00f6netimle odam\u0131z\u0131, \u00fcyelerimizi ve Elaz\u0131\u011f\u2019\u0131m\u0131z\u0131 lay\u0131k\u0131yla temsil etmeye ve gelece\u011fin geli\u015fen Elaz\u0131\u011f\u2019\u0131n\u0131 ortak ak\u0131lla in\u015fa edece\u011fiz.\n<img decoding=\"async\" src=\"http:\/\/elazigtso.com\/tr\/wp-content\/uploads\/2023\/03\/1idrisalan.png\" align=\"right\"><\/p>                                                        <div class=\"btn-box\">\n                                <a href=\"https:\/\/idrisalan.com\"><span class=\"icon-right-arrow\"><\/span>\u0130dris Alan<br>Elaz\u0131\u011f TSO  Ba\u015fkan\u0131<\/a>\n                            <\/div>\n                                                    <\/div>\n                    <\/div>\n                <\/div>\n\n            <\/div>\n        <\/div>\n    <\/section>\n    <!--End Statements Area-->\n        \n        \t\t\t\t<\/div>\n\t\t\t\t<\/div>\n\t\t\t\t\t<\/div>\n\t\t<\/div>\n\t\t\t\t\t<\/div>\n\t\t<\/section>\n\t\t\t\t<section class=\"elementor-section elementor-top-section elementor-element elementor-element-ffdb6f0 elementor-section-full_width elementor-section-height-default elementor-section-height-default\" data-id=\"ffdb6f0\" data-element_type=\"section\">\n\t\t\t\t\t\t<div class=\"elementor-container elementor-column-gap-default\">\n\t\t\t\t\t<div class=\"elementor-column elementor-col-100 elementor-top-column elementor-element elementor-element-0f9a97c\" data-id=\"0f9a97c\" data-element_type=\"column\">\n\t\t\t<div class=\"elementor-widget-wrap elementor-element-populated\">\n\t\t\t\t\t\t<div class=\"elementor-element elementor-element-b6a0908 elementor-widget elementor-widget-finbank_contact_us\" data-id=\"b6a0908\" data-element_type=\"widget\" data-widget_type=\"finbank_contact_us.default\">\n\t\t\t\t<div class=\"elementor-widget-container\">\n\t\t\t\t\t\t\n    <!--Start Main Contact Form Area-->\n    <section class=\"main-contact-form-area \"  id=\"getintouch\">\n        <div class=\"container\">\n            <div class=\"row\">\n\n                <div class=\"col-xl-6\">\n                    <div class=\"contact-info-box-style1\">\n                        <div class=\"box1\"><\/div>\n                                                <div class=\"title\">\n                            <h2>Ba\u015fkan<br> \u0130leti\u015fim  Kanallar\u0131<\/h2>                            <p>Ba\u015fkan\u0131m\u0131za ula\u015fmak i\u00e7in a\u015fa\u011f\u0131daki ileti\u015fim kanallar\u0131n\u0131 kullanabilirsiniz.<\/p>                        <\/div>\n\t\t\t\t\t\t                        <ul class=\"contact-info-1\">\n                                                        <li>\n                                                                <div class=\"icon\">\n                                    <span class=\"icon- icon-map\"><\/span>\n                                <\/div>\n                                                                <div class=\"text\">\n                                    <p>Elaz\u0131\u011f Ticaret ve Sanayi Odas\u0131<\/p>\n                                                                        <h3>Cumhuriyet Mah. Korgeneral Hulusi Say\u0131n Cad. No:117 \/Elaz\u0131\u011f<\/h3>\n                                                                    <\/div>\n                            <\/li>\n                                                        <li>\n                                                                <div class=\"icon\">\n                                    <span class=\"icon- icon-clock\"><\/span>\n                                <\/div>\n                                                                <div class=\"text\">\n                                    <p>\u00c7al\u0131\u015fma Saatleri<\/p>\n                                                                        <h3>Pazartesi - Cuma 08.00 - 17.00<\/h3>\n                                    <span>[2nd Sat Holiday]<\/span>\n                                                                    <\/div>\n                            <\/li>\n                                                        <li>\n                                                                <div class=\"icon\">\n                                    <span class=\"icon- icon-phone\"><\/span>\n                                <\/div>\n                                                                <div class=\"text\">\n                                    <p>Telefon<\/p>\n                                                                        <h3><a href=\"tel:444 35 94 - 0 (424) 218 35 00\">444 35 94 - 0 (424) 218 35 00<\/a><\/h3>\n                                    <h3><a href=\"mailto:baskan@elazigtso.org.tr\">baskan@elazigtso.org.tr<\/a><\/h3>\n                                                                    <\/div>\n                            <\/li>\n                                                    <\/ul>\n\n                        <div class=\"bottom-box\">\n                                                        <div class=\"btn-box\">\n                                <a href=\"https:\/\/idrisalan.com\"><i class=\"fas fa-arrow-down\"><\/i> \u0130dris Alan<\/a>\n                            <\/div>\n                                                        <div class=\"footer-social-link-style1\">\n                                <ul class=\"clearfix\">\n                                                                        <li>\n                                        <a href=\"https:\/\/tr-tr.facebook.com\/idrisalan23\">\n                                            <i class=\"fab fa-facebook-f\"><\/i>\n                                        <\/a>\n                                    <\/li>\n                                                                        <li>\n                                        <a href=\"https:\/\/www.youtube.com\/@idrisalanetso1211\">\n                                            <i class=\"fab fa-youtube\"><\/i>\n                                        <\/a>\n                                    <\/li>\n                                                                        <li>\n                                        <a href=\"https:\/\/twitter.com\/idrisalan_23\">\n                                            <i class=\"fab fa-twitter\"><\/i>\n                                        <\/a>\n                                    <\/li>\n                                                                        <li>\n                                        <a href=\"https:\/\/www.instagram.com\/idrisalan23\">\n                                            <i class=\"fab fa-instagram\"><\/i>\n                                        <\/a>\n                                    <\/li>\n                                                                    <\/ul>\n                            <\/div>\n                        <\/div>\n\n                    <\/div>\n                <\/div>\n\n\t\t\t\t                <div class=\"col-xl-6\">\n                    <div class=\"contact-form\" >\n                        <div id=\"contact-form\" class=\"default-form2\">\n\t\t\t\t\t\t\t\n<div class=\"wpcf7 no-js\" id=\"wpcf7-f61-o1\" lang=\"en-US\" dir=\"ltr\" data-wpcf7-id=\"61\">\n<div class=\"screen-reader-response\"><p role=\"status\" aria-live=\"polite\" aria-atomic=\"true\"><\/p> <ul><\/ul><\/div>\n<form action=\"\/tr\/index.php\/wp-json\/wp\/v2\/pages\/1844#wpcf7-f61-o1\" method=\"post\" class=\"wpcf7-form init\" aria-label=\"Contact form\" novalidate=\"novalidate\" data-status=\"init\">\n<div style=\"display: none;\">\n<input type=\"hidden\" name=\"_wpcf7\" value=\"61\" \/>\n<input type=\"hidden\" name=\"_wpcf7_version\" value=\"6.0.3\" \/>\n<input type=\"hidden\" name=\"_wpcf7_locale\" value=\"en_US\" \/>\n<input type=\"hidden\" name=\"_wpcf7_unit_tag\" value=\"wpcf7-f61-o1\" \/>\n<input type=\"hidden\" name=\"_wpcf7_container_post\" value=\"0\" \/>\n<input type=\"hidden\" name=\"_wpcf7_posted_data_hash\" value=\"\" \/>\n<\/div>\n<div class=\"form-group\">\n\t<p><label>Ad\u0131n\u0131z<\/label>\n\t<\/p>\n\t<div class=\"input-box\">\n\t\t<p><span class=\"wpcf7-form-control-wrap\" data-name=\"text-682\"><input size=\"40\" maxlength=\"400\" class=\"wpcf7-form-control wpcf7-text wpcf7-validates-as-required\" id=\"formName\" aria-required=\"true\" aria-invalid=\"false\" placeholder=\"Ad Soyad\" value=\"\" type=\"text\" name=\"text-682\" \/><\/span>\n\t\t<\/p>\n\t<\/div>\n<\/div>\n<div class=\"form-group\">\n\t<p><label>E-mail Adresiniz<\/label>\n\t<\/p>\n\t<div class=\"input-box\">\n\t\t<p><span class=\"wpcf7-form-control-wrap\" data-name=\"email-23\"><input size=\"40\" maxlength=\"400\" class=\"wpcf7-form-control wpcf7-email wpcf7-validates-as-required wpcf7-text wpcf7-validates-as-email\" id=\"formEmail\" aria-required=\"true\" aria-invalid=\"false\" placeholder=\"\" value=\"\" type=\"email\" name=\"email-23\" \/><\/span>\n\t\t<\/p>\n\t<\/div>\n<\/div>\n<div class=\"form-group\">\n\t<p><label>Telefon<\/label>\n\t<\/p>\n\t<div class=\"input-box\">\n\t\t<p><span class=\"wpcf7-form-control-wrap\" data-name=\"text-683\"><input size=\"40\" maxlength=\"400\" class=\"wpcf7-form-control wpcf7-text wpcf7-validates-as-required\" id=\"formPhone\" aria-required=\"true\" aria-invalid=\"false\" placeholder=\"\" value=\"\" type=\"text\" name=\"text-683\" \/><\/span>\n\t\t<\/p>\n\t<\/div>\n<\/div>\n<div class=\"form-group\">\n\t<p><label>Konu<\/label>\n\t<\/p>\n\t<div class=\"input-box\">\n\t\t<p><span class=\"wpcf7-form-control-wrap\" data-name=\"text-684\"><input size=\"40\" maxlength=\"400\" class=\"wpcf7-form-control wpcf7-text wpcf7-validates-as-required\" id=\"formSubject\" aria-required=\"true\" aria-invalid=\"false\" placeholder=\"Konu Ba\u015fl\u0131\u011f\u0131\" value=\"\" type=\"text\" name=\"text-684\" \/><\/span>\n\t\t<\/p>\n\t<\/div>\n<\/div>\n<div class=\"form-group\">\n\t<p><label>Mesaj\u0131n\u0131z<\/label>\n\t<\/p>\n\t<div class=\"input-box\">\n\t\t<p><span class=\"wpcf7-form-control-wrap\" data-name=\"textarea-17\"><textarea cols=\"40\" rows=\"10\" maxlength=\"2000\" class=\"wpcf7-form-control wpcf7-textarea wpcf7-validates-as-required\" id=\"formMessage\" aria-required=\"true\" aria-invalid=\"false\" placeholder=\"\" name=\"textarea-17\"><\/textarea><\/span>\n\t\t<\/p>\n\t<\/div>\n<\/div>\n<div class=\"button-box\">\n\t<p><input id=\"form_botcheck\" name=\"form_botcheck\" class=\"form-control\" type=\"hidden\" value=\"\" \/><button class=\"btn-one\" type=\"submit\" data-loading-text=\"Please wait...\"><span class=\"txt\">G\u00f6nder<\/span><\/button>\n\t<\/p>\n<\/div><p style=\"display: none !important;\" class=\"akismet-fields-container\" data-prefix=\"_wpcf7_ak_\"><label>&#916;<textarea name=\"_wpcf7_ak_hp_textarea\" cols=\"45\" rows=\"8\" maxlength=\"100\"><\/textarea><\/label><input type=\"hidden\" id=\"ak_js_1\" name=\"_wpcf7_ak_js\" value=\"153\"\/><script>document.getElementById( \"ak_js_1\" ).setAttribute( \"value\", ( new Date() ).getTime() );<\/script><\/p><div class=\"wpcf7-response-output\" aria-hidden=\"true\"><\/div>\n<\/form>\n<\/div>\n                        <\/div>\n                    <\/div>\n                <\/div>\n\t\t\t\t            <\/div>\n        <\/div>\n    <\/section>\n    <!--End Main Contact Form Area-->\n                         \n        \t\t\t\t<\/div>\n\t\t\t\t<\/div>\n\t\t\t\t\t<\/div>\n\t\t<\/div>\n\t\t\t\t\t<\/div>\n\t\t<\/section>\n\t\t\t\t<\/div>\n\t\t","protected":false},"excerpt":{"rendered":"<p>Ba\u015fkan Elaz\u0131\u011f Palu n\u00fcfusuna kay\u0131tl\u0131 olan \u0130dris Alan, 03.02.1965 tarihinde d\u00fcnyaya geldi. Evli ve 4 \u00e7ocuk sahibi olan Alan; \u0130lk, orta ve lise e\u011fitimini Elaz\u0131\u011f&#8217;da tamamlad\u0131. Askerlik sonras\u0131 Ankara&#8217;da Taahh\u00fct i\u015fleri ve yap\u0131 \u00fcr\u00fcnleri ticareti ile i\u015f hayat\u0131na ba\u015flad\u0131. Sonras\u0131nda i\u015f hayat\u0131n\u0131 \u0130stanbul&#8217;da s\u00fcrd\u00fcren \u0130dris Alan, burada Akaryak\u0131t istasyon i\u015fletmecili\u011fi, Otomotiv yetkili bayili\u011fi sekt\u00f6rlerinde i\u015fletmeler [&hellip;]<\/p>\n","protected":false},"author":1,"featured_media":0,"parent":0,"menu_order":0,"comment_status":"closed","ping_status":"closed","template":"tpl-default-elementor.php","meta":{"footnotes":""},"class_list":["post-1844","page","type-page","status-publish","hentry"],"jetpack_sharing_enabled":true,"_links":{"self":[{"href":"https:\/\/elazigtso.org.tr\/tr\/index.php\/wp-json\/wp\/v2\/pages\/1844","targetHints":{"allow":["GET"]}}],"collection":[{"href":"https:\/\/elazigtso.org.tr\/tr\/index.php\/wp-json\/wp\/v2\/pages"}],"about":[{"href":"https:\/\/elazigtso.org.tr\/tr\/index.php\/wp-json\/wp\/v2\/types\/page"}],"author":[{"embeddable":true,"href":"https:\/\/elazigtso.org.tr\/tr\/index.php\/wp-json\/wp\/v2\/users\/1"}],"replies":[{"embeddable":true,"href":"https:\/\/elazigtso.org.tr\/tr\/index.php\/wp-json\/wp\/v2\/comments?post=1844"}],"version-history":[{"count":27,"href":"https:\/\/elazigtso.org.tr\/tr\/index.php\/wp-json\/wp\/v2\/pages\/1844\/revisions"}],"predecessor-version":[{"id":3446,"href":"https:\/\/elazigtso.org.tr\/tr\/index.php\/wp-json\/wp\/v2\/pages\/1844\/revisions\/3446"}],"wp:attachment":[{"href":"https:\/\/elazigtso.org.tr\/tr\/index.php\/wp-json\/wp\/v2\/media?parent=1844"}],"curies":[{"name":"wp","href":"https:\/\/api.w.org\/{rel}","templated":true}]}}